{"id":32350617,"date":"2017-06-06T21:09:41","date_gmt":"2017-06-06T21:09:41","guid":{"rendered":"http:\/\/getanabolics.biz\/product\/potencia-quemador-de-grasa-ciclo\/"},"modified":"2018-01-21T19:50:14","modified_gmt":"2018-01-21T19:50:14","slug":"potencia-quemador-de-grasa-ciclo","status":"publish","type":"product","link":"https:\/\/getanabolics.biz\/es\/producto\/potencia-quemador-de-grasa-ciclo\/","title":{"rendered":"POTENCIA QUEMADOR DE GRASA CICLO"},"content":{"rendered":"<p>Ciclos de esteroides se refiere al marco de tiempo que los esteroides anab\u00f3licos est\u00e1n siendo utilizados. En este marco de tiempo se refiere a menudo como \u00abCiclo\u00bb. Cuando los esteroides no est\u00e1n siendo utilizados, esto se conoce como \u00abCiclo\u00bb. Para la fase del ciclo, hay un sinn\u00famero de opciones y pilas. Las \u00abpilas\u00bb se refieren a la combinaci\u00f3n de esteroides anab\u00f3licos, as\u00ed como la no-esteroides elementos utilizados durante la fase del ciclo. Con cientos de esteroides anab\u00f3licos, variando las hormonas pept\u00eddicas, SERM, IA de las hormonas tiroideas, y m\u00e1s, no son realmente innumerables posible pilas. Las opciones son tan grandes, cada pila y el ciclo se comprometen puede ser completamente diferente. Sin embargo, la mayor\u00eda de los usuarios de esteroides se sientan c\u00f3modos con ciertas pilas; descubrir\u00e1n combinaciones espec\u00edficas que producen los mejores resultados, y van a seguir con esos planes.<\/p>\n<p>Avanzada de los esteroides anab\u00f3licos, los usuarios son el superior nivel de experiencia de los usuarios, y es claramente supone que en este punto, el esteroide anab\u00f3lico usuario ha obtenido suficiente experiencia y acumulado suficiente conocimiento para asumir el estado de un usuario avanzado. Esteroides avanzado pilas de la participaci\u00f3n de muchos de los m\u00e1s avanzados a nivel de los compuestos (como <a href=\"http:\/\/getanabolics.biz\/product\/anadrol-100-tabs-each-tab-contains-50-mg-oxymetholone\/\">Anadrol <\/a>y la Trembolona), pero esto no quiere decir que la avanzada de los esteroides anab\u00f3licos, los ciclos no se pueden b\u00e1sicos de la Testosterona-s\u00f3lo ciclo de protocolo. Esta ha sido previamente abordado, la cual ha sido claro que los de nivel intermedio y avanzado de los esteroides anab\u00f3licos, los usuarios no est\u00e1n limitados a la utilizaci\u00f3n de muy duras compuestos, a dosis extremadamente altas, o complejo ciclo de pilas. Muchas veces, la mayor\u00eda de los usuarios avanzados optar por ejecutar la b\u00e1sica intentado, de confianza, y verdaderos m\u00e9todos de Testosterona-s\u00f3lo los ciclos, o muy b\u00e1sico ciclos de esteroides anab\u00f3licos. Esto es por lo general mucho sorpresa para los principiantes, ya que muy a menudo los principiantes (y prospectivo de los esteroides anab\u00f3licos, los usuarios) poseen una concepci\u00f3n err\u00f3nea de lo que es ser una avanzada de los esteroides anab\u00f3licos de usuario.<\/p>\n<p>Independientemente de la pila o del ciclo de ejecutar, hay reglas generales y observaciones que le ayudar\u00e1n a mantenerse seguro. Por ejemplo, la regla principal de cada ciclo es que incluye alguna forma de testosterona. La forma de testosterona que se emplea es de ninguna consecuencia. La \u00fanica cosa que importa es que el cuerpo tiene suficiente de esta hormona esencial para que funcione correctamente.<\/p>\n<p class=\"texto\">Muy eficaz para la p\u00e9rdida de grasa de la pila de tener m\u00e1s conocidos quemadores de grasa <a href=\"http:\/\/getanabolics.biz\/product\/clenbuterol-40-100-tabs-each-40-mcg-clenbuterol-hydrochloride\/\">Clenbuterol <\/a>y <a href=\"http:\/\/getanabolics.biz\/product\/cytomel-t3-100-50-tabs-each-100-mcg-liothyronine-sodium\/\">Cytomel 100<\/a>.<\/p>\n<p>Usted debe seguir una dieta alta en prote\u00ednas, baja en hidratos de carbono, hacer cardio 30. min en la ma\u00f1ana antes del desayuno y de levantamiento de pesas en la tarde . A continuaci\u00f3n, puedes f\u00e1cilmente quemar grasa no peso del cuerpo incluyendo los m\u00fasculos.<\/p>\n<div id=\"printablediv\">\n<p>&nbsp;<\/p>\n<table border=\"1\" width=\"40%\" cellpadding=\"2\" bgcolor=\"#FEFEFE\">\n<tbody>\n<tr>\n<td align=\"center\" width=\"60\"><span style=\"color: #000000; font-family: verdana; font-size: small;\">la semana de<br \/>\nciclo de<\/span><\/td>\n<td align=\"center\" bgcolor=\"#FF9999\"><span style=\"color: #000000; font-family: verdana; font-size: small;\">Clenbuterol 40<br \/>\n40mcg ficha<\/span><\/td>\n<td align=\"center\" bgcolor=\"#99CCFF\"><span style=\"color: #000000; font-family: verdana; font-size: small;\">Cytomel 100<br \/>\n100mcg ficha<\/span><\/td>\n<\/tr>\n<tr>\n<td align=\"center\" width=\"60\"><span style=\"color: #000000; font-family: verdana; font-size: small;\"><b>1<\/b><\/span><\/td>\n<td bgcolor=\"#FF9999\"><span style=\"color: #000000; font-family: verdana; font-size: small;\">1 tab\/d\u00eda<\/span><\/td>\n<td bgcolor=\"#99CCFF\"><span style=\"color: #000000; font-family: verdana; font-size: small;\">0.5 ficha\/d\u00eda<\/span><\/td>\n<\/tr>\n<tr>\n<td align=\"center\" width=\"60\"><span style=\"color: #000000; font-family: verdana; font-size: small;\"><b>2<\/b><\/span><\/td>\n<td bgcolor=\"#FF9999\"><span style=\"color: #000000; font-family: verdana; font-size: small;\">2 fichas\/d\u00eda<\/span><\/td>\n<td bgcolor=\"#99CCFF\"><span style=\"color: #000000; font-family: verdana; font-size: small;\">1 tab\/d\u00eda<\/span><\/td>\n<\/tr>\n<tr>\n<td align=\"center\" width=\"60\"><span style=\"color: #000000; font-family: verdana; font-size: small;\"><b>3<\/b><\/span><\/td>\n<td bgcolor=\"#FF9999\"><span style=\"color: #000000; font-family: verdana; font-size: small;\">2 fichas\/d\u00eda<\/span><\/td>\n<td bgcolor=\"#99CCFF\"><span style=\"color: #000000; font-family: verdana; font-size: small;\">1 tab\/d\u00eda<\/span><\/td>\n<\/tr>\n<tr>\n<td align=\"center\" width=\"60\"><span style=\"color: #000000; font-family: verdana; font-size: small;\"><b>4<\/b><\/span><\/td>\n<td><\/td>\n<td><\/td>\n<\/tr>\n<tr>\n<td align=\"center\" width=\"60\"><span style=\"color: #000000; font-family: verdana; font-size: small;\"><b>5<\/b><\/span><\/td>\n<td><\/td>\n<td><\/td>\n<\/tr>\n<tr>\n<td align=\"center\" width=\"60\"><span style=\"color: #000000; font-family: verdana; font-size: small;\"><b>6<\/b><\/span><\/td>\n<td bgcolor=\"#FF9999\"><span style=\"color: #000000; font-family: verdana; font-size: small;\">2 fichas\/d\u00eda<\/span><\/td>\n<td bgcolor=\"#99CCFF\"><span style=\"color: #000000; font-family: verdana; font-size: small;\">1 tab\/d\u00eda<\/span><\/td>\n<\/tr>\n<tr>\n<td align=\"center\" width=\"60\"><span style=\"color: #000000; font-family: verdana; font-size: small;\"><b>7<\/b><\/span><\/td>\n<td bgcolor=\"#FF9999\"><span style=\"color: #000000; font-family: verdana; font-size: small;\">2 fichas\/d\u00eda<\/span><\/td>\n<td bgcolor=\"#99CCFF\"><span style=\"color: #000000; font-family: verdana; font-size: small;\">1 tab\/d\u00eda<\/span><\/td>\n<\/tr>\n<tr>\n<td align=\"center\" width=\"60\"><span style=\"color: #000000; font-family: verdana; font-size: small;\"><b>8<\/b><\/span><\/td>\n<td bgcolor=\"#FF9999\"><span style=\"color: #000000; font-family: verdana; font-size: small;\">1 fichas\/d\u00eda<\/span><\/td>\n<td bgcolor=\"#99CCFF\"><span style=\"color: #000000; font-family: verdana; font-size: small;\">0.5 ficha\/d\u00eda<\/span><\/td>\n<\/tr>\n<\/tbody>\n<\/table>\n<p>&nbsp;<\/p>\n<p><b>Total:<\/b><br \/>\n100 tablets <a href=\"http:\/\/getanabolics.biz\/es\/producto\/clenbuterol-40-100-tabs-each-40-mcg-clenbuterol-hydrochloride\/\">Clenbuterol 40 &#8211; Maxtreme<\/a><br \/>\n100 tablets <a href=\"http:\/\/getanabolics.biz\/es\/producto\/cytomel-t3-100-50-tabs-each-100-mcg-liothyronine-sodium\/\">Cytomel \u00a0&#8211; 100 &#8211;\u00a0Maxtreme<\/a><\/p>\n<p>&nbsp;<\/p>\n<\/div>\n<p>Si usted quiere perder peso y poner un poco de m\u00fasculo recomiendo que consulte <a href=\"http:\/\/getanabolics.biz\/product\/strong-cutting-cycle\/\">Fuerte ciclo de corte<\/a>.<br \/>\n<a href=\"http:\/\/getanabolics.biz\/product\/clenbuterol-40-100-tabs-each-40-mcg-clenbuterol-hydrochloride\/\">Clenbuterol 40 <\/a>y <a href=\"http:\/\/getanabolics.biz\/product\/cytomel-t3-100-50-tabs-each-100-mcg-liothyronine-sodium\/\">Cytomel 100<\/a> no son esteroides, esta combinaci\u00f3n es muy eficaz, las mujeres toleran bien (un poco m\u00e1s peque\u00f1as dosis).<br \/>\nUsted debe tomar fichas en menos de 30 min. antes de las comidas. Y dividir la dosis dos veces al d\u00eda. Uno en la ma\u00f1ana y una por la tarde.<\/p>\n<p>Usted debe seguir una dieta alta en prote\u00ednas, baja en hidratos de carbono, hacer cardio 30. min en la ma\u00f1ana antes del desayuno y de levantamiento de pesas en la tarde . A continuaci\u00f3n, puedes f\u00e1cilmente quemar grasa no peso del cuerpo incluyendo los m\u00fasculos.<br \/>\nCuando termine el ciclo de dar un descanso de al menos 8 semanas. Usted no puede tener la permanente p\u00e9rdida de grasa si no se soluciona con su dieta y poner un poco de m\u00fasculo.<\/p>\n<p>&nbsp;<\/p>\n<p><b>Cardo de Leche se recomiendan los suplementos a trav\u00e9s del ciclo para apoyar el h\u00edgado y beber mucha agua y tomar Aceite de H\u00edgado de Bacalao para apoyar el ri\u00f1\u00f3n. Tomar Omega 3 y CLA para obtener m\u00e1s efectiva de quemar grasa. Para evitar que el clenbuterol calambres suplemento con amino\u00e1cidos Taurina.<br \/>\nEste es un ejemplo de ciclo con max. las dosis. Siempre iniciar un ciclo con dosis m\u00e1s bajas y un poco alcance m\u00e1x. niveles. Si te sientes mal disminuci\u00f3n de la dosis o dejar de fumar.<br \/>\nNo se debe tomar cuando la presi\u00f3n arterial alta, una grave hiperfunci\u00f3n de la gl\u00e1ndula tiroides, el ritmo irregular del coraz\u00f3n, o un reciente myocardiac de miocardio est\u00e1n presentes.<br \/>\n<\/b><\/p>\n<p>&nbsp;<\/p>\n<p>Como los ciclos de esteroides se refieren a la \u00e9poca en la que estamos realmente que complementa con los esteroides anab\u00f3licos, la pregunta obvia es \u00bfcu\u00e1l es el marco de tiempo aceptable? \u00bfCu\u00e1l es el m\u00ednimo de ganancias positivas y \u00bfcu\u00e1l es la cantidad m\u00e1xima de tiempo en lo que respecta a la seguridad? Esto puede ser una pregunta dif\u00edcil de responder, pero una vez m\u00e1s hay pautas que le ayudar\u00e1n a mantenerse seguro. Independientemente de los ciclos de esteroides de implementar, no importa c\u00f3mo b\u00e1sica o avanzada, su plan es ir a la necesidad de extender una cantidad decente de tiempo. El cuerpo humano no le gusta el cambio; incluso si ese cambio es en su mejor inter\u00e9s que va a luchar y hacer todo lo posible para permanecer en su acostumbrado normal. Debemos permitir suficiente tiempo para esto \u00abnormal\u00bb para cambiar, debemos crear un nuevo conjunto normal si vamos a colgar en cualquiera de los logros alcanzados. Sin embargo, incluso cuando esto es hecho, si usted se encuentra fuera de ciclo para un per\u00edodo prolongado de tiempo, usted va a perder algunos de los logros alcanzados; sin la alta afluencia de hormonas presentes para apoyar los logros que hizo que no va a durar para siempre. Logros alcanzados por el uso de hormonas, esto no es falso muscular o la fuerza, es tan real como cualquier otro de los beneficios que se pueden hacer. Al hacer ganancias en fuerza y tama\u00f1o, que son apoyados por los nutrientes que se consumen. Tomar distancia de los nutrientes y el sistema de apoyo se cae a pedazos. Las hormonas tambi\u00e9n son importantes, tal vez tan importante como la comida. Junto con los nutrientes, las hormonas en su cuerpo apoyar a su tama\u00f1o y fuerza, ya sea de forma natural o proporcionado de forma ex\u00f3gena. Tomar las hormonas de distancia, y de nuevo has quitado un sistema de apoyo.<\/p>\n<p>&nbsp;<\/p>\n<p>El t\u00e9rmino <strong>Ciclos de Esteroides<\/strong> se refiere a la aplicaci\u00f3n peri\u00f3dica de esteroides anab\u00f3licos\/androg\u00e9nicos (AAS), normalmente para la construcci\u00f3n muscular fines. AAS no son m\u00e9dicamente aprobados para promover excesivo el aumento de masa muscular (culturismo) o mejorar el rendimiento deportivo. Aparte de los principios de la experimentaci\u00f3n en los deportistas por un pu\u00f1ado de m\u00e9dicos deportivos, un gran esfuerzo al estudio de la constituci\u00f3n y en la mejora del rendimiento de las propiedades de estas drogas, espec\u00edficamente con un ojo en el desarrollo de estrategias para el uso de ellos para maximizar los beneficios y minimizar los efectos adversos, no ha sido llevada a cabo por la comunidad m\u00e9dica. Debido a esto, los usuarios il\u00edcitos se han dejado de desarrollar sus propios protocolos para la administraci\u00f3n de estos f\u00e1rmacos. El resultado ha sido de una gran variedad de enfoques diferentes para el uso de estos agentes, algunos m\u00e1s seguro o m\u00e1s eficaces que otros. Aunque no es posible evaluar de manera integral todos los conocidos planteamientos, en esta secci\u00f3n se discuten algunos de los m\u00e1s fundamentales y el tiempo de m\u00e9todos de probada eficacia para el uso de AAS.<\/p>\n<p>Este ciclo se puede comprar en <a href=\"http:\/\/getanabolics.biz\/\">getanabolics.biz<\/a><\/p>\n<h3>Lee mas<\/h3>\n<p><a href=\"http:\/\/getanabolics.biz\/es\/cytomel-t3-comentarios-sobre-getanabolics-biz\/\">REVISIONES CYTOMEL T3 EN GETANABOLICS.BIZ<\/a><\/p>\n<p><a href=\"http:\/\/getanabolics.biz\/es\/genotropin-revision-en-getanabolics-biz\/\">REPASO GENOTROPIN EN GETANABOLICS.BIZ<\/a><\/p>\n<p><a href=\"http:\/\/getanabolics.biz\/es\/culturismo-y-esteroides\/\">BODYBUILDING Y ESTEROIDES<\/a><\/p>\n<p><a href=\"http:\/\/getanabolics.biz\/es\/cual-deberia-ser-la-duracion-del-ciclo-de-esteroides\/\">\u00bfCU\u00c1L DEBE SER LA DURACI\u00d3N DEL CURSO DE ESTEROIDES?<\/a><\/p>\n<p><a href=\"http:\/\/getanabolics.biz\/es\/reuna-una-masa-seca-sin-efectos-secundarios\/\">RE\u00daNA UNA MISA SECA SIN EFECTOS SECUNDARIOS<\/a><\/p>\n","protected":false},"excerpt":{"rendered":"<p>100 tablets <a href=\"http:\/\/getanabolics.biz\/es\/producto\/clenbuterol-40-100-tabs-each-40-mcg-clenbuterol-hydrochloride\/\">Clenbuterol 40 &#8211; Maxtreme<\/a><br \/>\n100 tablets <a href=\"http:\/\/getanabolics.biz\/es\/producto\/cytomel-t3-100-50-tabs-each-100-mcg-liothyronine-sodium\/\">Cytomel \u00a0&#8211; 100 &#8211;\u00a0Maxtreme<\/a><\/p>\n","protected":false},"featured_media":32350508,"comment_status":"closed","ping_status":"closed","template":"","meta":[],"product_cat":[468],"product_tag":[519,520],"_links":{"self":[{"href":"https:\/\/getanabolics.biz\/es\/wp-json\/wp\/v2\/product\/32350617"}],"collection":[{"href":"https:\/\/getanabolics.biz\/es\/wp-json\/wp\/v2\/product"}],"about":[{"href":"https:\/\/getanabolics.biz\/es\/wp-json\/wp\/v2\/types\/product"}],"replies":[{"embeddable":true,"href":"https:\/\/getanabolics.biz\/es\/wp-json\/wp\/v2\/comments?post=32350617"}],"wp:featuredmedia":[{"embeddable":true,"href":"https:\/\/getanabolics.biz\/es\/wp-json\/wp\/v2\/media\/32350508"}],"wp:attachment":[{"href":"https:\/\/getanabolics.biz\/es\/wp-json\/wp\/v2\/media?parent=32350617"}],"wp:term":[{"taxonomy":"product_cat","embeddable":true,"href":"https:\/\/getanabolics.biz\/es\/wp-json\/wp\/v2\/product_cat?post=32350617"},{"taxonomy":"product_tag","embeddable":true,"href":"https:\/\/getanabolics.biz\/es\/wp-json\/wp\/v2\/product_tag?post=32350617"}],"curies":[{"name":"wp","href":"https:\/\/api.w.org\/{rel}","templated":true}]}}