{"id":32350612,"date":"2017-06-06T21:00:42","date_gmt":"2017-06-06T21:00:42","guid":{"rendered":"http:\/\/getanabolics.biz\/product\/fuerte-ciclo-de-corte\/"},"modified":"2018-01-21T19:59:08","modified_gmt":"2018-01-21T19:59:08","slug":"fuerte-ciclo-de-corte","status":"publish","type":"product","link":"https:\/\/getanabolics.biz\/es\/producto\/fuerte-ciclo-de-corte\/","title":{"rendered":"FUERTE CICLO DE CORTE"},"content":{"rendered":"<p>Ciclos de esteroides se refiere al marco de tiempo que los esteroides anab\u00f3licos est\u00e1n siendo utilizados. En este marco de tiempo se refiere a menudo como \u00abCiclo\u00bb. Cuando los esteroides no est\u00e1n siendo utilizados, esto se conoce como \u00abCiclo\u00bb. Para la fase del ciclo, hay un sinn\u00famero de opciones y pilas. Las \u00abpilas\u00bb se refieren a la combinaci\u00f3n de esteroides anab\u00f3licos, as\u00ed como la no-esteroides elementos utilizados durante la fase del ciclo. Con cientos de esteroides anab\u00f3licos, variando las hormonas pept\u00eddicas, SERM, IA de las hormonas tiroideas, y m\u00e1s, no son realmente innumerables posible pilas. Las opciones son tan grandes, cada pila y el ciclo se comprometen puede ser completamente diferente. Sin embargo, la mayor\u00eda de los usuarios de esteroides se sientan c\u00f3modos con ciertas pilas; descubrir\u00e1n combinaciones espec\u00edficas que producen los mejores resultados, y van a seguir con esos planes.<\/p>\n<p>Avanzada de los esteroides anab\u00f3licos, los usuarios son el superior nivel de experiencia de los usuarios, y es claramente supone que en este punto, el esteroide anab\u00f3lico usuario ha obtenido suficiente experiencia y acumulado suficiente conocimiento para asumir el estado de un usuario avanzado. Esteroides avanzado pilas de la participaci\u00f3n de muchos de los m\u00e1s avanzados a nivel de los compuestos (tales como Anadrol y Trembolona), pero esto no quiere decir que la avanzada de los esteroides anab\u00f3licos, los ciclos no se pueden b\u00e1sicos de la Testosterona-s\u00f3lo ciclo de protocolo. Esta ha sido previamente abordado, la cual ha sido claro que los de nivel intermedio y avanzado de los esteroides anab\u00f3licos, los usuarios no est\u00e1n limitados a la utilizaci\u00f3n de muy duras compuestos, a dosis extremadamente altas, o complejo ciclo de pilas. Muchas veces, la mayor\u00eda de los usuarios avanzados optar por ejecutar la b\u00e1sica intentado, de confianza, y verdaderos m\u00e9todos de Testosterona-s\u00f3lo los ciclos, o muy b\u00e1sico ciclos de esteroides anab\u00f3licos. Esto es por lo general mucho sorpresa para los principiantes, ya que muy a menudo los principiantes (y prospectivo de los esteroides anab\u00f3licos, los usuarios) poseen una concepci\u00f3n err\u00f3nea de lo que es ser una avanzada de los esteroides anab\u00f3licos de usuario.<\/p>\n<p>Independientemente de la pila o del ciclo de ejecutar, hay reglas generales y observaciones que le ayudar\u00e1n a mantenerse seguro. Por ejemplo, la regla principal de cada ciclo es que incluye alguna forma de testosterona. La forma de testosterona que se emplea es de ninguna consecuencia. La \u00fanica cosa que importa es que el cuerpo tiene suficiente de esta hormona esencial para que funcione correctamente.<\/p>\n<p class=\"texto\">Gran orales ciclo de corte, tener mejor oral de corte de los esteroides como la <a href=\"http:\/\/getanabolics.biz\/product\/anavar-50-tabs-x-10mg-total-500mg-oxandrolone-3\/\">Anavar <\/a>y <a href=\"http:\/\/getanabolics.biz\/product\/winstrol-tabs-10-buy-winstrol-pills-50-tabs-each-contains-10-mg-stanozolol\/\">Winstrol<\/a>. <a href=\"http:\/\/getanabolics.biz\/product\/clenbuterol-40-100-tabs-each-40-mcg-clenbuterol-hydrochloride\/\">Clenbuterol <\/a>y <a href=\"http:\/\/getanabolics.biz\/product\/cytomel-t3-100-50-tabs-each-100-mcg-liothyronine-sodium\/\">Cytomel T3<\/a> por los poderosos de la p\u00e9rdida de grasa.<\/p>\n<p>Usted debe seguir una dieta alta en prote\u00ednas, baja en hidratos de carbono, hacer cardio 30. min en la ma\u00f1ana antes del desayuno y de levantamiento de pesas en la tarde . A continuaci\u00f3n, puedes f\u00e1cilmente quemar grasa no peso del cuerpo incluyendo los m\u00fasculos.<\/p>\n<div id=\"printablediv\">\n<p>&nbsp;<\/p>\n<table border=\"1\" width=\"60%\" cellpadding=\"2\" bgcolor=\"#F7F7F7\">\n<tbody>\n<tr>\n<td align=\"center\" width=\"60\">la semana de<br \/>\nciclo<\/td>\n<td align=\"center\" bgcolor=\"#FF9999\"><span style=\"font-family: verdana; font-size: small;\">CLENBUTEROL<br \/>\n40mcg ficha<\/span><\/td>\n<td align=\"center\" bgcolor=\"#99CCFF\"><span style=\"font-family: verdana; font-size: small;\">WINSTROL tabletas.<br \/>\n10mg tab<\/span><\/td>\n<td align=\"center\" bgcolor=\"#FFFFCC\"><span style=\"font-family: verdana; font-size: small;\">ANAVAR<br \/>\n10mg tab<\/span><\/td>\n<td align=\"center\" bgcolor=\"#99FFCC\"><span style=\"font-family: verdana; font-size: small;\">CYTOMEL<br \/>\n100mcg ficha<\/span><\/td>\n<td align=\"center\" bgcolor=\"#FFDA84\"><span style=\"font-family: verdana; font-size: small;\">PROVIRON<br \/>\n25mg tab<\/span><\/td>\n<\/tr>\n<tr>\n<td align=\"center\" width=\"60\"><span style=\"font-family: verdana; font-size: small;\"><b>1<\/b><\/span><\/td>\n<td bgcolor=\"#FF9999\"><span style=\"font-family: verdana; font-size: small;\">1 fichas\/d\u00eda<\/span><\/td>\n<td bgcolor=\"#99CCFF\"><span style=\"font-family: verdana; font-size: small;\">2 fichas\/d\u00eda<\/span><\/td>\n<td bgcolor=\"#FFFFCC\"><span style=\"font-family: verdana; font-size: small;\">2 fichas\/d\u00eda<\/span><\/td>\n<td><\/td>\n<td><\/td>\n<\/tr>\n<tr>\n<td align=\"center\" width=\"60\"><span style=\"font-family: verdana; font-size: small;\"><b>2<\/b><\/span><\/td>\n<td bgcolor=\"#FF9999\"><span style=\"font-family: verdana; font-size: small;\">2 fichas\/d\u00eda<\/span><\/td>\n<td bgcolor=\"#99CCFF\"><span style=\"font-family: verdana; font-size: small;\">2 fichas\/d\u00eda<\/span><\/td>\n<td bgcolor=\"#FFFFCC\"><span style=\"font-family: verdana; font-size: small;\">2 fichas\/d\u00eda<\/span><\/td>\n<td bgcolor=\"#99FFCC\"><span style=\"font-family: verdana; font-size: small;\">0.5 ficha\/d\u00eda<\/span><\/td>\n<td><\/td>\n<\/tr>\n<tr>\n<td align=\"center\" width=\"60\"><span style=\"font-family: verdana; font-size: small;\"><b>3<\/b><\/span><\/td>\n<td bgcolor=\"#FF9999\"><span style=\"font-family: verdana; font-size: small;\">2 fichas\/d\u00eda<\/span><\/td>\n<td bgcolor=\"#99CCFF\"><span style=\"font-family: verdana; font-size: small;\">3 fichas\/d\u00eda<\/span><\/td>\n<td bgcolor=\"#FFFFCC\"><span style=\"font-family: verdana; font-size: small;\">3 fichas\/d\u00eda<\/span><\/td>\n<td bgcolor=\"#99FFCC\"><span style=\"font-family: verdana; font-size: small;\">0.5 ficha\/d\u00eda<\/span><\/td>\n<td bgcolor=\"#FFDA84\"><span style=\"font-family: verdana; font-size: small;\">1 tab\/d\u00eda<\/span><\/td>\n<\/tr>\n<tr>\n<td align=\"center\" width=\"60\"><span style=\"font-family: verdana; font-size: small;\"><b>4<\/b><\/span><\/td>\n<td bgcolor=\"#FF9999\"><span style=\"font-family: verdana; font-size: small;\">2 fichas\/d\u00eda<\/span><\/td>\n<td bgcolor=\"#99CCFF\"><span style=\"font-family: verdana; font-size: small;\">3 fichas\/d\u00eda<\/span><\/td>\n<td bgcolor=\"#FFFFCC\"><span style=\"font-family: verdana; font-size: small;\">3 fichas\/d\u00eda<\/span><\/td>\n<td bgcolor=\"#99FFCC\"><span style=\"font-family: verdana; font-size: small;\">0.75 ficha\/d\u00eda<\/span><\/td>\n<td bgcolor=\"#FFDA84\"><span style=\"font-family: verdana; font-size: small;\">1 tab\/d\u00eda<\/span><\/td>\n<\/tr>\n<tr>\n<td align=\"center\" width=\"60\"><span style=\"font-family: verdana; font-size: small;\"><b>5<\/b><\/span><\/td>\n<td><\/td>\n<td bgcolor=\"#99CCFF\"><span style=\"font-family: verdana; font-size: small;\">2 fichas\/d\u00eda<\/span><\/td>\n<td bgcolor=\"#FFFFCC\"><span style=\"font-family: verdana; font-size: small;\">2 fichas\/d\u00eda<\/span><\/td>\n<td bgcolor=\"#99FFCC\"><span style=\"font-family: verdana; font-size: small;\">0.75 ficha\/d\u00eda<\/span><\/td>\n<td bgcolor=\"#FFDA84\"><span style=\"font-family: verdana; font-size: small;\">1 tab\/d\u00eda<\/span><\/td>\n<\/tr>\n<tr>\n<td align=\"center\" width=\"60\"><span style=\"font-family: verdana; font-size: small;\"><b>6<\/b><\/span><\/td>\n<td><\/td>\n<td bgcolor=\"#99CCFF\"><span style=\"font-family: verdana; font-size: small;\">2 fichas\/d\u00eda<\/span><\/td>\n<td bgcolor=\"#FFFFCC\"><span style=\"font-family: verdana; font-size: small;\">2 fichas\/d\u00eda<\/span><\/td>\n<td bgcolor=\"#99FFCC\"><span style=\"font-family: verdana; font-size: small;\">0.5 ficha\/d\u00eda<\/span><\/td>\n<td bgcolor=\"#FFDA84\"><span style=\"font-family: verdana; font-size: small;\">1 tab\/d\u00eda<\/span><\/td>\n<\/tr>\n<tr>\n<td align=\"center\" width=\"60\"><span style=\"font-family: verdana; font-size: small;\"><b>7<\/b><\/span><\/td>\n<td><\/td>\n<td><\/td>\n<td><\/td>\n<td><\/td>\n<td bgcolor=\"#FFDA84\"><span style=\"font-family: verdana; font-size: small;\">1 tab\/d\u00eda<\/span><\/td>\n<\/tr>\n<\/tbody>\n<\/table>\n<p>&nbsp;<\/p>\n<p><b>Total:<\/b><br \/>\n100 fichas Clenbuterol 40 &#8211; Maxtreme<br \/>\n100 fichas Winstrol tabs 10 &#8211; Alfa Pharma<br \/>\n100 fichas Anavar &#8211; Maxtreme<br \/>\n1 paquete de Cytomel (T3) &#8211; 100 &#8211; Maxtreme<br \/>\n50 fichas Proviron &#8211; Bayer\/Schering<\/p>\n<p>&nbsp;<\/p>\n<\/div>\n<p>Tomar Clenbuterol y Cytomel menos de 30 min. antes de las comidas y dividir la dosis dos veces al d\u00eda. Uno en la ma\u00f1ana y una por la tarde.<\/p>\n<p>Tomar Anavar, Winstrol y Proviron despu\u00e9s de las comidas y dividir la dosis dos veces al d\u00eda. Uno en la ma\u00f1ana y una por la tarde.<\/p>\n<p>Cuando termine el ciclo de dar un descanso de al menos 8 semanas. Usted no puede tener la permanente p\u00e9rdida de grasa si no se soluciona con su dieta y poner un poco de m\u00fasculo.<\/p>\n<p>&nbsp;<\/p>\n<p>Con el fin de crear un nuevo conjunto normal, la mayor\u00eda de los hombres se encuentra a 8 semanas para ser el m\u00ednimo con 12 semanas de ser mucho m\u00e1s eficiente. No va a obtener mejores resultados (en cierto grado), sino tambi\u00e9n aumentar el riesgo de efectos secundarios potenciales. Para aquellos que buscan ganancias s\u00f3lidas mientras que los restantes tan seguro como sea posible, 12-16 semanas de la real suplementaci\u00f3n seguido por una cantidad igual de tiempo de ciclo es la mejor apuesta. Este es un plan efectivo, y mientras que la seguridad absoluta no puede ser garantizada, ser\u00e1 el plan que lleva el mayor potencial para una experiencia segura. Para algunos hombres, dependiendo de sus objetivos, este plan no va a funcionar. Para el hardcore elite, la verdad avanzado que el usuario de esteroides, usted encontrar\u00e1 que son a menudo en el ciclo mucho m\u00e1s de lo que ellos est\u00e1n fuera. Esta es la \u00fanica manera de que tales individuos pueden soportar el enorme fuerza y el tama\u00f1o que han obtenido. No es raro ver a estos hombres explosi\u00f3n con 16 a 20 ciclos de semana y s\u00f3lo interrumpir durante 4-8 semanas. En algunos casos, que no se puede interrumpir en todo. En algunos casos, los hombres simplemente colocar a una dosis baja de testosterona durante 4-8 semanas antes de comenzar el otro 16-20 semana de la explosi\u00f3n. En alg\u00fan momento, probablemente vendr\u00e1 fuera de todo, pero mientras que ese uso puede ser eficaz tambi\u00e9n lleva consigo un enorme potencial de efectos adversos.<\/p>\n<p>&nbsp;<\/p>\n<p><b>Cardo mariano para el H\u00edgado Protecci\u00f3n de los suplementos es necesario que a trav\u00e9s de este ciclo se compone de muchos ex\u00e1menes orales. Beber mucha agua y tomar Aceite de H\u00edgado de Bacalao para apoyar el ri\u00f1\u00f3n. Tomar Omega 3 y CLA para obtener m\u00e1s efectiva de quemar grasa. Para evitar que el clenbuterol calambres suplemento con amino\u00e1cidos Taurina.<br \/>\nEste es un ejemplo de ciclo con max. las dosis. Siempre iniciar un ciclo con dosis m\u00e1s bajas y un poco alcance m\u00e1x. niveles. Si te sientes mal disminuci\u00f3n de la dosis o dejar de fumar.<br \/>\nNo se debe tomar cuando la presi\u00f3n arterial alta, una grave hiperfunci\u00f3n de la gl\u00e1ndula tiroides, el ritmo irregular del coraz\u00f3n, o un reciente myocardiac de miocardio est\u00e1n presentes.<br \/>\n<\/b><\/p>\n<p>&nbsp;<\/p>\n<p>El t\u00e9rmino <strong>Ciclos de Esteroides<\/strong> se refiere a la aplicaci\u00f3n peri\u00f3dica de esteroides anab\u00f3licos\/androg\u00e9nicos (AAS), normalmente para la construcci\u00f3n muscular fines. AAS no son m\u00e9dicamente aprobados para promover excesivo el aumento de masa muscular (culturismo) o mejorar el rendimiento deportivo. Aparte de los principios de la experimentaci\u00f3n en los deportistas por un pu\u00f1ado de m\u00e9dicos deportivos, un gran esfuerzo al estudio de la constituci\u00f3n y en la mejora del rendimiento de las propiedades de estas drogas, espec\u00edficamente con un ojo en el desarrollo de estrategias para el uso de ellos para maximizar los beneficios y minimizar los efectos adversos, no ha sido llevada a cabo por la comunidad m\u00e9dica. Debido a esto, los usuarios il\u00edcitos se han dejado de desarrollar sus propios protocolos para la administraci\u00f3n de estos f\u00e1rmacos. El resultado ha sido de una gran variedad de enfoques diferentes para el uso de estos agentes, algunos m\u00e1s seguro o m\u00e1s eficaces que otros. Aunque no es posible evaluar de manera integral todos los conocidos planteamientos, en esta secci\u00f3n se discuten algunos de los m\u00e1s fundamentales y el tiempo de m\u00e9todos de probada eficacia para el uso de AAS.<\/p>\n<h3>Lee mas<\/h3>\n<p><a href=\"http:\/\/getanabolics.biz\/es\/comprar-dianabol-en-linea-en-getanabolics-biz\/\">COMPRAR DIANABOL ONLINE EN GETANABOLICS.BIZ<\/a><\/p>\n<p><a href=\"http:\/\/getanabolics.biz\/es\/winstrol-que-es-y-para-que-sirve\/\">WINSTROL, \u00bfQU\u00c9 ES Y PARA QU\u00c9 SIRVE?<\/a><\/p>\n<p><a href=\"http:\/\/getanabolics.biz\/es\/cytomel-t3-comentarios-sobre-getanabolics-biz\/\">REVISIONES CYTOMEL T3 EN GETANABOLICS.BIZ<\/a><\/p>\n<p><a href=\"http:\/\/getanabolics.biz\/es\/pausa-entre-cursos-de-esteroides-y-pct\/\">PAUSA ENTRE CURSOS DE ESTEROIDES Y PCT<\/a><\/p>\n<p><a href=\"http:\/\/getanabolics.biz\/es\/que-tan-efectivo-es-el-puente-de-esteroides\/\">\u00bfCU\u00c1N EFECTIVO ES EL PUENTE ESTEROIDE?<\/a><\/p>\n","protected":false},"excerpt":{"rendered":"<p>100 tabs <a href=\"http:\/\/getanabolics.biz\/es\/producto\/clenbuterol-40-100-tabs-each-40-mcg-clenbuterol-hydrochloride\/\">Clenbuterol 40 &#8211; Maxtreme<\/a><br \/>\n100 tabs <a href=\"http:\/\/getanabolics.biz\/es\/producto\/winstrol-tabs-10-comprar-winstrol-pildoras-de-50-fichas-de-cada-uno-de-ellos-contiene-10-mg-de-estanozolol-alpha-pharma\/\">Winstrol tabs 10 &#8211; Alpha Pharma<\/a><br \/>\n100 tabs <a href=\"http:\/\/getanabolics.biz\/es\/producto\/anavar-50-tabs-x-10mg-total-500mg-oxandrolone-3\/\">Anavar &#8211;\u00a0Maxtreme<\/a><br \/>\n1 pack <a href=\"http:\/\/getanabolics.biz\/es\/producto\/cytomel-t3-100-50-tabs-each-100-mcg-liothyronine-sodium\/\">Cytomel (T3) &#8211; 100 &#8211;\u00a0Maxtreme<\/a><br \/>\n50 tabs<a href=\"http:\/\/getanabolics.biz\/es\/producto\/proviron-buy-proviron-50-tabs-each-tab-25mg-mesterolone\/\"> Proviron &#8211; Bayer\/Schering<\/a><\/p>\n","protected":false},"featured_media":32350569,"comment_status":"closed","ping_status":"closed","template":"","meta":[],"product_cat":[468],"product_tag":[488,520,532,522,482],"_links":{"self":[{"href":"https:\/\/getanabolics.biz\/es\/wp-json\/wp\/v2\/product\/32350612"}],"collection":[{"href":"https:\/\/getanabolics.biz\/es\/wp-json\/wp\/v2\/product"}],"about":[{"href":"https:\/\/getanabolics.biz\/es\/wp-json\/wp\/v2\/types\/product"}],"replies":[{"embeddable":true,"href":"https:\/\/getanabolics.biz\/es\/wp-json\/wp\/v2\/comments?post=32350612"}],"wp:featuredmedia":[{"embeddable":true,"href":"https:\/\/getanabolics.biz\/es\/wp-json\/wp\/v2\/media\/32350569"}],"wp:attachment":[{"href":"https:\/\/getanabolics.biz\/es\/wp-json\/wp\/v2\/media?parent=32350612"}],"wp:term":[{"taxonomy":"product_cat","embeddable":true,"href":"https:\/\/getanabolics.biz\/es\/wp-json\/wp\/v2\/product_cat?post=32350612"},{"taxonomy":"product_tag","embeddable":true,"href":"https:\/\/getanabolics.biz\/es\/wp-json\/wp\/v2\/product_tag?post=32350612"}],"curies":[{"name":"wp","href":"https:\/\/api.w.org\/{rel}","templated":true}]}}