{"id":32350602,"date":"2017-06-06T20:40:58","date_gmt":"2017-06-06T20:40:58","guid":{"rendered":"http:\/\/getanabolics.biz\/product\/ciclo-para-principiantes\/"},"modified":"2018-01-21T20:12:57","modified_gmt":"2018-01-21T20:12:57","slug":"ciclo-para-principiantes","status":"publish","type":"product","link":"https:\/\/getanabolics.biz\/es\/producto\/ciclo-para-principiantes\/","title":{"rendered":"CICLO PARA PRINCIPIANTES"},"content":{"rendered":"<p>Ciclos de esteroides se refiere al marco de tiempo que los esteroides anab\u00f3licos est\u00e1n siendo utilizados. En este marco de tiempo se refiere a menudo como \u00abCiclo\u00bb. Cuando los esteroides no est\u00e1n siendo utilizados, esto se conoce como \u00abCiclo\u00bb. Para la fase del ciclo, hay un sinn\u00famero de opciones y pilas. Las \u00abpilas\u00bb se refieren a la combinaci\u00f3n de esteroides anab\u00f3licos, as\u00ed como la no-esteroides elementos utilizados durante la fase del ciclo. Con cientos de esteroides anab\u00f3licos, variando las hormonas pept\u00eddicas, SERM, IA de las hormonas tiroideas, y m\u00e1s, no son realmente innumerables posible pilas. Las opciones son tan grandes, cada pila y el ciclo se comprometen puede ser completamente diferente. Sin embargo, la mayor\u00eda de los usuarios de esteroides se sientan c\u00f3modos con ciertas pilas; descubrir\u00e1n combinaciones espec\u00edficas que producen los mejores resultados, y van a seguir con esos planes.<\/p>\n<p>Avanzada de los esteroides anab\u00f3licos, los usuarios son el superior nivel de experiencia de los usuarios, y es claramente supone que en este punto, el esteroide anab\u00f3lico usuario ha obtenido suficiente experiencia y acumulado suficiente conocimiento para asumir el estado de un usuario avanzado. Esteroides avanzado pilas de la participaci\u00f3n de muchos de los m\u00e1s avanzados a nivel de los compuestos (tales como Anadrol y Trembolona), pero esto no quiere decir que la avanzada de los esteroides anab\u00f3licos, los ciclos no se pueden b\u00e1sicos de la Testosterona-s\u00f3lo ciclo de protocolo. Esta ha sido previamente abordado, la cual ha sido claro que los de nivel intermedio y avanzado de los esteroides anab\u00f3licos, los usuarios no est\u00e1n limitados a la utilizaci\u00f3n de muy duras compuestos, a dosis extremadamente altas, o complejo ciclo de pilas. Muchas veces, la mayor\u00eda de los usuarios avanzados optar por ejecutar la b\u00e1sica intentado, de confianza, y verdaderos m\u00e9todos de Testosterona-s\u00f3lo los ciclos, o muy b\u00e1sico ciclos de esteroides anab\u00f3licos. Esto es por lo general mucho sorpresa para los principiantes, ya que muy a menudo los principiantes (y prospectivo de los esteroides anab\u00f3licos, los usuarios) poseen una concepci\u00f3n err\u00f3nea de lo que es ser una avanzada de los esteroides anab\u00f3licos de usuario.<\/p>\n<p>Independientemente de la pila o del ciclo de ejecutar, hay reglas generales y observaciones que le ayudar\u00e1n a mantenerse seguro. Por ejemplo, la regla principal de cada ciclo es que incluye alguna forma de testosterona. La forma de testosterona que se emplea es de ninguna consecuencia. La \u00fanica cosa que importa es que el cuerpo tiene suficiente de esta hormona esencial para que funcione correctamente.<\/p>\n<p class=\"texto\">b\u00e1sico Dianabol principiante oral ciclo de esteroides. <a href=\"http:\/\/getanabolics.biz\/product\/dianabol-buy-d-bol-100-tabs-each-contains-10-mg-methandienone\/\">Dianabol<\/a> es muy popular esteroide oral entre los culturistas. <a href=\"http:\/\/getanabolics.biz\/product\/nolvadex-50-tabs-each-tab-contains-20mg-tamoxifen-citrate\/\">Nolvadex<\/a> como un antiestr\u00f3geno, y <a href=\"http:\/\/getanabolics.biz\/product\/clomid-10-tabs-contains-50-mg-clomiphene-citrate\/\">Viagra<\/a> para pct (terapia post ciclo).<br \/>\nConsumir prote\u00edna de al menos 3 gramos por kg de peso corporal y de su ingesta cal\u00f3rica diaria es de 50 cal por kg de peso corporal. Seguir un entrenamiento de alta intensidad de entrenamiento de 4-5 d\u00edas a la semana y beber mucha agua durante el ciclo.<\/p>\n<div id=\"printablediv\">\n<p>&nbsp;<\/p>\n<table border=\"1\" width=\"40%\" cellpadding=\"2\" bgcolor=\"#fefefe\">\n<tbody>\n<tr>\n<td align=\"center\" width=\"60\">la semana de<br \/>\nciclo<\/td>\n<td align=\"center\" bgcolor=\"#FF9999\"><span style=\"font-family: verdana; font-size: small;\">DIANABOL<br \/>\n10mg tab<\/span><\/td>\n<td align=\"center\" bgcolor=\"#99FFCC\"><span style=\"font-family: verdana; font-size: small;\">NOLVADEX<br \/>\n20mg tab<\/span><\/td>\n<td align=\"center\" bgcolor=\"#FFFFCC\"><span style=\"font-family: verdana; font-size: small;\">CLOMID<br \/>\n50mg tab<\/span><\/td>\n<\/tr>\n<tr>\n<td align=\"center\" width=\"60\"><span style=\"font-family: verdana; font-size: small;\"><b>1<\/b><\/span><\/td>\n<td bgcolor=\"#FF9999\"><span style=\"font-family: verdana; font-size: small;\">4 fichas\/d\u00eda<\/span><\/td>\n<td><\/td>\n<td><\/td>\n<\/tr>\n<tr>\n<td align=\"center\" width=\"60\"><span style=\"font-family: verdana; font-size: small;\"><b>2<\/b><\/span><\/td>\n<td bgcolor=\"#FF9999\"><span style=\"font-family: verdana; font-size: small;\">4 fichas\/d\u00eda<\/span><\/td>\n<td><\/td>\n<td><\/td>\n<\/tr>\n<tr>\n<td align=\"center\" width=\"60\"><span style=\"font-family: verdana; font-size: small;\"><b>3<\/b><\/span><\/td>\n<td bgcolor=\"#FF9999\"><span style=\"font-family: verdana; font-size: small;\">5 fichas\/d\u00eda<\/span><\/td>\n<td bgcolor=\"#99FFCC\"><span style=\"font-family: verdana; font-size: small;\">1 tab\/d\u00eda<\/span><\/td>\n<td><\/td>\n<\/tr>\n<tr>\n<td align=\"center\" width=\"60\"><span style=\"font-family: verdana; font-size: small;\"><b>4<\/b><\/span><\/td>\n<td bgcolor=\"#FF9999\"><span style=\"font-family: verdana; font-size: small;\">5 fichas\/d\u00eda<\/span><\/td>\n<td><\/td>\n<td><\/td>\n<\/tr>\n<tr>\n<td align=\"center\" width=\"60\"><span style=\"font-family: verdana; font-size: small;\"><b>5<\/b><\/span><\/td>\n<td bgcolor=\"#FF9999\"><span style=\"font-family: verdana; font-size: small;\">4 fichas\/d\u00eda<\/span><\/td>\n<td bgcolor=\"#99FFCC\"><span style=\"font-family: verdana; font-size: small;\">0.5 ficha\/d\u00eda<\/span><\/td>\n<td><\/td>\n<\/tr>\n<tr>\n<td align=\"center\" width=\"60\"><span style=\"font-family: verdana; font-size: small;\"><b>6<\/b><\/span><\/td>\n<td bgcolor=\"#FF9999\"><span style=\"font-family: verdana; font-size: small;\">4 fichas\/d\u00eda<\/span><\/td>\n<td bgcolor=\"#99FFCC\"><span style=\"font-family: verdana; font-size: small;\">0.5 ficha\/d\u00eda<\/span><\/td>\n<td><\/td>\n<\/tr>\n<tr>\n<td align=\"center\" width=\"60\"><span style=\"font-family: verdana; font-size: small;\"><b>7<\/b><\/span><\/td>\n<td><\/td>\n<td bgcolor=\"#99FFCC\"><span style=\"font-family: verdana; font-size: small;\">0.5 ficha\/d\u00eda<\/span><\/td>\n<td><\/td>\n<\/tr>\n<tr>\n<td align=\"center\" width=\"60\"><span style=\"font-family: verdana; font-size: small;\"><b>8<\/b><\/span><\/td>\n<td><\/td>\n<td><\/td>\n<td bgcolor=\"#FFFFCC\"><span style=\"font-family: verdana; font-size: small;\">1 tab\/d\u00eda<\/span><\/td>\n<\/tr>\n<\/tbody>\n<\/table>\n<p>&nbsp;<\/p>\n<p><b>Total:<\/b><br \/>\n200 <a href=\"http:\/\/getanabolics.biz\/es\/producto\/dianabol-buy-d-bol-100-tabs-each-contains-10-mg-methandienone\/\">Dianabol &#8211; Vermodje<\/a><br \/>\n50 tabs <a href=\"http:\/\/getanabolics.biz\/es\/producto\/nolvadex-50-fichas-de-cada-ficha-contiene-20-mg-de-citrato-de-tamoxifeno-alpha-pharma\/\">Nolvadex &#8211; Alpha Pharma<\/a><br \/>\n10 tabs <a href=\"http:\/\/getanabolics.biz\/es\/producto\/clomid-10-fichas-contiene-50-mg-de-citrato-de-clomifeno-alpha-pharma\/\">Clomid &#8211; Alpha Pharma<\/a><\/p>\n<p>&nbsp;<\/p>\n<\/div>\n<div>\n<p>Usted debe tomar las pesta\u00f1as despu\u00e9s de las comidas para evitar molestias estomacales. Y dividir la dosis dos veces al d\u00eda. Uno en la ma\u00f1ana y una por la tarde.<\/p>\n<p><b>el Cardo mariano y el \u00e1cido Alfa Lipoico se recomiendan los suplementos a trav\u00e9s del ciclo para apoyar el h\u00edgado y beber mucha agua y tomar Aceite de H\u00edgado de Bacalao para apoyar el ri\u00f1\u00f3n.<\/b><br \/>\nEste es un ejemplo de ciclo con max. las dosis. Siempre iniciar un ciclo con dosis m\u00e1s bajas y un poco alcance m\u00e1x. niveles. Si te sientes mal disminuci\u00f3n de la dosis o dejar de fumar.<br \/>\n<b>Despu\u00e9s de que el ciclo si es necesario ZMA o Tribulus puede ser utilizado para aumentar los niveles de testosterona natural de vuelta a la normalidad.<\/b><\/p>\n<\/div>\n<p>&nbsp;<\/p>\n<p>Avanzada de los esteroides anab\u00f3licos, los usuarios son el superior nivel de experiencia de los usuarios, y es claramente supone que en este punto, el esteroide anab\u00f3lico usuario ha obtenido suficiente experiencia y acumulado suficiente conocimiento para asumir el estado de un usuario avanzado. Esteroides avanzado pilas de la participaci\u00f3n de muchos de los m\u00e1s avanzados a nivel de los compuestos (tales como Anadrol y Trembolona), pero esto no quiere decir que la avanzada de los esteroides anab\u00f3licos, los ciclos no se pueden b\u00e1sicos de la Testosterona-s\u00f3lo ciclo de protocolo. Esta ha sido previamente abordado, la cual ha sido claro que los de nivel intermedio y avanzado de los esteroides anab\u00f3licos, los usuarios no est\u00e1n limitados a la utilizaci\u00f3n de muy duras compuestos, a dosis extremadamente altas, o complejo ciclo de pilas. Muchas veces, la mayor\u00eda de los usuarios avanzados optar por ejecutar la b\u00e1sica intentado, de confianza, y verdaderos m\u00e9todos de Testosterona-s\u00f3lo los ciclos, o muy b\u00e1sico ciclos de esteroides anab\u00f3licos. Esto es por lo general mucho sorpresa para los principiantes, ya que muy a menudo los principiantes (y prospectivo de los esteroides anab\u00f3licos, los usuarios) poseen una concepci\u00f3n err\u00f3nea de lo que es ser una avanzada de los esteroides anab\u00f3licos de usuario.<\/p>\n<p>&nbsp;<\/p>\n<p>El t\u00e9rmino <strong>Ciclos de Esteroides<\/strong> se refiere a la aplicaci\u00f3n peri\u00f3dica de esteroides anab\u00f3licos\/androg\u00e9nicos (AAS), normalmente para la construcci\u00f3n muscular fines. AAS no son m\u00e9dicamente aprobados para promover excesivo el aumento de masa muscular (culturismo) o mejorar el rendimiento deportivo. Aparte de los principios de la experimentaci\u00f3n en los deportistas por un pu\u00f1ado de m\u00e9dicos deportivos, un gran esfuerzo al estudio de la constituci\u00f3n y en la mejora del rendimiento de las propiedades de estas drogas, espec\u00edficamente con un ojo en el desarrollo de estrategias para el uso de ellos para maximizar los beneficios y minimizar los efectos adversos, no ha sido llevada a cabo por la comunidad m\u00e9dica. Debido a esto, los usuarios il\u00edcitos se han dejado de desarrollar sus propios protocolos para la administraci\u00f3n de estos f\u00e1rmacos. El resultado ha sido de una gran variedad de enfoques diferentes para el uso de estos agentes, algunos m\u00e1s seguro o m\u00e1s eficaces que otros. Aunque no es posible evaluar de manera integral todos los conocidos planteamientos, en esta secci\u00f3n se discuten algunos de los m\u00e1s fundamentales y el tiempo de m\u00e9todos de probada eficacia para el uso de AAS.<\/p>\n<h3>Lee mas<\/h3>\n<p><a href=\"http:\/\/getanabolics.biz\/es\/comprar-clomid-en-linea-en-getanabolics-biz\/\">COMPRAR CLOMID ONLINE EN GETANABOLICS.BIZ<\/a><\/p>\n<p><a href=\"http:\/\/getanabolics.biz\/es\/hormona-del-crecimiento-hgh-los-hechos-mas-importantes\/\">HORMONA DE CRECIMIENTO HGH &#8211; LOS HECHOS M\u00c1S IMPORTANTES<\/a><\/p>\n<p><a href=\"http:\/\/getanabolics.biz\/es\/caracteristicas-de-los-cursos-cortos-de-esteroides\/\">CARACTER\u00cdSTICAS DE LOS CURSOS CORTOS DE ESTEROIDES<\/a><\/p>\n<p><a href=\"http:\/\/getanabolics.biz\/es\/pausa-entre-cursos-de-esteroides-y-pct\/\">PAUSA ENTRE CURSOS DE ESTEROIDES Y PCT<\/a><\/p>\n<p><a href=\"http:\/\/getanabolics.biz\/es\/que-tan-efectivo-es-el-puente-de-esteroides\/\">\u00bfCU\u00c1N EFECTIVO ES EL PUENTE ESTEROIDE?<\/a><\/p>\n","protected":false},"excerpt":{"rendered":"<p>200 <a href=\"http:\/\/getanabolics.biz\/es\/producto\/dianabol-buy-d-bol-100-tabs-each-contains-10-mg-methandienone\/\">Dianabol &#8211; Vermodje<\/a><br \/>\n50 tabs <a href=\"http:\/\/getanabolics.biz\/es\/producto\/nolvadex-50-fichas-de-cada-ficha-contiene-20-mg-de-citrato-de-tamoxifeno-alpha-pharma\/\">Nolvadex &#8211; Alpha Pharma<\/a><br \/>\n10 tabs <a href=\"http:\/\/getanabolics.biz\/es\/producto\/clomid-10-fichas-contiene-50-mg-de-citrato-de-clomifeno-alpha-pharma\/\">Clomid &#8211; Alpha Pharma<\/a><\/p>\n","protected":false},"featured_media":32350581,"comment_status":"closed","ping_status":"closed","template":"","meta":[],"product_cat":[468],"product_tag":[471,488,483],"_links":{"self":[{"href":"https:\/\/getanabolics.biz\/es\/wp-json\/wp\/v2\/product\/32350602"}],"collection":[{"href":"https:\/\/getanabolics.biz\/es\/wp-json\/wp\/v2\/product"}],"about":[{"href":"https:\/\/getanabolics.biz\/es\/wp-json\/wp\/v2\/types\/product"}],"replies":[{"embeddable":true,"href":"https:\/\/getanabolics.biz\/es\/wp-json\/wp\/v2\/comments?post=32350602"}],"wp:featuredmedia":[{"embeddable":true,"href":"https:\/\/getanabolics.biz\/es\/wp-json\/wp\/v2\/media\/32350581"}],"wp:attachment":[{"href":"https:\/\/getanabolics.biz\/es\/wp-json\/wp\/v2\/media?parent=32350602"}],"wp:term":[{"taxonomy":"product_cat","embeddable":true,"href":"https:\/\/getanabolics.biz\/es\/wp-json\/wp\/v2\/product_cat?post=32350602"},{"taxonomy":"product_tag","embeddable":true,"href":"https:\/\/getanabolics.biz\/es\/wp-json\/wp\/v2\/product_tag?post=32350602"}],"curies":[{"name":"wp","href":"https:\/\/api.w.org\/{rel}","templated":true}]}}