{"id":32350407,"date":"2017-05-10T13:46:19","date_gmt":"2017-05-10T13:46:19","guid":{"rendered":"http:\/\/getanabolics.biz\/?page_id=32350407\/"},"modified":"2022-06-15T07:27:34","modified_gmt":"2022-06-15T07:27:34","slug":"contactenos","status":"publish","type":"page","link":"https:\/\/getanabolics.biz\/es\/contactenos\/","title":{"rendered":"Cont\u00e1ctenos"},"content":{"rendered":"<p>INFORMACI\u00d3N IMPORTANTE SOBRE EL ESTADO DE SU PEDIDO.<br \/>\nPOR FAVOR LEER ANTES DE ENVIAR TICKET CAUSA QUE LE PERMITE OBTENER AYUDA M\u00c1S R\u00c1PIDO<\/p>\n<p>Hola y gracias por contactar con nosotros! Nuestros Especialistas de Producto y Directores de Servicio al Cliente est\u00e1n deseosos de ayudarle con sus preguntas o inquietudes. Por favor, seleccione el departamento correspondiente de nuestro men\u00fa desplegable de abajo y vamos a ayudar a que en un primer llegado primer servido base, durante nuestro horario normal de trabajo. Todas las preguntas recibidas despu\u00e9s de las horas o los fines de semana ser\u00e1n contestadas en el siguiente d\u00eda h\u00e1bil.<\/p>\n<p>&nbsp;<\/p>\n<p>Los boletos est\u00e1n respondido generalmente dentro de 48 horas.<br \/>\nEn caso de que el problema se inform\u00f3 el viernes de que usted va a obtener una respuesta el lunes.<\/p>\n<p>Su actual estado de la orden puede comprobarse en <a href=\"https:\/\/orderstatus.live\/\" target=\"_blank\" rel=\"nofollow noopener noreferrer\">orderstatus.live<\/a> de la p\u00e1gina<br \/>\nSe dispone de informaci\u00f3n respecto a:<\/p>\n<p>1) el Estado de su pago (aprobado, rechazado o pendiente de verificaci\u00f3n)<br \/>\n2) el Estado de su pedido (aprobado por el env\u00edo, env\u00edo, reenv\u00edo si incautados).<br \/>\n3) una Vez que el pedido se env\u00eda el c\u00f3digo de seguimiento tambi\u00e9n aparecer\u00e1 all\u00ed. Puede ser rastreado en el siguiente sitio: <a href=\"http:\/\/aftership.com\/\" target=\"_blank\" rel=\"nofollow noopener noreferrer\">AfterShip.com<\/a><\/p>\n<p>Si usted desea reportar cualquier problema, por favor env\u00ede nuevo ticket de soporte aqu\u00ed:<br \/>\n<a href=\"https:\/\/bodybuilding.freshdesk.com\/support\/home\" target=\"_blank\" rel=\"nofollow noopener noreferrer\">https:\/\/bodybuilding.freshdesk.com\/<\/a><\/p>\n","protected":false},"excerpt":{"rendered":"<p>INFORMACI\u00d3N IMPORTANTE SOBRE EL ESTADO DE SU PEDIDO. POR FAVOR LEER ANTES DE ENVIAR TICKET CAUSA QUE LE PERMITE OBTENER AYUDA M\u00c1S R\u00c1PIDO Hola y gracias por contactar con nosotros! Nuestros Especialistas de Producto y Directores de Servicio al Cliente est\u00e1n deseosos de ayudarle con sus preguntas o inquietudes. Por<a class=\"jstore-read-more\" href=\"https:\/\/getanabolics.biz\/es\/contactenos\/\" rel=\"nofollow\">Read More &hellip;<\/a><\/p>\n","protected":false},"author":1,"featured_media":0,"parent":0,"menu_order":0,"comment_status":"closed","ping_status":"closed","template":"","meta":[],"_links":{"self":[{"href":"https:\/\/getanabolics.biz\/es\/wp-json\/wp\/v2\/pages\/32350407"}],"collection":[{"href":"https:\/\/getanabolics.biz\/es\/wp-json\/wp\/v2\/pages"}],"about":[{"href":"https:\/\/getanabolics.biz\/es\/wp-json\/wp\/v2\/types\/page"}],"author":[{"embeddable":true,"href":"https:\/\/getanabolics.biz\/es\/wp-json\/wp\/v2\/users\/1"}],"replies":[{"embeddable":true,"href":"https:\/\/getanabolics.biz\/es\/wp-json\/wp\/v2\/comments?post=32350407"}],"version-history":[{"count":2,"href":"https:\/\/getanabolics.biz\/es\/wp-json\/wp\/v2\/pages\/32350407\/revisions"}],"predecessor-version":[{"id":32352339,"href":"https:\/\/getanabolics.biz\/es\/wp-json\/wp\/v2\/pages\/32350407\/revisions\/32352339"}],"wp:attachment":[{"href":"https:\/\/getanabolics.biz\/es\/wp-json\/wp\/v2\/media?parent=32350407"}],"curies":[{"name":"wp","href":"https:\/\/api.w.org\/{rel}","templated":true}]}}