{"id":32350392,"date":"2017-05-10T12:41:20","date_gmt":"2017-05-10T12:41:20","guid":{"rendered":"http:\/\/getanabolics.biz\/?page_id=32350392\/"},"modified":"2017-05-10T12:41:20","modified_gmt":"2017-05-10T12:41:20","slug":"preguntas-mas-frecuentes","status":"publish","type":"page","link":"https:\/\/getanabolics.biz\/es\/preguntas-mas-frecuentes\/","title":{"rendered":"Preguntas m\u00e1s frecuentes"},"content":{"rendered":"<p><strong>\u00bfCu\u00e1l es la calidad de sus productos?<\/strong><\/p>\n<p>Todos nuestros productos son 100% original viene directamente de los famosos del mundo de la medicina de los distribuidores, y usted siente que este desde el primer tiro de la inyecci\u00f3n o de la primera ficha. Las marcas que manejamos son los Alfa Pharma, Vermodje, Maxtreme, Dragon Pharma, Eminencia Laboratorios, la Investigaci\u00f3n del Cuerpo y muchos otros.<\/p>\n<p><strong>Son una empresa leg\u00edtima?<\/strong><\/p>\n<p>Somos un profesional de servicio de pedido por correo con licencia para vender y distribuir productos farmac\u00e9uticos. Hemos sido establecido hace m\u00e1s de 5 a\u00f1os, el suministro de original, de alta calidad de los esteroides anab\u00f3licos y culturismo relacionadas con los productos, la prescripci\u00f3n libre a trav\u00e9s de Internet.<\/p>\n<p><strong>\u00bfnecesito una receta para el fin?<\/strong><\/p>\n<p>Una receta NO est\u00e1 obligado a ordenar nuestros productos<\/p>\n<p><strong>\u00bfEs legal la compra de estos productos?<\/strong><\/p>\n<p>Debido a que las leyes difieren de un pa\u00eds a otro, le recomendamos que contacte a un abogado calificado en cuanto a los reglamentos y restricciones de su pa\u00eds.<\/p>\n<p><strong>\u00bfC\u00f3mo es el tiempo de todo el proceso de pedidos y env\u00edo?<\/strong><\/p>\n<p>La confirmaci\u00f3n del pedido con la lista de la compra de productos que se env\u00edan a su correo electr\u00f3nico de contacto una vez pedido.<br \/>\nUna vez recibido el pago, nos procesar y enviar su pedido dentro de 2-5 d\u00edas h\u00e1biles. El tiempo de env\u00edo depende de varios factores tales como el m\u00e9todo de env\u00edo, la direcci\u00f3n postal, la eficiencia del servicio de despacho de aduanas, tr\u00e1nsito internacional, etc., es por eso que s\u00f3lo puede dar una aproximaci\u00f3n basada en nuestras estad\u00edsticas y experiencia previa.<\/p>\n<p>Normalmente, el env\u00edo a estados UNIDOS (donde la mayor\u00eda de nuestros clientes vienen de) tarda de 7 a 15 d\u00edas h\u00e1biles una vez que el c\u00f3digo de seguimiento se proporciona.<\/p>\n<p><strong>Nuestros m\u00e9todos de pago<\/strong><\/p>\n<p>Somos uno de los pocos en l\u00ednea de esteroides tiendas que aceptan el pago con las principales tarjetas de cr\u00e9dito: eso se arregla con una ayuda de sitios como Western Union, MoneyGram. Tambi\u00e9n ofrecemos a pagar nosotros, con la ayuda de Bitcoins (que tambi\u00e9n puede ser financiado con tarjeta de cr\u00e9dito con una ayuda de coinbase, un c\u00edrculo o localbitcoins.com<\/p>\n<p>Pero preferimos que nuestros clientes de la primera vez no colocar los pedidos de m\u00e1s de $750 utilizando su tarjeta de cr\u00e9dito. Primera vez a los clientes con pedidos de m\u00e1s de $750 se recomienda a pagar a trav\u00e9s de transferencia bancaria o transferencia de dinero (como Moneygram), o bitcoins. Estos m\u00e9todos de pago que no requieren ning\u00fan tipo de verificaci\u00f3n y los clientes que los utilizan get <strong>10% de descuento <\/strong>en la cara pedidos cada vez que pagan no a trav\u00e9s de tarjeta de cr\u00e9dito.<\/p>\n<p>La segunda vez que los clientes obtener un descuento en cada pedido y son bienvenidos a pagar a trav\u00e9s de tarjeta de cr\u00e9dito para cualquier cantidad.<\/p>\n<p><strong>\u00bfC\u00f3mo se si mi pago es procesado?<\/strong><\/p>\n<p>Una vez que env\u00ede su pago a trav\u00e9s de tarjeta de cr\u00e9dito le puede requerir para verificar su orden. Esto es por qu\u00e9 es importante para nosotros contar con su <strong>tel\u00e9fono<\/strong>. Si el fin de no pasar nuestra verificaci\u00f3n o si no somos capaces de contacto de las palmas de entonces su pago con tarjeta de cr\u00e9dito no ser\u00e1 aceptada y nosotros le ofrecemos el pago a trav\u00e9s de m\u00e9todo de pago alternativo descrito anteriormente.<\/p>\n<p>Una vez que su pago es verificado y pasar nuestros antifraude de control de tu tarjeta se carga. Aprueban los pagos se procesan y se aclar\u00f3 dentro de 1-2 d\u00edas laborales y su orden es aprobada por el env\u00edo despu\u00e9s de eso.<\/p>\n<p><strong>\u00bfCu\u00e1l es la m\u00e1xima cantidad que se puede pedir de una vez?<\/strong><\/p>\n<p>No tenemos l\u00edmites a la cantidad que usted puede pedir. Sin embargo, usted debe consultar a una persona calificada con respecto a la cantidad que desea pedir, ya que puede haber regulaciones de importaci\u00f3n sobre los productos espec\u00edficos en cantidad.<\/p>\n<p>Le recomendamos nuestro primer cliente para hacer una prueba de compra y despu\u00e9s de ver que usted satisfecho con nuestros servicios, estaremos encantados de servirle m\u00e1s.<\/p>\n<p><strong>he realizado el pedido, pero mi tarjeta no est\u00e1 cargada?<\/strong><\/p>\n<p>Su tarjeta no est\u00e1 cargada inmediatamente despu\u00e9s de su compra. Proceso de verificaci\u00f3n de la toma de 2 horas a 2 d\u00edas h\u00e1biles. Si su tarjeta no est\u00e1 cargada en el plazo de 2 d\u00edas h\u00e1biles despu\u00e9s de su compra, por favor p\u00f3ngase en contacto con nosotros y vamos a investigar esto.<\/p>\n<p><strong>Mi direcci\u00f3n de entrega es diferente de la direcci\u00f3n de facturaci\u00f3n.<\/strong><\/p>\n<p>Esto no es un problema siempre y cuando los nombres en la tarjeta de cr\u00e9dito y en el env\u00edo de destino son el mismo. Pero en el caso que nos avisos mediante pasarela de pago para comprobar este pedido, por favor est\u00e9 preparado para que los vamos a necesitar una verificaci\u00f3n adicional.<\/p>\n<p>Si el pa\u00eds de facturaci\u00f3n es diferente de env\u00edo pa\u00eds nos exige el pago a trav\u00e9s de cualquier m\u00e9todo de pago alternativo.<\/p>\n<p><strong>puedo pagar a trav\u00e9s de transferencia bancaria y \u00bfhay ventajas si he de elegir este m\u00e9todo de pago?<\/strong><\/p>\n<p>Ofrecemos <strong>5% de descuento<\/strong> en cualquier orden de pago a trav\u00e9s de transferencia bancaria. Adem\u00e1s de <strong>cubrimos los gastos bancarios<\/strong>. Por ejemplo, si su pedido es de $400 y que est\u00e1n dispuestos a pagar dinero a trav\u00e9s del banco el total que se necesita para enviar va a ser de $400 \u2013 $20 (5% descuento) \u2013 $40 (banco de la tarifa de transferencia) = $340<\/p>\n<p>Si el total de su pedido es de m\u00e1s de $750 ofrecemos <strong>10% de descuento<\/strong>, junto con cualquier otro descuento (devoluci\u00f3n de cliente, c\u00f3digo de promoci\u00f3n o de cualquier promoci\u00f3n especial de descuentos), m\u00e1s que compensar los gastos bancarios.<\/p>\n<p>Los clientes europeos pueden pagar a trav\u00e9s de Uberweisung (Alemania) IBAN y traslado a nuestro UE cuenta bancaria. SEPA las transferencias son gratuitas y se obtiene <strong>10% de descuento<\/strong> en cualquier orden.<\/p>\n<p>Los pagos a trav\u00e9s del banco no requieren ning\u00fan tipo de verificaci\u00f3n, y normalmente se procesa y se elimina dentro de 1-2 d\u00edas. As\u00ed que usted recibe su pedido m\u00e1s r\u00e1pido.<\/p>\n<p><strong>\u00bfQu\u00e9 descuentos se ofrecen?<\/strong><\/p>\n<p>Tenemos la siguiente lista de descuentos disponibles ahora mismo:<\/p>\n<ul>\n<li>5% de descuento en pedidos de menos de $750 si el m\u00e9todo de pago es transferencia bancaria, transferencia de dinero o de bitcoins.<\/li>\n<li>10% de descuento en los pedidos con un total de m\u00e1s de $750 si el m\u00e9todo de pago es transferencia bancaria, transferencia de dinero o de bitcoins.<\/li>\n<li>5% en el regreso de pedido del cliente.<\/li>\n<li>10% en cualquiera de devoluci\u00f3n de pedido de cliente con el valor de m\u00e1s de $750 (no importa qu\u00e9 m\u00e9todo de pago elegido).<\/li>\n<\/ul>\n<p>&nbsp;<\/p>\n<p>Adem\u00e1s ofrecemos diferentes tipos de ventas de temporada y promociones, como descuentos en nuestros ciclos de esteroides.<\/p>\n<p><strong>\u00bfC\u00f3mo los productos son enviados?<\/strong><\/p>\n<p>Tras el \u00e9xito de pago, el pedido se pasa para el env\u00edo y el c\u00f3digo de seguimiento se proporciona dentro de 2-5 d\u00edas h\u00e1biles.<\/p>\n<p>Utilizamos EMS (USPS) env\u00edo trazabilidad que requiere la firma en el momento de la llegada del producto. Todos los paquetes pueden ser rastreados a trav\u00e9s de estos sitios:<\/p>\n<p>https:\/\/www.usps.com (USA los pedidos cuando el tema ya est\u00e1 en estados UNIDOS)<\/p>\n<p>http:\/\/www.track-trace.com\/post (los paquetes se env\u00edan a cualquier pa\u00eds en cualquier momento de la entrega)<\/p>\n<p><strong>\u00bfC\u00f3mo se granel\/gran cantidad de los pedidos enviados?<\/strong><\/p>\n<p>Si la orden es demasiado grande lo suficiente como para no caber en el mismo env\u00edo de sobres como un peque\u00f1o tama\u00f1o de la orden, se garantiza el orden se divide en la cantidad necesaria de paquetes. No importa cu\u00e1n grande es su orden, te garantizamos el mismo criterio de nivel de embalaje se utiliza con un peque\u00f1o tama\u00f1o de la orden. Adem\u00e1s, no importa en el orden de tama\u00f1o, usted pagar\u00e1 los gastos de env\u00edo s\u00f3lo una vez.<\/p>\n<p><strong>\u00bfCu\u00e1nto tiempo dura el proceso de env\u00edo tomar?<\/strong><\/p>\n<p>Tiempo estimado de entrega es de 5 a 17 a\u00f1os de trabajo d\u00edas, dependiendo del destino.<br \/>\n5-12 d\u00edas a estados UNIDOS, Canad\u00e1, Europa y Asia<br \/>\n8-17 d\u00edas de negocio para el Sur de \u00c1frica<\/p>\n<p><strong>hay una posibilidad de que un env\u00edo demora?<\/strong><\/p>\n<p>El tiempo de env\u00edo depende de varios factores tales como el servicio postal de eficiencia, despacho de aduanas, tr\u00e1nsito internacional, etc., que es por eso que te damos una aproximaci\u00f3n basada en nuestras estad\u00edsticas y experiencia previa.<\/p>\n<p>Generalmente el 80-85% de correo a\u00e9reo de paquetes llegan con 10 d\u00edas, y un 15-20% de llegar dentro de 10 a 15 d\u00edas h\u00e1biles. Esto es un reflejo de las inconsistencias con varios postal representantes, y no de los servicios proporcionados por nosotros. El principal retraso ocurre debido a que el despacho de aduana en el pa\u00eds donde los productos se env\u00edan desde y personalizado en el pa\u00eds de destino. En caso de que usted vea a su c\u00f3digo de seguimiento no se mueve durante 5 d\u00edas esta es la raz\u00f3n principal por la que esto sucede.<\/p>\n<p>Cada env\u00edo internacional normalmente pasa por el local y el servicio nacional de correos en el pa\u00eds de origen, luego de la exportaci\u00f3n, as\u00ed como el env\u00edo de la transferencia a trav\u00e9s de los puertos de salida, de tr\u00e1nsito en el pa\u00eds de destino con el servicio postal internacional, la importaci\u00f3n en el pa\u00eds de destino (despacho de aduanas), y, finalmente, la local y nacional servicio postal en el pa\u00eds de destino. Cada paso sucesivo tiene un impacto en el tiempo de entrega. Incluso si la mayor\u00eda de estos pasos son ejecutados con \u00e9xito en una manera oportuna, la ineficiencia o temporal de inactividad durante un solo paso es suficiente para extender el tiempo de entrega m\u00e1s de la habitual y marco de tiempo asignado<\/p>\n<p><strong>\u00bfhacen env\u00edos a P. O. Cajas?<\/strong><\/p>\n<p>S\u00ed, enviamos a P. O. Cajas<\/p>\n<p>que <strong>Se necesita una firma para el env\u00edo y por qu\u00e9?<\/strong><\/p>\n<p>S\u00ed, nuestro m\u00e9todo de env\u00edo requiere la firma de su lado al momento de la entrega. Esto nos permite luchar contra cualquier fraudulenta de cargo cuando el cliente recibe su pedido y afirma que nunca recibi\u00f3 nada. Tenemos un 99% de \u00e9xito tasa de ganancia de la tarjeta de cr\u00e9dito como las disputas, porque contamos con la correspondencia con nuestros clientes, sus detalles de la orden, la imagen de nuestra parcela y la confirmaci\u00f3n de que el servicio postal de ese elemento se entrega. Por el contrario, cada fraudulenta disputa perjudica informe de cr\u00e9dito de frauder e influye en su historial de cr\u00e9dito m\u00e1s le hace pagar de $25 a $200 por ilegal disputa.<\/p>\n<p><strong>\u00bfD\u00f3nde te barco?<\/strong><\/p>\n<p>El env\u00edo es organizado desde la India, Singapur, Tailandia, la Uni\u00f3n Europea. Nuestro nombre de la organizaci\u00f3n no est\u00e1 indicado en cualquier paquete y los env\u00edos se realizan de env\u00edo varios puntos para garantizar la m\u00e1xima discreci\u00f3n y la m\u00e1s alta probabilidad de \u00e9xito en la entrega.<\/p>\n<p><strong>\u00bfQu\u00e9 pasa si el paquete es tomado por costumbre?<\/strong><\/p>\n<p>Tenemos el 99,9% de \u00e9xito tasa de entrega a estados UNIDOS, Canad\u00e1, Europa y sud\u00e1frica. Incluso si los productos decomisado (1% de posibilidades basadas en nuestras estad\u00edsticas a trav\u00e9s de los a\u00f1os), le ofrecemos reintento de entrega o de cr\u00e9dito hacia la nueva compra en nuestro sitio. Nosotros solo tienes que enviarnos un correo electr\u00f3nico la notificaci\u00f3n oficial de la oficina de correos o la costumbre de que el paquete fue detenido y vamos a organizar una nueva entrega dentro de 3 d\u00edas laborales.<\/p>\n<p><strong>\u00bfQu\u00e9 pa\u00edses barco?<\/strong><\/p>\n<p>Enviamos a todo el mundo.<\/p>\n<p><strong>Env\u00edo sitio dice que el seguimiento no existe.<\/strong><\/p>\n<p>El seguimiento se puede hacer despu\u00e9s de 72 horas debido a que desde nuestro centro de entrega de paquete va a almac\u00e9n de log\u00edstica y espera personalizado. Si el c\u00f3digo de seguimiento no aparece en el sistema despu\u00e9s de 3 d\u00edas h\u00e1biles, por favor p\u00f3ngase en contacto con nosotros y vamos a investigar esto.<\/p>\n<p>Recomendamos a nuestros USA los clientes a utilizar track-trace.com hasta que punto llega a estados UNIDOS. Despu\u00e9s de que usted puede usar USPS sitio para el seguimiento de su paquete. Le recomendamos que introduzca su correo electr\u00f3nico en USPS sitio para obtener todas las actualizaciones sobre el estado de entrega.<\/p>\n<p><strong>Pedido lleg\u00f3 pero no completo.<\/strong><\/p>\n<p>P\u00f3ngase en contacto con nosotros cuando usted tiene un problema de este tipo. Necesitamos que nos env\u00edes la foto de lo que tienes, incluyendo las etiquetas de los paquetes. Esto nos ayudar\u00e1 a investigar c\u00f3mo sucedi\u00f3 esto para evitar problemas en el futuro. Generalmente regresamos con el resultado de la investigaci\u00f3n dentro de los 2 d\u00edas h\u00e1biles. Como resultado, podemos ofrecer a usted una nueva entrega de los elementos faltantes, el reembolso parcial del dinero, el cr\u00e9dito hacia su nueva adquisici\u00f3n y cup\u00f3n de descuento para compensar este problema.<\/p>\n<p><strong>Mi c\u00f3digo de seguimiento no se mueve.<\/strong><\/p>\n<p>Por lo general esto sucede cuando los elementos est\u00e1n llevando a cabo en la costumbre y est\u00e1n a la espera de despacho de aduana. Esto no significa ning\u00fan problema. Pero si el c\u00f3digo de seguimiento no muestra progreso en el plazo de 10 d\u00edas, por favor p\u00f3ngase en contacto con nosotros y vamos a investigar esto. Tambi\u00e9n podemos asesorarle para contacto con su oficina local de EMS (USPS) de la oficina con el c\u00f3digo de seguimiento para obtener informaci\u00f3n detallada cuando el punto est\u00e1 a la derecha ahora.<\/p>\n<p><strong>\u00bfC\u00f3mo puedo contactar con usted?<\/strong><\/p>\n<p>Ya que nuestros servicios est\u00e1n optimizados para ser llevado a cabo en l\u00ednea y en todo el mundo, que son m\u00e1s que bienvenidos a ponerse en contacto con nuestro departamento de ventas a trav\u00e9s de nuestro sitio web en la p\u00e1gina <strong>Contacte con nosotros<\/strong><strong>.<\/strong><\/p>\n<p>Por correo electr\u00f3nico las solicitudes ser\u00e1n respondidas dentro de las 24 horas, pero a veces puede tardar 2 d\u00edas h\u00e1biles para que nos de la respuesta. Las solicitudes por correo electr\u00f3nico enviado el viernes son, a veces, respondi\u00f3 este lunes debido a la diferencia horaria en las horas de trabajo de nuestro equipo de soporte y de su ubicaci\u00f3n.<\/p>\n","protected":false},"excerpt":{"rendered":"<p>\u00bfCu\u00e1l es la calidad de sus productos? Todos nuestros productos son 100% original viene directamente de los famosos del mundo de la medicina de los distribuidores, y usted siente que este desde el primer tiro de la inyecci\u00f3n o de la primera ficha. Las marcas que manejamos son los Alfa<a class=\"jstore-read-more\" href=\"https:\/\/getanabolics.biz\/es\/preguntas-mas-frecuentes\/\" rel=\"nofollow\">Read More &hellip;<\/a><\/p>\n","protected":false},"author":1,"featured_media":0,"parent":0,"menu_order":0,"comment_status":"closed","ping_status":"closed","template":"","meta":[],"_links":{"self":[{"href":"https:\/\/getanabolics.biz\/es\/wp-json\/wp\/v2\/pages\/32350392"}],"collection":[{"href":"https:\/\/getanabolics.biz\/es\/wp-json\/wp\/v2\/pages"}],"about":[{"href":"https:\/\/getanabolics.biz\/es\/wp-json\/wp\/v2\/types\/page"}],"author":[{"embeddable":true,"href":"https:\/\/getanabolics.biz\/es\/wp-json\/wp\/v2\/users\/1"}],"replies":[{"embeddable":true,"href":"https:\/\/getanabolics.biz\/es\/wp-json\/wp\/v2\/comments?post=32350392"}],"version-history":[{"count":1,"href":"https:\/\/getanabolics.biz\/es\/wp-json\/wp\/v2\/pages\/32350392\/revisions"}],"predecessor-version":[{"id":32350393,"href":"https:\/\/getanabolics.biz\/es\/wp-json\/wp\/v2\/pages\/32350392\/revisions\/32350393"}],"wp:attachment":[{"href":"https:\/\/getanabolics.biz\/es\/wp-json\/wp\/v2\/media?parent=32350392"}],"curies":[{"name":"wp","href":"https:\/\/api.w.org\/{rel}","templated":true}]}}