{"id":32350379,"date":"2017-05-10T10:26:25","date_gmt":"2017-05-10T10:26:25","guid":{"rendered":"http:\/\/getanabolics.biz\/?page_id=32350379\/"},"modified":"2017-05-10T10:26:25","modified_gmt":"2017-05-10T10:26:25","slug":"terminos-y-condiciones","status":"publish","type":"page","link":"https:\/\/getanabolics.biz\/es\/terminos-y-condiciones\/","title":{"rendered":"T\u00e9rminos y Condiciones"},"content":{"rendered":"<p>Por favor lea cuidadosamente lo siguiente. Usted debe estar de acuerdo con los t\u00e9rminos y condiciones descritos en esta solicitud de entrada antes de enviar este formulario de inscripci\u00f3n.<\/p>\n<p><strong>PRODUCTOS de GARANT\u00cdA<\/strong><\/p>\n<p><strong>1.<\/strong> Todos los productos tienen impreso expriation fechas. Si usted recibe los productos con fecha vencida, no los utilice y p\u00f3ngase en contacto con nosotros. A menos que se indique lo contrario, y sujeto a sus derechos legales en relaci\u00f3n con la calidad y aptitud para un prop\u00f3sito, no hacemos ninguna representaci\u00f3n o garant\u00eda, ya sea expresa o impl\u00edcita, de ning\u00fan tipo con respecto a los productos vendidos.<\/p>\n<p><strong>PRODUCTOS de ENTREGA<\/strong><\/p>\n<p><strong>2.<\/strong> Nos envolver los art\u00edculos de carbono en papel fotogr\u00e1fico. Xray no penetrar\u00e1. En su solicitud, puede ocultar sus bienes a los juguetes, cintas de video, juguetes, etc.<\/p>\n<p><strong>3.<\/strong> vamos a entregar la mercanc\u00eda a la que yo proporcionada por usted en el momento en que usted haya hecho su pedido.<\/p>\n<p><strong>4.<\/strong> tiempo de entrega Estimado para nuestro correo a\u00e9reo regular de env\u00edo es: m\u00e1ximo 10-13 d\u00edas dentro de los estados UNIDOS, y 9-12 d\u00edas para Europa, para Expresar \u2013 1-3 d\u00edas h\u00e1biles. Ni se responsabiliza de retrasos en la entrega causados por vacaciones, o por el servicio de correos a cargo de la entrega. Las fechas que nos dan para la entrega son aproximados y no seremos responsables por cualquier p\u00e9rdida, gastos, da\u00f1os, cargos por el Servicio Postal o gastos causados por cualquier demora en la entrega de los bienes, salvo las causadas por nuestra negligencia. Alemania, Canad\u00e1, Australia partos tienen lugar con correo certificado (no con env\u00edo express) que se lleva a 12-15 d\u00edas. De esta manera las probabilidades para los art\u00edculos decomisado en la costumbre, varias veces inferior. Si el paquete no entregado debido a los problemas del cliente (no estaba en casa, no se pudo obtener el elemento de post en el tiempo) no somos capaces de volver a enviar sus art\u00edculos. S\u00f3lo los elementos incautados por la costumbre o da\u00f1ados dentro de entrega es reenviada.<\/p>\n<p><strong>5.<\/strong> se convertir\u00e1 en el propietario de las mercanc\u00edas que usted ha pedido, una vez que han sido enviados a su direcci\u00f3n de entrega especificada. Una vez que las mercanc\u00edas han sido entregadas ya no tiene ninguna responsabilidad por cualquier p\u00e9rdida o da\u00f1o de la mercanc\u00eda.<\/p>\n<p><strong>6.<\/strong> Con costumbres que tiene el 99,9% de \u00e9xito a estados UNIDOS, el 99,5% de \u00e9xito a Canad\u00e1 y Europa, y el 97% para el Sur de \u00c1frica. Incluso si los productos decomisado ( 1% de posibilidades basadas en nuestras estad\u00edsticas a trav\u00e9s de los a\u00f1os), cubrimos el 100% de la p\u00e9rdida.<\/p>\n<p><strong>COMPRA<\/strong><\/p>\n<p><strong>7.<\/strong> A fin de que los productos o servicios de nosotros, usted tiene que tener al menos 18 a\u00f1os de edad.<br \/>\nno asume ninguna responsabilidad por la confirmaci\u00f3n de la importaci\u00f3n de los requisitos y regulaciones de la compra y el comprador en el pa\u00eds de origen. Todos los productos son enviados<br \/>\n\u2022 en el total responsabilidad del comprador.<br \/>\n\u2022 en el acuerdo de la celebraci\u00f3n reservados hacia cualquier acci\u00f3n legal, que pueda ser llevada a cabo contra el comprador, si no act\u00faa de conformidad con los reglamentos y leyes de importaci\u00f3n del pa\u00eds de destino.<\/p>\n<p><strong>8.<\/strong> los Precios est\u00e1n sujetos a cambios de acuerdo a las tasas de cambio Internacionales y los cambios en el costo de los precios sin previo aviso.<\/p>\n<p><strong>9.<\/strong> la Disponibilidad de los productos est\u00e1 sujeta a cambios sin previo aviso.<\/p>\n<p><strong>10.<\/strong> el Fin de cancelaciones despu\u00e9s de que el pago ha sido procesado no son aceptadas.<\/p>\n<p><strong>11.<\/strong> Despu\u00e9s de que usted compra, usted recibir\u00e1 ellectronic proyecto de ley el cual deber\u00e1 incluir su n\u00famero de pedido, la especificaci\u00f3n de su pedido, el nombre de usuario y contrase\u00f1a (que\/ha seleccionado\/n), que le permitir\u00e1 comprobar el estado de su pedido.<\/p>\n<p><strong>RESPONSABILIDAD<\/strong><\/p>\n<p><strong>12.<\/strong> Si de env\u00edo incorrecta informaci\u00f3n es proporcionada por el comprador, el pedido puede ser dejado y\/o devuelto al remitente. no asume ninguna responsabilidad por el fin de las p\u00e9rdidas causadas por este error en la entrega o por las p\u00e9rdidas que se produzcan. La raz\u00f3n principal es que los env\u00edos son unreturnable debido a discreto.<\/p>\n<p><strong>RENUNCIA<\/strong><\/p>\n<p><strong>13.<\/strong> no Asume ninguna responsabilidad por el uso de cualquiera de los productos suministrados. El material contenido en este sitio web (y en cualquiera de los sitios vinculados desde y hacia este sitio) es para prop\u00f3sitos de informaci\u00f3n general solamente, y no es la intenci\u00f3n de promover o apoyar la toma de anab\u00f3licos\/androg\u00e9nicos esteroides u otras drogas. Mediante la visualizaci\u00f3n de esta informaci\u00f3n y de la compra de esteroides usted se compromete a guardar para siempre indemne a comprar anab\u00f3licos, sus ejecutivos, directores, o de los cesionarios de cualquier produjeron da\u00f1os causados, conocidos o desconocidos, previsto o no previstos.<\/p>\n<p><strong>14.<\/strong> no defender, fomentar, poseer, o intentar obtener, los esteroides anab\u00f3licos o cualquier otra sustancia controlada y no puede ser considerado responsable de las acciones tomadas por nuestros visitantes y clientes.<\/p>\n<p><strong>15.<\/strong> Las descripciones y opiniones ofrecidos en este sitio no son m\u00e9dicos, sugerencias o consejos, pero generalmente se basan en la especulativo y los valores subjetivos. Todo atleta que contempla la toma de estos medicamentos siempre debe consultar primero a un m\u00e9dico con licencia como su incorrecta y sin supervisi\u00f3n de su uso puede causar da\u00f1o y de efectos secundarios permanentes. Nos en\u00e9rgicamente desaprueba la administraci\u00f3n de f\u00e1rmacos a los menores de edad para un mejor rendimiento deportivo.<\/p>\n<p><strong>!<\/strong> SU COMPRA implica la ACEPTACI\u00d3N DE ESTOS T\u00c9RMINOS Y CONDICIONES.<br \/>\n<strong>!<\/strong> NO CONFIRMAR SU PEDIDO SI USTED NO los ACEPTA.<br \/>\n<strong>!<\/strong> RESERVS EL derecho S\u00d3LO A PROCESAR Y enviar los PEDIDOS SI LOS SIGUIENTES<br \/>\n<strong>!<\/strong> T\u00c9RMINOS Y CONDICIONES SON ACEPTADOS expresamente por EL COMPRADOR.<br \/>\n<strong>!<\/strong> EL COMPRADOR se COMPROMETE A cumplir TODAS las REGULACIONES de la COMPA\u00d1\u00cdA AL realizar el PEDIDO CON NOSOTROS.<\/p>\n","protected":false},"excerpt":{"rendered":"<p>Por favor lea cuidadosamente lo siguiente. Usted debe estar de acuerdo con los t\u00e9rminos y condiciones descritos en esta solicitud de entrada antes de enviar este formulario de inscripci\u00f3n. PRODUCTOS de GARANT\u00cdA 1. Todos los productos tienen impreso expriation fechas. Si usted recibe los productos con fecha vencida, no los<a class=\"jstore-read-more\" href=\"https:\/\/getanabolics.biz\/es\/terminos-y-condiciones\/\" rel=\"nofollow\">Read More &hellip;<\/a><\/p>\n","protected":false},"author":1,"featured_media":0,"parent":0,"menu_order":0,"comment_status":"closed","ping_status":"closed","template":"","meta":[],"_links":{"self":[{"href":"https:\/\/getanabolics.biz\/es\/wp-json\/wp\/v2\/pages\/32350379"}],"collection":[{"href":"https:\/\/getanabolics.biz\/es\/wp-json\/wp\/v2\/pages"}],"about":[{"href":"https:\/\/getanabolics.biz\/es\/wp-json\/wp\/v2\/types\/page"}],"author":[{"embeddable":true,"href":"https:\/\/getanabolics.biz\/es\/wp-json\/wp\/v2\/users\/1"}],"replies":[{"embeddable":true,"href":"https:\/\/getanabolics.biz\/es\/wp-json\/wp\/v2\/comments?post=32350379"}],"version-history":[{"count":1,"href":"https:\/\/getanabolics.biz\/es\/wp-json\/wp\/v2\/pages\/32350379\/revisions"}],"predecessor-version":[{"id":32350380,"href":"https:\/\/getanabolics.biz\/es\/wp-json\/wp\/v2\/pages\/32350379\/revisions\/32350380"}],"wp:attachment":[{"href":"https:\/\/getanabolics.biz\/es\/wp-json\/wp\/v2\/media?parent=32350379"}],"curies":[{"name":"wp","href":"https:\/\/api.w.org\/{rel}","templated":true}]}}