{"id":32350366,"date":"2017-05-10T08:44:34","date_gmt":"2017-05-10T08:44:34","guid":{"rendered":"http:\/\/getanabolics.biz\/?page_id=32350366\/"},"modified":"2017-05-10T08:44:34","modified_gmt":"2017-05-10T08:44:34","slug":"renuncia","status":"publish","type":"page","link":"https:\/\/getanabolics.biz\/es\/renuncia\/","title":{"rendered":"Renuncia"},"content":{"rendered":"<p>Estos productos no deben ser utilizados por personas menores de 18 a\u00f1os de edad, consulte con un m\u00e9dico con licencia que usted est\u00e1 en buena salud f\u00edsica antes de usar. No lo tome si est\u00e1 embarazada o amamantando. Se debe cumplir un estricto r\u00e9gimen de entrenamiento y se debe implementar una dieta nutricional saludable para maximizar los resultados del uso de suplementos. Nuestro sitio web y el dominio son representativos de los suplementos nutricionales y diet\u00e9ticos altamente potentes anab\u00f3licos. Es aconsejable consultar a un m\u00e9dico antes de usar cualquier producto, todas las declaraciones no han sido evaluadas por la agencia de normas alimentarias, estos suplementos diet\u00e9ticos y nutricionales no est\u00e1n destinados a tratar, diagnosticar, prevenir o curar ninguna enfermedad o enfermedad. Estos productos pueden tener un aumento significativo de la masa muscular y la fuerza, y puede aumentar las concentraciones hormonales en la sangre y la p\u00e9rdida de grasa notable si se utiliza correctamente, combinado con un programa de entrenamiento intenso o rutina de ejercicio y una dieta nutricional saludable al tomar estos productos. Estos productos no son narc\u00f3ticos o drogas.<\/p>\n","protected":false},"excerpt":{"rendered":"<p>Estos productos no deben ser utilizados por personas menores de 18 a\u00f1os de edad, consulte con un m\u00e9dico con licencia que usted est\u00e1 en buena salud f\u00edsica antes de usar. No lo tome si est\u00e1 embarazada o amamantando. Se debe cumplir un estricto r\u00e9gimen de entrenamiento y se debe implementar<a class=\"jstore-read-more\" href=\"https:\/\/getanabolics.biz\/es\/renuncia\/\" rel=\"nofollow\">Read More &hellip;<\/a><\/p>\n","protected":false},"author":1,"featured_media":0,"parent":0,"menu_order":0,"comment_status":"closed","ping_status":"closed","template":"","meta":[],"_links":{"self":[{"href":"https:\/\/getanabolics.biz\/es\/wp-json\/wp\/v2\/pages\/32350366"}],"collection":[{"href":"https:\/\/getanabolics.biz\/es\/wp-json\/wp\/v2\/pages"}],"about":[{"href":"https:\/\/getanabolics.biz\/es\/wp-json\/wp\/v2\/types\/page"}],"author":[{"embeddable":true,"href":"https:\/\/getanabolics.biz\/es\/wp-json\/wp\/v2\/users\/1"}],"replies":[{"embeddable":true,"href":"https:\/\/getanabolics.biz\/es\/wp-json\/wp\/v2\/comments?post=32350366"}],"version-history":[{"count":1,"href":"https:\/\/getanabolics.biz\/es\/wp-json\/wp\/v2\/pages\/32350366\/revisions"}],"predecessor-version":[{"id":32350367,"href":"https:\/\/getanabolics.biz\/es\/wp-json\/wp\/v2\/pages\/32350366\/revisions\/32350367"}],"wp:attachment":[{"href":"https:\/\/getanabolics.biz\/es\/wp-json\/wp\/v2\/media?parent=32350366"}],"curies":[{"name":"wp","href":"https:\/\/api.w.org\/{rel}","templated":true}]}}