{"id":982,"date":"2017-04-27T10:33:38","date_gmt":"2017-04-27T12:12:15","guid":{"rendered":"http:\/\/getanabolics.biz\/product\/clenbuterol-40-100-tabletten-mit-jeweils-40-mcg-clenbuterol-hydrochloride-kaufen\/"},"modified":"2018-01-18T14:20:28","modified_gmt":"2018-01-18T14:20:28","slug":"clenbuterol-40-100-tabs-each-40-mcg-clenbuterol-hydrochloride-2","status":"publish","type":"product","link":"https:\/\/getanabolics.biz\/de\/produkt\/clenbuterol-40-100-tabs-each-40-mcg-clenbuterol-hydrochloride-2\/","title":{"rendered":"Clenbuterol 40 &#8211; Vermodje"},"content":{"rendered":"<h2>Clenbuterol 40 kaufen &#8211; Vermodje (Clenbuterol-Ver)<\/h2>\n<p><a title=\"Buy Clenbuterol 40 at GetAnabolics\"><img src=\"http:\/\/getanabolics.biz\/images\/airclen.jpg\" width=\"30%\" align=\"right\" \/><\/a><br \/>\nF\u00fcr diejenigen, die sucht, Clenbuterol 40 und Fragen sich, wo zu kaufen Clenbuterol 40 von Vermodje zur rechtlichen wir bieten Clenbuterol-Ver als die <strong>beste Wahl f\u00fcr echte Bodybuilder<\/strong>.<br \/>\nVon nun an eine <strong>gro\u00dfe Vielzahl von injizierbaren Steroide als auch orale Steroide<\/strong> und post-Zyklus-Therapie von Vermodje kann gekauft werden <b>GetAnabolics<\/b>. Wir freuen uns, die Einf\u00fchrung der neuen Clenbuterol 40 von <span style=\"font-weight: bold;\">Vermodje<\/span>.<br \/>\nAlle Produkte, die wir zu bieten haben, sind aus authentischen, qualitativ hochwertige verbindungen und haben ein einziges Ziel: Menschen zu helfen, zu gewinnen Muskelmasse, die Allgemeine St\u00e4rke, Fett zu verbrennen und Ihnen helfen, auf dem Weg zu k\u00f6rperlicher Perfektion. Um eine Konstruktive und zivilisierte Verbindung mit unseren Kunden stellen wir maximale Anstrengungen zur Sicherung einer hohen service-Qualit\u00e4t und n\u00e4hert sich jede person, die Adresse zu unserem Online-Shop mit H\u00f6flichkeit und Respekt.<br \/>\n<em>Den Aufbau und die Erhaltung einer wundersch\u00f6nen K\u00f6rpers erfordert eine Kombination von Methoden. Eine richtige Ern\u00e4hrung kommt zuerst in der Liste der wichtigen Bestandteile die der K\u00f6rper ben\u00f6tigt. Zweitens, stellen Sie sicher, dass Sie immer kaufen und verwenden Sie rechtlichen Steroide online nicht nur zu vermeiden, in Konflikt mit dem Gesetz, aber noch wichtiger ist, zur Vermeidung von gesundheitlichen Komplikationen.<\/em><br \/>\n<em><span style=\"font-weight: bold;\">GetAnabolics.Biz<\/span> ist die online-steroid Lieferanten speziell erstellt und widmet sich jeder athlet und bodybuilder mit der <strong>besten anabole Steroide zu erm\u00e4\u00dfigten Preisen<\/strong>. Wir haben uns entschieden, zuverl\u00e4ssigsten Marken zusammenarbeiten, um sicherzustellen, sicher, echt und top-notch-Steroide f\u00fcr unsere Kunden.<\/em><br \/>\nVersand Steroide sehr sicher ist das Hauptanliegen f\u00fcr die Lieferung von Steroiden weltweit. Unser diskreter Versand garantiert, dass niemand sonst wei\u00df, dass Sie kaufen Sie Steroide online.<\/p>\n<h2>Mehr Clenbuterol 40 Vermodje Informationen<\/h2>\n<p><strong>Details: <\/strong><\/p>\n<h2>Buy Clenbuterol<\/h2>\n<p><b>100 Tabletten mit jeweils 40 mcg Clenbuterol hydrochloride<\/b><\/p>\n<p><strong>Drug-Klasse: Orale Beta-2-symphatonimetric, thermalgenic<\/strong><br \/>\n<strong> Empfohlene Durchschnittliche Dosierung: Zwischen 100 und 140mcg pro Tag f\u00fcr M\u00e4nner und zwischen 80 und 100mcg pro Tag f\u00fcr Frauen<\/strong><br \/>\n<strong> Active life: Maximal 68 Stunden<\/strong><br \/>\n<strong> Wasser retention: Nein<\/strong><br \/>\n<strong> Toxische Leber: Nicht bekannt<\/strong><br \/>\n<strong> Aromatisierung: Nein<\/strong><br \/>\n<strong> Es ist sehr thermogenic<\/strong><\/p>\n<blockquote><p><a href=\"http:\/\/getanabolics.biz\/de\/produkt\/clenbuterol-40-100-tabs-each-40-mcg-clenbuterol-hydrochloride\/\">Clenbuterol<\/a> ist ein Bronchodilatator und ist der popul\u00e4re name f\u00fcr Clenbuterol-Hydrochlorid. Es wurde urspr\u00fcnglich zur Behandlung von chronischem asthma und anderen \u00e4hnlichen Bedingungen. Jedoch, was macht Sie attraktiv f\u00fcr Sportler und Bodybuilder ist, seine Wirksamkeit Fett zu verbrennen. Es ist in der Lage, die Erh\u00f6hung der metabolischen Aktivit\u00e4t und K\u00f6rperfett zu verbrennen sehr effektiv, da es stimuliert die Beta-2-Rezeptoren. Auch dies steigert die zellulare W\u00e4rme, da die W\u00e4rme-Produktion in den Zellen wird erh\u00f6ht, was wiederum erh\u00f6ht die gesamte K\u00f6rpertemperatur und die Geschwindigkeit, mit der Fett verbrannt wird. <a href=\"http:\/\/getanabolics.biz\/de\/produkt\/clenbuterol-40-50-tabs-each-40-mcg-clenbuterol-hydrochloride-2\/\">Clenbuterol <\/a>ist auch bekannt, um den Appetit zu unterdr\u00fccken, die unter einigen Benutzern.<\/p><\/blockquote>\n<p><strong>Menschen, die beginnen wollen, die Verwendung von Clenbuterol<\/strong>, muss Bedenken, dass es nicht ein steroid in irgendeiner Weise, obwohl es ahmt einige steroidale Eigenschaften. In der Tat, Clenbuterol ahmt die Wirkung von adrenalin und noradrenalin im menschlichen K\u00f6rper. <strong>Benutzer, die nicht vertraut sind mit anderen<\/strong> thermogenics wie Koffein und Ephedrin, sollten Sie nicht verwenden <strong>Clenbuterol<\/strong>. Empfohlene Dosierung f\u00fcr eine gute Fettverbrennung und einen sp\u00fcrbaren Muskelaufbau ist 100-140mcg pro Tag f\u00fcr M\u00e4nner, die betr\u00e4gt 5-7 Tabletten t\u00e4glich. F\u00fcr Frauen, die die empfohlene Dosierung liegt bei 80-100mcg pro Tag 4-5 Tabletten.<\/p>\n<p><em>Es gibt zwei M\u00f6glichkeiten der Verwendung von <a href=\"http:\/\/getanabolics.biz\/de\/produkt\/clenbuterol-60-50-tabs-each-60-mcg-clenbuterol-hydrochloride\/\">Clenbuterol<\/a>. Die 2 Wochen on und 2 Wochen off ist der beliebteste Weg, um dieses Medikament verwenden. Hier beginnen Sie mit einer niedrigen Dosis und erh\u00f6hen Sie die Dosis alle 2 bis 3 Tage. Sobald der K\u00f6rper gew\u00f6hnt sich an die Droge, die Benutzer einzustellen f\u00fcr zwei Wochen. Nach zwei Wochen, die Benutzer beginnen, die das Medikament auf einem Niveau in der N\u00e4he, wo Sie aufgeh\u00f6rt letzten Zeit. <strong>Der andere Weg ist der stetige Einsatz<\/strong>, wo der Benutzer mit einer niedrigen Dosis beginnen und schrittweise Erh\u00f6hung der Dosierung.<\/em><\/p>\n<p><em><strong>Clenbuterol<\/strong> verbessert die metabolische Aktivit\u00e4t und Herz-Kreislauf-Aktivit\u00e4t stark. Es erh\u00f6ht auch die Muskelmasse sehr effektiv. Diese Muskelaufbau-Effekt wird hervorgerufen durch eine erh\u00f6hte protein-Synthese im K\u00f6rper. <strong>Jedoch, aufgrund seiner leistungsstarken<\/strong> stimulierende Wirkung Nebenwirkungen wie Schlaflosigkeit und erleben ein sehr nerv\u00f6ses Gef\u00fchl ist \u00fcblich, wenn gro\u00dfe Dosen genommen werden. Es ist auch bekannt, um Kr\u00e4mpfe bei einigen Benutzern. Eine extreme Nebenwirkung von <strong>Clenbuterol<\/strong> ist herzhypertrophie, wo die Herzkammern werden gr\u00f6\u00dfer. Dies tritt jedoch nur auf, wenn die Dosen sind gro\u00df. Wie bei anderen fat burning remedies, <strong>Clenbuterol<\/strong> sollte nicht verwendet werden f\u00fcr lange Zeitr\u00e4ume.<\/em><\/p>\n<h3>Weiterlesen<\/h3>\n<p><a href=\"http:\/\/getanabolics.biz\/de\/cytomel-t3-rezensionen-zu-getanabolics-biz\/\">CYTOMEL T3 BEWERTUNGEN AUF GETANABOLICS.BIZ<\/a><\/p>\n<p><a href=\"http:\/\/getanabolics.biz\/de\/genotropin-review-auf-getanabolics-biz\/\">GENOTROPIN REVIEW AUF GETANABOLICS.BIZ<\/a><\/p>\n<p><a href=\"http:\/\/getanabolics.biz\/de\/bodybuilding-und-steroide\/\">BODYBUILDING UND STEROIDS<\/a><\/p>\n<p><a href=\"http:\/\/getanabolics.biz\/de\/sollte-die-dauer-des-steroid-kurses-sein\/\">Was sollte die Dauer des STEROIDS-Kurses sein?<\/a><\/p>\n<p><a href=\"http:\/\/getanabolics.biz\/de\/sammeln-sie-eine-trockene-masse-ohne-nebenwirkungen\/\">EINE TROCKENMASSE OHNE NEBENWIRKUNGEN AUFNEHMEN<\/a><\/p>\n","protected":false},"excerpt":{"rendered":"<p>Paket: 100 Tabletten mit jeweils 40 mcg Clenbuterol hydrochloride<br \/>Hersteller: Vermodje<br \/>Marke: Clenbuterol 40<br \/>Weithin bekannt: Clenbuterol-Ver<\/p>\n","protected":false},"featured_media":611,"comment_status":"open","ping_status":"closed","template":"","meta":[],"product_cat":[128,110],"product_tag":[50],"_links":{"self":[{"href":"https:\/\/getanabolics.biz\/de\/wp-json\/wp\/v2\/product\/982"}],"collection":[{"href":"https:\/\/getanabolics.biz\/de\/wp-json\/wp\/v2\/product"}],"about":[{"href":"https:\/\/getanabolics.biz\/de\/wp-json\/wp\/v2\/types\/product"}],"replies":[{"embeddable":true,"href":"https:\/\/getanabolics.biz\/de\/wp-json\/wp\/v2\/comments?post=982"}],"wp:featuredmedia":[{"embeddable":true,"href":"https:\/\/getanabolics.biz\/de\/wp-json\/wp\/v2\/media\/611"}],"wp:attachment":[{"href":"https:\/\/getanabolics.biz\/de\/wp-json\/wp\/v2\/media?parent=982"}],"wp:term":[{"taxonomy":"product_cat","embeddable":true,"href":"https:\/\/getanabolics.biz\/de\/wp-json\/wp\/v2\/product_cat?post=982"},{"taxonomy":"product_tag","embeddable":true,"href":"https:\/\/getanabolics.biz\/de\/wp-json\/wp\/v2\/product_tag?post=982"}],"curies":[{"name":"wp","href":"https:\/\/api.w.org\/{rel}","templated":true}]}}