{"id":980,"date":"2017-04-27T10:33:38","date_gmt":"2017-04-27T12:12:15","guid":{"rendered":"http:\/\/getanabolics.biz\/product\/anavar-50-tabs-x-10-mg-gesamt-500-mg-oxandrolone-kaufen-2\/"},"modified":"2018-01-19T06:43:42","modified_gmt":"2018-01-19T06:43:42","slug":"anavar-50-tabs-x-10mg-total-500mg-oxandrolone-4","status":"publish","type":"product","link":"https:\/\/getanabolics.biz\/de\/produkt\/anavar-50-tabs-x-10mg-total-500mg-oxandrolone-4\/","title":{"rendered":"Anavar &#8211; Vermodje"},"content":{"rendered":"<h2>Anavar kaufen &#8211; Vermodje (Oxaver)<\/h2>\n<p><a title=\"Buy Anavar at GetAnabolics\"><img src=\"http:\/\/getanabolics.biz\/images\/oxavar-10-50-unigen.jpg\" width=\"30%\" align=\"right\" \/><\/a><br \/>\nF\u00fcr diejenigen, die sucht, Anavar und Fragen sich, wo zu kaufen Anavar von Vermodje zur rechtlichen wir bieten Oxaver als die <strong>beste Wahl f\u00fcr echte Bodybuilder<\/strong>.<br \/>\nVon nun an eine <strong>gro\u00dfe Vielzahl von injizierbaren Steroide als auch orale Steroide<\/strong> und post-Zyklus-Therapie von Vermodje kann gekauft werden <b>GetAnabolics<\/b>. Wir freuen uns, die Einf\u00fchrung der neuen Anavar von <span style=\"font-weight: bold;\">Vermodje<\/span>.<br \/>\n<em>Alle Produkte, die wir zu bieten haben, sind aus authentischen, qualitativ hochwertige verbindungen und haben ein einziges Ziel: Menschen zu helfen, zu gewinnen Muskelmasse, die Allgemeine St\u00e4rke, Fett zu verbrennen und Ihnen helfen, auf dem Weg zu k\u00f6rperlicher Perfektion. Um eine Konstruktive und zivilisierte Verbindung mit unseren Kunden stellen wir maximale Anstrengungen zur Sicherung einer hohen service-Qualit\u00e4t und n\u00e4hert sich jede person, die Adresse zu unserem Online-Shop mit H\u00f6flichkeit und Respekt.<\/em><br \/>\nDen Aufbau und die Erhaltung einer wundersch\u00f6nen K\u00f6rpers erfordert eine Kombination von Methoden. Eine richtige Ern\u00e4hrung kommt zuerst in der Liste der wichtigen Bestandteile die der K\u00f6rper ben\u00f6tigt. Zweitens, stellen Sie sicher, dass Sie immer kaufen und verwenden Sie rechtlichen Steroide online nicht nur zu vermeiden, in Konflikt mit dem Gesetz, aber noch wichtiger ist, zur Vermeidung von gesundheitlichen Komplikationen.<br \/>\n<span style=\"font-weight: bold;\">GetAnabolics.Biz<\/span> ist die online-steroid Lieferanten speziell erstellt und widmet sich jeder athlet und bodybuilder mit der <strong>besten anabole Steroide zu erm\u00e4\u00dfigten Preisen<\/strong>. Wir haben uns entschieden, zuverl\u00e4ssigsten Marken zusammenarbeiten, um sicherzustellen, sicher, echt und top-notch-Steroide f\u00fcr unsere Kunden.<br \/>\nVersand Steroide sehr sicher ist das Hauptanliegen f\u00fcr die Lieferung von Steroiden weltweit. Unser diskreter Versand garantiert, dass niemand sonst wei\u00df, dass Sie kaufen Sie Steroide online.<\/p>\n<h2>Mehr Anavar Vermodje Informationen<\/h2>\n<p><b>50 Tabs x 10 mg Gesamt 500 mg Oxandrolone<\/b><\/p>\n<p><strong>Drug-Klasse: Oral Androgene Steroid\/Anabolika<\/strong><br \/>\n<strong> Empfohlene Durchschnittliche Dosierung: Zwischen 20 und 50 mg\/Tag f\u00fcr M\u00e4nner und zwischen 5 und 15 mg\/Tag f\u00fcr Frauen<\/strong><br \/>\n<strong> Aktives Leben: Zwischen 8 und 12 Stunden<\/strong><br \/>\n<strong> Wasser retention: Selten<\/strong><br \/>\n<strong> Toxische Leber: ja, aber zwischen niedrig bis Mittel.<\/strong><br \/>\n<strong> Verringert HPTA Funktion: Abh\u00e4ngig von der Dosierung<\/strong><br \/>\n<strong> DTH-Umwandlung: Niedrig<\/strong><\/p>\n<blockquote><p>Oxandrolone <a href=\"http:\/\/getanabolics.biz\/de\/produkt\/anavar-50-tabs-x-10mg-total-500mg-oxandrolone-3\/\">Anavar <\/a>oder zuerst entwickelt wurde 1964 von Searle Laboratorien zur Bek\u00e4mpfung und Behandlung von Bedingungen wie schnellen Gewichtsverlust und Muskelschwund, wie viele andere anabole Steroide. Im Vergleich zu anderen anabolen Steroide Anavar gilt als die sicherste f\u00fcr den Einsatz f\u00fcr M\u00e4nner und Frauen und Ihre ganz ausgiebig von Athleten.<\/p><\/blockquote>\n<p><strong>Als Anavar ist eine der milderen anabole Steroide,<\/strong> M\u00e4nner haben in der Regel zu erheblich gro\u00dfen Dosen, um zu sehen, sp\u00fcrbare Vorteile. Die empfohlene Dosierung f\u00fcr M\u00e4nner ist 50 mg pro Tag. Kann die Dosierung auch erh\u00f6ht werden, um die 80mg pro Tag sicher von m\u00e4nnlichen Athleten. Frauen sind empfindlicher auf die anabolen Steroide, ist die empfohlene Dosierung f\u00fcr Frauen ist 10 mg pro Tag mit 20mg von Anavar pro Tag ist die Obergrenze f\u00fcr Frauen. Anavar kann auch verwendet werden, f\u00fcr eine l\u00e4ngere Zeit als andere anabole Steroide, und beide M\u00e4nner und Frauen k\u00f6nnen verwenden Anavar f\u00fcr bis zu 8 Wochen.<\/p>\n<p><a href=\"http:\/\/getanabolics.biz\/de\/produkt\/anavar-100-tabs-x-50mg-total-5000mg-oxandrolone\/\">Anavar <\/a>wird nicht dazu genutzt werden, um f\u00fcr eine \u00fcberm\u00e4\u00dfige und schnelle Wachstum der <strong>Muskelmasse<\/strong>. Es ist eine milde anabole Steroide, die verwendet werden soll als eine leistungssteigernde Droge. Anavar ist sehr beliebt, weil es kann Ergebnis in eine Zunahme in der Festk\u00f6rper-und Muskelgewebe. Dieses steroid hat eine gro\u00dfe Muskelmasse erhalten Eigenschaften und bewahren k\u00f6nnen Muskel-Gewebe-w\u00e4hrend die Verringerung der K\u00f6rper Fett ein, auch in einer kalorienreduzierten Di\u00e4t. Als Muskel-Gewebe bewahrt wird, und nimmt im Vergleich mit dem K\u00f6rperfett, metabolische Aktivit\u00e4t erh\u00f6ht, die weiter erh\u00f6ht die rate, mit <strong>der Fett verbrannt und genutzt werden.<\/strong><\/p>\n<p><em>Es gibt jedoch einige Nebenwirkungen mit Anavar wie bei allen anderen anabolen Steroiden.<a href=\"http:\/\/getanabolics.biz\/de\/cytomel-t3-rezensionen-zu-getanabolics-biz\/\"> Wie es ist ein orales steroid,<\/a> es ist ein C17-alpha-alkyliert Medikation, der es ihm erm\u00f6glicht, zu \u00fcberleben, w\u00e4hrend es in die Blutbahn. Dies ist der Grund, warum es kann auch giftig f\u00fcr die Leber aber wie das steroid ist so mild, die Funktion der Leber zu sein scheint unber\u00fchrt, die meisten Benutzer. Hohe Dosen von Anavar kann dazu f\u00fchren, Akne und viele \u00f6strogen-\u00e4hnliche Nebenwirkungen. Da das Medikament nicht aromatisieren, ist die Gyn\u00e4komastie nicht ein Nebeneffekt. Es kann dazu f\u00fchren, \u00fcberm\u00e4\u00dfige Gesichts-und K\u00f6rperbehaarung Wachstum, die Vertiefung der Stimme und Vergr\u00f6\u00dferung der Klitoris bei Frauen. In niedrigen Dosen, allerdings Anavar hat sehr wenig bis gar keine Nebenwirkungen.<\/em><\/p>\n<h3>Weiterlesen<\/h3>\n<p><a href=\"http:\/\/getanabolics.biz\/de\/anavar-wie-dieses-steroid-verwenden\/\">ANAVAR | WIE BENUTZT MAN DIESEN STEROID?<\/a><\/p>\n<p><a href=\"http:\/\/getanabolics.biz\/de\/merkmale-von-kurzen-kursen-von-steroiden\/\">EIGENSCHAFTEN DER KURZEN STEROIDKURSE<\/a><\/p>\n<p><a href=\"http:\/\/getanabolics.biz\/de\/sind-die-arten-von-anabolen-steroiden\/\">Was sind die Arten von anabolen Steroiden?<\/a><\/p>\n<p><a href=\"http:\/\/getanabolics.biz\/de\/kreatin-auf-einem-kurs-von-steroiden\/\">Kreatin auf einem Kurs von Steroiden<\/a><\/p>\n<p><a href=\"http:\/\/getanabolics.biz\/de\/steroide-und-lebenserwartung\/\">STEROIDE UND LEBENSERWARTUNG<\/a><\/p>\n","protected":false},"excerpt":{"rendered":"<p>Paket: 50 Tabs x 10 mg Gesamt 500 mg Oxandrolone<br \/>Hersteller: Vermodje<br \/>Marke: Anavar<br \/>Weithin bekannt: Oxaver<\/p>\n","protected":false},"featured_media":599,"comment_status":"open","ping_status":"closed","template":"","meta":[],"product_cat":[128,110],"product_tag":[50],"_links":{"self":[{"href":"https:\/\/getanabolics.biz\/de\/wp-json\/wp\/v2\/product\/980"}],"collection":[{"href":"https:\/\/getanabolics.biz\/de\/wp-json\/wp\/v2\/product"}],"about":[{"href":"https:\/\/getanabolics.biz\/de\/wp-json\/wp\/v2\/types\/product"}],"replies":[{"embeddable":true,"href":"https:\/\/getanabolics.biz\/de\/wp-json\/wp\/v2\/comments?post=980"}],"wp:featuredmedia":[{"embeddable":true,"href":"https:\/\/getanabolics.biz\/de\/wp-json\/wp\/v2\/media\/599"}],"wp:attachment":[{"href":"https:\/\/getanabolics.biz\/de\/wp-json\/wp\/v2\/media?parent=980"}],"wp:term":[{"taxonomy":"product_cat","embeddable":true,"href":"https:\/\/getanabolics.biz\/de\/wp-json\/wp\/v2\/product_cat?post=980"},{"taxonomy":"product_tag","embeddable":true,"href":"https:\/\/getanabolics.biz\/de\/wp-json\/wp\/v2\/product_tag?post=980"}],"curies":[{"name":"wp","href":"https:\/\/api.w.org\/{rel}","templated":true}]}}