{"id":978,"date":"2017-04-27T10:32:35","date_gmt":"2017-04-27T12:12:15","guid":{"rendered":"http:\/\/getanabolics.biz\/product\/trenbolone-enanthate-10-ml-flaschchen-mit-jeweils-1-ml-enthalt-200-mg-trenbolon-enanthate-kaufen\/"},"modified":"2018-01-19T07:17:23","modified_gmt":"2018-01-19T07:17:23","slug":"trenbolone-enanthate-10-ml-vial-each-1-ml-contains-200-mg-trenbolone-enanthate","status":"publish","type":"product","link":"https:\/\/getanabolics.biz\/de\/produkt\/trenbolone-enanthate-10-ml-vial-each-1-ml-contains-200-mg-trenbolone-enanthate\/","title":{"rendered":"Trenbolone Enanthate &#8211; British Dragon"},"content":{"rendered":"<h2>Trenbolone Enanthate kaufen &#8211; British Dragon (Trenabol- E)<\/h2>\n<p><a title=\"Buy Trenbolone Enanthate at GetAnabolics\"><img src=\"http:\/\/getanabolics.biz\/images\/tren-e-200-10-lapharma.jpg\" width=\"30%\" align=\"right\" \/><\/a><br \/>\nF\u00fcr diejenigen, die sucht, Trenbolone Enanthate und Fragen sich, wo zu kaufen Trenbolone Enanthate von British Dragon zur rechtlichen wir bieten Trenabol- E als die <strong>beste Wahl f\u00fcr echte Bodybuilder<\/strong>.<br \/>\nVon nun an eine <strong>gro\u00dfe Vielzahl von injizierbaren Steroide als auch orale Steroide<\/strong> und post-Zyklus-Therapie von British Dragon kann gekauft werden <b>GetAnabolics<\/b>. Wir freuen uns, die Einf\u00fchrung der neuen Trenbolone Enanthate von <span style=\"font-weight: bold;\">British Dragon<\/span>.<br \/>\nAlle Produkte, die wir zu bieten haben, sind aus authentischen, qualitativ hochwertige verbindungen und haben ein einziges Ziel: Menschen zu helfen, zu gewinnen Muskelmasse, die Allgemeine St\u00e4rke, Fett zu verbrennen und Ihnen helfen, auf dem Weg zu k\u00f6rperlicher Perfektion. Um eine Konstruktive und zivilisierte Verbindung mit unseren Kunden stellen wir maximale Anstrengungen zur Sicherung einer hohen service-Qualit\u00e4t und n\u00e4hert sich jede person, die Adresse zu unserem Online-Shop mit H\u00f6flichkeit und Respekt.<br \/>\nDen Aufbau und die Erhaltung einer wundersch\u00f6nen K\u00f6rpers erfordert eine Kombination von Methoden. Eine richtige Ern\u00e4hrung kommt zuerst in der Liste der wichtigen Bestandteile die der K\u00f6rper ben\u00f6tigt. Zweitens, stellen Sie sicher, dass Sie immer kaufen und verwenden Sie rechtlichen Steroide online nicht nur zu vermeiden, in Konflikt mit dem Gesetz, aber noch wichtiger ist, zur Vermeidung von gesundheitlichen Komplikationen.<br \/>\n<span style=\"font-weight: bold;\">GetAnabolics.Biz<\/span> ist die online-steroid Lieferanten speziell erstellt und widmet sich jeder athlet und bodybuilder mit der <strong>besten anabole Steroide zu erm\u00e4\u00dfigten Preisen<\/strong>. Wir haben uns entschieden, zuverl\u00e4ssigsten Marken zusammenarbeiten, um sicherzustellen, sicher, echt und top-notch-Steroide f\u00fcr unsere Kunden.<br \/>\nVersand Steroide sehr sicher ist das Hauptanliegen f\u00fcr die Lieferung von Steroiden weltweit. Unser diskreter Versand garantiert, dass niemand sonst wei\u00df, dass Sie kaufen Sie Steroide online.<\/p>\n<h2>Mehr Trenbolone Enanthate British Dragon Informationen<\/h2>\n<p><b>10-ml-Fl\u00e4schchen mit jeweils 1 ml enth\u00e4lt 200 mg Trenbolon Enanthate<\/b><\/p>\n<p><strong>Drogen-Klasse: Injizierbare Androgene und anabole Steroide.<\/strong><br \/>\n<strong> Empfohlene Durchschnittliche Dosierung: Zwischen 400 und 600mg pro Woche f\u00fcr M\u00e4nner<\/strong><br \/>\n<strong> Active life: Etwa eine Woche<\/strong><br \/>\n<strong> Wasser retention: Nein<\/strong><br \/>\n<strong> Toxische Leber: ja.<\/strong><br \/>\n<strong> Verringert HPTA Funktion: ja<\/strong><br \/>\n<strong> DTH-Konvertierung: Nein<\/strong><br \/>\n<strong> Aromatisierung: Nein<\/strong><\/p>\n<p><a href=\"http:\/\/getanabolics.biz\/de\/produkt\/trenbolone-enanthate-10-ml-vial-each-1-ml-contains-200-mg-trenbolone-enanthate\/\">Trenbolon Enanthate<\/a> ist die injizierbare form des Hormons Trenbolon, die zuerst erstellt wurde, in den sp\u00e4ten 1960er Jahren. Obwohl Trenbolon Acetat ist viel popul\u00e4rer als das Enanthat Pendant, Trenbolon Enanthate ist langsam an Popularit\u00e4t gewinnt unter den Athleten und Bodybuilder. Jedoch Trenbolon Enanthate ist nicht eine kommerziell erh\u00e4ltliche Substanz, die von gro\u00dfen pharmazeutischen Unternehmen, und es eine U-Medikament noch verwendet, vor allem f\u00fcr veterin\u00e4rmedizinische Zwecke.<\/p>\n<p><em>Obwohl die Acetat-version dieses Hormon ist sehr stark und wirksam, es hat eine kurze aktive Leben. Durch hinzuf\u00fcgen von ein enanthate ester, die Halbwertszeit der Steroide erh\u00f6ht werden kann, um etwa eine Woche, die bedeutet, dass Benutzer nicht haben, um so viele Injektionen. Beim Vergleich von Milligramm zu Milligramm, Trenbolon Acetat ist st\u00e4rker als Trenbolone Enanthate als Enanthate-Komponente ist viel gr\u00f6\u00dfer, aber die Wirkungen von Trenbolon Enanthate l\u00e4nger. Die empfohlene Dosierung von <a href=\"http:\/\/getanabolics.biz\/de\/grosse-ergebnisse-aus-dem-besten-trenbolon-acetat\/\">Trenbolon Enanthate<\/a> ist gr\u00f6\u00dfer als die Acetat-version. Athleten und Bodybuilder verwenden etwa 400 bis 600 mg pro Woche. Jedoch m\u00fcssen Frauen nicht verwenden dieses steroid aufgrund seiner hohen androgenen Eigenschaften.<\/em><\/p>\n<p><strong>Wie die Acetat-version, Trenbolon Enanthate erh\u00f6ht die stickstoffspeicherung in der Muskulatur und die Proteinsynthese. Benutzer k\u00f6nnen erh\u00f6hen Sie Ihre Muskelmasse und die Qualit\u00e4t des Muskelgewebes deutlich. Wie f\u00f6rdert es die Produktion von IGF-1 im K\u00f6rper, es erlaubt auch Benutzern, Verbesserung der Kraft, Ausdauer und Knochendichte und St\u00e4rke, und erh\u00f6hen auch Knorpel -, Bindegewebs-und Nervenzellen. Dies bedeutet auch, dass die Benutzer erleben, bessere Heilung von Muskel -, Knochen-und Bindegewebe, die mit der Verwendung dieses steroid. Da es nicht aromatize, es hat keine \u00f6strogen-\u00e4hnliche Nebenwirkungen wie Gyn\u00e4komastie und Wassereinlagerungen.<\/strong><\/p>\n<p><a href=\"http:\/\/getanabolics.biz\/de\/deca-durabolin-nebenwirkungen\/\">Trenlobone auch Anleihen mit androgen-Rezeptoren sehr stark,<\/a> wodurch eine verbesserte Muskel-Wachstum, das wiederum verbessert die Stoffwechselrate und die Fettverbrennung. Es verhindert auch, dass Muskel-Verschwendung und bewahrt Muskel-Masse, wenn sich der Nutzer auf kalorienreduzierten Di\u00e4ten.<\/p>\n<p><em>Allerdings gibt es durchaus ein paar Nebenwirkungen von Trenbolon Enanthate. Hodenatrophie ist garantiert Anwender. Es verursacht auch fettige Haut, Akne, aggressives Verhalten und andere Androgene Nebenwirkungen. Es kann sich auf Leber-und Nierenfunktion. Sowohl Acetat und Enantat Versionen von Trenbolon kann zu schweren Haarausfall im Vergleich zu anderen anabolen Steroiden und Sie m\u00fcssen nicht verwendet werden, die durch die leiden von m\u00e4nnlichen Haarausfall.<\/em><\/p>\n<h3>Weiterlesen<\/h3>\n<p><a href=\"http:\/\/getanabolics.biz\/de\/grosse-ergebnisse-aus-dem-besten-trenbolon-acetat\/\">GROSSE ERGEBNISSE AUS DEM BESTEN TRENBOLONACETAT<\/a><\/p>\n<p><a href=\"http:\/\/getanabolics.biz\/de\/alles-sie-ueber-anadrol-wissen\/\">ALLES, WAS SIE \u00dcBER ANADROL WISSEN M\u00dcSSEN<\/a><\/p>\n<p><a href=\"http:\/\/getanabolics.biz\/de\/die-wirkung-von-steroiden-auf-die-menschliche-haut\/\">Die Wirkung von Steroiden auf die menschliche Haut<\/a><\/p>\n<p><a href=\"http:\/\/getanabolics.biz\/de\/sammeln-sie-eine-trockene-masse-ohne-nebenwirkungen\/\">EINE TROCKENMASSE OHNE NEBENWIRKUNGEN AUFNEHMEN<\/a><\/p>\n<p><a href=\"http:\/\/getanabolics.biz\/de\/sollte-die-dauer-des-steroid-kurses-sein\/\">Was sollte die Dauer des STEROIDS-Kurses sein?<\/a><\/p>\n","protected":false},"excerpt":{"rendered":"<p>Paket: 10-ml-Fl\u00e4schchen mit jeweils 1 ml enth\u00e4lt 200 mg Trenbolon Enanthate<br \/>Hersteller: British Dragon<br \/>Marke: Trenbolone Enanthate<br \/>Weithin bekannt: Trenabol- E<\/p>\n","protected":false},"featured_media":443,"comment_status":"open","ping_status":"closed","template":"","meta":[],"product_cat":[118,105],"product_tag":[58],"_links":{"self":[{"href":"https:\/\/getanabolics.biz\/de\/wp-json\/wp\/v2\/product\/978"}],"collection":[{"href":"https:\/\/getanabolics.biz\/de\/wp-json\/wp\/v2\/product"}],"about":[{"href":"https:\/\/getanabolics.biz\/de\/wp-json\/wp\/v2\/types\/product"}],"replies":[{"embeddable":true,"href":"https:\/\/getanabolics.biz\/de\/wp-json\/wp\/v2\/comments?post=978"}],"wp:featuredmedia":[{"embeddable":true,"href":"https:\/\/getanabolics.biz\/de\/wp-json\/wp\/v2\/media\/443"}],"wp:attachment":[{"href":"https:\/\/getanabolics.biz\/de\/wp-json\/wp\/v2\/media?parent=978"}],"wp:term":[{"taxonomy":"product_cat","embeddable":true,"href":"https:\/\/getanabolics.biz\/de\/wp-json\/wp\/v2\/product_cat?post=978"},{"taxonomy":"product_tag","embeddable":true,"href":"https:\/\/getanabolics.biz\/de\/wp-json\/wp\/v2\/product_tag?post=978"}],"curies":[{"name":"wp","href":"https:\/\/api.w.org\/{rel}","templated":true}]}}