{"id":976,"date":"2017-04-27T10:32:35","date_gmt":"2017-04-27T12:12:15","guid":{"rendered":"http:\/\/getanabolics.biz\/product\/deca-300-box-mit-10-ampullen-von-1-ml-300mg-ml-insgesamt-3000-mg-nandrolon-decaonate-kaufen\/"},"modified":"2018-01-19T10:40:45","modified_gmt":"2018-01-19T10:40:45","slug":"deca-300-box-of-10-ampoules-of-1ml-300mg-ml-total-3000mg-nandrolone-decaonate","status":"publish","type":"product","link":"https:\/\/getanabolics.biz\/de\/produkt\/deca-300-box-of-10-ampoules-of-1ml-300mg-ml-total-3000mg-nandrolone-decaonate\/","title":{"rendered":"Deca 300 &#8211; Dragon Pharma"},"content":{"rendered":"<h2>Deca 300 kaufen &#8211; Dragon Pharma (Deca 300)<\/h2>\n<p><a title=\"Buy Deca 300 at GetAnabolics\"><img src=\"http:\/\/getanabolics.biz\/images\/duradexx.jpg\" width=\"30%\" align=\"right\" \/><\/a><br \/>\nF\u00fcr diejenigen, die sucht, Deca 300 und Fragen sich, wo zu kaufen Deca 300 von Dragon Pharma zur rechtlichen wir bieten Deca 300 als die <strong>beste Wahl f\u00fcr echte Bodybuilder<\/strong>.<br \/>\nVon nun an eine <strong>gro\u00dfe Vielzahl von injizierbaren Steroide als auch orale Steroide<\/strong> und post-Zyklus-Therapie von Dragon Pharma kann gekauft werden <b>GetAnabolics<\/b>. Wir freuen uns, die Einf\u00fchrung der neuen Deca 300 von <span style=\"font-weight: bold;\">Dragon Pharma<\/span>.<br \/>\n<em>Alle Produkte, die wir zu bieten haben, sind aus authentischen, qualitativ hochwertige verbindungen und haben ein einziges Ziel: Menschen zu helfen, zu gewinnen Muskelmasse, die Allgemeine St\u00e4rke, Fett zu verbrennen und Ihnen helfen, auf dem Weg zu k\u00f6rperlicher Perfektion. Um eine Konstruktive und zivilisierte Verbindung mit unseren Kunden stellen wir maximale Anstrengungen zur Sicherung einer hohen service-Qualit\u00e4t und n\u00e4hert sich jede person, die Adresse zu unserem Online-Shop mit H\u00f6flichkeit und Respekt.<\/em><br \/>\nDen Aufbau und die Erhaltung einer wundersch\u00f6nen K\u00f6rpers erfordert eine Kombination von Methoden. Eine richtige Ern\u00e4hrung kommt zuerst in der Liste der wichtigen Bestandteile die der K\u00f6rper ben\u00f6tigt. Zweitens, stellen Sie sicher, dass Sie immer kaufen und verwenden Sie rechtlichen Steroide online nicht nur zu vermeiden, in Konflikt mit dem Gesetz, aber noch wichtiger ist, zur Vermeidung von gesundheitlichen Komplikationen.<br \/>\n<span style=\"font-weight: bold;\">GetAnabolics.Biz<\/span> ist die online-steroid Lieferanten speziell erstellt und widmet sich jeder athlet und bodybuilder mit der <strong>besten anabole Steroide zu erm\u00e4\u00dfigten Preisen<\/strong>. Wir haben uns entschieden, zuverl\u00e4ssigsten Marken zusammenarbeiten, um sicherzustellen, sicher, echt und top-notch-Steroide f\u00fcr unsere Kunden.<br \/>\n<strong>Versand Steroide sehr sicher ist das Hauptanliegen f\u00fcr die Lieferung von Steroiden weltweit. Unser diskreter Versand garantiert, dass niemand sonst wei\u00df, dass Sie kaufen Sie Steroide online.<\/strong><\/p>\n<h2>Mehr Deca 300 Dragon Pharma Informationen<\/h2>\n<p><b>Packung mit 10 Ampullen von 1 ml, 300mg \/ ml. Insgesamt 3000 mg Nandrolon Decaonate<br \/>\n<\/b><br \/>\n<strong>Drogen-Klasse: Injizierbare Androgene\/Anabole steroid<\/strong><br \/>\n<strong> Empfohlene Durchschnittliche Dosierung: Zwischen 300 und 800 mg pro Woche f\u00fcr M\u00e4nner und zwischen 50 und 100 mg pro Woche f\u00fcr Frauen verwendet.<\/strong><br \/>\n<strong> Aktives Leben: Zwischen 14 und 16 Tagen<\/strong><br \/>\n<strong> Water retention: ja<\/strong><br \/>\n<strong> Toxische Leber: Keine<\/strong><br \/>\n<strong> Verringert HPTA Funktion: Sehr hoch<\/strong><br \/>\n<strong> DTH-Konvertierung: Nein<\/strong><\/p>\n<p><em>Deca Deca-Durabolin oder wie es im Volksmund bekannt ist die beliebtesten steroid und wurde so f\u00fcr viele Jahre. Die Substanz ist Nandrolon Decanoat, gefertigt und vermarktet unter dem Markennamen Deca-Durabolin von Pharma-Unternehmen Organon. Dieses Produkt wurde seit 1962 und ist bekannt und verwendet ausgiebig f\u00fcr die starke anabole steroidale Eigenschaften. Deca Durabolin ist ein 19-noch anabole Steroide und eng imitiert die Eigenschaften von Testosteron.<\/em><\/p>\n<h1>Kaufen Deca Durabolin<\/h1>\n<p>In den menschlichen K\u00f6rper, Nandrolon ist das Hormon, das verantwortlich f\u00fcr das Wachstum. Durch die Verwendung von Deca Durabolin, die Nutzer sind im wesentlichen die Steigerung der Ebenen von Nandrolon im K\u00f6rper, das f\u00fchrt zu einer erh\u00f6hten Muskel-Wachstum, rote Blutk\u00f6rperchen, Stickstoff-retention und H\u00e4moglobin. Alle diese Effekte sind sehr gesch\u00e4tzt von Bodybuildern und Athleten und Deca Durabolin f\u00f6rdert auch eine schnellere regeneration der besch\u00e4digten Gewebe. Es ist ein sehr starkes steroid, und hat die l\u00e4ngste aktive Leben unter Steroiden. Als Ergebnis, ist es auch eine der langsamsten wirkende Steroide mit Wirkung sichtbar nach 4 Wochen von der Verwaltung der Droge, sondern das bedeutet auch, dass die Effekte kann gesehen werden, lange nachdem das Medikament abgesetzt wird.<\/p>\n<p><em>Deca Durabolin muss injiziert werden, die f\u00fcr mindestens 8 bis 12 Wochen und einige sogar erweitern auf 16 Wochen. Die empfohlene Dosierung f\u00fcr M\u00e4nner ist 300 bis 400mg pro Woche, aber dies kann sein stie\u00df, um \u00fcber 600mg\/Woche unter strenger Aufsicht. Die empfohlene Dosierung f\u00fcr Frauen ist viel niedriger bei 50 bis 100mg\/Woche, wie es ist m\u00e4\u00dfig androgener. <\/em><\/p>\n<p>Neben intensiven Muskel-Wachstum, Deca-Durabolin auch gemeinsame Linderung der Auswirkungen. Auch in kleinen Dosen f\u00fcr gemeinsame relief-Zwecken, es kann dazu f\u00fchren, ein au\u00dferordentliches Wachstum in Muskel und St\u00e4rke. Denn es erh\u00f6ht die Stickstoff-Aufbewahrung in den Muskeln, Zunahme der Muskelmasse tritt auf, mit einem Anstieg der Kollagen-Synthese f\u00fchrt zu enormen aufbauen in Kraft.<\/p>\n<p><strong>Als eine sehr starke anabole steroid, es hat all die negativen Nebenwirkungen von Steroid-Hormonen. Testosteron-Unterdr\u00fcckung, ist viel gr\u00f6\u00dfer, mit Deca Durabolin verwenden als mit anderen anabolen Steroiden. Dies ist der Grund, warum die Testosteron-Erg\u00e4nzungen m\u00fcssen getroffen werden, w\u00e4hrend einer Deca Durabolin Zyklus sonst kann der K\u00f6rper sich v\u00f6llig Testosteron-Mangel. Wasserretention ist ein weiterer Nebeneffekt, aber das ist vergleichsweise geringer als bei anderen anabole Steroide. Wie Deca Durabolin aromatisiert zu einem moderaten Grad, \u00f6strogen bezogene Nebenwirkungen werden produziert.<\/strong><\/p>\n<h3>Weiterlesen<\/h3>\n<p><a href=\"http:\/\/getanabolics.biz\/de\/deca-durabolin-nebenwirkungen\/\">DECA DURABOLIN NEBENWIRKUNGEN<\/a><\/p>\n<p><a href=\"http:\/\/getanabolics.biz\/de\/alles-ueber-proviron-mesterolone\/\">ALLES \u00dcBER PROVIRON (MESTEROLON)<\/a><\/p>\n<p><a href=\"http:\/\/getanabolics.biz\/de\/sollte-die-dauer-des-steroid-kurses-sein\/\">Was sollte die Dauer des STEROIDS-Kurses sein?<\/a><\/p>\n<p><a href=\"http:\/\/getanabolics.biz\/de\/kreatin-auf-einem-kurs-von-steroiden\/\">Kreatin auf einem Kurs von Steroiden<\/a><\/p>\n<p><a href=\"http:\/\/getanabolics.biz\/de\/crossfit-und-steroide\/\">CROSSFIT UND STEROIDE<\/a><\/p>\n","protected":false},"excerpt":{"rendered":"<p>Paket: Box mit 10 Ampullen von 1 ml, 300mg \/ ml. Insgesamt 3000 mg Nandrolon Decaonate<br \/>Hersteller: Dragon Pharma<br \/>Marke: Deca 300<br \/>Weithin bekannt: Deca 300<\/p>\n","protected":false},"featured_media":461,"comment_status":"open","ping_status":"closed","template":"","meta":[],"product_cat":[118,128,105],"product_tag":[59],"_links":{"self":[{"href":"https:\/\/getanabolics.biz\/de\/wp-json\/wp\/v2\/product\/976"}],"collection":[{"href":"https:\/\/getanabolics.biz\/de\/wp-json\/wp\/v2\/product"}],"about":[{"href":"https:\/\/getanabolics.biz\/de\/wp-json\/wp\/v2\/types\/product"}],"replies":[{"embeddable":true,"href":"https:\/\/getanabolics.biz\/de\/wp-json\/wp\/v2\/comments?post=976"}],"wp:featuredmedia":[{"embeddable":true,"href":"https:\/\/getanabolics.biz\/de\/wp-json\/wp\/v2\/media\/461"}],"wp:attachment":[{"href":"https:\/\/getanabolics.biz\/de\/wp-json\/wp\/v2\/media?parent=976"}],"wp:term":[{"taxonomy":"product_cat","embeddable":true,"href":"https:\/\/getanabolics.biz\/de\/wp-json\/wp\/v2\/product_cat?post=976"},{"taxonomy":"product_tag","embeddable":true,"href":"https:\/\/getanabolics.biz\/de\/wp-json\/wp\/v2\/product_tag?post=976"}],"curies":[{"name":"wp","href":"https:\/\/api.w.org\/{rel}","templated":true}]}}