{"id":975,"date":"2017-04-27T10:32:35","date_gmt":"2017-04-27T12:12:15","guid":{"rendered":"http:\/\/getanabolics.biz\/product\/masteron-100-10ml-flaschchen-die-jeweils-1ml-enthalt-100mg-drostanolone-propionate-kaufen\/"},"modified":"2018-01-19T10:21:39","modified_gmt":"2018-01-19T10:21:39","slug":"masteron-100-10ml-vial-each-1ml-contains-100mg-drostanolone-propionate","status":"publish","type":"product","link":"https:\/\/getanabolics.biz\/de\/produkt\/masteron-100-10ml-vial-each-1ml-contains-100mg-drostanolone-propionate\/","title":{"rendered":"Masteron 100 &#8211; Dragon Pharma"},"content":{"rendered":"<h2>Masteron 100 kaufen &#8211; Dragon Pharma (Masteron 100)<\/h2>\n<p><a title=\"Buy Masteron 100 at GetAnabolics\"><img src=\"http:\/\/getanabolics.biz\/images\/masteron-100-10-la.jpg\" width=\"30%\" align=\"right\" \/><\/a><br \/>\nF\u00fcr diejenigen, die sucht, Masteron 100 und Fragen sich, wo zu kaufen Masteron 100 von Dragon Pharma zur rechtlichen wir bieten Masteron 100 als die <strong>beste Wahl f\u00fcr echte Bodybuilder<\/strong>.<br \/>\n<em>Von nun an eine <strong>gro\u00dfe Vielzahl von injizierbaren Steroide als auch orale Steroide<\/strong> und post-Zyklus-Therapie von Dragon Pharma kann gekauft werden <b>GetAnabolics<\/b>. Wir freuen uns, die Einf\u00fchrung der neuen Masteron 100 von <span style=\"font-weight: bold;\">Dragon Pharma<\/span>.<\/em><br \/>\nAlle Produkte, die wir zu bieten haben, sind aus authentischen, qualitativ hochwertige verbindungen und haben ein einziges Ziel: Menschen zu helfen, zu gewinnen Muskelmasse, die Allgemeine St\u00e4rke, Fett zu verbrennen und Ihnen helfen, auf dem Weg zu k\u00f6rperlicher Perfektion. Um eine Konstruktive und zivilisierte Verbindung mit unseren Kunden stellen wir maximale Anstrengungen zur Sicherung einer hohen service-Qualit\u00e4t und n\u00e4hert sich jede person, die Adresse zu unserem Online-Shop mit H\u00f6flichkeit und Respekt.<br \/>\nDen Aufbau und die Erhaltung einer wundersch\u00f6nen K\u00f6rpers erfordert eine Kombination von Methoden. Eine richtige Ern\u00e4hrung kommt zuerst in der Liste der wichtigen Bestandteile die der K\u00f6rper ben\u00f6tigt. Zweitens, stellen Sie sicher, dass Sie immer kaufen und verwenden Sie rechtlichen Steroide online nicht nur zu vermeiden, in Konflikt mit dem Gesetz, aber noch wichtiger ist, zur Vermeidung von gesundheitlichen Komplikationen.<br \/>\n<em><span style=\"font-weight: bold;\">GetAnabolics.Biz<\/span> ist die online-steroid Lieferanten speziell erstellt und widmet sich jeder athlet und bodybuilder mit der <strong>besten anabole Steroide zu erm\u00e4\u00dfigten Preisen<\/strong>. Wir haben uns entschieden, zuverl\u00e4ssigsten Marken zusammenarbeiten, um sicherzustellen, sicher, echt und top-notch-Steroide f\u00fcr unsere Kunden.<\/em><br \/>\nVersand Steroide sehr sicher ist das Hauptanliegen f\u00fcr die Lieferung von Steroiden weltweit. Unser diskreter Versand garantiert, dass niemand sonst wei\u00df, dass Sie kaufen Sie Steroide online.<\/p>\n<h2>Mehr Masteron 100 Dragon Pharma Informationen<\/h2>\n<p><b>10ml-Fl\u00e4schchen, die jeweils 1ml enth\u00e4lt 100 mg Drostanolone Propionat<\/b><\/p>\n<p><strong>Pharmazeutische Name: drostanolone propionate<\/strong><br \/>\n<strong> Chemische Struktur: 2-alpha-methyl-17 beta-hydroxy-5-alpha-androstan-3-one<\/strong><br \/>\n<strong> Molekulargewicht der base und ester: 360.5356<\/strong><br \/>\n<strong> Anabolen\/Androgenen Verh\u00e4ltnis: 62\/25<\/strong><br \/>\n<strong> Active Life: 2-3 Tage<\/strong><\/p>\n<p>Die meisten Menschen, die daran interessiert sind, mit der Verbindung drostanolone sind jene, die suchen, um Muskel-H\u00e4rte und Dichte, um Ihre K\u00f6rperbau, fast immer f\u00fcr den Zweck der bodybuilding-Wettbewerbe. Das Medikament wird als ideal f\u00fcr diese f\u00fcr eine Vielzahl von Gr\u00fcnden.<\/p>\n<p><em>Drostanolone, als 5-alpha-reduziert ist, kann \u00f6strogen bei Interaktion mit der aromatase Enzym dennoch zeigt eine sehr hohe Affinit\u00e4t f\u00fcr die it. Denn es dauert, bis so viel von dem Enzym aromatase, noch wird darauf verzichtet, die tats\u00e4chlich durch Ihre strukturelle make-up, es reduziert die Menge an \u00f6strogen gebildet aus den anderen Steroiden, da gibt es weniger aromatase-Enzyme verwendet werden, durch die verbindungen zu \u00f6strogen bilden, die mit (1). Aber die meisten werden feststellen, dass drostanolone ist zu teuer, zu besch\u00e4ftigen es allein aus diesem Grund, vor allem, wenn verbindungen wie Proviron sind f\u00fcr den gleichen Zweck bei wesentlich geringeren Kosten.<\/em><\/p>\n<p>Drostanolone erh\u00f6hen k\u00f6nnen Muskel-H\u00e4rte und Dichte, wodurch eine Einzelperson eine vollst\u00e4ndigere Darstellung auf, wenn Wettbewerb auf der B\u00fchne. Dies ist ein Effekt, der eine Menge von reinem Androgene zeigen. Aber mit allen von Ihnen Sie m\u00fcssen bereits eine eher geringe K\u00f6rper-Fett-Ebene, um die volle Wirkung zu. Wenn dies geschehen ist, drostanolone f\u00f6rdern kann erh\u00f6hte St\u00e4rke beim halten K\u00f6rperfett die gleiche oder sogar senken es, etwas, das helfen kann, zu verhindern, Verlust von Muskelmasse w\u00e4hrend der Di\u00e4t. Dies kann auch erlauben, Kraftsportler oder jene Sportler, die in Sportarten, die haben Gewichtsklassen perfomance zu erh\u00f6hen, ohne das Risiko, gehoben in eine h\u00f6here Gewichtsklasse oder Masse hinzuf\u00fcgen, kann die Leistung beeintr\u00e4chtigen.<\/p>\n<p><b>Anwendung\/Dosierung<\/b><\/p>\n<p>Drostanolone ist in Erster Linie als pre-contest Droge f\u00fcr Bodybuilder. F\u00fcr es Effekte realisiert werden ein Benutzer muss auf einen sehr niedrigen K\u00f6rperfettanteil. Wenn ein Benutzer nicht, den Muskel zu &#8222;hardening&#8220; &#8211; Effekt, dass viele suchen, wenn Sie die Verbindung nicht realisiert werden. Dies, zusammen mit der Tatsache, dass Masse Gewinne sind unwahrscheinlich zu sein, hatte von drostanolone, sollte eine Warnung an Personen, dass Sie vielleicht entt\u00e4uscht \u00fcber Ihre Ergebnisse, es sei denn, Sie sind gut konditioniert.<\/p>\n<p>Wie bereits erw\u00e4hnt, es wurde vorgeschlagen, dass Kraftsportler, oder Sportler k\u00f6nnten davon profitieren, drostanolone, als es verbessern kann St\u00e4rke, w\u00e4hrend nicht hinzuf\u00fcgen viel Masse oder Gewicht der Nutzer. Jedoch gibt es unz\u00e4hlige weitere verbindungen, die wirksamer und besser geeignet f\u00fcr solche Zwecke, die die Verwendung von drostanolone w\u00fcrde scheinbar unn\u00f6tig sein, f\u00fcr solche Ziele.<\/p>\n<p>Da die Propionat ester wird fast immer verwendet, mit drostanolone ist es notwendig f\u00fcr Benutzer zum verwalten der Verbindung jeden Tag oder mindestens jeden zweiten Tag zu halten eine relativ stabile Blutspiegel von der Droge. Die Mehrheit der Nutzer wird gut tun, auf die Verbindung mit Dosierungen reichen von 50 bis 100 mg, jeden Tag oder jeden zweiten Tag, in H\u00f6he von 300-500 Milligramm pro Woche. Erfahrene Benutzer von der Droge laufen k\u00f6nnen h\u00f6here Dosen, aber da die Verbindung sollte gestapelt werden mit anderen, die Effektivit\u00e4t zu maximieren, die gro\u00dfen Dosen sind zum gr\u00f6\u00dften Teil nicht erforderlich.<\/p>\n<p><b>Risiken\/Nebenwirkungen<\/b><\/p>\n<p><span style=\"text-decoration: underline;\">Aromatisierung ist nicht ein Problem mit drostanolone, wie zuvor beschrieben. Also, Wassereinlagerungen und Gyn\u00e4komastie sind kein Problem mit dieser Verbindung, und wie gesagt es in der Tat Exponate anti-\u00f6strogene-Funktionen durch die Art und Weise des seins in der Lage, im Wettbewerb mit anderen Substrate beim Versuch, binden an die aromatase(2). Wie gut, zeigt es sehr wenig in der Weise des seins hepatoxic und ausgef\u00fchrt werden k\u00f6nnen, f\u00fcr langatmige Zyklen ohne Sch\u00e4digung der Leber auftreten.<\/span><\/p>\n<p>In Bezug auf die negativen Nebenwirkungen, die einzige wirkliche Sorge w\u00e4re von den androgenen Eigenschaften von Dihydrotestosteron. Dinge wie fettige Haut, Akne, K\u00f6rper\/Gesichtsbehaarung Wachstum und Haar-Verlust, wenn Sie anf\u00e4llig f\u00fcr m\u00e4nnlichen Haarausfall. Drostanolone ist eine synthetische form von DHT, daher w\u00fcrde Proscar haben keinen Einfluss auf die H\u00f6he der androgenen Wirkungen (1,3). Personen, die einen zur\u00fcckweichenden Haaransatz und\/oder diejenigen, die eine Pr\u00e4disposition f\u00fcr m\u00e4nnlichen Haarausfall haben kann, finden es notwendig, zu vermeiden, diese Verbindung, wie es ist wahrscheinlich, dass es einfach nur verschlimmern den Zustand weiter. Wie erwartet werden sollte, als nun, die Benutzer oft anekdotisch berichtet, dass die Verbindung \u00e4rgern kann alle vorhandenen medizinischen Bedingungen haben, \u00fcber die Prostata, oder die Ursache der Prostata Komplikationen in diejenigen, die gelitten haben, dass keiner vor (3).<\/p>\n<p>Es gibt anekdotische Berichte, dass einige Frauen haben experimentiert mit der Verbindung. Aufgrund der virilizing Effekte, die zweifellos auftreten, mit einer Verbindung wie drostanolone es wird nicht empfohlen, dass diese versucht werden. Die \u00fcblichen irreversiblen Nebenwirkungen wie K\u00f6rper-Haarwuchs, Vertiefung der Stimme, und andere solche Symptome sind wahrscheinlich erscheinen ziemlich rasch, wenn die Verwendung der Droge setzte noch einen kurzen Grundlage, die von den Weibchen.<\/p>\n<h3>Weiterlesen<\/h3>\n<p><a href=\"http:\/\/getanabolics.biz\/de\/dianabol-online-auf-getanabolics-biz-kaufen\/\">Kaufen Sie DIANABOL ONLINE auf GETANABOLICS.BIZ<\/a><\/p>\n<p><a href=\"http:\/\/getanabolics.biz\/de\/winstrol-ist-es-und-ist-es\/\">WINSTROL, WAS IST ES UND WOF\u00dcR IST ES?<\/a><\/p>\n<p><a href=\"http:\/\/getanabolics.biz\/de\/cytomel-t3-rezensionen-zu-getanabolics-biz\/\">CYTOMEL T3 BEWERTUNGEN AUF GETANABOLICS.BIZ<\/a><\/p>\n<p><a href=\"http:\/\/getanabolics.biz\/de\/pause-zwischen-steroidkursen-und-pct\/\">PAUSE ZWISCHEN STEROID-KURSE UND PCT<\/a><\/p>\n<p><a href=\"http:\/\/getanabolics.biz\/de\/wie-effektiv-ist-die-steroidbruecke\/\">WIE WIRKSAM IST DIE STEROID-BR\u00dcCKE?<\/a><\/p>\n","protected":false},"excerpt":{"rendered":"<p>Paket: 10ml Fl\u00e4schchen, die jeweils 1ml enth\u00e4lt 100mg Drostanolone Propionate<br \/>Hersteller: Dragon Pharma<br \/>Marke: Masteron 100<br \/>Weithin bekannt: Masteron 100<\/p>\n","protected":false},"featured_media":455,"comment_status":"open","ping_status":"closed","template":"","meta":[],"product_cat":[105],"product_tag":[59],"_links":{"self":[{"href":"https:\/\/getanabolics.biz\/de\/wp-json\/wp\/v2\/product\/975"}],"collection":[{"href":"https:\/\/getanabolics.biz\/de\/wp-json\/wp\/v2\/product"}],"about":[{"href":"https:\/\/getanabolics.biz\/de\/wp-json\/wp\/v2\/types\/product"}],"replies":[{"embeddable":true,"href":"https:\/\/getanabolics.biz\/de\/wp-json\/wp\/v2\/comments?post=975"}],"wp:featuredmedia":[{"embeddable":true,"href":"https:\/\/getanabolics.biz\/de\/wp-json\/wp\/v2\/media\/455"}],"wp:attachment":[{"href":"https:\/\/getanabolics.biz\/de\/wp-json\/wp\/v2\/media?parent=975"}],"wp:term":[{"taxonomy":"product_cat","embeddable":true,"href":"https:\/\/getanabolics.biz\/de\/wp-json\/wp\/v2\/product_cat?post=975"},{"taxonomy":"product_tag","embeddable":true,"href":"https:\/\/getanabolics.biz\/de\/wp-json\/wp\/v2\/product_tag?post=975"}],"curies":[{"name":"wp","href":"https:\/\/api.w.org\/{rel}","templated":true}]}}