{"id":974,"date":"2017-04-27T10:32:35","date_gmt":"2017-04-27T12:12:15","guid":{"rendered":"http:\/\/getanabolics.biz\/product\/verschiedene-pflanzliche-zutaten-100-tabletten-von-verschiedenen-pflanzlichen-zutaten-kaufen\/"},"modified":"2018-01-19T11:14:47","modified_gmt":"2018-01-19T11:14:47","slug":"verschiedene-pflanzliche-zutaten-100-tabletten-von-verschiedenen-pflanzlichen-zutaten-kaufen","status":"publish","type":"product","link":"https:\/\/getanabolics.biz\/de\/produkt\/verschiedene-pflanzliche-zutaten-100-tabletten-von-verschiedenen-pflanzlichen-zutaten-kaufen\/","title":{"rendered":"Verschiedene Pflanzliche Zutaten &#8211; Himalaya"},"content":{"rendered":"<h2>Verschiedene Pflanzliche Zutaten kaufen &#8211; Himalaya (Liv.52)<\/h2>\n<p><a title=\"Buy Verschiedene Pflanzliche Zutaten at GetAnabolics\"><img src=\"http:\/\/getanabolics.biz\/images\/samarin-140.jpg\" width=\"30%\" align=\"right\" \/><\/a><br \/>\nF\u00fcr diejenigen, die sucht, Verschiedene Pflanzliche Zutaten und Fragen sich, wo zu kaufen Verschiedene Pflanzliche Zutaten von Himalaya zur rechtlichen wir bieten Liv.52 als die <strong>beste Wahl f\u00fcr echte Bodybuilder<\/strong>.<br \/>\nVon nun an eine <strong>gro\u00dfe Vielzahl von injizierbaren Steroide als auch orale Steroide<\/strong> und post-Zyklus-Therapie von Himalaya kann gekauft werden <b>GetAnabolics<\/b>. Wir freuen uns, die Einf\u00fchrung der neuen Verschiedene Pflanzliche Zutaten von <span style=\"font-weight: bold;\">Himalaya<\/span>.<br \/>\n<em>Alle Produkte, die wir zu bieten haben, sind aus authentischen, qualitativ hochwertige verbindungen und haben ein einziges Ziel: Menschen zu helfen, zu gewinnen Muskelmasse, die Allgemeine St\u00e4rke, Fett zu verbrennen und Ihnen helfen, auf dem Weg zu k\u00f6rperlicher Perfektion. Um eine Konstruktive und zivilisierte Verbindung mit unseren Kunden stellen wir maximale Anstrengungen zur Sicherung einer hohen service-Qualit\u00e4t und n\u00e4hert sich jede person, die Adresse zu unserem Online-Shop mit H\u00f6flichkeit und Respekt.<\/em><br \/>\nDen Aufbau und die Erhaltung einer wundersch\u00f6nen K\u00f6rpers erfordert eine Kombination von Methoden. Eine richtige Ern\u00e4hrung kommt zuerst in der Liste der wichtigen Bestandteile die der K\u00f6rper ben\u00f6tigt. Zweitens, stellen Sie sicher, dass Sie immer kaufen und verwenden Sie rechtlichen Steroide online nicht nur zu vermeiden, in Konflikt mit dem Gesetz, aber noch wichtiger ist, zur Vermeidung von gesundheitlichen Komplikationen.<br \/>\n<span style=\"font-weight: bold;\">GetAnabolics.Biz<\/span> ist die online-steroid Lieferanten speziell erstellt und widmet sich jeder athlet und bodybuilder mit der <strong>besten anabole Steroide zu erm\u00e4\u00dfigten Preisen<\/strong>. Wir haben uns entschieden, zuverl\u00e4ssigsten Marken zusammenarbeiten, um sicherzustellen, sicher, echt und top-notch-Steroide f\u00fcr unsere Kunden.<br \/>\nVersand Steroide sehr sicher ist das Hauptanliegen f\u00fcr die Lieferung von Steroiden weltweit. Unser diskreter Versand garantiert, dass niemand sonst wei\u00df, dass Sie kaufen Sie Steroide online.<\/p>\n<h2>Mehr Verschiedene Pflanzliche Zutaten Himalaya Informationen<\/h2>\n<p><b>100 tablets von Verschiedenen Pflanzlichen Zutaten<\/b><\/p>\n<ul>\n<li><strong>Pr\u00e4sentation<\/strong> : <em>Schachtel 100 Tabletten <\/em><\/li>\n<\/ul>\n<p><span style=\"text-decoration: underline;\">Ein lebenswichtiges organ des menschlichen K\u00f6rpers, die Leber f\u00fchrt viele wichtige Funktionen und spielt eine f\u00fchrende Rolle in den Stoffwechsel und die Verdauung, zusammen mit Assimilation und Verarbeitung Kohlenhydrate, Proteine und Lipide, und die Entgiftung des K\u00f6rpers von Galle Sekrete und ungesunde Elemente.<\/span><\/p>\n<p><strong>Beginnen Sie die Behandlung mit einer angemessenen Dosis Liv.52, dh: 3-mal t\u00e4glich 1 Kapsel.<br \/>\ndie Einnahme von Liv.52 hat keine Nebenwirkungen; jedoch in Einzelf\u00e4llen, milde Abf\u00fchrende Effekte beobachtet.<\/strong><\/p>\n<h3>Weiterlesen<\/h3>\n<p><a href=\"http:\/\/getanabolics.biz\/de\/wachstumshormon-hgh-die-wichtigsten-fakten\/\">Wachstumshormon HGH &#8211; die wichtigsten Fakten<\/a><\/p>\n<p><a href=\"http:\/\/getanabolics.biz\/de\/winstrol-ist-es-und-ist-es\/\">WINSTROL, WAS IST ES UND WOF\u00dcR IST ES?<\/a><\/p>\n<p><a href=\"http:\/\/getanabolics.biz\/de\/kann-ich-nach-einem-steroid-kurs-gewicht-sparen\/\">KANN ICH NACH EINEM STEROID-KURS GEWICHT SPAREN?<\/a><\/p>\n<p><a href=\"http:\/\/getanabolics.biz\/de\/pause-zwischen-steroidkursen-und-pct\/\">PAUSE ZWISCHEN STEROID-KURSE UND PCT<\/a><\/p>\n<p><a href=\"http:\/\/getanabolics.biz\/de\/bodybuilding-und-steroide\/\">BODYBUILDING UND STEROIDS<\/a><\/p>\n","protected":false},"excerpt":{"rendered":"<p>Paket: 100 Tabletten von Verschiedenen Pflanzlichen Zutaten<br \/>Hersteller: Himalaya<br \/>Marke: Verschiedene Pflanzliche Zutaten<br \/>Weithin bekannt: Liv.52<\/p>\n","protected":false},"featured_media":1183,"comment_status":"open","ping_status":"closed","template":"","meta":[],"product_cat":[90],"product_tag":[52],"_links":{"self":[{"href":"https:\/\/getanabolics.biz\/de\/wp-json\/wp\/v2\/product\/974"}],"collection":[{"href":"https:\/\/getanabolics.biz\/de\/wp-json\/wp\/v2\/product"}],"about":[{"href":"https:\/\/getanabolics.biz\/de\/wp-json\/wp\/v2\/types\/product"}],"replies":[{"embeddable":true,"href":"https:\/\/getanabolics.biz\/de\/wp-json\/wp\/v2\/comments?post=974"}],"wp:featuredmedia":[{"embeddable":true,"href":"https:\/\/getanabolics.biz\/de\/wp-json\/wp\/v2\/media\/1183"}],"wp:attachment":[{"href":"https:\/\/getanabolics.biz\/de\/wp-json\/wp\/v2\/media?parent=974"}],"wp:term":[{"taxonomy":"product_cat","embeddable":true,"href":"https:\/\/getanabolics.biz\/de\/wp-json\/wp\/v2\/product_cat?post=974"},{"taxonomy":"product_tag","embeddable":true,"href":"https:\/\/getanabolics.biz\/de\/wp-json\/wp\/v2\/product_tag?post=974"}],"curies":[{"name":"wp","href":"https:\/\/api.w.org\/{rel}","templated":true}]}}