{"id":972,"date":"2017-04-27T10:32:35","date_gmt":"2017-04-27T12:12:15","guid":{"rendered":"http:\/\/getanabolics.biz\/product\/hcg-10000-1-flasche-von-10000-iu-hcg-kaufen\/"},"modified":"2018-01-19T08:30:57","modified_gmt":"2018-01-19T08:30:57","slug":"hcg-10000-1-vial-of-10000-iu-hcg","status":"publish","type":"product","link":"https:\/\/getanabolics.biz\/de\/produkt\/hcg-10000-1-vial-of-10000-iu-hcg\/","title":{"rendered":"HCG 10000 &#8211; Bharat serums"},"content":{"rendered":"<h2>HCG 10000 kaufen &#8211; Bharat serums (HCG 10000IU)<\/h2>\n<p><a title=\"Buy HCG 10000 at GetAnabolics\"><img src=\"http:\/\/getanabolics.biz\/images\/hcg5000.jpg\" width=\"30%\" align=\"right\" \/><\/a><br \/>\nF\u00fcr diejenigen, die sucht, HCG 10000 und Fragen sich, wo zu kaufen HCG 10000 von Bharat serums zur rechtlichen wir bieten HCG 10000IU als die <strong>beste Wahl f\u00fcr echte Bodybuilder<\/strong>.<br \/>\nVon nun an eine <strong>gro\u00dfe Vielzahl von injizierbaren Steroide als auch orale Steroide<\/strong> und post-Zyklus-Therapie von Bharat serums kann gekauft werden <b>GetAnabolics<\/b>. Wir freuen uns, die Einf\u00fchrung der neuen HCG 10000 von <span style=\"font-weight: bold;\">Bharat serums<\/span>.<br \/>\n<em>Alle Produkte, die wir zu bieten haben, sind aus authentischen, qualitativ hochwertige verbindungen und haben ein einziges Ziel: Menschen zu helfen, zu gewinnen Muskelmasse, die Allgemeine St\u00e4rke, Fett zu verbrennen und Ihnen helfen, auf dem Weg zu k\u00f6rperlicher Perfektion. Um eine Konstruktive und zivilisierte Verbindung mit unseren Kunden stellen wir maximale Anstrengungen zur Sicherung einer hohen service-Qualit\u00e4t und n\u00e4hert sich jede person, die Adresse zu unserem Online-Shop mit H\u00f6flichkeit und Respekt.<\/em><br \/>\nDen Aufbau und die Erhaltung einer wundersch\u00f6nen K\u00f6rpers erfordert eine Kombination von Methoden. Eine richtige Ern\u00e4hrung kommt zuerst in der Liste der wichtigen Bestandteile die der K\u00f6rper ben\u00f6tigt. Zweitens, stellen Sie sicher, dass Sie immer kaufen und verwenden Sie rechtlichen Steroide online nicht nur zu vermeiden, in Konflikt mit dem Gesetz, aber noch wichtiger ist, zur Vermeidung von gesundheitlichen Komplikationen.<br \/>\n<span style=\"font-weight: bold;\">GetAnabolics.Biz<\/span> ist die online-steroid Lieferanten speziell erstellt und widmet sich jeder athlet und bodybuilder mit der <strong>besten anabole Steroide zu erm\u00e4\u00dfigten Preisen<\/strong>. Wir haben uns entschieden, zuverl\u00e4ssigsten Marken zusammenarbeiten, um sicherzustellen, sicher, echt und top-notch-Steroide f\u00fcr unsere Kunden.<br \/>\n<em>Versand Steroide sehr sicher ist das Hauptanliegen f\u00fcr die Lieferung von Steroiden weltweit. Unser diskreter Versand garantiert, dass niemand sonst wei\u00df, dass Sie kaufen Sie Steroide online.<\/em><\/p>\n<h2>Mehr HCG 10000 Bharat serums Informationen<\/h2>\n<p><b>1 Flasche von 10000 IU HCG (keine L\u00f6sung, Wasser inklusive)<\/b><\/p>\n<blockquote><p>HCG ist nicht eine anabole\/Androgene steroid, sondern ein nat\u00fcrliches protein-Hormon, das entwickelt sich in der Plazenta einer schwangeren Frau. HCG ist hergestellt aus dem Urin von schwangeren Frauen, da es ausgeschieden wird, in unver\u00e4nderter form aus dem Blut \u00fcber die Frau,&#8217;s Urin, der durch die Nieren. Die kommerziell erh\u00e4ltlichen HCG verkauft wird eine Chemische Substanz und kann verwendet werden, sowohl bei M\u00e4nnern und Frauen. bei Frauen injizierbaren HCG erlaubt dem Eisprung, da es Einfluss auf die letzten Phasen der Entwicklung von der Eizelle, also die Stimulierung des Eisprungs. Bei M\u00e4nnern, HCG stimuliert die Produktion von androgenen Hormonen (Testosteron). Aus diesem Grund Athleten verwenden injizierbares HCG zur Steigerung der Testosteron-Produktion. HCG wird oft in Kombination mit anabolen\/androgenen Steroiden w\u00e4hrend oder nach der Behandlung.<\/p><\/blockquote>\n<p>Da der K\u00f6rper muss in der Regel eine bestimmte Menge an Zeit, um Ihre Testosteron-Produktion wieder in Gang, der athlet, nach absetzen von steroidverbindungen, erlebt eine schwierige \u00fcbergangsphase, die oft hand in hand geht mit einem erheblichen Verlust in der St\u00e4rke und Muskel Masse. Verabreichung von HCG direkt nach der steroid-Behandlung hilft bei der Reduzierung dieser Zustand, da HCG erh\u00f6ht die Produktion von Testosteron in den Hoden sehr schnell und zuverl\u00e4ssig. Im Falle der Hoden-Atrophie verursacht durch mega-Dosierungen und sehr lange Perioden der Nutzung, HCG hilft auch, um schnell bringen die Hoden wieder auf Ihren urspr\u00fcnglichen Zustand (Gr\u00f6\u00dfe). Seit gelegentlichen Injektionen von HCG w\u00e4hrend der steroid-Einnahme vermeiden k\u00f6nnen eine Hodenatrophie, viele Athleten verwenden HCG f\u00fcr zwei bis drei Wochen in der Mitte Ihrer steroid-Behandlung. Es ist oft beobachtet, dass w\u00e4hrend dieser Zeit der athlet macht seine besten Fortschritte in Bezug auf Gewinne in St\u00e4rke und Muskel Masse. Diejenigen, die auf den Saft das ganze Jahr, wer k\u00f6nnte leiden unter psychischen Folgen, oder wer w\u00fcrde vielleicht das Risiko, die Trennung einer Beziehung, weil dieser, sollten diesen Nachteil bei der Einnahme von HCG in regelm\u00e4\u00dfigen Abst\u00e4nden. Eine verminderte libido und Spermatogenese durch Steroide in den meisten F\u00e4llen erfolgreich geheilt durch die Behandlung mit HCG.<\/p>\n<p><em>Die meisten Athleten jedoch HCG am Ende einer Behandlung, um zu vermeiden, ein &#8222;crash&#8220;, das hei\u00dft, zur Erzielung der bestm\u00f6glichen \u00fcbergang in die &#8222;Nat\u00fcrliche training.&#8220; Voraussetzung ist jedoch, dass die steroid-Einnahme oder Dosierung verringert werden langsam und gleichm\u00e4ssig vor der Einnahme von HCG. Obwohl HCG bewirkt eine schnelle und deutliche Erh\u00f6hung des endogenen plasma-Testosteron-Spiegel, leider ist es nicht eine perfekte L\u00f6sung, um zu verhindern, dass der Verlust von Kraft und Masse am Ende einer steroid-Behandlung. Obwohl HCG stimulieren endogene Testosteron-Produktion, es hilft nicht, in der Wiederherstellung der normalen Hypothalamus\/Hypophysen-Hoden-Achse. Der hypothalamus und Hypophyse sind noch in einem feuerfesten Zustand nach l\u00e4ngerer steroid-Nutzung und bleiben auf diese Weise w\u00e4hrend HCG benutzt wird, weil die k\u00f6rpereigene Testosteron produziert als Folge des exogenen HCG unterdr\u00fcckt die endogene LH Produktion. Sobald das HCG eingestellt ist, der athlet muss auch weiterhin \u00fcber ein re-Anpassungsphase. Dies ist lediglich verz\u00f6gert durch die HCG verwenden.&#8220; dies ist der Grund, warum erfahrene Athleten H\u00e4ufig <a href=\"http:\/\/getanabolics.biz\/de\/produkt\/clomid-10-tabletten-enthalt-50-mg-clomifen-citrat-kaufen\/\">Clomid <\/a>und <a href=\"http:\/\/getanabolics.biz\/de\/produkt\/clenbuterol-40-100-tabs-each-40-mcg-clenbuterol-hydrochloride\/\">Clenbuterol <\/a>folgenden HCG Einnahme oder Sie beginnen sofort mit einem anderen steroid-Behandlung. Einige nehmen HCG lediglich, um aus dem &#8222;Steroide&#8220; f\u00fcr mindestens zwei bis drei Wochen.<\/em><\/p>\n<p>HCG Packungsbeilagen deutlich gemacht werden, dass HCG &#8222;hat keinen bekannten Effekt der Mobilisierung der Fettreserven, Appetit oder Gef\u00fchl von hunger oder k\u00f6rperfettverteilung.&#8220; weiter hei\u00dft Es, &#8222;HCG wurde nicht nachgewiesen wirksame Zusatztherapie bei der Behandlung von Fettleibigkeit, ist es nicht erh\u00f6hen Fett Verluste dar\u00fcber hinaus, dass sich aus dem Kalorienzufuhr. 6000 I. U. HCG in einer einzigen Injektion resultierte in erh\u00f6hter Testosteronspiegel f\u00fcr sechs Tage nach der Injektion. Bei einer Dosierung von 1500 I. U. die pharma-Testosteron-level steigt um 250-300% (2.5-3fold) im Vergleich zum Ausgangswert. Sollte der athlet injizieren eine HCG Ampulle alle 5 Tage. Da der Testosteron-Spiegel immer noch deutlich erh\u00f6hte f\u00fcr mehrere Tage, ist es unn\u00f6tig zu injizieren HCG mehr als einmal alle 5 Tage. Die wirksame Dosierung f\u00fcr Sportler ist in der Regel 2000-5000 I. U. pro Injektion und sollte-wie bereits erw\u00e4hnt werden alle 5 Tage injiziert. HCG sollte nur getroffen werden, f\u00fcr ein paar Wochen. Wenn HCG von m\u00e4nnlichen Athleten \u00fcber viele Wochen und in hohen Dosierungen, ist es m\u00f6glich, dass die Hoden reagieren wird schlecht auf einen sp\u00e4teren HCG-Aufnahme und einer Freigabe des K\u00f6rpers&#8217;s eigene LH. Dies k\u00f6nnte zu einer dauerhaften unzureichend Gonaden-Funktion.<\/p>\n<p>HCG kann teilweise Nebenwirkungen hervorrufen, \u00e4hnlich denen von injizierbaren Testosteron. Eine h\u00f6here Testosteron-Produktion geht auch hand in hand mit einem erh\u00f6hten \u00f6strogenspiegel, was dazu f\u00fchren konnte, Gyn\u00e4komastie. Dies k\u00f6nnte manifestieren sich in einer tempor\u00e4ren Wachstum der Br\u00fcste oder verst\u00e4rken bereits vorhandene Wachstum der Brust bei M\u00e4nnern. Weitsichtige Athleten so kombinieren HCG mit einem Anti\u00f6strogen. M\u00e4nnliche Athleten berichten auch h\u00e4ufiger Erektionen und erh\u00f6hte sexuelle Lust. In hohen Dosen, es kann dazu f\u00fchren, Akne vulgaris und die Speicherung von Mineralien und Wasser. Der Letzte Punkt muss besonders beachtet werden, da die Wassereinlagerungen, die ist m\u00f6glich durch die Verwendung von HCG k\u00f6nnte der Muskel-system eine geschwollene und tr\u00e4nende Aussehen. Athleten, die bereits Ihre erh\u00f6hte endogene Testosteronspiegel durch die Einnahme von Clomid und beabsichtigen, sp\u00e4ter zu nehmen HCG erleben konnte, erhebliche Wasserretention und deutliche Feminisierung Symptome (Gyn\u00e4komastie, Neigung zu Fettdepots an den H\u00fcften). Dies ist aufgrund der Tatsache, dass hohe Testosteron f\u00fchrt zu einer hohen conversion-rate zu \u00f6strogenen. In sehr Jungen Athleten HCG, wie anabole Steroide, kann dazu f\u00fchren, eine fr\u00fchzeitige Verk\u00fcmmerung des Wachstums, da es vorzeitig schlie\u00dft die epiphysial Wachstum Platten. Stimmungsschwankungen und Bluthochdruck kann auch zur\u00fcckgef\u00fchrt werden, um die Einnahme von HCG.<\/p>\n<p>HCG&#8217;s-form der Verwaltung ist auch ungew\u00f6hnlich. <a href=\"http:\/\/getanabolics.biz\/de\/winstrol-ist-es-und-ist-es\/\">Die Substanz choriongonadotropin ist ein <\/a>wei\u00df-pulverf\u00f6rmigen gefriergetrockneten Substanz, die in der Regel als eine Kompresse. Injektionsl\u00f6sung mit isotonischer Natrium-Chlorid-Injektion in die HCG Ampulle gemischt und mit der getrockneten Substanz. Die L\u00f6sung ist dann gebrauchsfertig und sollte intramuskul\u00e4r injiziert werden. Wenn nur ein Teil der Substanz eingespritzt wird die restliche L\u00f6sung sollte im K\u00fchlschrank aufbewahrt werden. Es ist nicht notwendig, zu speichern, die ungemischten HCG im K\u00fchlschrank, allerdings sollte es gehalten werden, aus Licht und unterhalb einer Temperatur von 25* C.<\/p>\n<h3>Weiterlesen<\/h3>\n<p><a href=\"http:\/\/getanabolics.biz\/de\/wachstumshormon-hgh-die-wichtigsten-fakten\/\">Wachstumshormon HGH &#8211; die wichtigsten Fakten<\/a><\/p>\n<p><a href=\"http:\/\/getanabolics.biz\/de\/winstrol-ist-es-und-ist-es\/\">WINSTROL, WAS IST ES UND WOF\u00dcR IST ES?<\/a><\/p>\n<p><a href=\"http:\/\/getanabolics.biz\/de\/kann-ich-nach-einem-steroid-kurs-gewicht-sparen\/\">KANN ICH NACH EINEM STEROID-KURS GEWICHT SPAREN?<\/a><\/p>\n<p><a href=\"http:\/\/getanabolics.biz\/de\/pause-zwischen-steroidkursen-und-pct\/\">PAUSE ZWISCHEN STEROID-KURSE UND PCT<\/a><\/p>\n<p><a href=\"http:\/\/getanabolics.biz\/de\/bodybuilding-und-steroide\/\">BODYBUILDING UND STEROIDS<\/a><\/p>\n","protected":false},"excerpt":{"rendered":"<p>Paket: 1 Flasche von 10000 IU HCG<br \/>Hersteller: Bharat serums<br \/>Marke: HCG 10000<br \/>Weithin bekannt: HCG 10000IU<\/p>\n","protected":false},"featured_media":425,"comment_status":"open","ping_status":"closed","template":"","meta":[],"product_cat":[95,90],"product_tag":[56],"_links":{"self":[{"href":"https:\/\/getanabolics.biz\/de\/wp-json\/wp\/v2\/product\/972"}],"collection":[{"href":"https:\/\/getanabolics.biz\/de\/wp-json\/wp\/v2\/product"}],"about":[{"href":"https:\/\/getanabolics.biz\/de\/wp-json\/wp\/v2\/types\/product"}],"replies":[{"embeddable":true,"href":"https:\/\/getanabolics.biz\/de\/wp-json\/wp\/v2\/comments?post=972"}],"wp:featuredmedia":[{"embeddable":true,"href":"https:\/\/getanabolics.biz\/de\/wp-json\/wp\/v2\/media\/425"}],"wp:attachment":[{"href":"https:\/\/getanabolics.biz\/de\/wp-json\/wp\/v2\/media?parent=972"}],"wp:term":[{"taxonomy":"product_cat","embeddable":true,"href":"https:\/\/getanabolics.biz\/de\/wp-json\/wp\/v2\/product_cat?post=972"},{"taxonomy":"product_tag","embeddable":true,"href":"https:\/\/getanabolics.biz\/de\/wp-json\/wp\/v2\/product_tag?post=972"}],"curies":[{"name":"wp","href":"https:\/\/api.w.org\/{rel}","templated":true}]}}