{"id":969,"date":"2017-04-27T10:32:35","date_gmt":"2017-04-27T12:12:15","guid":{"rendered":"http:\/\/getanabolics.biz\/product\/trenbolone-acetate-10-ml-phiole-enthalt-1000-mg-100mgml-trenbolon-acetat-kaufen\/"},"modified":"2018-01-19T09:24:54","modified_gmt":"2018-01-19T09:24:54","slug":"trenbolone-acetate-10-ml-phiole-enthalt-1000-mg-100mgml-trenbolon-acetat-kaufen","status":"publish","type":"product","link":"https:\/\/getanabolics.biz\/de\/produkt\/trenbolone-acetate-10-ml-phiole-enthalt-1000-mg-100mgml-trenbolon-acetat-kaufen\/","title":{"rendered":"Trenbolone Acetate &#8211; Alpha-Pharma"},"content":{"rendered":"<h2>Trenbolone Acetate kaufen &#8211; Alpha-Pharma (Trenarapid)<\/h2>\n<p><a title=\"Buy Trenbolone Acetate at GetAnabolics\"><img src=\"http:\/\/getanabolics.biz\/images\/trena-rapid.jpg\" width=\"30%\" align=\"right\" \/><\/a><br \/>\nF\u00fcr diejenigen, die sucht, Trenbolone Acetate und Fragen sich, wo zu kaufen Trenbolone Acetate von Alpha-Pharma zur rechtlichen wir bieten Trenarapid als die <strong>beste Wahl f\u00fcr echte Bodybuilder<\/strong>.<br \/>\nVon nun an eine <strong>gro\u00dfe Vielzahl von injizierbaren Steroide als auch orale Steroide<\/strong> und post-Zyklus-Therapie von Alpha-Pharma kann gekauft werden <b>GetAnabolics<\/b>. Wir freuen uns, die Einf\u00fchrung der neuen Trenbolone Acetate von <span style=\"font-weight: bold;\">Alpha-Pharma<\/span>.<br \/>\n<em>Alle Produkte, die wir zu bieten haben, sind aus authentischen, qualitativ hochwertige verbindungen und haben ein einziges Ziel: Menschen zu helfen, zu gewinnen Muskelmasse, die Allgemeine St\u00e4rke, Fett zu verbrennen und Ihnen helfen, auf dem Weg zu k\u00f6rperlicher Perfektion. Um eine Konstruktive und zivilisierte Verbindung mit unseren Kunden stellen wir maximale Anstrengungen zur Sicherung einer hohen service-Qualit\u00e4t und n\u00e4hert sich jede person, die Adresse zu unserem Online-Shop mit H\u00f6flichkeit und Respekt.<\/em><br \/>\nDen Aufbau und die Erhaltung einer wundersch\u00f6nen K\u00f6rpers erfordert eine Kombination von Methoden. Eine richtige Ern\u00e4hrung kommt zuerst in der Liste der wichtigen Bestandteile die der K\u00f6rper ben\u00f6tigt. Zweitens, stellen Sie sicher, dass Sie immer kaufen und verwenden Sie rechtlichen Steroide online nicht nur zu vermeiden, in Konflikt mit dem Gesetz, aber noch wichtiger ist, zur Vermeidung von gesundheitlichen Komplikationen.<br \/>\n<em><span style=\"font-weight: bold;\">GetAnabolics.Biz<\/span> ist die online-steroid Lieferanten speziell erstellt und widmet sich jeder athlet und bodybuilder mit der <strong>besten anabole Steroide zu erm\u00e4\u00dfigten Preisen<\/strong>. Wir haben uns entschieden, zuverl\u00e4ssigsten Marken zusammenarbeiten, um sicherzustellen, sicher, echt und top-notch-Steroide f\u00fcr unsere Kunden.<\/em><br \/>\nVersand Steroide sehr sicher ist das Hauptanliegen f\u00fcr die Lieferung von Steroiden weltweit. Unser diskreter Versand garantiert, dass niemand sonst wei\u00df, dass Sie kaufen Sie Steroide online.<\/p>\n<h2>Mehr Trenbolone Acetate Alpha-Pharma Informationen<\/h2>\n<p><b>10 ml Phiole enth\u00e4lt 1000 mg (100mg\/ml) Trenbolon Acetat<\/b><\/p>\n<p><u>Gemeldet Eigenschaften<\/u><br \/>\n<strong>Aktiv-Life: Etwa 2 Tage<\/strong><br \/>\n<strong> Drug-Klasse: Anabole\/Androgene Steroid (zur Injektion)<\/strong><br \/>\n<strong> Durchschnittliche Berichtet Dosierung: M\u00e4nner 75 mg jeden Tag oder zwei Tagen<\/strong><br \/>\n<strong> Akne: ja, vor allem in h\u00f6heren Dosierungen.<\/strong><br \/>\n<strong> Wasser Retention: Nein<\/strong><br \/>\n<strong> Hoher Blutdruck: ja<\/strong><br \/>\n<strong> Aromatisierung: Nein<\/strong><br \/>\n<strong> Leber Giftig: ja,fraglich<\/strong><br \/>\n<strong> DHT-Umwandlung: Nein<\/strong><br \/>\n<strong> Verringern HPTA Funktion: ja, m\u00e4\u00dfige bis extreme<\/strong><\/p>\n<p>Trenbolon ist ein sehr potenter androgen mit starken anabole Aktivit\u00e4t. Es ist gut geeignet f\u00fcr den schnellen Aufbau von St\u00e4rke und Muskel Masse, in der Regel die dem Benutzer au\u00dfergew\u00f6hnliche Ergebnisse in einem relativ kurzen Zeitraum. Die anabole Wirkung dieser Droge ist oft im Vergleich zu popul\u00e4ren F\u00fcllstoffe wie Testosteron oder Dianabol, mit einem sehr wichtigen Unterschied. Trenbolon nicht zu \u00f6strogen konvertieren. Dies ist in der Tat eine sehr einzigartige Verbindung seit Masse Drogen, fast als Regel, wird aromatisieren (oder dazu f\u00fchren, dass andere \u00f6strogen-Verwandte Probleme) stark. Wenn wir denken, der unter milderen (in Bezug auf \u00f6strogen) Steroide wir rechnen in der Regel viel schw\u00e4cher Muskelwachstum, aber nicht so mit Trenbolon. Hier haben wir nicht sorgen \u00f6strogen \u00e4hnliche Nebenwirkungen haben, aber immer noch ein \u00e4u\u00dferst potenter Masse\/Kraft Droge. Es gibt keinen sp\u00fcrbaren Wassereinlagerungen, so dass die Masse gewonnen w\u00e4hrend eines Zyklus von Trenbolon wird sehr hart und definiert (Fett, die niedrig genug ist). Gyn\u00e4komastie ist auch nicht viel von einer Besorgnis, so sollte es keine Notwendigkeit, zus\u00e4tzlich ein anti-\u00f6strogen, wenn Trenbolon ist das einzige steroid verabreicht.<\/p>\n<p>Die hohe androgen-Ebene, die aus diesem steroid, in Abwesenheit wird \u00fcbersch\u00fcssiges \u00f6strogen, kann auch beschleunigen die Verbrennung von K\u00f6rperfett. Das Ergebnis sollte eine viel engere K\u00f6rperbau, hoffentlich ohne die Notwendigkeit f\u00fcr extreme Di\u00e4ten. Trenbolon kann daher dazu beitragen ein unglaublich hart, Riss K\u00f6rperbau und ist ein ideales Produkt f\u00fcr wettbewerbsf\u00e4hige Bodybuilder.<\/p>\n<p><strong>Trenbolon<\/strong> ist vor allem st\u00e4rker als Testosteron, und hat einen Effekt, der so viel wie drei mal so stark auf ein Milligramm f\u00fcr Milligramm basis. Ebenso k\u00f6nnen wir erwarten, zu sehen, einige Ebene von androgenen Nebenwirkungen mit Verwendung dieser Verbindung. Fettige Haut, aggressives Verhalten, Akne und Haarausfall sind daher nicht ungew\u00f6hnlich, w\u00e4hrend eines Zyklus mit diesem steroid. Die Androgene Natur dieses Medikament nat\u00fcrlich ist es eine sehr riskante posten f\u00fcr Frauen zu nutzen, die chance f\u00fcr Virilisierung Symptome extrem hoch mit solch einem potenten androgen.<\/p>\n<blockquote><p><strong>Trenbolon<\/strong> ist auch viel st\u00e4rker als Testosteron zu unterdr\u00fccken endogenen androgen-Produktion. Dies verdeutlicht die Tatsache, dass \u00f6strogen ist nicht der einzige Schuldige mit negativen feedback-Hemmung, wie hier gibt es keine Anh\u00e4ufung dieses Hormons hier melden. Es gibt jedoch einige Aktivit\u00e4t als ein Gestagen inh\u00e4rente in dieser Verbindung, als Trenbolon ist ein 19-nortestosterone (<strong>Nandrolon<\/strong>) Derivat (ein Merkmal Merkmal dieser verbindungen). Jedoch scheint es wahrscheinlich, dass viel von Ihrer unterdr\u00fcckerischen Natur noch ergibt sich aus seiner leistungsf\u00e4higen androgen-Aktion. Mit starken Auswirkungen Trenbolon hat auf endogene Testosteron nat\u00fcrlich die Verwendung eines stimulierenden Drogen wie <strong>HCG<\/strong> und\/oder <strong>Clomid<\/strong>\/<strong>Nolvadex<\/strong> wird empfohlen, beim Abschluss steroid-Therapie (eine Kombination wird bevorzugt). Ohne Ihre Verwendung kann es eine l\u00e4ngere Zeit f\u00fcr das hormonelle Gleichgewicht wieder aufzunehmen, da die Hoden zun\u00e4chst nicht in der Lage sein, normal zu reagieren, um die Fortsetzung der Ausgabe von endogenen Gonadotropine durch eine verk\u00fcmmerte Staat. Wer benutzt haben Trenbolon regelm\u00e4\u00dfig w\u00fcrde behaupten oft, es f\u00fcr unverzichtbar. Eine t\u00e4gliche Dosis von 37,5-75 mg ist der beliebteste Bereich bei der Ausf\u00fchrung ein Zyklus. W\u00e4hrend Trenbolon ist sehr potent, wenn allein verwendet, wurde es in der Regel in Kombination mit anderen Steroiden f\u00fcr eine noch gr\u00f6\u00dfere Wirkung. W\u00e4hrend einer phase schneiden k\u00f6nnte man eine nicht-aromatizing anabole wie <a href=\"http:\/\/getanabolics.biz\/de\/produkt\/winstrol-tabs-10-kaufen-sie-winstrol-tabletten-50-tabletten-jede-enthalt-10-mg-stanozolol-kaufen\/\">Winstrol <\/a>oder <strong>Primobolan<\/strong>. Solche Kombinationen werden zu entlocken eine gr\u00f6\u00dfere Ebene Dichte und H\u00e4rte zu den Muskel. Man k\u00f6nnte auch lose mit diesem Medikament, mit dem Zusatz von st\u00e4rkeren verbindungen wie Dianabol oder Testosteron. W\u00e4hrend die Masse gewinnen w\u00fcrde ganz gewaltig mit einem solchen Stapel, gewisse Wassereinlagerungen w\u00fcrde wahrscheinlich auch zu begleiten. M\u00e4\u00dfig wirksame anabolics solche<a href=\"http:\/\/getanabolics.biz\/de\/produkt\/deca-100-10x1ml-ampoules-each-has-100-mg-total-1000-mg-nandrolone-decaonate\/\"> Deca-Durabolin<\/a> oder <a href=\"http:\/\/getanabolics.biz\/de\/produkt\/boldenone-250-1-flasche-10-ml-je-1-ml-enthalt-250-mg-boldenon-kaufen\/\">Equipoise <\/a>w\u00e4re etwas wie ein halber Punkt, zus\u00e4tzliche Kraft und Masse, aber ohne das gleiche Ma\u00df an Wasser aufblasen sehen wir mit leichter aromatisierter Steroide.<\/p><\/blockquote>\n<h3>Weiterlesen<\/h3>\n<p><a href=\"http:\/\/getanabolics.biz\/de\/grosse-ergebnisse-aus-dem-besten-trenbolon-acetat\/\">GROSSE ERGEBNISSE AUS DEM BESTEN TRENBOLONACETAT<\/a><\/p>\n<p><a href=\"http:\/\/getanabolics.biz\/de\/alles-sie-ueber-anadrol-wissen\/\">ALLES, WAS SIE \u00dcBER ANADROL WISSEN M\u00dcSSEN<\/a><\/p>\n<p><a href=\"http:\/\/getanabolics.biz\/de\/die-wirkung-von-steroiden-auf-die-menschliche-haut\/\">Die Wirkung von Steroiden auf die menschliche Haut<\/a><\/p>\n<p><a href=\"http:\/\/getanabolics.biz\/de\/sammeln-sie-eine-trockene-masse-ohne-nebenwirkungen\/\">EINE TROCKENMASSE OHNE NEBENWIRKUNGEN AUFNEHMEN<\/a><\/p>\n<p><a href=\"http:\/\/getanabolics.biz\/de\/sollte-die-dauer-des-steroid-kurses-sein\/\">Was sollte die Dauer des STEROIDS-Kurses sein?<\/a><\/p>\n","protected":false},"excerpt":{"rendered":"<p>Paket: 10 ml Phiole enth\u00e4lt 1000 mg (100mg\/ml) Trenbolon Acetat<br \/>Hersteller: Alpha-Pharma<br \/>Marke: Trenbolone Acetate<br \/>Weithin bekannt: Trenarapid<\/p>\n","protected":false},"featured_media":407,"comment_status":"open","ping_status":"closed","template":"","meta":[],"product_cat":[118,105],"product_tag":[54],"_links":{"self":[{"href":"https:\/\/getanabolics.biz\/de\/wp-json\/wp\/v2\/product\/969"}],"collection":[{"href":"https:\/\/getanabolics.biz\/de\/wp-json\/wp\/v2\/product"}],"about":[{"href":"https:\/\/getanabolics.biz\/de\/wp-json\/wp\/v2\/types\/product"}],"replies":[{"embeddable":true,"href":"https:\/\/getanabolics.biz\/de\/wp-json\/wp\/v2\/comments?post=969"}],"wp:featuredmedia":[{"embeddable":true,"href":"https:\/\/getanabolics.biz\/de\/wp-json\/wp\/v2\/media\/407"}],"wp:attachment":[{"href":"https:\/\/getanabolics.biz\/de\/wp-json\/wp\/v2\/media?parent=969"}],"wp:term":[{"taxonomy":"product_cat","embeddable":true,"href":"https:\/\/getanabolics.biz\/de\/wp-json\/wp\/v2\/product_cat?post=969"},{"taxonomy":"product_tag","embeddable":true,"href":"https:\/\/getanabolics.biz\/de\/wp-json\/wp\/v2\/product_tag?post=969"}],"curies":[{"name":"wp","href":"https:\/\/api.w.org\/{rel}","templated":true}]}}