{"id":968,"date":"2017-04-27T10:31:41","date_gmt":"2017-04-27T12:12:15","guid":{"rendered":"http:\/\/getanabolics.biz\/product\/parabolin-parabolan-parabolin-trenbolon-75mg-box-mit-5-ampullen-15-ml-kaufen\/"},"modified":"2018-01-19T13:59:00","modified_gmt":"2018-01-19T13:59:00","slug":"parabolin-parabolan-parabolin-trenbolone-75mg-box-of-5-ampoules-1-5ml","status":"publish","type":"product","link":"https:\/\/getanabolics.biz\/de\/produkt\/parabolin-parabolan-parabolin-trenbolone-75mg-box-of-5-ampoules-1-5ml\/","title":{"rendered":"Parabolin (Parabolan) &#8211; Alpha Pharma"},"content":{"rendered":"<h2>Parabolin (Parabolan) kaufen &#8211; Alpha Pharma (Parabolin)<\/h2>\n<p><a title=\"Buy Parabolin (Parabolan) at GetAnabolics\"><img src=\"http:\/\/getanabolics.biz\/images\/parabolin.jpg\" width=\"30%\" align=\"right\" \/><\/a><br \/>\nF\u00fcr diejenigen, die sucht, Parabolin (Parabolan) und Fragen sich, wo zu kaufen Parabolin (Parabolan) von Alpha Pharma zur rechtlichen wir bieten Parabolin als die <strong>beste Wahl f\u00fcr echte Bodybuilder<\/strong>.<br \/>\nVon nun an eine <strong>gro\u00dfe Vielzahl von injizierbaren Steroide als auch orale Steroide<\/strong> und post-Zyklus-Therapie von Alpha Pharma kann gekauft werden <b>GetAnabolics<\/b>. Wir freuen uns, die Einf\u00fchrung der neuen Parabolin (Parabolan) von <span style=\"font-weight: bold;\">Alpha Pharma<\/span>.<br \/>\nAlle Produkte, die wir zu bieten haben, sind aus authentischen, qualitativ hochwertige verbindungen und haben ein einziges Ziel: Menschen zu helfen, zu gewinnen Muskelmasse, die Allgemeine St\u00e4rke, Fett zu verbrennen und Ihnen helfen, auf dem Weg zu k\u00f6rperlicher Perfektion. Um eine Konstruktive und zivilisierte Verbindung mit unseren Kunden stellen wir maximale Anstrengungen zur Sicherung einer hohen service-Qualit\u00e4t und n\u00e4hert sich jede person, die Adresse zu unserem Online-Shop mit H\u00f6flichkeit und Respekt.<br \/>\nDen Aufbau und die Erhaltung einer wundersch\u00f6nen K\u00f6rpers erfordert eine Kombination von Methoden. Eine richtige Ern\u00e4hrung kommt zuerst in der Liste der wichtigen Bestandteile die der K\u00f6rper ben\u00f6tigt. Zweitens, stellen Sie sicher, dass Sie immer kaufen und verwenden Sie rechtlichen Steroide online nicht nur zu vermeiden, in Konflikt mit dem Gesetz, aber noch wichtiger ist, zur Vermeidung von gesundheitlichen Komplikationen.<br \/>\n<span style=\"font-weight: bold;\">GetAnabolics.Biz<\/span> ist die online-steroid Lieferanten speziell erstellt und widmet sich jeder athlet und bodybuilder mit der <strong>besten anabole Steroide zu erm\u00e4\u00dfigten Preisen<\/strong>. Wir haben uns entschieden, zuverl\u00e4ssigsten Marken zusammenarbeiten, um sicherzustellen, sicher, echt und top-notch-Steroide f\u00fcr unsere Kunden.<br \/>\nVersand Steroide sehr sicher ist das Hauptanliegen f\u00fcr die Lieferung von Steroiden weltweit. Unser diskreter Versand garantiert, dass niemand sonst wei\u00df, dass Sie kaufen Sie Steroide online.<\/p>\n<h2>Mehr Parabolin (Parabolan) Alpha Pharma Informationen<\/h2>\n<h2>Parabolin (Trenbolon 75mg) Box mit 5 Ampullen &#8211; 1,5 ml<\/h2>\n<ul>\n<li><strong>(Trenbolon Base HexaHydroBencyl Carbonate Ester)<\/strong><\/li>\n<li><strong>[17beta-Hydroxyestra-4,9,11-trien-3-one]<\/strong><\/li>\n<li><strong>Formel: C20 H24 O3<\/strong><\/li>\n<li><strong>Molecular Weight (Basis): 270,3706<\/strong><\/li>\n<li><strong>Molecular Weight (ester):130,1864<\/strong><\/li>\n<li><strong>Formel (Basis): C18 H22 O2<\/strong><\/li>\n<li><strong>Melting Point (Basis): 183-186C<\/strong><\/li>\n<li><strong>Hersteller: (urspr\u00fcnglich) Negma, Verschiedene U-Labs<\/strong><\/li>\n<li><strong>Effektive Dosis (M\u00e4nner): 300-500mgs\/week<\/strong><\/li>\n<li><strong>Effektive Dosis (Frauen): Nicht empfohlen<\/strong><\/li>\n<li><strong>Active life: 10-14 Tage<\/strong><\/li>\n<li><strong>Half-Life: 5-7 Tage<\/strong><\/li>\n<li><strong>Detection Time: 4-5 Wochen<\/strong><\/li>\n<li><strong>Anabolen\/Androgenen Verh\u00e4ltnis: 500\/500<\/strong><\/li>\n<\/ul>\n<p>Parabolan wird nur von erfahrenen Anwendern, denn es ist ein sehr m\u00e4chtiges und z\u00e4h Produkt. Seine wichtigste Wirkung ist die Herstellung schwieriger, dichtere und st\u00e4rkere Muskeln, so dass es ein sehr beliebtes Produkt f\u00fcr Sportler.<\/p>\n<p><em>Parabolan ist weder betroffen von aromatase oder 5-alpha-Reduktase. Dies bedeutet, es wird weder schw\u00e4cher noch st\u00e4rker in androgen-responsive Zielgewebe und ist ein Merkmal der Regel geteilt durch DHT (DyhydroTestosterone) abgeleitet Steroide. Seit Parabolan ist, nat\u00fcrlich, ein Trenbolon, ist es eigentlich nicht DHT abgeleitet, sondern es ist abgeleitet von 19-Nor-Testosteron. Parabolan hat keine estrogenic T\u00e4tigkeit (es kann tats\u00e4chlich reduzieren serum-estradiol-Spiegel im K\u00f6rper), ist eine sehr starke anabole und Androgene Verbindung (5x st\u00e4rker als Testosteron in beiden Kategorien!), und es bindet auch an den Androgenrezeptor. Eigentlich verbindliche &#8222;gut&#8220; an den androgen-rezeptor ist eine ziemliche Untertreibung. Es gibt keine injizierbaren AAS in unserem arsenal, bindet an den androgen-rezeptor (AR) sowie Trenbolon nicht. Dies ist wahrscheinlich ein wesentlicher Grund, dass Parabolan war so begehrt f\u00fcr den Einsatz als Vorwettkampf-agent. Androgen-Rezeptoren sind in Fettzellen gefunden sowie Muskelzellen (8), und wir alle wissen, dass Androgene wirken auf der AR in den Muskelzellen, um Wachstum zu f\u00f6rdern. Androgene wirken auch direkt auf das AR in den Fettzellen, die Fettverbrennung zu beeintr\u00e4chtigen.(9)(6) je st\u00e4rker Die androgen bindet an den A. R, desto h\u00f6her ist die lipolytische (Fettverbrennung) Wirkung auf Fettgewebe (Fett -) Gewebe (9)(5). Als ob das&#8217;s nicht genug gute Nachrichten, einige Steroide erh\u00f6hen sogar die Zahl der A. R. in Muskeln und Fett (9)(10), f\u00fchrt mich zu spekulieren, dass dieses Fett zu verlieren Effekt w\u00fcrde verst\u00e4rkt werden, mit der gleichzeitigen Anwendung von anderen verbindungen, wie zum Beispiel injizierbaren Testosteron.<\/em><\/p>\n<p>Ein weiterer Mechanismus, wobei Parabolan Ursachen Muskel-Akkumulation und Fettabbau ist seine F\u00e4higkeit als n\u00e4hrstoffverteilender agent.(7) im Grunde, was dies bedeutet, ist, dass w\u00e4hrend der Verwendung von Tren, mehr von der Nahrung, die Sie Essen, werden Muskeln und weniger (wenn \u00fcberhaupt) wird zu Fett. Wirklich!!!! Wie Sie sehen k\u00f6nnen, die meisten von Parabolan&#8217;s Kult-Ruf ist wohlverdient. Und als wenn das&#8217;s nicht genug, Parabolan merklich erh\u00f6ht das Niveau von IGF-1 im Muskelgewebe (2), die in sich selbst ist ein extrem anabole Hormon. Und, es&#8217;s erw\u00e4hnenswert, dass es nicht nur erh\u00f6hen das Niveau von IGF-1 im Muskel \u00fcber zwei Falten (2), es verursacht auch Muskel-Satelliten-Zellen (Zellen, die Reparatur besch\u00e4digter Muskel), um empfindlicher auf IGF-1 und andere Wachstumsfaktoren(3). Dies f\u00fchrt mich zu spekulieren, dass Parabolan (oder eine beliebige version von Tren) w\u00fcrden innerhalb eines Zyklus mit jeder form von injizierbaren IGF-1.<\/p>\n<p>Parabolan geschieht auch zu binden, sehr stark an den glucocorticoid-rezeptor als auch, und diese wiederum, vermittelt eine sch\u00f6ne anti-katabole Wirkung. Dieser Teil, der helfen k\u00f6nnte zu erkl\u00e4ren, warum niedrig(ish) Dosen scheint es sch\u00f6n zu arbeiten, als auch, warum es unterst\u00fctzt den Fettabbau. Sehen Sie, Glukokortikoid-Hormone zu senden eine Nachricht an Muskelzellen gespeichert protein-release (dieses wird Katabolismus genannt), die genau das Gegenteil von dem, was wir wollen.<\/p>\n<p>Dieses Medikament stacks gut mit den meisten alles, was vor allem Testosteron (eigentlich, wenn Sie sexuelle Dysfunktion vermeiden wollen, stapeln mit Testosteron ist notwendig). Ich fand es auch eine tolle Erg\u00e4nzung zu einem Stapel mit Equipoise, wie gut. Leider, Schlaflosigkeit, Parabolan gibt viele Benutzer, Hinzugef\u00fcgt, um den Appetit zu erh\u00f6hen, die Gleichgewichts verursachen k\u00f6nnen, macht die Mitternacht naschen fast unvermeidlich f\u00fcr diejenigen, die diese Effekte. Parabolan wird oft verwendet, wenn beim schneiden stacks &#8222;Muskel-Qualit\u00e4t&#8220; zu gewinnen ist bevorzugt \u00fcber aufblasen und Wasser-retention. Wirklich, ich glaube, Parabolan (oder Tren) ist eine gro\u00dfe &#8222;schneiden&#8220; Anabolika, obwohl es verwendet wurde erfolgreich von vielen sowohl in Schneid-und F\u00fcllstoff-Zyklen.<\/p>\n<p><b>Parabolan Nebenwirkungen<\/b><\/p>\n<p>Einige Benutzer von Para-Bericht sexuelle Dysfunktion (Tren-Dick) und Symptome der Gyn\u00e4komastie (wahrscheinlich Progesteron verwandt, wie Trenbolon wirkt am Progesteron-rezeptor, nicht aber die \u00f6strogen-rezeptor). Wie Sie wissen, ist Trenbolon ist, leider, ein Gestagen. Tren bindet an den rezeptor f\u00fcr das weibliche Sexualhormon Progesteron (mit etwa 60% der tats\u00e4chlichen St\u00e4rke Progesteron) (4). In hyper-empfindlich muscle-research.com Mitglieder, dies kann dazu f\u00fchren, aufblasen und Brust Wachstum in Kombination mit \u00f6strogenen oder aromatizable Produkt, aber wahrscheinlich nicht, wenn verwendet, ohne eine (12). Schlimmer noch, Trenbolon&#8217;s aktive Metabolit (17beta-Trenbolon) hat eine Bindungsaffinit\u00e4t an den Progesteron-rezeptor, ist eigentlich mehr als Progesteron selbst (5). Kein Grund zur Panik, obwohl, die aromatase-inhibitor Letrozol kann auch niedriger Progesteronspiegel, und der Bek\u00e4mpfung jeder progestogenic Seiten (13)(14). Ich w\u00fcrde stark dar\u00fcber nachdenken, seine Eingliederung in .25-.5mgs\/day in einem Zyklus mit Parabolan oder irgendwelche 19-nor-Verbindung.<\/p>\n<p>Ironischerweise, obwohl Para ist eine ausgezeichnete Schneid-Medikament, es wird niedriger Ihre Schilddr\u00fcse Ebene (11). Dies zu tun, durch Mittel, den K\u00f6rper&#8217;s negative-feedback-Schleife, auch Prolaktin erh\u00f6ht. Ergo, empfehle ich die Einnahme von T3 (25mcg\/Tag), oder T4 (100mcg\/Tag) zusammen mit Ihrem leiden zu vermeiden Tren von erh\u00f6hten Prolaktin sowie die Vielzahl von unerw\u00fcnschten Nebenwirkungen k\u00f6nnte dies verursachen. Aus diesen Gr\u00fcnden vermeiden viele Menschen stapeln Tren mit Deca (Nandrolon Decanoat), die auch ein Gestagen (4).<\/p>\n<p>Psychische Ver\u00e4nderungen sind ein ber\u00fcchtigter Nebeneffekt jede Art von Trenbolon verwenden, und ABS ist keine Ausnahme von dieser Regel. Androgene erh\u00f6hen Chemikalien im Gehirn, die aggressives Verhalten f\u00f6rdern(12). Dies kann vorteilhaft f\u00fcr einige Athleten wollen zur Verbesserung der Geschwindigkeit und power, sondern vielleicht auch nachteilig auf diejenigen, die versuchen zu halten einen job als Sozialarbeiter. Ich glaube, dass dies kontrolliert werden kann. Es scheint, dass, wenn Sie sind laid-back, sanftm\u00fctiger Kerl, Sie sind immer noch im Allgemeinen die gleiche Weise. Wenn Sie bereits ein Arschloch ist, werden Sie vermutlich ein noch gr\u00f6\u00dferes Arschloch.<\/p>\n<p>F\u00fcr einige, die Schlimmste Auswirkung jeglicher Art von Trenbolon &#8222;Tren Husten&#8220;. Tren Enanthate nicht diese Wirkung auf die meisten, aber manchmal tut Parabolan. Tren Acetat scheint die schlimmsten T\u00e4ter, wenn es darum geht zu Tren-Husten. Viele berichten, dass diese Nebenwirkung verschwindet nach den ersten paar Wochen der Benutzung. Auch jede Art von Tren gibt viele Anwender ein wenig Schlaflosigkeit. Die auff\u00e4lligste Nebenwirkung von Parabolan Regel ist, dass es erh\u00f6ht das Schwitzen drastisch, auch er Benutzer Teufelskreis &#8222;Nachtschwei\u00df&#8220;, die gut mit Schlaflosigkeit. Zu Fu\u00df bis eine Treppe kann dazu f\u00fchren, dass einige Tren Benutzer zu durchbrechen und in Perlen der Schwei\u00df und zu umst\u00e4ndlich. Nachdem erw\u00e4hnt, dass es muss beachtet werden, dass viele Menschen erleben eine reduzierte Herz-Kreislauf-Kapazit\u00e4t bei der Verwendung von ABS. Dennoch ist seine unglaubliche Auswirkungen auf die St\u00e4rke und Aussehen bedeutet, dass es fallen, in die viele Mitglieder&#8216; Zyklen f\u00fcr die Nebensaison und im winter (beim Schwitzen gewann&#8217;t werden so viel von einem problem).<\/p>\n<p><b>Parabolan Verweise:<\/b><\/p>\n<ol>\n<li>Br J Nutr. 1978 Nov;40(3):563-72.<\/li>\n<li>J Cell Physiol. Nov 2004;201(2):181-9.<\/li>\n<li>Endokrinologie. Mai 1989;124(5):2110-7.<\/li>\n<li>Cancer Res 1978 Nov; 38(11 Pt 2):4186-98<\/li>\n<li>APMIS. 2000 Dec;108(12):838-46.<\/li>\n<li>(Xu X, et al. &#8222;Die Wirkung von androgenen auf die regulation der Lipolyse im Fettgewebe Vorl\u00e4uferzellen.&#8220; Endokrinologie Feb 1990;126(2):1229 ).<\/li>\n<li>J Anim Sci. 1992 Nov;70(11):3381-90.<\/li>\n<li>Am J Physiol. 1998 Jun;274(6 Pt 1):C1645-52.<\/li>\n<li>Biochim Biophys Acta. Mai 1995 11;1244(1):117-20.<\/li>\n<li>J Appl. Physiol.94 1153-61 2003<\/li>\n<li>Res Vet Sci 1981 Jan;30(1):7-13<\/li>\n<li>Med Sci Sports Exerc. 2003 Jan; 35(1):32-8<\/li>\n<li>Progesteron ist nicht wesentlich f\u00fcr die differentiative Potenzial von Mamma-Epithel in der m\u00e4nnlichen Maus. Freeman, Topper. Endokrinologie. 1978 Jul;103(1):186-92<\/li>\n<li>Eur J Obstet Gynecol Reprod Biol. 2002 Nov 15;105(2):161-5.<\/li>\n<li>J Clin Endocrinol Metab. 1995 Sep;80(9):2658-60.<\/li>\n<\/ol>\n<h3>Weiterlesen<\/h3>\n<p><a href=\"http:\/\/getanabolics.biz\/de\/dianabol-online-auf-getanabolics-biz-kaufen\/\">Kaufen Sie DIANABOL ONLINE auf GETANABOLICS.BIZ<\/a><\/p>\n<p><a href=\"http:\/\/getanabolics.biz\/de\/winstrol-ist-es-und-ist-es\/\">WINSTROL, WAS IST ES UND WOF\u00dcR IST ES?<\/a><\/p>\n<p><a href=\"http:\/\/getanabolics.biz\/de\/cytomel-t3-rezensionen-zu-getanabolics-biz\/\">CYTOMEL T3 BEWERTUNGEN AUF GETANABOLICS.BIZ<\/a><\/p>\n<p><a href=\"http:\/\/getanabolics.biz\/de\/pause-zwischen-steroidkursen-und-pct\/\">PAUSE ZWISCHEN STEROID-KURSE UND PCT<\/a><\/p>\n<p><a href=\"http:\/\/getanabolics.biz\/de\/wie-effektiv-ist-die-steroidbruecke\/\">WIE WIRKSAM IST DIE STEROID-BR\u00dcCKE?<\/a><\/p>\n<p>&nbsp;<\/p>\n","protected":false},"excerpt":{"rendered":"<p>Paket: Parabolin (Trenbolon 75mg) Box mit 5 Ampullen &#8211; 1,5 ml<br \/>Hersteller: Alpha Pharma<br \/>Marke: Parabolin (Parabolan)<br \/>Weithin bekannt: Parabolin<\/p>\n","protected":false},"featured_media":317,"comment_status":"open","ping_status":"closed","template":"","meta":[],"product_cat":[105],"product_tag":[54],"_links":{"self":[{"href":"https:\/\/getanabolics.biz\/de\/wp-json\/wp\/v2\/product\/968"}],"collection":[{"href":"https:\/\/getanabolics.biz\/de\/wp-json\/wp\/v2\/product"}],"about":[{"href":"https:\/\/getanabolics.biz\/de\/wp-json\/wp\/v2\/types\/product"}],"replies":[{"embeddable":true,"href":"https:\/\/getanabolics.biz\/de\/wp-json\/wp\/v2\/comments?post=968"}],"wp:featuredmedia":[{"embeddable":true,"href":"https:\/\/getanabolics.biz\/de\/wp-json\/wp\/v2\/media\/317"}],"wp:attachment":[{"href":"https:\/\/getanabolics.biz\/de\/wp-json\/wp\/v2\/media?parent=968"}],"wp:term":[{"taxonomy":"product_cat","embeddable":true,"href":"https:\/\/getanabolics.biz\/de\/wp-json\/wp\/v2\/product_cat?post=968"},{"taxonomy":"product_tag","embeddable":true,"href":"https:\/\/getanabolics.biz\/de\/wp-json\/wp\/v2\/product_tag?post=968"}],"curies":[{"name":"wp","href":"https:\/\/api.w.org\/{rel}","templated":true}]}}