{"id":967,"date":"2017-04-27T10:31:41","date_gmt":"2017-04-27T12:12:15","guid":{"rendered":"http:\/\/getanabolics.biz\/product\/nandrorapid-n-phenylpropionate-box-mit-10-ampullen-von-1-ml-100mg-ml-nandrolon-phenylpropionat-kaufen\/"},"modified":"2018-01-21T11:53:41","modified_gmt":"2018-01-21T11:53:41","slug":"nandrorapid-n-phenylpropionate-box-of-10-ampoules-of-1-ml-100mg-ml-nandrolone-phenylpropionate","status":"publish","type":"product","link":"https:\/\/getanabolics.biz\/de\/produkt\/nandrorapid-n-phenylpropionate-box-of-10-ampoules-of-1-ml-100mg-ml-nandrolone-phenylpropionate\/","title":{"rendered":"NandroRapid (N. Phenylpropionate) &#8211; Alpha Pharma"},"content":{"rendered":"<h2>NandroRapid (N. Phenylpropionate) kaufen &#8211; Alpha Pharma (Nandrorapid)<\/h2>\n<p><a title=\"Buy NandroRapid (N. Phenylpropionate) at GetAnabolics\"><img src=\"http:\/\/getanabolics.biz\/images\/nandro-rapid-alphapharm.jpg\" width=\"30%\" align=\"right\" \/><\/a><br \/>\nF\u00fcr diejenigen, die sucht, NandroRapid (N. Phenylpropionate) und Fragen sich, wo zu kaufen NandroRapid (N. Phenylpropionate) von Alpha Pharma zur rechtlichen wir bieten Nandrorapid als die <strong>beste Wahl f\u00fcr echte Bodybuilder<\/strong>.<br \/>\nVon nun an eine <strong>gro\u00dfe Vielzahl von injizierbaren Steroide als auch orale Steroide<\/strong> und post-Zyklus-Therapie von Alpha Pharma kann gekauft werden <b>GetAnabolics<\/b>. Wir freuen uns, die Einf\u00fchrung der neuen NandroRapid (N. Phenylpropionate) von <span style=\"font-weight: bold;\">Alpha Pharma<\/span>.<br \/>\n<em>Alle Produkte, die wir zu bieten haben, sind aus authentischen, qualitativ hochwertige verbindungen und haben ein einziges Ziel: Menschen zu helfen, zu gewinnen Muskelmasse, die Allgemeine St\u00e4rke, Fett zu verbrennen und Ihnen helfen, auf dem Weg zu k\u00f6rperlicher Perfektion. Um eine Konstruktive und zivilisierte Verbindung mit unseren Kunden stellen wir maximale Anstrengungen zur Sicherung einer hohen service-Qualit\u00e4t und n\u00e4hert sich jede person, die Adresse zu unserem Online-Shop mit H\u00f6flichkeit und Respekt.<\/em><br \/>\nDen Aufbau und die Erhaltung einer wundersch\u00f6nen K\u00f6rpers erfordert eine Kombination von Methoden. Eine richtige Ern\u00e4hrung kommt zuerst in der Liste der wichtigen Bestandteile die der K\u00f6rper ben\u00f6tigt. Zweitens, stellen Sie sicher, dass Sie immer kaufen und verwenden Sie rechtlichen Steroide online nicht nur zu vermeiden, in Konflikt mit dem Gesetz, aber noch wichtiger ist, zur Vermeidung von gesundheitlichen Komplikationen.<br \/>\n<span style=\"font-weight: bold;\">GetAnabolics.Biz<\/span> ist die online-steroid Lieferanten speziell erstellt und widmet sich jeder athlet und bodybuilder mit der <strong>besten anabole Steroide zu erm\u00e4\u00dfigten Preisen<\/strong>. Wir haben uns entschieden, zuverl\u00e4ssigsten Marken zusammenarbeiten, um sicherzustellen, sicher, echt und top-notch-Steroide f\u00fcr unsere Kunden.<br \/>\n<em>Versand Steroide sehr sicher ist das Hauptanliegen f\u00fcr die Lieferung von Steroiden weltweit. Unser diskreter Versand garantiert, dass niemand sonst wei\u00df, dass Sie kaufen Sie Steroide online.<\/em><\/p>\n<h2>Mehr NandroRapid (N. Phenylpropionate) Alpha Pharma Informationen<\/h2>\n<p><b>Packung mit 10 Ampullen von 1 ml, 100mg \/ ml. Nandrolon Phenylpropionat<\/b><\/p>\n<p>Nandrolon Phenylpropionate, auch bekannt als KKW ist sehr \u00e4hnlich zu dem sehr beliebten steroid Deca ist Nandrolon ist mit einer l\u00e4ngeren ester (Decanoate). Nandrolon Phenylpropionate ist daher eine k\u00fcrzere handeln Deca f\u00fcr alle praktischen Absichten und Zwecke. Anekdotisch, es scheint zu produzieren, weniger Wassereinlagerungen als seine Cousine l\u00e4nger wirkenden, und das w\u00e4re sehr im Einklang mit injizierbaren Testosteron, wo wir feststellen, dass k\u00fcrzere Ester viel weniger Wassereinlagerungen.<\/p>\n<p><em>Seine ein Gestagen, wie bei jedem Nandrolon-Derivat und wird durch entfernen des Kohlenstoff-atom an der position 19 der Steran Nucleus von Testosteron. Jedoch, obwohl es ein Gestagen, Nandrolon (unabh\u00e4ngig davon, ester) nicht produzieren viel von dem, was wir konnten richtig nennen \u00f6strogene Nebenwirkungen. Nebenwirkungen von Nandrolon Phenylpropionate w\u00e4re daher mehr richtig bezeichnet progestenic in der Natur, wie es nur in \u00f6strogen umwandelt ungef\u00e4hr 20% der rate von Testosteron.<\/em><\/p>\n<p>Unabh\u00e4ngig von ester-und Wasserretention nicht standhalten, finden wir, dass alle Merkmale in einer Art von Nandrolon gefunden in sonstige. Nandrolon, wahrscheinlich aufgrund seiner progestenic Natur hat die F\u00e4higkeit zur Verbesserung der collagen-Synthese als auch die Knochendichte. Klar das w\u00e4re ein gro\u00dfer Vorteil f\u00fcr Sportler mit Bindegewebe Probleme oder andere gemeinsame Probleme, obwohl Drogen getestet Athleten brauchen, um zu vermeiden, Nandrolones wegen Ihrer Nachweisbarkeit im Urin f\u00fcr ein Jahr, achtzehn Monate nach der Verabreichung. Auch, weil es progestin (mit leichten \u00f6strogene F\u00e4higkeit), hat er wahrscheinlich einige sehr positive Effekte auf das Immunsystem vermittelte anti-entz\u00fcndlichen Prozess, wodurch die wohltuende Gelenken sowie helfen, Sie zu heilen.<\/p>\n<p>Nandrolon ist eines der wenigen Steroide, die verwendet wurde erfolgreich bei AIDS-Patienten zu stimulieren, Gewichtszunahme, und obwohl die Athleten mit NPP anstelle von Deca finden, es zu produzieren, etwas weniger Gewicht zu gewinnen, dies ist wahrscheinlich ein Ergebnis zu erlangen, weniger Wasser Gewicht. Nandrolon Phenylpropionate, ist eine beliebte Droge als Deca zur Verwendung beim schneiden Zyklen vor kurzem, aufgrund dieser Tatsache.<\/p>\n<p>Dies bringt die Tatsache, dass, obwohl Deca hat eine sehr lange aktives Leben, das KKW hat eine wesentlich k\u00fcrzere, und dies bedeutet, dass Menschen gezwungen sind, zu injizieren mindestens zwei mal pro Woche, mit den gemeinsamen Protokoll wird an jedem Dritten Tag. Die Ergebnisse sind gesehen viel schneller mit KKW im Vergleich mit Deca, und seine schnell zu einem viel mehr beliebte alternative.<\/p>\n<p><em><b>M\u00f6gliche Nebenwirkungen<\/b>: Da Nandrolon ist nicht unterteilt in DHT, die eine sch\u00e4dliche Wirkung der meisten Anabolika auf der Kopfhaut, Haut und Prostata sind vermindert, um einen Abschluss, sondern nach unten gebrochen, um die viel schw\u00e4cheren androgen dihydronandrolone. Der Mangel an Alkylierung auf die 17a-carbon, drastisch reduziert das Medikament die Leber-Toxizit\u00e4t. \u00d6strogene Effekte, die sich aus der Reaktion mit aromatase sind auch abgeschw\u00e4cht, als Folge der Droge, ein Gestagen, aber Effekte wie die Ursache der Gyn\u00e4komastie und reduzierte libido noch auftreten, in gr\u00f6\u00dferen Dosen. Andere Nebenwirkungen k\u00f6nnen umfassen erektile Dysfunktion und Herz-Kreislauf-Sch\u00e4den, sowie mehrere Beschwerden, die sich aus der Droge Wirkung der Senkung der Ebenen der luteinisierendes Hormon durch negatives feedback.<\/em><\/p>\n<p><b>Dosis<\/b>: 50 &#8211; 150 mg jeden zweiten Tag.<\/p>\n","protected":false},"excerpt":{"rendered":"<p>Paket: Box mit 10 Ampullen von 1 ml, 100mg \/ ml. Nandrolon Phenylpropionat<br \/>\nHersteller: Alpha Pharma<br \/>\nMarke: NandroRapid (N. Phenylpropionate)<br \/>\nWeithin bekannt: Nandrorapid<\/p>\n<h3>Weiterlesen<\/h3>\n<p><a href=\"http:\/\/getanabolics.biz\/de\/kaufen-sie-clomid-online-auf-getanabolics-biz\/\">Kaufen Sie CLOMID ONLINE auf GETANABOLICS.BIZ<\/a><\/p>\n<p><a href=\"http:\/\/getanabolics.biz\/de\/wachstumshormon-hgh-die-wichtigsten-fakten\/\">Wachstumshormon HGH &#8211; die wichtigsten Fakten<\/a><\/p>\n<p><a href=\"http:\/\/getanabolics.biz\/de\/merkmale-von-kurzen-kursen-von-steroiden\/\">EIGENSCHAFTEN DER KURZEN STEROIDKURSE<\/a><\/p>\n<p><a href=\"http:\/\/getanabolics.biz\/de\/pause-zwischen-steroidkursen-und-pct\/\">PAUSE ZWISCHEN STEROID-KURSE UND PCT<\/a><\/p>\n<p><a href=\"http:\/\/getanabolics.biz\/de\/wie-effektiv-ist-die-steroidbruecke\/\">WIE WIRKSAM IST DIE STEROID-BR\u00dcCKE?<\/a><\/p>\n","protected":false},"featured_media":311,"comment_status":"open","ping_status":"closed","template":"","meta":[],"product_cat":[105],"product_tag":[54],"_links":{"self":[{"href":"https:\/\/getanabolics.biz\/de\/wp-json\/wp\/v2\/product\/967"}],"collection":[{"href":"https:\/\/getanabolics.biz\/de\/wp-json\/wp\/v2\/product"}],"about":[{"href":"https:\/\/getanabolics.biz\/de\/wp-json\/wp\/v2\/types\/product"}],"replies":[{"embeddable":true,"href":"https:\/\/getanabolics.biz\/de\/wp-json\/wp\/v2\/comments?post=967"}],"wp:featuredmedia":[{"embeddable":true,"href":"https:\/\/getanabolics.biz\/de\/wp-json\/wp\/v2\/media\/311"}],"wp:attachment":[{"href":"https:\/\/getanabolics.biz\/de\/wp-json\/wp\/v2\/media?parent=967"}],"wp:term":[{"taxonomy":"product_cat","embeddable":true,"href":"https:\/\/getanabolics.biz\/de\/wp-json\/wp\/v2\/product_cat?post=967"},{"taxonomy":"product_tag","embeddable":true,"href":"https:\/\/getanabolics.biz\/de\/wp-json\/wp\/v2\/product_tag?post=967"}],"curies":[{"name":"wp","href":"https:\/\/api.w.org\/{rel}","templated":true}]}}