{"id":962,"date":"2017-04-27T10:31:41","date_gmt":"2017-04-27T12:10:44","guid":{"rendered":"http:\/\/getanabolics.biz\/product\/testosterone-cyp-250-1-box-mit-10-ampullen-je-1-ampulle-enthalt-250-mg-testosteron-cypionate-kaufen\/"},"modified":"2018-01-21T12:19:47","modified_gmt":"2018-01-21T12:19:47","slug":"testosterone-cyp-250-1-box-of-10-ampoules-each-1-ampoule-contains-250-mg-testosterone-cypionate","status":"publish","type":"product","link":"https:\/\/getanabolics.biz\/de\/produkt\/testosterone-cyp-250-1-box-of-10-ampoules-each-1-ampoule-contains-250-mg-testosterone-cypionate\/","title":{"rendered":"Testosterone Cyp. 250 &#8211; Alpha Pharma"},"content":{"rendered":"<h2>Testosterone Cyp. 250 kaufen &#8211; Alpha Pharma (Testocyp)<\/h2>\n<p><a title=\"Buy Testosterone Cyp. 250 at GetAnabolics\"><img src=\"http:\/\/getanabolics.biz\/images\/c-ject-300.jpg\" width=\"30%\" align=\"right\" \/><\/a><br \/>\nF\u00fcr diejenigen, die sucht, Testosterone Cyp. 250 und Fragen sich, wo zu kaufen Testosterone Cyp. 250 von Alpha Pharma zur rechtlichen wir bieten Testocyp als die <strong>beste Wahl f\u00fcr echte Bodybuilder<\/strong>.<br \/>\nVon nun an eine <strong>gro\u00dfe Vielzahl von injizierbaren Steroide als auch orale Steroide<\/strong> und post-Zyklus-Therapie von Alpha Pharma kann gekauft werden <b>GetAnabolics<\/b>. Wir freuen uns, die Einf\u00fchrung der neuen Testosterone Cyp. 250 von <span style=\"font-weight: bold;\">Alpha Pharma<\/span>.<br \/>\n<em>Alle Produkte, die wir zu bieten haben, sind aus authentischen, qualitativ hochwertige verbindungen und haben ein einziges Ziel: Menschen zu helfen, zu gewinnen Muskelmasse, die Allgemeine St\u00e4rke, Fett zu verbrennen und Ihnen helfen, auf dem Weg zu k\u00f6rperlicher Perfektion. Um eine Konstruktive und zivilisierte Verbindung mit unseren Kunden stellen wir maximale Anstrengungen zur Sicherung einer hohen service-Qualit\u00e4t und n\u00e4hert sich jede person, die Adresse zu unserem Online-Shop mit H\u00f6flichkeit und Respekt.<\/em><br \/>\nDen Aufbau und die Erhaltung einer wundersch\u00f6nen K\u00f6rpers erfordert eine Kombination von Methoden. Eine richtige Ern\u00e4hrung kommt zuerst in der Liste der wichtigen Bestandteile die der K\u00f6rper ben\u00f6tigt. Zweitens, stellen Sie sicher, dass Sie immer kaufen und verwenden Sie rechtlichen Steroide online nicht nur zu vermeiden, in Konflikt mit dem Gesetz, aber noch wichtiger ist, zur Vermeidung von gesundheitlichen Komplikationen.<br \/>\n<span style=\"font-weight: bold;\">GetAnabolics.Biz<\/span> ist die online-steroid Lieferanten speziell erstellt und widmet sich jeder athlet und bodybuilder mit der <strong>besten anabole Steroide zu erm\u00e4\u00dfigten Preisen<\/strong>. Wir haben uns entschieden, zuverl\u00e4ssigsten Marken zusammenarbeiten, um sicherzustellen, sicher, echt und top-notch-Steroide f\u00fcr unsere Kunden.<br \/>\n<em>Versand Steroide sehr sicher ist das Hauptanliegen f\u00fcr die Lieferung von Steroiden weltweit. Unser diskreter Versand garantiert, dass niemand sonst wei\u00df, dass Sie kaufen Sie Steroide online.<\/em><\/p>\n<h2>Mehr Testosterone Cyp. 250 Alpha Pharma Informationen<\/h2>\n<p><strong>1 box mit 10 Ampullen je 1 Ampulle enth\u00e4lt 250 mg Testosteron Cypionate<\/strong><\/p>\n<p><strong><u>Gemeldet Eigenschaften<\/u><\/strong><br \/>\n<strong> Aktiv-Life: 15-16 Tage<\/strong><br \/>\n<strong> Drug-Klasse: Androgene\/Anabole Steroid (Zur Injektion)<\/strong><br \/>\n<strong> Durchschnittliche Berichtet Dosierung: M\u00e4nner 200-1000mg die Woche.<\/strong><br \/>\n<strong> Akne: ja, gemeinsame<\/strong><br \/>\n<strong> Water Retention: ja, hohe<\/strong><br \/>\n<strong> Hoher Blutdruck: ja, in der Regel aufgrund der hohen Wasser \/Elektrolyt retention<\/strong><br \/>\n<strong> Leber Giftig: Niedrig, au\u00dfer in absurden Dosierungen<\/strong><br \/>\n<strong> Aromatisierung: ja, hohe<\/strong><br \/>\n<strong> DHT Conversion: ja, hohe<\/strong><br \/>\n<strong> Verringert HPTA Funktion: ja, stark<\/strong><\/p>\n<p><em>Testosteron Cypionate ist ein single-ester, lang wirksame form von Testosteron. Aufgrund der L\u00e4nge seines Esters (8 Kohlenstoffen) gelagert ist es vor allem im Fettgewebe auf intra-musuclar Injektion, und dann langsam, aber sehr stetig ver\u00f6ffentlicht, \u00fcber einen bestimmten Zeitraum. Ein H\u00f6hepunkt wird darauf hingewiesen, nach 24-48 Stunden nach der Injektion und dann langsam sinken, erreichen eine stetige Nummer nach 12 Tagen und bleiben dort f\u00fcr mehr als 3 Wochen Zeit. Nat\u00fcrlich sind die meisten Benutzer von Anabolika nicht finden ad\u00e4quate Vorteil in der Nutzung dieser steady-Punkt-Dosis, also das Produkt wird normalerweise einmal pro Woche injiziert, wodurch die niedrigste Dosis h\u00f6her als die H\u00e4lfte der peak-Dosis zu einem bestimmten Zeitpunkt. Das ist so in etwa der Start-Blut-Ebene. Ein lang wirkenden Testosteron ester ist ein must-have in jedem Masse-Aufbau-Zyklus. Als solches ist ein sehr ordentliches Produkt. Pers\u00f6nlich habe ich mehr Affinit\u00e4t f\u00fcr Testosteron enanthate, aber nur wenige Nutzer beachten, keine wirkliche Unterschied zwischen den beiden Produkten, und beide bleiben eine bessere kaufen, als Ihre popul\u00e4re Gegenst\u00fcck sustanon 250, das ist eine schlechte Wahl von Testosteron, meiner Meinung nach. Macht es Sinn, dass ein Benutzer einfach setzt auf die man am ehesten verf\u00fcgbar zu der Zeit. Sie verkaufen f\u00fcr etwa den gleichen Preis und sind fast gleich gut. So sind die meisten Nord-und S\u00fcd-amerikanischen Nutzer in der Regel entscheiden sich f\u00fcr die Verwendung von cypionate, als es ist mehr in jenen Regionen, in der Erw\u00e4gung, dass die Europ\u00e4er und Asiaten werden es wahrscheinlich vorziehen, die enanthate-version. Ein lang wirkenden Testosteron ester kann das beste f\u00fcr alle Masse-Aufbau ben\u00f6tigt, aber es ist nicht einfach, Produkt zu benutzen. Aufgrund der extremen L\u00e4nge der Aktion (3-4 Wochen) kann man nicht einfach l\u00f6sen auftretende Probleme einfach durch absetzen des Produkts, wie wird es weiter wirken und verschlimmern Nebenwirkungen \u00fcber l\u00e4ngere Zeit. In Bezug auf Besch\u00e4digungen kontrollieren und post-Zyklus-Therapie, die einige Vertrautheit mit der Verwendung von zus\u00e4tzlichen Medikamenten erforderlich ist, bevor eine lange handeln Testosteron-Produkt. Nolvadex und Proviron wird kommen in sehr praktisch in solchen F\u00e4llen-und post-Zyklus HCG und clomid oder Nolvadex erforderlich sein, zur Wiederherstellung nat\u00fcrlicher Testosteron. Die H\u00e4ufigkeit der Nebenwirkungen ist wahrscheinlich die h\u00f6chste, die mit dieser Art von Produkt.<\/em><\/p>\n<p><em>W\u00e4hrend die meisten werden Ihnen sagen, es ist eine Verschwendung, nicht zu verwenden, Testosteron, wie es wird Jahre dauern l\u00e4nger zu bauen, die richtigen Masse, dies sind alle Punkte zu ber\u00fccksichtigen. Testosteron ist ein Produkt, das stark genutzt wird von Anf\u00e4ngern und Veteranen gleicherma\u00dfen und mit Recht so. Diejenigen, die Angst, Sie k\u00f6nnten nie verstehen, die die ordnungsgem\u00e4\u00dfe Verwendung der erg\u00e4nzenden Medikamente, kann wollen, um es aufzusaugen und investieren in einige Propionat oder Testosteron suspension statt. Diese sind viel k\u00fcrzer wirkende und leichter zu kontrollieren, aber Sie m\u00fcssen gespritzt werden, einmal alle zwei Tage, w\u00e4hrend dieser Typ der ester wird zu vermitteln, gro\u00dfe Gewinne mit einer einzigen w\u00f6chentlichen Injektion. Etwas im Auge zu behalten.<\/em><\/p>\n<p><strong> Stapeln und Verwendung:<\/strong><\/p>\n<p>Testosteron ist das st\u00e4rkste Verbindung da ist, so offensichtlich seine v\u00f6llig in Ordnung, es zu benutzen von selbst. Mit einem lang wirkenden ester wie Cypionate Dosen von 500-1000 mg pro Woche verwendet, sehr klare Ergebnisse \u00fcber ein 10-Wochen-Frist. Wenn Sie jemals einen Mann gesehen, der quillt mit der schieren Gr\u00f6\u00dfe, dann Testosteron die Ursache davon. Aber Testosteron ist dennoch oft gestapelt. Aufgrund des hohen Auftretens von Nebenwirkungen werden die Menschen in der Regel aufteilen von stapeln des Testosteron-und eine mildere Komponente um eine weniger riskante Zyklus, aber ohne sich, wie viel der Gewinne. Primobolan, Equipoise und <a href=\"http:\/\/getanabolics.biz\/de\/produkt\/deca-100-10x1ml-ampoules-each-has-100-mg-total-1000-mg-nandrolone-decaonate\/\">Deca-Durabolin<\/a> sind die Waffen der Wahl in dieser Angelegenheit. Deca scheint die beliebteste, wahrscheinlich aufgrund des extrem milden androgenen Natur. Aber Deca als eines der h\u00f6chsten Risiken f\u00fcr gerade ungef\u00e4hr jedem andere Nebenwirkungen, die ich wahrscheinlich w\u00fcrde nicht empfehlen es. Wenn Deca verwendet wird, im Allgemeinen eine Dosis von 200-400 mg Hinzugef\u00fcgt wird, um 500-750 mg Testosteron pro Woche.<\/p>\n<p>Primobolan ist manchmal entschied sich f\u00fcr, und kann n\u00fctzlich sein, da es nicht aromatisieren, wodurch das gesamte Niveau von Wassereinlagerungen und Fett zu gewinnen, viel weniger als mit mehr testen, oder mit Deca zum Beispiel. Leider, seiner milden Natur, verbunden mit einem Mangel an \u00f6strogen machen Primobolan eine sehr schlechte Masse-builder. Wieder in Dosierungen von 300 bis 400 mg verwendet. Ich w\u00fcrde tats\u00e4chlich empfehlen, eine h\u00f6here Dosis, aber mit den aktuellen Preisen f\u00fcr das Primo glaube ich nicht, es w\u00e4re sehr beliebt. Meine pers\u00f6nliche Pr\u00e4ferenz geht, Equipoise. Androgenically das ist nicht viel st\u00e4rker als Deca, weil es neben keine Affinit\u00e4t f\u00fcr die 5-alpha-Reduktase-Enzym und ist nur halb so androgener als Testosteron. Seine doppelt so stark als Deca, mg f\u00fcr mg, und hat einen geringeren auftreten von Nebenwirkungen. Es hat einige \u00f6strogen, aber nicht eine ganze Menge, so dass es tats\u00e4chlich kippt eine person aus, anstatt aufblasen, ihn als Deca wird. Es erh\u00f6ht auch den Appetit, f\u00f6rdert, erh\u00e4lt und verbessert die aerobe Leistungsf\u00e4higkeit, die m\u00f6glicherweise Wunschdenken als Testosteron-hat normalerweise einen gegenteiligen Effekt.<\/p>\n<p>nat\u00fcrlich Testosteron cypionate gestapelt werden k\u00f6nnen, mit einer beliebigen Anzahl von verbindungen abgesehen von diesen, aber diese machen das beste match. Beim stapeln mit Testosteron, man muss schauen, was die anderen Verbindung bringen k\u00f6nnen. Entweder es hat ein Merkmal, dass Testosteron nicht haben, oder seine nominell sicherer. Die Testosteron-bringen die Masse, also das hinzuf\u00fcgen von einem anderen steroid zu erh\u00f6hen Masse allein, nutzlos ist. Mehr Testosteron ist das beste Heilmittel f\u00fcr diese.<\/p>\n<p>Man muss vertraut sein mit einer Vielzahl von anderen verbindungen bei der Verwendung von lang wirkenden Testosteron Ester jedoch. Erstens, die anti-\u00f6strogene. Die rate der Aromatisierung von Testosteron ist ziemlich gro\u00df, so Wassereinlagerungen und Fett zu gewinnen sind eine Tatsache und Gyn\u00e4komastie ist nie weit Weg. Wenn Probleme auftreten, ist man am besten zu Beginn auf 20 mg Nolvadex pro Tag und bleiben Sie auf, bis die Probleme nachlassen. Ich w\u00fcrde nicht bleiben, auf dem es f\u00fcr einen ganzen Zyklus, so kann es zu reduzieren die Gewinne. In Bezug auf ein aromatase-blocker, Testosteron ist eines der wenigen verbindungen, in denen <a href=\"http:\/\/getanabolics.biz\/de\/produkt\/proviron-buy-proviron-50-tabs-each-tab-25mg-mesterolone\/\">Proviron <\/a>kann wirklich bevorzugt werden, die \u00fcber arimidex. Das wird proviron nicht nur die Verringerung der \u00f6strogenspiegel und kann verwendet werden, f\u00fcr l\u00e4ngere Zeit auf einer Testosteron-Zyklus, es wird auch binden mit gro\u00dfer Affinit\u00e4t an das Sexualhormon-bindende Proteine in das Blut und wird es erm\u00f6glichen, ein h\u00f6heres Niveau an freiem Testosteron im K\u00f6rper, damit Verbesserung der Gewinne.<\/p>\n<p>in der Regel 50-100 mg ausreichen wird, das untere Ende wird bevorzugt f\u00fcr maximale Ergebnisse, da \u00f6strogen spielt eine wichtige Rolle in Gewinne, aber diejenigen, die mehr \u00fcber \u00f6strogen besorgt, sollte sich f\u00fcr eine h\u00f6here Dosis. F\u00fcr diejenigen, die besorgt \u00fcber Androgene Nebenwirkungen (Haarausfall, Prostata-Hypertrophie, Vertiefung der Stimme), man kann das nutzen der Behandlung gegen Haarausfall Finasterid. Dieser blockiert die 5-alpha-Reduktase-Enzym und Stoppt die Umwandlung von Testosteron in das st\u00e4rker Androgene Verbindung DHT. Ich bin kein gro\u00dfer fan von diesen, da DHT reduziert \u00f6strogene aufblasen&#8220;, erh\u00f6ht die freien Testosteronspiegel und ist ein sehr starkes androgen, das ist 3-4 mal st\u00e4rker als Testosteron. Wer sich sorgen \u00fcber Haarausfall kann jedoch wollen, entscheiden Sie sich f\u00fcr arimidex wie Ihre anti-aromatase, da Proviron ist eine form von DHT, nachdem alle.<\/p>\n<p>Nach einem Zyklus, vor allem aufgrund der hohen Aromatisierung und erh\u00f6hte Konzentrationen von \u00f6stradiol im Blut nach absetzen, Nat\u00fcrliche Testosteron-Spiegel wird stark unterdr\u00fcckt. Dies bedeutet, dass Schritte unternommen werden m\u00fcssen, um zu gew\u00e4hrleisten, die schnelle R\u00fcckkehr des nat\u00fcrlichen Testosterons, oder zu verlieren, stehen wir viele der Fortschritte, die wir gemacht, w\u00e4hrend mit Testosteron. Da es ein nicht-toxischen, potenten Masse-builder, Ihrer meist verwendet in lange 10-12 Wochen-Takt. So einige Testikular-Schrumpfung eingetreten zu sein. Es ist sehr wichtig, dass die Menschen sehen, dass HCG und Nolvadex\/clomid sind unabdingbar, da eine post-cycle-Therapie, und beide sind gleicherma\u00dfen wichtig, um unser Ziel zu. HCG-Injektionen werden sollte, begann die Letzte Woche des Zyklus und weiterhin f\u00fcr 3-4 Wochen, mit 1500-3000 IU alle 5-6 Tage. HCG wird als eine alternative zu LH und starten Sie die endogene Testosteron-Zyklus, wodurch Hoden Gr\u00f6\u00dfe wieder. Dann etwa 2 Wochen nach dem letzten Schuss von Testosteron gegeben wird, Nolvadex\/Clomid Zyklus gestartet werden soll. 40 mg Nolva oder 150 mg Clomid pro Tag f\u00fcr zwei Wochen, gefolgt von zwei Wochen entweder 20 mg Nolva oder 100 mg Clomid pro Tag sollte ausreichend sein. Denken Sie immer daran, dass HCG ist unterdr\u00fcckerische der nat\u00fcrlichen Testosteron selbst und sollte abgesetzt werden, mindestens 2 Wochen vor Beendigung Nolvadex\/Clomid.<\/p>\n<h3>Weiterlesen<\/h3>\n<p><a href=\"http:\/\/getanabolics.biz\/de\/deca-durabolin-nebenwirkungen\/\">DECA DURABOLIN NEBENWIRKUNGEN<\/a><\/p>\n<p><a href=\"http:\/\/getanabolics.biz\/de\/alles-ueber-proviron-mesterolone\/\">ALLES \u00dcBER PROVIRON (MESTEROLON)<\/a><\/p>\n<p><a href=\"http:\/\/getanabolics.biz\/de\/sollte-die-dauer-des-steroid-kurses-sein\/\">Was sollte die Dauer des STEROIDS-Kurses sein?<\/a><\/p>\n<p><a href=\"http:\/\/getanabolics.biz\/de\/kreatin-auf-einem-kurs-von-steroiden\/\">Kreatin auf einem Kurs von Steroiden<\/a><\/p>\n<p><a href=\"http:\/\/getanabolics.biz\/de\/crossfit-und-steroide\/\">CROSSFIT UND STEROIDE<\/a><\/p>\n","protected":false},"excerpt":{"rendered":"<p>Paket: 1 box mit 10 Ampullen je 1 Ampulle enth\u00e4lt 250 mg Testosteron Cypionate<br \/>Hersteller: Alpha Pharma<br \/>Marke: Testosterone Cyp. 250<br \/>Weithin bekannt: Testocyp<\/p>\n","protected":false},"featured_media":305,"comment_status":"open","ping_status":"closed","template":"","meta":[],"product_cat":[118,105],"product_tag":[54],"_links":{"self":[{"href":"https:\/\/getanabolics.biz\/de\/wp-json\/wp\/v2\/product\/962"}],"collection":[{"href":"https:\/\/getanabolics.biz\/de\/wp-json\/wp\/v2\/product"}],"about":[{"href":"https:\/\/getanabolics.biz\/de\/wp-json\/wp\/v2\/types\/product"}],"replies":[{"embeddable":true,"href":"https:\/\/getanabolics.biz\/de\/wp-json\/wp\/v2\/comments?post=962"}],"wp:featuredmedia":[{"embeddable":true,"href":"https:\/\/getanabolics.biz\/de\/wp-json\/wp\/v2\/media\/305"}],"wp:attachment":[{"href":"https:\/\/getanabolics.biz\/de\/wp-json\/wp\/v2\/media?parent=962"}],"wp:term":[{"taxonomy":"product_cat","embeddable":true,"href":"https:\/\/getanabolics.biz\/de\/wp-json\/wp\/v2\/product_cat?post=962"},{"taxonomy":"product_tag","embeddable":true,"href":"https:\/\/getanabolics.biz\/de\/wp-json\/wp\/v2\/product_tag?post=962"}],"curies":[{"name":"wp","href":"https:\/\/api.w.org\/{rel}","templated":true}]}}