{"id":961,"date":"2017-04-27T10:31:41","date_gmt":"2017-04-27T12:10:44","guid":{"rendered":"http:\/\/getanabolics.biz\/product\/testosterone-cyp-250-10-ml-flasche-jede-1-ml-enthalt-250-mg-testosteron-cypionate-kaufen\/"},"modified":"2018-01-21T12:33:52","modified_gmt":"2018-01-21T12:33:52","slug":"testosterone-cyp-250-10-ml-vial-each-1ml-contains-250-mg-testosterone-cypionate","status":"publish","type":"product","link":"https:\/\/getanabolics.biz\/de\/produkt\/testosterone-cyp-250-10-ml-vial-each-1ml-contains-250-mg-testosterone-cypionate\/","title":{"rendered":"Testosterone Cyp. 250 &#8211; Alpha Pharma"},"content":{"rendered":"<h2>Testosterone Cyp. 250 kaufen &#8211; Alpha Pharma (Testocyp)<\/h2>\n<p><a title=\"Buy Testosterone Cyp. 250 at GetAnabolics\"><img src=\"http:\/\/getanabolics.biz\/images\/cypionate-250-10-la.jpg\" width=\"30%\" align=\"right\" \/><\/a><br \/>\n<img loading=\"lazy\" class=\"size-medium wp-image-32351148 alignright\" src=\"http:\/\/getanabolics.biz\/wp-content\/uploads\/2017\/04\/Testosterone-Cyp.-250-1-242x300.jpg\" alt=\"\" width=\"242\" height=\"300\" srcset=\"https:\/\/getanabolics.biz\/wp-content\/uploads\/2017\/04\/Testosterone-Cyp.-250-1-242x300.jpg 242w, https:\/\/getanabolics.biz\/wp-content\/uploads\/2017\/04\/Testosterone-Cyp.-250-1.jpg 290w\" sizes=\"(max-width: 242px) 100vw, 242px\" \/>F\u00fcr diejenigen, die sucht, Testosterone Cyp. 250 und Fragen sich, wo zu kaufen Testosterone Cyp. 250 von Alpha Pharma zur rechtlichen wir bieten Testocyp als die <strong>beste Wahl f\u00fcr echte Bodybuilder<\/strong>.<br \/>\nVon nun an eine <strong>gro\u00dfe Vielzahl von injizierbaren Steroide als auch orale Steroide<\/strong> und post-Zyklus-Therapie von Alpha Pharma kann gekauft werden <b>GetAnabolics<\/b>. Wir freuen uns, die Einf\u00fchrung der neuen Testosterone Cyp. 250 von <span style=\"font-weight: bold;\">Alpha Pharma<\/span>.<br \/>\n<em>Alle Produkte, die wir zu bieten haben, sind aus authentischen, qualitativ hochwertige verbindungen und haben ein einziges Ziel: Menschen zu helfen, zu gewinnen Muskelmasse, die Allgemeine St\u00e4rke, Fett zu verbrennen und Ihnen helfen, auf dem Weg zu k\u00f6rperlicher Perfektion. Um eine Konstruktive und zivilisierte Verbindung mit unseren Kunden stellen wir maximale Anstrengungen zur Sicherung einer hohen service-Qualit\u00e4t und n\u00e4hert sich jede person, die Adresse zu unserem Online-Shop mit H\u00f6flichkeit und Respekt.<\/em><br \/>\nDen Aufbau und die Erhaltung einer wundersch\u00f6nen K\u00f6rpers erfordert eine Kombination von Methoden. Eine richtige Ern\u00e4hrung kommt zuerst in der Liste der wichtigen Bestandteile die der K\u00f6rper ben\u00f6tigt. Zweitens, stellen Sie sicher, dass Sie immer kaufen und verwenden Sie rechtlichen Steroide online nicht nur zu vermeiden, in Konflikt mit dem Gesetz, aber noch wichtiger ist, zur Vermeidung von gesundheitlichen Komplikationen.<br \/>\n<span style=\"font-weight: bold;\">GetAnabolics.Biz<\/span> ist die online-steroid Lieferanten speziell erstellt und widmet sich jeder athlet und bodybuilder mit der <strong>besten anabole Steroide zu erm\u00e4\u00dfigten Preisen<\/strong>. Wir haben uns entschieden, zuverl\u00e4ssigsten Marken zusammenarbeiten, um sicherzustellen, sicher, echt und top-notch-Steroide f\u00fcr unsere Kunden.<br \/>\n<em>Versand Steroide sehr sicher ist das Hauptanliegen f\u00fcr die Lieferung von Steroiden weltweit. Unser diskreter Versand garantiert, dass niemand sonst wei\u00df, dass Sie kaufen Sie Steroide online.<\/em><\/p>\n<h2>Mehr Testosterone Cyp. 250 Alpha Pharma Informationen<\/h2>\n<p><b>10-ml-Flasche, jede 1 ml enth\u00e4lt 250 mg Testosteron Cypionate<\/b><\/p>\n<p><strong>Drogen-Klasse: Injizierbare Androgene und anabole Steroide.<\/strong><br \/>\n<strong> Empfohlene Durchschnittliche Dosierung: Zwischen 250 und 1000 mg pro Woche f\u00fcr M\u00e4nner <\/strong><br \/>\n<strong> Aktives Leben: Zwischen 15 und 16 Tagen<\/strong><br \/>\n<strong> Wasser retention: Hohe<\/strong><br \/>\n<strong> Toxische Leber: Niedrig aber steigt mit gro\u00dfen Dosen<\/strong><br \/>\n<strong> Verringert HPTA Funktion: ja, sehr hohe<\/strong><br \/>\n<strong> DTH-Konvertierung: Hohe<\/strong><br \/>\n<strong> Aromatisierung: Hoch<\/strong><\/p>\n<blockquote><p>Das wichtigste m\u00e4nnliche Sexualhormon ist das Testosteron und wird nat\u00fcrlich produziert in beiden M\u00e4nnern und Frauen ? aber die M\u00e4nnchen produzieren etwa 40-mal mehr Testosteron als Frauen. Testosteron Cypionate ist eine Reine form von Testosteron und ist seit Jahren verwendet, zur Behandlung von niedrigen Testosteron-Spiegel bei M\u00e4nnern. Es ist ein sehr starkes anaboles steroid mit starken androgenen Eigenschaften und gilt als eine der effektivsten und effizientesten Hormone f\u00fcr irgendeinen Zweck verwendet wird. Testosteron Cypionate ist so stark wie Testosteron Enantat und diese beiden verbindungen sind nahezu identisch. Dieses steroid produziert die gleiche Wirkung wie das Hormon Testosteron und Athleten und Bodybuilder verwenden dieses steroid zu \u00fcbertreiben die Auswirkungen von Testosteron.<\/p><\/blockquote>\n<h1>Testosteron Cypionate F\u00fcr Verkauf<\/h1>\n<p>Diese Verbindung ist vielleicht die beste steroid-Hormon-Ersatz, Verbesserung der Leistung und bulking. Die empfohlene Dosis f\u00fcr Anf\u00e4nger ist etwa 400 bis 500 mg pro Woche, vorzugsweise split zwischen zwei Injektionen. Ansonsten die empfohlene Dosierung betr\u00e4gt 200 mg alle 7 bis 10 Tage f\u00fcr diejenigen, die suchen, um Ihre Leistung zu verbessern. Fortgeschrittene Anwender verwenden sogar bis zu 1000mg pro Woche, aber die Nebenwirkungen sehr hoch sein kann auf solchen Ebenen. Empfohlene Dauer f\u00fcr Testosteron Cypionate-Zyklen ist zwischen 8 und 16 Wochen.<\/p>\n<p>Dieses steroid erh\u00f6ht die stickstoffspeicherung in der Muskulatur und verbessert die Proteinsynthese. Zudem erh\u00f6ht es die roten Blutk\u00f6rperchen und blockiert die Wirkung von Hormonen wie cortisol, die F\u00f6rderung der Muskelschwund. Dieses steroid gibt, alle die erwarteten Vorteile von anabolen Steroiden und es hat einen langen aktiven Leben von etwa 15 Tagen, die Wirkung h\u00e4lt f\u00fcr eine lange Zeit. Es erh\u00f6ht auch die Produktion von IGF-1. Durch die Verwendung von Testosteron Cypionate, Sportler und Bodybuilder erh\u00f6hen k\u00f6nnen, Kraft, Muskelmasse und bessere Nutzung von protein.<\/p>\n<p>Es f\u00f6rdert auch die Fettverbrennung und erh\u00f6ht die metabolische rate, wie es verhindert den Muskelabbau und das Wachstum der Muskel. Es hilft auch, die Sportlern beim Aufbau fettfreier Muskelmasse und hilft Ihnen, zu bewahren Muskel-Masse noch mit kalorienreduzierten Di\u00e4ten.<\/p>\n<p><em>Da Testosteron-Cypionate ist ein potenter anaboler Steroide, die Nebenwirkungen sind deutlich ausgepr\u00e4gt und dieses steroid sollte nicht von Frauen verwendet werden. Wie es aromatizes zu einem hohen Grad, k\u00f6nnen die Benutzer erwarten, \u00f6strogen-\u00e4hnliche Nebenwirkungen wie Gyn\u00e4komastie, Erh\u00f6hung des Blutdrucks, Wassereinlagerungen und Reduktion in das gute Cholesterin Ebenen. Hodenatrophie ist eine gesicherte Nebenwirkungen, was ist der Grund, warum dieses steroid sollte nicht missbraucht werden.<\/em><\/p>\n<h3>Weiterlesen<\/h3>\n<p><a href=\"http:\/\/getanabolics.biz\/de\/deca-durabolin-nebenwirkungen\/\">DECA DURABOLIN NEBENWIRKUNGEN<\/a><\/p>\n<p><a href=\"http:\/\/getanabolics.biz\/de\/alles-ueber-proviron-mesterolone\/\">ALLES \u00dcBER PROVIRON (MESTEROLON)<\/a><\/p>\n<p><a href=\"http:\/\/getanabolics.biz\/de\/sollte-die-dauer-des-steroid-kurses-sein\/\">Was sollte die Dauer des STEROIDS-Kurses sein?<\/a><\/p>\n<p><a href=\"http:\/\/getanabolics.biz\/de\/kreatin-auf-einem-kurs-von-steroiden\/\">Kreatin auf einem Kurs von Steroiden<\/a><\/p>\n<p><a href=\"http:\/\/getanabolics.biz\/de\/crossfit-und-steroide\/\">CROSSFIT UND STEROIDE<\/a><\/p>\n","protected":false},"excerpt":{"rendered":"<p>Paket: 10-ml-Flasche, jede 1 ml enth\u00e4lt 250 mg Testosteron Cypionate<br \/>Hersteller: Alpha Pharma<br \/>Marke: Testosterone Cyp. 250<br \/>Weithin bekannt: Testocyp<\/p>\n","protected":false},"featured_media":32351145,"comment_status":"open","ping_status":"closed","template":"","meta":[],"product_cat":[118,105],"product_tag":[54],"_links":{"self":[{"href":"https:\/\/getanabolics.biz\/de\/wp-json\/wp\/v2\/product\/961"}],"collection":[{"href":"https:\/\/getanabolics.biz\/de\/wp-json\/wp\/v2\/product"}],"about":[{"href":"https:\/\/getanabolics.biz\/de\/wp-json\/wp\/v2\/types\/product"}],"replies":[{"embeddable":true,"href":"https:\/\/getanabolics.biz\/de\/wp-json\/wp\/v2\/comments?post=961"}],"wp:featuredmedia":[{"embeddable":true,"href":"https:\/\/getanabolics.biz\/de\/wp-json\/wp\/v2\/media\/32351145"}],"wp:attachment":[{"href":"https:\/\/getanabolics.biz\/de\/wp-json\/wp\/v2\/media?parent=961"}],"wp:term":[{"taxonomy":"product_cat","embeddable":true,"href":"https:\/\/getanabolics.biz\/de\/wp-json\/wp\/v2\/product_cat?post=961"},{"taxonomy":"product_tag","embeddable":true,"href":"https:\/\/getanabolics.biz\/de\/wp-json\/wp\/v2\/product_tag?post=961"}],"curies":[{"name":"wp","href":"https:\/\/api.w.org\/{rel}","templated":true}]}}