{"id":960,"date":"2017-04-27T10:31:41","date_gmt":"2017-04-27T12:10:44","guid":{"rendered":"http:\/\/getanabolics.biz\/product\/testosterone-enant-250-10-ml-flasche-jede-1-ml-enthalt-250-mg-testosteron-enanthate-kaufen\/"},"modified":"2018-01-21T12:46:44","modified_gmt":"2018-01-21T12:46:44","slug":"testosterone-enant-250-10-ml-vial-each-1-ml-contains-250-mg-testosterone-enanthate","status":"publish","type":"product","link":"https:\/\/getanabolics.biz\/de\/produkt\/testosterone-enant-250-10-ml-vial-each-1-ml-contains-250-mg-testosterone-enanthate\/","title":{"rendered":"Testosterone Enant. 250 &#8211; Alpha Pharma"},"content":{"rendered":"<h2>Testosterone Enant. 250 kaufen &#8211; Alpha Pharma (Testobolin)<\/h2>\n<p><a title=\"Buy Testosterone Enant. 250 at GetAnabolics\"><img src=\"http:\/\/getanabolics.biz\/images\/testo-depot.jpg\" width=\"30%\" align=\"right\" \/><\/a><br \/>\nF\u00fcr diejenigen, die sucht, Testosterone Enant. 250 und Fragen sich, wo zu kaufen Testosterone Enant. 250 von Alpha Pharma zur rechtlichen wir bieten Testobolin als die <strong>beste Wahl f\u00fcr echte Bodybuilder<\/strong>.<br \/>\nVon nun an eine <strong>gro\u00dfe Vielzahl von injizierbaren Steroide als auch orale Steroide<\/strong> und post-Zyklus-Therapie von Alpha Pharma kann gekauft werden <b>GetAnabolics<\/b>. Wir freuen uns, die Einf\u00fchrung der neuen Testosterone Enant. 250 von <span style=\"font-weight: bold;\">Alpha Pharma<\/span>.<br \/>\n<em>Alle Produkte, die wir zu bieten haben, sind aus authentischen, qualitativ hochwertige verbindungen und haben ein einziges Ziel: Menschen zu helfen, zu gewinnen Muskelmasse, die Allgemeine St\u00e4rke, Fett zu verbrennen und Ihnen helfen, auf dem Weg zu k\u00f6rperlicher Perfektion. Um eine Konstruktive und zivilisierte Verbindung mit unseren Kunden stellen wir maximale Anstrengungen zur Sicherung einer hohen service-Qualit\u00e4t und n\u00e4hert sich jede person, die Adresse zu unserem Online-Shop mit H\u00f6flichkeit und Respekt.<\/em><br \/>\nDen Aufbau und die Erhaltung einer wundersch\u00f6nen K\u00f6rpers erfordert eine Kombination von Methoden. Eine richtige Ern\u00e4hrung kommt zuerst in der Liste der wichtigen Bestandteile die der K\u00f6rper ben\u00f6tigt. Zweitens, stellen Sie sicher, dass Sie immer kaufen und verwenden Sie rechtlichen Steroide online nicht nur zu vermeiden, in Konflikt mit dem Gesetz, aber noch wichtiger ist, zur Vermeidung von gesundheitlichen Komplikationen.<br \/>\n<span style=\"font-weight: bold;\">GetAnabolics.Biz<\/span> ist die online-steroid Lieferanten speziell erstellt und widmet sich jeder athlet und bodybuilder mit der <strong>besten anabole Steroide zu erm\u00e4\u00dfigten Preisen<\/strong>. Wir haben uns entschieden, zuverl\u00e4ssigsten Marken zusammenarbeiten, um sicherzustellen, sicher, echt und top-notch-Steroide f\u00fcr unsere Kunden.<br \/>\nVersand Steroide sehr sicher ist das Hauptanliegen f\u00fcr die Lieferung von Steroiden weltweit. Unser diskreter Versand garantiert, dass niemand sonst wei\u00df, dass Sie kaufen Sie Steroide online.<\/p>\n<h2>Mehr Testosterone Enant. 250 Alpha Pharma Informationen<\/h2>\n<p><b>10 ml-Fl\u00e4schchen, je 1 ml enth\u00e4lt 250 mg Testosteron Enanthate<\/b><\/p>\n<p><em>Testosteron enanthate ist ein ester des nat\u00fcrlich vorkommenden androgens Testosteron. Es ist verantwortlich f\u00fcr die normale Entwicklung der m\u00e4nnlichen Geschlechtsmerkmale. Im Falle unzureichender Testosteron-Produktion zu einer fast vollst\u00e4ndigen Ausgleich der funktionellen, anatomischen und psychischen Mangelerscheinungen kann erreicht werden durch Substitution von Testosteron.&#8220;<\/em><\/p>\n<p><a href=\"http:\/\/getanabolics.biz\/de\/alles-ueber-proviron-mesterolone\/\">Diese Linien, die klar beschreiben<\/a>, was f\u00fcr eine wichtige und wirksame Hormon Testosteron ist. Eines der vielen Testosteron-Substanzen ist das Testosteron-enanthate. Bei einem Mann ist es normalerweise zur Behandlung von Hypogonadismus aufgrund von androgen-Mangel (1) und An\u00e4mie (2). \u00dcberraschend, in der medizinischen Schulen Testosteron enanthate ist auch in Frauen und Kinder. Jungen und m\u00e4nnliche Jugendliche nehmen es als Wachstums-Therapie und die Frauen nehmen es als eine &#8222;additive Behandlung f\u00fcr bestimmte wachstumsformen der Brustwarzen w\u00e4hrend der post-menopause&#8220;. Im Bodybuilding ist es jedoch DIE &#8222;Masse Geb\u00e4ude steroid.&#8220; Egal, was Sie von Dianabol, Parabolan, Anadrol-50, Finaject, und andere, wenn es um Kraft, Muskelmasse und schnelle Gewichtszunahme, Testosteron ist immer noch der &#8222;King of the Road.&#8220; Testosteron enanthate ist das Europ\u00e4ische Gegenst\u00fcck zu Testosteron Cypionate, die \u00fcberwiegend in den USA erh\u00e4ltlich (siehe auch Testosteron Cypionate). Testosteron enanthate, da der Handel die Namen bereits andeuten, ist eine lang wirkende depot-steroid. Je nach den Stoffwechsel und der K\u00f6rper die ersten hormone Ebene, es hat eine Wirkungsdauer von zwei bis drei Wochen, so dass theoretisch sehr lange Intervalle zwischen den Injektionen sind m\u00f6glich. Obwohl Testosteron enanthate ist wirksam f\u00fcr mehrere Wochen, die es injiziert wird mindestens einmal in der Woche im Bodybuilding, Kraft heben und Gewichtheben. Diese, mit allen Mitteln, macht Sinn, da Testosteron enanthate hat eine plasma-Halbwertszeit Zeit, in der Blut von nur einer Woche.<\/p>\n<p><em>Der entscheidende Vorteil von Testosteron enanthate ist jedoch, dass diese Substanz eine sehr starke Androgene Wirkung und ist gekoppelt mit einem intensiven anabolen Komponente. Dies erm\u00f6glicht es fast jedem, innerhalb kurzer Zeit aufzubauen, eine Menge Kraft und Masse. Der, schnelle und starke Gewichtszunahme, kombiniert mit ausgepr\u00e4gten Wassereinlagerungen, da eine retention von Elektrolyten und Wasser erfolgt. Ein angenehmer Effekt ist, dass die enorme St\u00e4rke zu gewinnen geht hand in hand mit den Wassereinlagerungen. Gewicht Kraftsportler und power-Lifter, der besonders in den h\u00f6heren Gewichtsklassen, sch\u00e4tzen dieses Merkmal. In dieser Gruppe, Testosteron enanthate, Testosteron Cypionate und <a href=\"http:\/\/getanabolics.biz\/de\/produkt\/sustanon-250-1-box-of-10-ampoules-each-1-amp-contains-250-mg-testosterone-esters\/\">Sustanon 250<\/a> sind die Nummer eins Steroide; dies ist auch deutlich in der Dosierung. Dosierungen von 500 mg, 1000 mg oder sogar 2000 mg pro Tag sind keine Seltenheit-wohlgemerkt pro Tag, nicht pro Woche. Sportarten, die ein hohes Ma\u00df an roher Kraft, Aggressivit\u00e4t und Ausdauer bieten eine hervorragende Anwendung f\u00fcr Depot-Testosteron. Die deutliche Wassereinlagerungen hat auch noch andere Vorteile. Diejenigen, die Probleme mit Ihren Gelenken, Schulter-Knorpel oder deren Bandscheiben, durch Jahre des schweren Trainings, zeigen sich die ersten Anzeichen von Verschlei\u00df, k\u00f6nnen vor\u00fcbergehende Linderung durch Einnahme von Testosteron.<\/em><\/p>\n<p><strong>F\u00fcr bodybuilder, die Wassereinlagerungen, die geht hand in hand mit Testosteron enanthate Schnitte in beide Richtungen. Sicherlich bekommt man schnell massive und stark; aber das reflektierte Bild nach ein paar Wochen zeigt sich oft ganz flach, w\u00e4ssrig und geschwollene Muskeln. Die Muskeln wirken, als ob Sie wurden aufgepumpt mit Luft&#8220;, um neue Dimensionen, doch im Schaftbereich nichts passiert. Diejenigen, die nicht glauben dies sollte die M\u00fche zu gehen, besuchen Sie die so genannte &#8222;body building champions&#8220; w\u00e4hrend der OFF-season, wenn diese \u00fcbertriebene Mengen von &#8222;Testo&#8220; kommen. Ein Blick auf den jetzt Verstorbenen bodybuilding-Magazin WBF macht es noch deutlicher. Ein weiteres problem bei der Einnahme von Testosteron enanthate ist, dass die conversion-rate in \u00f6strogen sehr hoch ist. Dieses, auf der einen Seite, f\u00fchrt dem K\u00f6rper mehr Fett zu speichern, auf der anderen Seite, Feminisierung Symptome (Gyn\u00e4komastie) sind nicht ungew\u00f6hnlich. Aber es muss klar sein, dass dies h\u00e4ngt davon ab, die Athleten Veranlagung. Mit allen Mitteln, gibt es Athleten, die sogar mit 1000 mg \/Woche nicht zeigen Symptome der Feminisierung oder Fett und Ablagerungen, die unter sehr geringer Wasserretention. Andere hingegen entwickeln Schmerzen in Ihre Brustwarzen, indem Sie einfach an eine Testoviron-Depot-Ampulle. Doch die zus\u00e4tzliche Einnahme von Nolvadex und Proviron sollte ber\u00fccksichtigt werden in einer Dosierung von 500 mg \/Woche. Wie bereits erw\u00e4hnt, Testo ist wirksam f\u00fcr alle, ob Anf\u00e4nger oder Mr. Olympia. Testosteron enanthate auch stark f\u00f6rdert die regeneration. Dies f\u00fchrt zu einer deutlich k\u00fcrzeren \u00fcberkompensation Phasen, eine erh\u00f6hte Gef\u00fchl des Wohlbefindens und eine deutliche Steigerung der Energie. Dies ist auch der Grund, warum einige Athleten in der Lage sind zu arbeiten, zweimal t\u00e4glich f\u00fcr mehrere Stunden sechs mal die Woche und weiterhin aufzubauen Masse und Kraft. Diejenigen, die arbeiten k\u00f6nnen wieder aus zwei Stunden nach einem harten Bein-Training wei\u00df, dass Testo funktioniert. Athleten, die Testosteron enanthate Bericht einer \u00fcberm\u00e4\u00dfig starken pump-Effekt w\u00e4hrend des Trainings. Diese &#8222;steroid pump&#8220; ist zur\u00fcckzuf\u00fchren auf ein erh\u00f6htes Blutvolumen mit einer h\u00f6heren Sauerstoffversorgung und eine h\u00f6here Menge an roten Blutk\u00f6rperchen. Wer megadoses von Testosteron enanthate wird bereits das Gef\u00fchl, eine riesige Pumpe, die in Ihren Oberschenkeln und Waden beim Treppensteigen. Trotzdem empfehlen wir, dass steroid-Neulinge, bleiben Sie Weg von allen Testosteron-verbindungen. Um es ganz klar: Diejenigen, die noch nie Steroide genommen noch keine Notwendigkeit, irgendwelche Testosteron und warten sollten, bis sp\u00e4ter, wenn der &#8222;schw\u00e4chere&#8220; Steroide beginnen, haben wenig Wirkung. F\u00fcr fortgeschrittene, Testosteron-enanthate kann entweder allein oder in Kombination mit anderen verbindungen.<\/strong><\/p>\n<p>Die Nebenwirkungen von Testosteron enanthate sind meist die ausgepr\u00e4gte Androgene Wirkung und die erh\u00f6hte Wassereinlagerungen. Dies ist in der Regel der Grund f\u00fcr das h\u00e4ufige auftreten von hypertony (3). Diejenigen, die eine Veranlagung f\u00fcr hohen Blutdruck oder deren Blutdruck wird erh\u00f6ht, wenn Sie beginnen, Einnahme von Testosteron enanthate sollten Sie in regelm\u00e4\u00dfigen Abst\u00e4nden eine \u00fcberpr\u00fcfung durch einen Arzt. Wenn n\u00f6tig, wird die Einnahme eines antihypertensiven Medikaments (4) wie Catapresan ist ratsam. Viele Athleten erleben eine starke Akne vulgaris mit Testosteron enanthate, die manifestiert sich auf den R\u00fccken, Brust, Schultern und Arme mehr als auf dem Gesicht. Athleten, die gro\u00dfe Mengen von Testo lassen sich oft leicht zu erkennen, weil diese Merkmale. Es ist interessant zu beachten, dass in einigen Athleten, die diese Eigenschaften nur auftreten, nach dem Gebrauch der Verbindung wurde eingestellt, was bedeutet, ein rebound-Effekt. In schweren F\u00e4llen kann die Medizin Accutane helfen k\u00f6nnen. Der bereits diskutierte Feminisierung Symptome, vor allem Gyn\u00e4komastie, erfordern die Einnahme von einem anti-\u00f6strogen. Sexuelle Reiz\u00fcberflutung mit h\u00e4ufigen Erektionen zu Beginn der Aufnahme ist normal. Bei Jungen Athleten, &#8222;zus\u00e4tzlich zu Virilisierung,Testosteron kann auch dazu f\u00fchren, ein beschleunigtes Wachstum und Knochen Reifung, um ein vorzeitiges epiphysial Schlie\u00dfung der Wachstum Platten und damit eine niedrigere H\u00f6he&#8220; (Jenapharm GmbH, Packungsbeilage f\u00fcr Testosteron-Depot).&#8216; Da meist h\u00f6her Sportler sind erfolgreich im Bodybuilding, Jungen Erwachsenen widerspiegeln sollte sorgf\u00e4ltig vor der Einnahme von anabolen\/androgenen Steroiden, insbesondere Testosteron.<\/p>\n<p>ein Weiterer interessanter Nebeneffekt der Testosteron-enanthate ist bereits in der bodybuilding-Zeitschrift Muscle Media 2000, Juni, Juli 1993, Seite 45. Die Beurteilung, ob diese positiv oder negativ ist, bleibt dem Leser selbst \u00fcberlassen. &#8218;Vor ein paar Jahren, die Lanzette Medizinischen Fachzeitschrift in England berichtet, dass Sie gefunden Testosteron (der proto-Typ anabole Steroide) eine bemerkenswert effektive form der m\u00e4nnlichen Empf\u00e4ngnisverh\u00fctung. Die Forscher f\u00fchrten eine 12-monatige Studie, die 270 M\u00e4nner und bestimmt, dass die w\u00f6chentliche Injektionen des Hormons Testosteron waren &#8217;sicher, stabil und wirkungsvoll.&#8216; Sie entdeckt, dass der w\u00f6chentliche Testosteron-Injektionen hatten eine Erfolgsquote 99,2% als Verh\u00fctungsmethode. Das macht es effektiver als die Pille (97%) und sehr viel wirkungsvoller als Kondome (88%). Die Studie ergab auch, dass die Effekte der Verh\u00fctungsmittel-Injektionen waren vollst\u00e4ndig reversibel nach absetzen der Verwaltung der Drogen-und der Testosteron-Injektionen produziert minimalen Nebenwirkungen.&#8220;<\/p>\n<blockquote><p>\u00c4hnliche Studien mit gleichen Daten sind auch in Arbeit an einer deutschen Universit\u00e4tsklinik. Dies ist zwar nicht Teil des eigentlichen Thema dieses Buches, diese Ergebnisse betonen zumindest die Notwendigkeit f\u00fcr Testosteron-stimulierende verbindungen w\u00e4hrend und nach der Einnahme von Testosteron enanthate. Da es wirksam ist, f\u00fcr eine so lange Zeit, Testosteron enanthate wird immer h\u00e4ufiger von Athleten w\u00e4hrend Ihrer &#8222;steroid-Intervalle.&#8220; Eine Injektion von 250 mg alle 2-3 Wochen hilft bei der Erhaltung Kraft und Masse. Ob diese Anwendung sinnvoll ist, bleibt abzuwarten, Fakt ist, dass es funktioniert.<\/p><\/blockquote>\n<h3>Weiterlesen<\/h3>\n<p><a href=\"http:\/\/getanabolics.biz\/de\/grosse-ergebnisse-aus-dem-besten-trenbolon-acetat\/\">GROSSE ERGEBNISSE AUS DEM BESTEN TRENBOLONACETAT<\/a><\/p>\n<p><a href=\"http:\/\/getanabolics.biz\/de\/alles-sie-ueber-anadrol-wissen\/\">ALLES, WAS SIE \u00dcBER ANADROL WISSEN M\u00dcSSEN<\/a><\/p>\n<p><a href=\"http:\/\/getanabolics.biz\/de\/die-wirkung-von-steroiden-auf-die-menschliche-haut\/\">Die Wirkung von Steroiden auf die menschliche Haut<\/a><\/p>\n<p><a href=\"http:\/\/getanabolics.biz\/de\/sammeln-sie-eine-trockene-masse-ohne-nebenwirkungen\/\">EINE TROCKENMASSE OHNE NEBENWIRKUNGEN AUFNEHMEN<\/a><\/p>\n<p><a href=\"http:\/\/getanabolics.biz\/de\/sollte-die-dauer-des-steroid-kurses-sein\/\">Was sollte die Dauer des STEROIDS-Kurses sein?<\/a><\/p>\n","protected":false},"excerpt":{"rendered":"<p>Paket: 10-ml-Flasche, jede 1 ml enth\u00e4lt 250 mg Testosteron Enanthate<br \/>Hersteller: Alpha Pharma<br \/>Marke: Testosterone Enant. 250<br \/>Weithin bekannt: Testobolin<\/p>\n","protected":false},"featured_media":299,"comment_status":"open","ping_status":"closed","template":"","meta":[],"product_cat":[118,105],"product_tag":[54],"_links":{"self":[{"href":"https:\/\/getanabolics.biz\/de\/wp-json\/wp\/v2\/product\/960"}],"collection":[{"href":"https:\/\/getanabolics.biz\/de\/wp-json\/wp\/v2\/product"}],"about":[{"href":"https:\/\/getanabolics.biz\/de\/wp-json\/wp\/v2\/types\/product"}],"replies":[{"embeddable":true,"href":"https:\/\/getanabolics.biz\/de\/wp-json\/wp\/v2\/comments?post=960"}],"wp:featuredmedia":[{"embeddable":true,"href":"https:\/\/getanabolics.biz\/de\/wp-json\/wp\/v2\/media\/299"}],"wp:attachment":[{"href":"https:\/\/getanabolics.biz\/de\/wp-json\/wp\/v2\/media?parent=960"}],"wp:term":[{"taxonomy":"product_cat","embeddable":true,"href":"https:\/\/getanabolics.biz\/de\/wp-json\/wp\/v2\/product_cat?post=960"},{"taxonomy":"product_tag","embeddable":true,"href":"https:\/\/getanabolics.biz\/de\/wp-json\/wp\/v2\/product_tag?post=960"}],"curies":[{"name":"wp","href":"https:\/\/api.w.org\/{rel}","templated":true}]}}