{"id":959,"date":"2017-04-27T10:31:41","date_gmt":"2017-04-27T12:10:44","guid":{"rendered":"http:\/\/getanabolics.biz\/product\/sustanon-250-10-ml-mehrfachdosis-flaschchen-enthalt-2500mg-250mgml-testosteron-ester-kaufen\/"},"modified":"2018-01-21T12:52:57","modified_gmt":"2018-01-21T12:52:57","slug":"sustanon-250-10ml-multidose-vial-contains-2500mg-250mgml-testosterone-esters","status":"publish","type":"product","link":"https:\/\/getanabolics.biz\/de\/produkt\/sustanon-250-10ml-multidose-vial-contains-2500mg-250mgml-testosterone-esters\/","title":{"rendered":"Sustanon 250 &#8211; Alpha Pharma"},"content":{"rendered":"<h2>Sustanon 250 kaufen &#8211; Alpha Pharma (Induject-250)<\/h2>\n<p><a title=\"Buy Sustanon 250 at GetAnabolics\"><img src=\"http:\/\/getanabolics.biz\/images\/androx-400.jpg\" width=\"30%\" align=\"right\" \/><\/a><br \/>\n<em>F\u00fcr diejenigen, die sucht, Sustanon 250 und Fragen sich, wo zu kaufen Sustanon 250 von Alpha Pharma zur rechtlichen wir bieten Induject-250 als die <strong>beste Wahl f\u00fcr echte Bodybuilder<\/strong>.<\/em><br \/>\nVon nun an eine <strong>gro\u00dfe Vielzahl von injizierbaren Steroide als auch orale Steroide<\/strong> und post-Zyklus-Therapie von Alpha Pharma kann gekauft werden <b>GetAnabolics<\/b>. Wir freuen uns, die Einf\u00fchrung der neuen Sustanon 250 von <span style=\"font-weight: bold;\">Alpha Pharma<\/span>.<br \/>\nAlle Produkte, die wir zu bieten haben, sind aus authentischen, qualitativ hochwertige verbindungen und haben ein einziges Ziel: Menschen zu helfen, zu gewinnen Muskelmasse, die Allgemeine St\u00e4rke, Fett zu verbrennen und Ihnen helfen, auf dem Weg zu k\u00f6rperlicher Perfektion. Um eine Konstruktive und zivilisierte Verbindung mit unseren Kunden stellen wir maximale Anstrengungen zur Sicherung einer hohen service-Qualit\u00e4t und n\u00e4hert sich jede person, die Adresse zu unserem Online-Shop mit H\u00f6flichkeit und Respekt.<br \/>\nDen Aufbau und die Erhaltung einer wundersch\u00f6nen K\u00f6rpers erfordert eine Kombination von Methoden. Eine richtige Ern\u00e4hrung kommt zuerst in der Liste der wichtigen Bestandteile die der K\u00f6rper ben\u00f6tigt. Zweitens, stellen Sie sicher, dass Sie immer kaufen und verwenden Sie rechtlichen Steroide online nicht nur zu vermeiden, in Konflikt mit dem Gesetz, aber noch wichtiger ist, zur Vermeidung von gesundheitlichen Komplikationen.<br \/>\n<span style=\"font-weight: bold;\">GetAnabolics.Biz<\/span> ist die online-steroid Lieferanten speziell erstellt und widmet sich jeder athlet und bodybuilder mit der <strong>besten anabole Steroide zu erm\u00e4\u00dfigten Preisen<\/strong>. Wir haben uns entschieden, zuverl\u00e4ssigsten Marken zusammenarbeiten, um sicherzustellen, sicher, echt und top-notch-Steroide f\u00fcr unsere Kunden.<br \/>\nVersand Steroide sehr sicher ist das Hauptanliegen f\u00fcr die Lieferung von Steroiden weltweit. Unser diskreter Versand garantiert, dass niemand sonst wei\u00df, dass Sie kaufen Sie Steroide online.<\/p>\n<h2>Mehr Sustanon 250 Alpha Pharma Informationen<\/h2>\n<p><b>10 ml mehrfachdosis Fl\u00e4schchen enth\u00e4lt 2500mg (250mg\/ml) Testosteron-Ester<\/b><\/p>\n<p><strong>Androx 400 enth\u00e4lt pro ml:<\/strong><br \/>\n<strong> \u2022 100 mg Testosteron Phenylpropionate<\/strong><br \/>\n<strong> \u2022 100-mg-Testosteron Cypionate<\/strong><br \/>\n<strong> \u2022 100 mg Testosteron Decanoat<\/strong><br \/>\n<strong> \u2022 100 mg Testosteron Isocaproate<\/strong><\/p>\n<p>Sustanon ist ein sehr beliebtes steroid, das sehr hoch gesch\u00e4tzt durch seine Benutzer, da Sie bietet mehrere Vorteile im Vergleich zu anderen Testosteron-verbindungen. Sustanon ist eine Mischung aus vier verschiedenen testosterones, die auf der Grundlage der gut getimten Zusammensetzung, haben eine synergetische Wirkung. Diese Besonderheit hat zwei positive Eigenschaften f\u00fcr den Sportler. Zuerst basiert auf der speziellen Kombination Wirkung der verbindungen, Sustanon, Milligramm f\u00fcr Milligramm, hat eine bessere Wirkung als Testosteron Enantat, Cypionat und-Propionat allein. Zweitens, die Wirkung der vier testosterone ist time-released, so dass Sustanon geht schnell in das system und bleibt im K\u00f6rper f\u00fcr mehrere Wochen. Durch das Propionat ebenfalls in der steroid-Sustanon ist wirksam, nach einem Tag und auf der Basis der gemischt decanoates, bleibt f\u00fcr 3-4 Wochen.<\/p>\n<p><em>Sustanon hat eine ausgepr\u00e4gte Androgene Wirkung, die ist verbunden mit einem starken anabolen Effekt. Es ist daher gut geeignet, um Kraft und Masse aufzubauen. Eine rasche Steigerung der K\u00f6rperkraft und eine noch Zunahme des K\u00f6rpergewichts auftreten. Athleten, die Sustanon Bericht ein solides Muskelwachstum, da es f\u00fchrt zu weniger Wasserspeicherung und auch aromatizes weniger als Testosteron enanthate oder cypionate. In der Tat viele Bodybuilder, die Testosteron verwenden, und Kampf gegen die deutliche Wassereinlagerungen und einer erh\u00f6hten \u00f6strogen-Ebene bevorzugen Sustanon gegen\u00fcber anderen langwirksamen depot testosterones.<\/em><\/p>\n<p>Es wird weiter bemerkt, dass Sustanon ist auch wirksam, wenn relativ niedrige Dosierungen angegeben sind, gut fortgeschrittene Athleten. Es ist interessant zu beachten, dass bei Sustanon ist gegeben, um Athleten, die bereits diese Verbindung in der gleichen oder niedrigeren Dosen, f\u00fchrt es zu \u00e4hnlich gute Ergebnisse wie bei der vorherigen Aufnahme. Sustanon wird in der Regel injiziert mindestens einmal pro Woche, die gedehnt werden kann bis zu 10 Tage. Die Dosierung im bodybuilding und Kraftdreikampf reicht von 250 mg alle 14 Tage bis zu 1000 mg oder mehr pro Tag. Da solche hohen Dosierungen sind nicht zu empfehlen-und zum Gl\u00fcck auch nicht getroffen werden in den meisten F\u00e4llen ist die Regel 250-1000 mg\/Woche. Eine Dosierung von 500 mg\/Woche ist v\u00f6llig ausreichend f\u00fcr die meisten, und kann oft reduziert werden, um 250 mg\/ Woche durch die Kombination von Sustanon mit einem oralen steroid. Sustanon ist gut vertr\u00e4glich und als eine grundlegende steroid w\u00e4hrend der Behandlung die stimuliert die regeneration, gibt dem Athleten einen gen\u00fcgend &#8222;kick&#8220; f\u00fcr Intensive Trainingseinheiten und neben den bereits genannten Vorteil der schnellen Kraftzuwachs und solide Muskelaufbau zeichnet sich auch durch seine Kompatibilit\u00e4t. Um zu gewinnen Masse schnell Sustanon wird oft kombiniert mit Deca Durabolin, <a href=\"http:\/\/getanabolics.biz\/de\/dianabol-online-auf-getanabolics-biz-kaufen\/\">Dianabol <\/a>oder <a href=\"http:\/\/getanabolics.biz\/de\/produkt\/anadrol-50-tabs-each-tab-contains-50-mg-oxymetholone\/\">Anadrol<\/a>, w\u00e4hrend Athleten, die mehr in Qualit\u00e4t bevorzugen die Kombination mit <a href=\"http:\/\/getanabolics.biz\/de\/produkt\/parabolan-box-of-10-ampoules-of-1ml-75mg-ml-trenbolone-hexahydrobenzylcarbonate\/\">Parabolan<\/a>, <a href=\"http:\/\/getanabolics.biz\/de\/produkt\/winstrol-tabs-10-kaufen-sie-winstrol-tabletten-50-tabletten-jede-enthalt-10-mg-stanozolol-kaufen\/\">Winstrol<\/a>, Oxandrolone oder Primobolan.<\/p>\n<h3>Weiterlesen<\/h3>\n<p><a href=\"http:\/\/getanabolics.biz\/de\/alles-ueber-proviron-mesterolone\/\">ALLES \u00dcBER PROVIRON (MESTEROLON)<\/a><\/p>\n<p><a href=\"http:\/\/getanabolics.biz\/de\/kaufen-sie-clomid-online-auf-getanabolics-biz\/\">Kaufen Sie CLOMID ONLINE auf GETANABOLICS.BIZ<\/a><\/p>\n<p><a href=\"http:\/\/getanabolics.biz\/de\/kreatin-auf-einem-kurs-von-steroiden\/\">Kreatin auf einem Kurs von Steroiden<\/a><\/p>\n<p><a href=\"http:\/\/getanabolics.biz\/de\/sammeln-sie-eine-trockene-masse-ohne-nebenwirkungen\/\">EINE TROCKENMASSE OHNE NEBENWIRKUNGEN AUFNEHMEN<\/a><\/p>\n<p><a href=\"http:\/\/getanabolics.biz\/de\/sollte-die-dauer-des-steroid-kurses-sein\/\">Was sollte die Dauer des STEROIDS-Kurses sein?<\/a><\/p>\n","protected":false},"excerpt":{"rendered":"<p>Paket: 10 ml mehrfachdosis Fl\u00e4schchen enth\u00e4lt 2500mg (250mg\/ml) Testosteron Ester<br \/>Hersteller: Alpha Pharma<br \/>Marke: Sustanon 250<br \/>Weithin bekannt: Induject-250<\/p>\n","protected":false},"featured_media":293,"comment_status":"open","ping_status":"closed","template":"","meta":[],"product_cat":[105],"product_tag":[54],"_links":{"self":[{"href":"https:\/\/getanabolics.biz\/de\/wp-json\/wp\/v2\/product\/959"}],"collection":[{"href":"https:\/\/getanabolics.biz\/de\/wp-json\/wp\/v2\/product"}],"about":[{"href":"https:\/\/getanabolics.biz\/de\/wp-json\/wp\/v2\/types\/product"}],"replies":[{"embeddable":true,"href":"https:\/\/getanabolics.biz\/de\/wp-json\/wp\/v2\/comments?post=959"}],"wp:featuredmedia":[{"embeddable":true,"href":"https:\/\/getanabolics.biz\/de\/wp-json\/wp\/v2\/media\/293"}],"wp:attachment":[{"href":"https:\/\/getanabolics.biz\/de\/wp-json\/wp\/v2\/media?parent=959"}],"wp:term":[{"taxonomy":"product_cat","embeddable":true,"href":"https:\/\/getanabolics.biz\/de\/wp-json\/wp\/v2\/product_cat?post=959"},{"taxonomy":"product_tag","embeddable":true,"href":"https:\/\/getanabolics.biz\/de\/wp-json\/wp\/v2\/product_tag?post=959"}],"curies":[{"name":"wp","href":"https:\/\/api.w.org\/{rel}","templated":true}]}}