{"id":958,"date":"2017-04-27T10:31:41","date_gmt":"2017-04-27T12:10:44","guid":{"rendered":"http:\/\/getanabolics.biz\/product\/sustanon-250-1-box-mit-10-ampullen-je-1-amp-enthalt-250-mg-testosteron-ester-kaufen\/"},"modified":"2018-01-21T17:21:11","modified_gmt":"2018-01-21T17:21:11","slug":"sustanon-250-1-box-of-10-ampoules-each-1-amp-contains-250-mg-testosterone-esters","status":"publish","type":"product","link":"https:\/\/getanabolics.biz\/de\/produkt\/sustanon-250-1-box-of-10-ampoules-each-1-amp-contains-250-mg-testosterone-esters\/","title":{"rendered":"Sustanon 250 &#8211; Alpha Pharma"},"content":{"rendered":"<h2>Sustanon 250 kaufen &#8211; Alpha Pharma (Induject-250)<\/h2>\n<p><a title=\"Buy Sustanon 250 at GetAnabolics\"><img src=\"http:\/\/getanabolics.biz\/images\/sustanon-250-organon.jpg\" width=\"30%\" align=\"right\" \/><\/a><br \/>\nF\u00fcr diejenigen, die sucht, Sustanon 250 und Fragen sich, wo zu kaufen Sustanon 250 von Alpha Pharma zur rechtlichen wir bieten Induject-250 als die <strong>beste Wahl f\u00fcr echte Bodybuilder<\/strong>.<br \/>\nVon nun an eine <strong>gro\u00dfe Vielzahl von injizierbaren Steroide als auch orale Steroide<\/strong> und post-Zyklus-Therapie von Alpha Pharma kann gekauft werden <b>GetAnabolics<\/b>. Wir freuen uns, die Einf\u00fchrung der neuen Sustanon 250 von <span style=\"font-weight: bold;\">Alpha Pharma<\/span>.<br \/>\n<em>Alle Produkte, die wir zu bieten haben, sind aus authentischen, qualitativ hochwertige verbindungen und haben ein einziges Ziel: Menschen zu helfen, zu gewinnen Muskelmasse, die Allgemeine St\u00e4rke, Fett zu verbrennen und Ihnen helfen, auf dem Weg zu k\u00f6rperlicher Perfektion. Um eine Konstruktive und zivilisierte Verbindung mit unseren Kunden stellen wir maximale Anstrengungen zur Sicherung einer hohen service-Qualit\u00e4t und n\u00e4hert sich jede person, die Adresse zu unserem Online-Shop mit H\u00f6flichkeit und Respekt.<\/em><br \/>\nDen Aufbau und die Erhaltung einer wundersch\u00f6nen K\u00f6rpers erfordert eine Kombination von Methoden. Eine richtige Ern\u00e4hrung kommt zuerst in der Liste der wichtigen Bestandteile die der K\u00f6rper ben\u00f6tigt. Zweitens, stellen Sie sicher, dass Sie immer kaufen und verwenden Sie rechtlichen Steroide online nicht nur zu vermeiden, in Konflikt mit dem Gesetz, aber noch wichtiger ist, zur Vermeidung von gesundheitlichen Komplikationen.<br \/>\n<span style=\"font-weight: bold;\">GetAnabolics.Biz<\/span> ist die online-steroid Lieferanten speziell erstellt und widmet sich jeder athlet und bodybuilder mit der <strong>besten anabole Steroide zu erm\u00e4\u00dfigten Preisen<\/strong>. Wir haben uns entschieden, zuverl\u00e4ssigsten Marken zusammenarbeiten, um sicherzustellen, sicher, echt und top-notch-Steroide f\u00fcr unsere Kunden.<br \/>\n<em>Versand Steroide sehr sicher ist das Hauptanliegen f\u00fcr die Lieferung von Steroiden weltweit. Unser diskreter Versand garantiert, dass niemand sonst wei\u00df, dass Sie kaufen Sie Steroide online.<\/em><\/p>\n<h2>Mehr Sustanon 250 Alpha Pharma Informationen<\/h2>\n<p><b>1 box mit 10 Ampullen je 1 amp enth\u00e4lt 250 mg Testosteron-Ester<\/b><\/p>\n<p>Drogen-Klasse: Injizierbare Androgene und anabole Steroide<br \/>\nEmpfohlene Durchschnittliche Dosierung: Zwischen 250 und 1000 mg pro Woche f\u00fcr M\u00e4nner<br \/>\nActive life: Etwa 21 Tage<br \/>\nWater retention: ja<br \/>\nToxische Leber: ja, aber niedrig<br \/>\nVerringert HPTA Funktion: Extreme<br \/>\nDTH-Konvertierung: Hohe<br \/>\nAromatisierung: ja<\/p>\n<blockquote><p>Sustanon 250 ist eine der wichtigsten und beliebtesten Formen des injizierbaren Testosteron gibt. Es wurde ausgiebig von Athleten und body-builder, da es zuerst ver\u00f6ffentlicht wurde, in den M\u00e4rkten, in den 1970er Jahren. Dieses Medikament wurde zuerst entwickelt und vermarktet von Organon. Es war bereit, zu heilsamer sein, als jede andere single-Testosteron Produkt. Es ist ein Medikament, das bietet eine schnelle Freisetzung von Testosteron und dann immer schrittweise erweiterte Versionen des Hormons. Es besteht aus vier Testosteron Ester \u2013 30milligrams von Testosteron-Propionat, 60 mg Testosteron Isocaproate, 60 mg Testosteron Phenylpropionate und 100 mg Testosteron Decanoat pro ml.<\/p><\/blockquote>\n<p>Wie es so ein potenter anaboler Steroide mit der hohen androgenen Eigenschaften, die Frauen sollten Sie nicht verwenden dieses steroid. Die niedrigste Dosierung f\u00fcr M\u00e4nner ist 250mg pro Woche eine Testosteron-Ersatz-Therapie. Empfohlene Dosierung f\u00fcr einen guten ersten Zyklus ist 500mg pro Woche. Die Dosierung kann erh\u00f6ht werden, um zu 750mg pro Woche weitere nennenswerte Ergebnisse. Nur fortgeschrittene Benutzer verwenden k\u00f6nnen, 1000mg pro Woche und dies muss begleitet werden durch \u00f6strogen-Kontrolle Medikamente.<\/p>\n<p>Sustanon 250 ist im Grunde eine Mischung aus vier verschiedenen Arten von Testosteron-Pr\u00e4paraten zur Erzielung unterschiedlicher release-Zeiten. Als Ergebnis werden die Wirkungen von Sustanon 250 sind die gleichen wie die von Testosteron. Obwohl es ist eine Mischung aus vier Testosteron Ester, Sie ist so wirkungsvoll wie ein Testosteron-Pr\u00e4parat. Verwenden Sustanon 250 in Dosen von mehr als 250mg pro Woche Ergebnisse bei der schnellen und stetigen Zuwachs von Muskelmasse. <a href=\"http:\/\/getanabolics.biz\/de\/dianabol-online-auf-getanabolics-biz-kaufen\/\">Es verbessert auch die Qualit\u00e4t des Muskel-und bietet <\/a>ein wuchtiges Aussehen. Es wird auch ausgiebig von Sportlern und Bodybuildern, um Kraft aufzubauen.<\/p>\n<p><em>Jedoch, Sustanon 250 aromatisiert, um ein hohes Ma\u00df und dies erh\u00f6ht die \u00f6strogenspiegel im menschlichen K\u00f6rper. Dies ist der Grund, warum Sustanon 250 muss verwendet werden in Kombination mit \u00f6strogen-control-Produkte wie <a href=\"http:\/\/getanabolics.biz\/de\/produkt\/nolvadex-100-tabs-each-tab-contains-20mg-tamoxifen-citrate\/\">Nolvadex <\/a>und anti-aromatase-Wirkstoffe wie Aromasin und <a href=\"http:\/\/getanabolics.biz\/de\/produkt\/arimidex-30-tabletten-jede-enthalt-1-mg-anastrozol-kaufen\/\">Arimidex<\/a>. Es ist nicht sehr stressig f\u00fcr die Leber, verursacht aber eine hohe Wasserretention. Es erh\u00f6ht auch die Gefahr von Gyneconmastia und andere \u00f6strogen-Probleme und Cholesterin Probleme. Blutdruck ist auch erh\u00f6ht, wie ein Ergebnis der Verwendung Sustanon 250. Es verursacht auch eine Hodenatrophie.<\/em><\/p>\n<p><b>Kaufen Sustanon online<\/b> es ist 100% original aus offiziellen Verk\u00e4ufer.<\/p>\n<h3>Weiterlesen<\/h3>\n<p><a href=\"http:\/\/getanabolics.biz\/de\/alles-ueber-proviron-mesterolone\/\">ALLES \u00dcBER PROVIRON (MESTEROLON)<\/a><\/p>\n<p><a href=\"http:\/\/getanabolics.biz\/de\/kaufen-sie-clomid-online-auf-getanabolics-biz\/\">Kaufen Sie CLOMID ONLINE auf GETANABOLICS.BIZ<\/a><\/p>\n<p><a href=\"http:\/\/getanabolics.biz\/de\/kreatin-auf-einem-kurs-von-steroiden\/\">Kreatin auf einem Kurs von Steroiden<\/a><\/p>\n<p><a href=\"http:\/\/getanabolics.biz\/de\/sammeln-sie-eine-trockene-masse-ohne-nebenwirkungen\/\">EINE TROCKENMASSE OHNE NEBENWIRKUNGEN AUFNEHMEN<\/a><\/p>\n<p><a href=\"http:\/\/getanabolics.biz\/de\/sollte-die-dauer-des-steroid-kurses-sein\/\">Was sollte die Dauer des STEROIDS-Kurses sein?<\/a><\/p>\n","protected":false},"excerpt":{"rendered":"<p>Paket: 1 box mit 10 Ampullen je 1 amp enth\u00e4lt 250 mg Testosteron-Ester<br \/>Hersteller: Alpha Pharma<br \/>Marke: Sustanon 250<br \/>Weithin bekannt: Induject-250<\/p>\n","protected":false},"featured_media":293,"comment_status":"open","ping_status":"closed","template":"","meta":[],"product_cat":[105],"product_tag":[54],"_links":{"self":[{"href":"https:\/\/getanabolics.biz\/de\/wp-json\/wp\/v2\/product\/958"}],"collection":[{"href":"https:\/\/getanabolics.biz\/de\/wp-json\/wp\/v2\/product"}],"about":[{"href":"https:\/\/getanabolics.biz\/de\/wp-json\/wp\/v2\/types\/product"}],"replies":[{"embeddable":true,"href":"https:\/\/getanabolics.biz\/de\/wp-json\/wp\/v2\/comments?post=958"}],"wp:featuredmedia":[{"embeddable":true,"href":"https:\/\/getanabolics.biz\/de\/wp-json\/wp\/v2\/media\/293"}],"wp:attachment":[{"href":"https:\/\/getanabolics.biz\/de\/wp-json\/wp\/v2\/media?parent=958"}],"wp:term":[{"taxonomy":"product_cat","embeddable":true,"href":"https:\/\/getanabolics.biz\/de\/wp-json\/wp\/v2\/product_cat?post=958"},{"taxonomy":"product_tag","embeddable":true,"href":"https:\/\/getanabolics.biz\/de\/wp-json\/wp\/v2\/product_tag?post=958"}],"curies":[{"name":"wp","href":"https:\/\/api.w.org\/{rel}","templated":true}]}}