{"id":956,"date":"2017-04-27T10:31:41","date_gmt":"2017-04-27T12:10:44","guid":{"rendered":"http:\/\/getanabolics.biz\/product\/clomid-10-tabletten-enthalt-50-mg-clomifen-citrat-kaufen\/"},"modified":"2018-01-21T16:55:44","modified_gmt":"2018-01-21T16:55:44","slug":"clomid-10-tabletten-enthalt-50-mg-clomifen-citrat-kaufen","status":"publish","type":"product","link":"https:\/\/getanabolics.biz\/de\/produkt\/clomid-10-tabletten-enthalt-50-mg-clomifen-citrat-kaufen\/","title":{"rendered":"Clomid &#8211; Alpha-Pharma"},"content":{"rendered":"<h2>Clomid kaufen &#8211; Alpha-Pharma (Promifen)<\/h2>\n<p><a title=\"Buy Clomid at GetAnabolics\"><img src=\"http:\/\/getanabolics.biz\/images\/ovinum.jpg\" width=\"30%\" align=\"right\" \/><\/a><br \/>\nF\u00fcr diejenigen, die sucht, Clomid und Fragen sich, wo zu kaufen Clomid von Alpha-Pharma zur rechtlichen wir bieten Promifen als die <strong>beste Wahl f\u00fcr echte Bodybuilder<\/strong>.<br \/>\nVon nun an eine <strong>gro\u00dfe Vielzahl von injizierbaren Steroide als auch orale Steroide<\/strong> und post-Zyklus-Therapie von Alpha-Pharma kann gekauft werden <b>GetAnabolics<\/b>. Wir freuen uns, die Einf\u00fchrung der neuen Clomid von <span style=\"font-weight: bold;\">Alpha-Pharma<\/span>.<br \/>\n<em>Alle Produkte, die wir zu bieten haben, sind aus authentischen, qualitativ hochwertige verbindungen und haben ein einziges Ziel: Menschen zu helfen, zu gewinnen Muskelmasse, die Allgemeine St\u00e4rke, Fett zu verbrennen und Ihnen helfen, auf dem Weg zu k\u00f6rperlicher Perfektion. Um eine Konstruktive und zivilisierte Verbindung mit unseren Kunden stellen wir maximale Anstrengungen zur Sicherung einer hohen service-Qualit\u00e4t und n\u00e4hert sich jede person, die Adresse zu unserem Online-Shop mit H\u00f6flichkeit und Respekt.<\/em><br \/>\nDen Aufbau und die Erhaltung einer wundersch\u00f6nen K\u00f6rpers erfordert eine Kombination von Methoden. Eine richtige Ern\u00e4hrung kommt zuerst in der Liste der wichtigen Bestandteile die der K\u00f6rper ben\u00f6tigt. Zweitens, stellen Sie sicher, dass Sie immer kaufen und verwenden Sie rechtlichen Steroide online nicht nur zu vermeiden, in Konflikt mit dem Gesetz, aber noch wichtiger ist, zur Vermeidung von gesundheitlichen Komplikationen.<br \/>\n<span style=\"font-weight: bold;\">GetAnabolics.Biz<\/span> ist die online-steroid Lieferanten speziell erstellt und widmet sich jeder athlet und bodybuilder mit der <strong>besten anabole Steroide zu erm\u00e4\u00dfigten Preisen<\/strong>. Wir haben uns entschieden, zuverl\u00e4ssigsten Marken zusammenarbeiten, um sicherzustellen, sicher, echt und top-notch-Steroide f\u00fcr unsere Kunden.<br \/>\n<em>Versand Steroide sehr sicher ist das Hauptanliegen f\u00fcr die Lieferung von Steroiden weltweit. Unser diskreter Versand garantiert, dass niemand sonst wei\u00df, dass Sie kaufen Sie Steroide online.<\/em><\/p>\n<h2>Mehr Clomid Alpha-Pharma Informationen<\/h2>\n<p><b>10 tabs enth\u00e4lt 50 mg Clomiphene Citrate<\/b><\/p>\n<blockquote><p>Clomid ist nicht eine anabole\/Androgene steroid. Da es ein synthetisches \u00f6strogen, es geh\u00f6rt jedoch zu der Gruppe der sex-Hormone. In der Schule Medizin Clomid, wird normalerweise eingesetzt, um das ausl\u00f6sen des Eisprungs. Clomid hat auch eine starke Einfluss auf die hypothalamohypophysial-Hoden-Achse. Es stimuliert die hypo-physis zu release mehr gonadotropin, so dass eine schnellere und h\u00f6here Freisetzung von FSH (Follikel-stimulierendes Hormon) und LH (luteinisierendes Hormon) Auftritt. Dies f\u00fchrt zu einer erh\u00f6hten endogenen (k\u00f6rpereigenen) Testosteronspiegel.<\/p><\/blockquote>\n<p><strong>Clomid ist besonders wirksam<\/strong>, wenn die k\u00f6rpereigene Testosteron Produktion, durch die Einnahme von anabolen\/androgenen Steroide, wird unterdr\u00fcckt. In den meisten F\u00e4llen Clomid normalisieren kann die Testosteron-Ebene und die Spermatogenese (Spermien Entwicklung) innerhalb von 10 &#8211; 14 Tagen. Aus diesem Grund Clomid ist in Erster Linie genommen, nachdem Steroide eingestellt sind. Bei dieses mal ist es extrem wichtig um die Testosteron-Produktion auf ein normales Niveau so schnell wie m\u00f6glich so, dass der Verlust von Kraft und Muskelmasse minimiert wird. Noch bessere Ergebnisse k\u00f6nnen erzielt werden, wenn Clomid ist kombiniert mit HCG oder wenn Clomid wird nach der Einnahme von HCG.<\/p>\n<h1>Buy Clomid<\/h1>\n<p>Paradoxerweise, obwohl <strong>Clomid<\/strong> ist ein synthetisches \u00f6strogen, es funktioniert auch als ein Anti\u00f6strogen. Der Grund daf\u00fcr ist, dass <strong>Clomid<\/strong> hat nur eine sehr geringe \u00f6strogene Wirkung und somit die st\u00e4rkeren \u00f6strogene, die beispielsweise die form w\u00e4hrend des die Aromatisierung der Steroide, sind-blockiert die Rezeptoren. Dazu geh\u00f6ren diejenigen, die die Entwicklung w\u00e4hrend der aromatiz-ing von <strong>Steroiden<\/strong>. Dies verhindert nicht, dass die Steroide aus der Aromatisierung, aber der erh\u00f6hte \u00f6strogen ist meist deaktiviert, da Sie nicht Heften sich an die Rezeptoren. Die erh\u00f6hte Wasseraufnahme und die m\u00f6glich Zeichen der Feminisierung kann damit reduziert oder sogar vollst\u00e4ndig vermieden werden. Da die antiestrogenic Wirkung Clomid ist niedriger als die in <a href=\"http:\/\/getanabolics.biz\/de\/produkt\/proviron-buy-proviron-50-tabs-each-tab-25mg-mesterolone\/\"><strong>Proviron<\/strong><\/a>, <a href=\"http:\/\/getanabolics.biz\/de\/produkt\/nolvadex-100-tabs-each-tab-contains-20mg-tamoxifen-citrate\/\"><strong>Nolvadex<\/strong> <\/a>und Teslac ist es vor allem als Testosteron Stimulanzien.<\/p>\n<p><em><strong>Clomid ist ein Medikament<\/strong>, f\u00f6rdert die Produktion von k\u00f6rpereigenen Hormon, &#8211; gonadotropin, was wiederum erh\u00f6ht die Testosteron-Ebene. Es ist zum Beispiel verabreicht, um Frauen als sogenannten Anti\u00f6strogen ausl\u00f6sen der ovulation (&#8222;Eisprung-stimulator&#8220;).<\/em><\/p>\n<p><strong>Nebenwirkungen von Clomid<\/strong> sind sehr selten, wenn vern\u00fcnftige Dosierungen genommen werden. M\u00f6gliche Nebenwirkungen sind Klimakterium hei\u00dfen blinkt und gelegentlichen Sehst\u00f6rungen, die manifestieren kann, verschwommene vision, was flackern oder auf zu blinken. Sollten Sehst\u00f6rungen auftreten, empfiehlt der Hersteller absetzen Clomid Behandlung. Unzureichende Leber-Funktionen k\u00f6nnen nicht ausgeschlossen werden; Sie sind jedoch sehr unwahrscheinlich. Bei Frauen, die die Erweiterung der Eierst\u00f6cke und Bauchschmerzen k\u00f6nnen auftreten, da Clomid stimuliert die Eierst\u00f6cke. Bei der Einnahme von Clomid multiple Schwangerschaften sind m\u00f6glich. Wie bei der Dosierung von 50-100 mg\/Tag (1 -2 Tabletten) scheint ausreichend zu sein. Die Tabletten werden in der Regel \u00fcbernommen, mit Fl\u00fcssigkeit nach den Mahlzeiten. Wenn mehrere Tabletten genommen es wird empfohlen, dass Sie werden verabreicht in gleiche Dosen verteilt \u00fcber den Tag. Die Dauer der Einnahme wurde rummored nicht f\u00fcr mehr thatn 10-14 Tage. Das ist falsch. Klinische Studien mit m\u00e4nnlichen Patienten haben gezeigt, clomid verwendet werden f\u00fcr bis zu einem Jahr oder l\u00e4nger. Die meisten Athleten beginnen mit 100 mg\/Tag, Einnahme einer 50 mg Tablette alle morgens und abends nach den Mahlzeiten. Nach dem f\u00fcnften Tag der Dosierung ist oft reduziert auf nur eine 50 mg Tablette pro Tag ist Es normalerweise nicht notwendig, die Verbindung f\u00fcr mehr als zehn Tage, um zu erh\u00f6hen die endogene Testosteron-Produktion.<\/p>\n<h3>Weiterlesen<\/h3>\n<p><a href=\"http:\/\/getanabolics.biz\/de\/kaufen-sie-clomid-online-auf-getanabolics-biz\/\">Kaufen Sie CLOMID ONLINE auf GETANABOLICS.BIZ<\/a><\/p>\n<p><a href=\"http:\/\/getanabolics.biz\/de\/wachstumshormon-hgh-die-wichtigsten-fakten\/\">Wachstumshormon HGH &#8211; die wichtigsten Fakten<\/a><\/p>\n<p><a href=\"http:\/\/getanabolics.biz\/de\/merkmale-von-kurzen-kursen-von-steroiden\/\">EIGENSCHAFTEN DER KURZEN STEROIDKURSE<\/a><\/p>\n<p><a href=\"http:\/\/getanabolics.biz\/de\/pause-zwischen-steroidkursen-und-pct\/\">PAUSE ZWISCHEN STEROID-KURSE UND PCT<\/a><\/p>\n<p><a href=\"http:\/\/getanabolics.biz\/de\/wie-effektiv-ist-die-steroidbruecke\/\">WIE WIRKSAM IST DIE STEROID-BR\u00dcCKE?<\/a><\/p>\n","protected":false},"excerpt":{"rendered":"<p>Paket: 10 Tabletten enth\u00e4lt 50 mg Clomifen Citrat<br \/>Hersteller: Alpha-Pharma<br \/>Marke: Clomid<br \/>Weithin bekannt: Promifen<\/p>\n","protected":false},"featured_media":32350352,"comment_status":"open","ping_status":"closed","template":"","meta":[],"product_cat":[90],"product_tag":[54],"_links":{"self":[{"href":"https:\/\/getanabolics.biz\/de\/wp-json\/wp\/v2\/product\/956"}],"collection":[{"href":"https:\/\/getanabolics.biz\/de\/wp-json\/wp\/v2\/product"}],"about":[{"href":"https:\/\/getanabolics.biz\/de\/wp-json\/wp\/v2\/types\/product"}],"replies":[{"embeddable":true,"href":"https:\/\/getanabolics.biz\/de\/wp-json\/wp\/v2\/comments?post=956"}],"wp:featuredmedia":[{"embeddable":true,"href":"https:\/\/getanabolics.biz\/de\/wp-json\/wp\/v2\/media\/32350352"}],"wp:attachment":[{"href":"https:\/\/getanabolics.biz\/de\/wp-json\/wp\/v2\/media?parent=956"}],"wp:term":[{"taxonomy":"product_cat","embeddable":true,"href":"https:\/\/getanabolics.biz\/de\/wp-json\/wp\/v2\/product_cat?post=956"},{"taxonomy":"product_tag","embeddable":true,"href":"https:\/\/getanabolics.biz\/de\/wp-json\/wp\/v2\/product_tag?post=956"}],"curies":[{"name":"wp","href":"https:\/\/api.w.org\/{rel}","templated":true}]}}