{"id":955,"date":"2017-04-27T10:31:41","date_gmt":"2017-04-27T12:10:44","guid":{"rendered":"http:\/\/getanabolics.biz\/product\/letrozole-30-registerkarten-die-jeweils-25-mg-letrozol-kaufen\/"},"modified":"2018-01-21T17:11:06","modified_gmt":"2018-01-21T17:11:06","slug":"letrozole-30-registerkarten-die-jeweils-25-mg-letrozol-kaufen","status":"publish","type":"product","link":"https:\/\/getanabolics.biz\/de\/produkt\/letrozole-30-registerkarten-die-jeweils-25-mg-letrozol-kaufen\/","title":{"rendered":"Letrozole &#8211; Alpha-Pharma"},"content":{"rendered":"<h2>Letrozole kaufen &#8211; Alpha-Pharma (Letromina)<\/h2>\n<p><a title=\"Buy Letrozole at GetAnabolics\"><img src=\"http:\/\/getanabolics.biz\/images\/letro-25-30-alphapharm.jpg\" width=\"30%\" align=\"right\" \/><\/a><br \/>\nF\u00fcr diejenigen, die sucht, Letrozole und Fragen sich, wo zu kaufen Letrozole von Alpha-Pharma zur rechtlichen wir bieten Letromina als die <strong>beste Wahl f\u00fcr echte Bodybuilder<\/strong>.<br \/>\nVon nun an eine <strong>gro\u00dfe Vielzahl von injizierbaren Steroide als auch orale Steroide<\/strong> und post-Zyklus-Therapie von Alpha-Pharma kann gekauft werden <b>GetAnabolics<\/b>. Wir freuen uns, die Einf\u00fchrung der neuen Letrozole von <span style=\"font-weight: bold;\">Alpha-Pharma<\/span>.<br \/>\nAlle Produkte, die wir zu bieten haben, sind aus authentischen, qualitativ hochwertige verbindungen und haben ein einziges Ziel: Menschen zu helfen, zu gewinnen Muskelmasse, die Allgemeine St\u00e4rke, Fett zu verbrennen und Ihnen helfen, auf dem Weg zu k\u00f6rperlicher Perfektion. Um eine Konstruktive und zivilisierte Verbindung mit unseren Kunden stellen wir maximale Anstrengungen zur Sicherung einer hohen service-Qualit\u00e4t und n\u00e4hert sich jede person, die Adresse zu unserem Online-Shop mit H\u00f6flichkeit und Respekt.<br \/>\nDen Aufbau und die Erhaltung einer wundersch\u00f6nen K\u00f6rpers erfordert eine Kombination von Methoden. Eine richtige Ern\u00e4hrung kommt zuerst in der Liste der wichtigen Bestandteile die der K\u00f6rper ben\u00f6tigt. Zweitens, stellen Sie sicher, dass Sie immer kaufen und verwenden Sie rechtlichen Steroide online nicht nur zu vermeiden, in Konflikt mit dem Gesetz, aber noch wichtiger ist, zur Vermeidung von gesundheitlichen Komplikationen.<br \/>\n<span style=\"font-weight: bold;\">GetAnabolics.Biz<\/span> ist die online-steroid Lieferanten speziell erstellt und widmet sich jeder athlet und bodybuilder mit der <strong>besten anabole Steroide zu erm\u00e4\u00dfigten Preisen<\/strong>. Wir haben uns entschieden, zuverl\u00e4ssigsten Marken zusammenarbeiten, um sicherzustellen, sicher, echt und top-notch-Steroide f\u00fcr unsere Kunden.<br \/>\nVersand Steroide sehr sicher ist das Hauptanliegen f\u00fcr die Lieferung von Steroiden weltweit. Unser diskreter Versand garantiert, dass niemand sonst wei\u00df, dass Sie kaufen Sie Steroide online.<\/p>\n<h2>Mehr Letrozole Alpha-Pharma Informationen<\/h2>\n<blockquote><p><strong>30 Registerkarten, die jeweils 2,5 mg Letrozole<\/strong><\/p>\n<p><strong>Pharmazeutische Name: Letrozol<\/strong><br \/>\n<strong> Drug-Klasse: Aromatase-Hemmer<\/strong><br \/>\n<strong> Active Life: etwa 48 Stunden<\/strong><\/p>\n<p>Letrozole ist eine Dritte generation aromatase-inhibitor. Wie die meisten aromatase-Hemmer, es wurde entwickelt, um gegen Brustkrebs durch Hemmung der Aromatisierung zu \u00f6strogen \u00fcber das aromatase-Enzym. Es ist \u00e4hnlich wie arimidex, jedoch Letrozol ist viel st\u00e4rker in seiner F\u00e4higkeit und wird vor allem eingesetzt, wenn andere Behandlungen wie selektive \u00f6strogen-rezeptor-Modulatoren versagt haben, um Ergebnisse zu produzieren. Dies ist der Grund, warum die Mehrheit der Forschung \u00fcber Letrozol wurde durchgef\u00fchrt, die auf Frauen nach der Menopause, aber nat\u00fcrlich einige der Ergebnisse \u00fcbersetzt werden kann, \u00fcber die zum nutzen der Athleten.<\/p>\n<p><em>In Bezug auf, wie man diese Effekte k\u00f6nnen verwendet werden, um den nutzen der Bodybuilder und Kraftsportler, Letrozol ist in Erster Linie auf Gemeinde-alle \u00f6strogene Nebenwirkungen, verursacht durch die Verabreichung von anabolen Steroiden. Letrozol wurde zeigen, um die F\u00e4higkeit der Verringerung das Niveau von \u00f6strogen im users&#8216; K\u00f6rper von bis zu 96-98%. Dies w\u00fcrde scheinbar genug in sich selbst, um die Verbindung ein w\u00fcnschenswert, mit dem steroid-Nutzer interessieren w\u00fcrde. Allerdings letrozole ist auch gezeigt worden, um zu erh\u00f6hen die Menge des lutenizing Hormon, Follikel-stimulierendes Hormon, Sexualhormon-bindendes globulin Benutzer (1). Kombinieren Sie diese Attribute mit der Tatsache, dass es hilft, Schutz vor Gyn\u00e4komastie, Wasser-retention und andere \u00f6strogene Nebenwirkungen Letrozol kann offensichtlich erf\u00fcllen viele Bed\u00fcrfnisse der Nutzer. <\/em><\/p>\n<p>Es gibt einige Studien an Tieren haben vorgeschlagen, dass Letrozol kann helfen, zu verringern oder sogar zu beseitigen, bereits vorhandene Gyn\u00e4komastie als auch (2). Nat\u00fcrlich gibt es einige Grenzen dieser Forschung, wie es noch nie durchgef\u00fchrt, die die Verwendung von menschlichen Probanden, sondern es muss zeigen, dass es m\u00f6glicherweise einen Mechanismus, mit dem dies auftreten k\u00f6nnte. Anekdotisch einige Benutzer haben berichtet, dass Sie erlebt haben, eine Reduzierung Ihrer eigenen bereits bestehenden Gyn\u00e4komastie, aber nat\u00fcrlich auch diese Berichte haben Ihre Grenzen, wie Sie waren, nicht durchgef\u00fchrt, die mit den wissenschaftlichen Kontrollen.<\/p>\n<p><em>Interessant ist, es dauert etwa 60 Tage, um einen stetigen Blut-Plasmaspiegel von Letrozol einmal Verabreichung des Arzneimittels beginnt (3). Dies kann erfordern, dass ein Benutzer die Arbeit mit der Verbindung vor Beginn Ihres Zyklus, wenn Sie wollen, um die Effekte werden in voller St\u00e4rke, sobald Sie Ihren Zyklus beginnt. Dies kann auch behindern die F\u00e4higkeit der Verbindung, schnell zu reagieren, wenn ein Benutzer beginnt, die Verwaltung der Droge entgegenwirken, die einige Nebenwirkungen, die schnell erschienen ist. <\/em><\/p>\n<p><strong>Anwendung\/Dosierung<\/strong><\/p>\n<p>Anekdotisch Benutzer haben berichtet, sehen gute Ergebnisse mit Dosen im Bereich von etwa .25mgs pro Tag .5mgs pro Tag. Allerdings sind diese Dosen auch variieren ziemlich stark von Benutzer zu Benutzer, einschlie\u00dflich Dosierung Zeitpl\u00e4ne. Einige haben berichtet, mit der Verbindung jeden zweiten Tag oder jeden Dritten Tag mit guten Ergebnissen. Auch Dosen berichtet haben, reichte aus .25mgs, um so viel wie 2,5 mg pro Tag.<\/p>\n<p><em>Trotz dieser anekdotischen Beweise es sollte angemerkt werden, dass die Dosen so niedrig wie 100 Mikrogramm kann die Ursache f\u00fcr die maximale Hemmung des Enzyms aromatase. Es ist daher ratsam, dass die Nutzer Experimentieren mit Ihren Dosierungen zu finden, was Ebenen beibehalten werden kann, f\u00fcr die Verbindung voll wirksam zu sein, bei gleichzeitiger Minimierung der Nebenwirkungen. Nat\u00fcrlich, wenn ein Benutzer versucht, zur Behandlung von Nebenwirkungen, die bereits erschienen sind kann man wollen, irren auf der Seite der zu viel Letrozol und Gesichts diese Nebenwirkungen lieber als der Umgang mit so etwas wie Gyn\u00e4komastie. Jedoch ist die schwere der Erkrankung wird wahrscheinlich feststellen, diese in den meisten F\u00e4llen. <\/em><\/p>\n<p>Die maximale Dosis, die von einem Benutzer verwenden wollen w\u00fcrde 2,5 mg pro Tag. Es hat sich gezeigt in zahlreichen Studien, dass diese Dosierung zu beseitigen, die fast alle \u00f6strogen im K\u00f6rper in fast alle Individuen. Jede Dosis, die h\u00f6her ist als w\u00fcrde dies einfach nicht f\u00fcr notwendig.<\/p>\n<p>Trotz der F\u00e4higkeit zu erh\u00f6hen die Menge des lutenizing Hormon, Follikel-stimulierendes Hormon, Sexualhormon-bindendes globulin in Anwender Letrozol kann kontraproduktiv sein, wenn w\u00e4hrend der post-cycle-Therapie. Dies wird durch die F\u00e4higkeit der Verbindung zur Festplatte der \u00f6strogenspiegel zu niedrig gezielt w\u00e4hrend der Verwendung. Sobald die Verbindung unterbrochen, dadurch kann es zu einer &#8222;rebound-Effekt&#8220; in der \u00f6strogenspiegel mit diesen immer ziemlich hoch, etwas, das vermieden werden sollte, w\u00e4hrend oder nach der post-cycle-Therapie. Anastrozol gesehen werden k\u00f6nnte, als alternative zu Letrozol in dieser Kapazit\u00e4t, da es scheinbar nicht so einen starken Effekt haben. Die nachteilige Wirkung, dass Letrozol auf die Blutfettwerte ist ein weiterer Grund, warum viele vermeiden den Einsatz w\u00e4hrend der post-cycle-Therapie, und dies wird im folgenden er\u00f6rtert.<\/p>\n<p><strong>Risiken\/Nebenwirkungen<\/strong><\/p>\n<p>Es sollte angemerkt werden, dass in der Theorie, wenn man konsequent unterdr\u00fccken Ihre Nat\u00fcrliche \u00f6strogenspiegel f\u00fcr eine lange Zeit, w\u00fcrde dies negative Auswirkungen auf Ihre Gesundheit, einschlie\u00dflich Ihrer Cholesterin. Aufgrund der F\u00e4higkeit von Letrozol hemmen \u00f6strogen so viel, das sollte auf jeden Fall ein Problem f\u00fcr die meisten Benutzer. Aber die Forschung konzentriert sich auf die Beziehung zwischen der Verwendung von Letrozol und Cholesterin ist eher inkonsequent in seiner Ergebnisse. Viele Studien haben ergeben, dass die Substanz sch\u00e4dlich ist, wenn sowohl ein Benutzer die HDL-und LDL-Cholesterinwerte (4.5,6), w\u00e4hrend andere Forschung hat gefunden, keinen link. Offensichtlich Individuen sind am besten gedient, f\u00fcr die \u00fcberwachung Ihrer Cholesterin w\u00e4hrend der Verwendung eine Verbindung \u00fcber Bluttests jedoch abgesehen, dass Letrozol sollte einfach nicht f\u00fcr l\u00e4ngere Zeit, wenn \u00fcberhaupt m\u00f6glich. Dadurch k\u00f6nnten ernsthafte medizinische Komplikationen.<\/p>\n<p>Zusammen mit den Problemen der Blut-Lipide, ist die Tatsache, dass viele Benutzer sich beschweren, dass Ihre libido deutlich reduziert, wenn Sie die Verbindung. Dies ist auf die Tatsache zur\u00fcckzuf\u00fchren, dass \u00f6strogen ist mitverantwortlich f\u00fcr die regulation des individuellen Sexualtrieb. Da Letrozol ist so potent, es k\u00f6nnen oft treiben der \u00f6strogenspiegel zu niedrig ist und dieses hemmt ein Benutzer die libido. Um dies zu vermeiden, k\u00f6nnen Benutzer die niedrigeren Dosierungen, aber einige anekdotisch berichten, dass selbst extrem niedrige Dosen des Medikaments kann zu Problemen f\u00fchren. Wenn dies der Fall ist, eine weniger starke Verbindung wie exemestane oder Anastrozol kann eine entsprechende option.<\/p>\n<p><em>Referenzen<\/em><\/p>\n<p>1. de Boer H, Verschoor L, Ruinemans-Koerts J, Jansen M. Letrozole normalisiert die serum-Testosteron-Spiegel bei schwer adip\u00f6sen M\u00e4nnern mit hypogonadotropic Hypogonadismus. Diabetes Obes Metab. 2005 May;7(3):211-5<\/p>\n<p>2. Mandava U, Kirma N, Tekmal RR. Aromatase-\u00fcberexpression transgenen M\u00e4use-Modell: Zelltyp-spezifische expression und die Verwendung von Letrozol auf Aufhebung Mamma-Hyperplasie ohne Beeintr\u00e4chtigung der normalen Physiologie. J Steroid Biochem Mol Biol. 2001 Dec;79(1-5):27-34<\/p>\n<p>3. Buzdar AU. Pharmakologie und Pharmakokinetik der neueren generation aromatase-Hemmer. Clin Cancer RES 2003 Jan;9(1 Pt 2):468S-72S<\/p>\n<p>4. Klein KO, Demers LM, Santner SJ, Baron J, Cutler GB Jr, Santen RJ. Die Verwendung hochempfindlicher rekombinanten Zell-bioassay zur Messung der \u00f6strogenspiegel bei Frauen mit Brustkrebs Erhalt der aromatase-inhibitor Letrozol. J Clin Endocrinol Metab. 1995 Sep;80(9):2658-60<\/p>\n<p>5. Mauras N, O &#8218; Brien KO, Klein KO, Hayes V. &#8222;\u00d6strogen-Unterdr\u00fcckung bei M\u00e4nnchen: metabolische Effekte.&#8220; J Clin Endocrinol Metab. 2000 Jul;85(7):2370-7<\/p>\n<p>6. Leder BZ, et al. &#8222;Wirkungen der aromatase-Hemmung bei \u00e4lteren M\u00e4nnern mit niedrigen oder borderline-niedrige serum-Testosteronspiegel.&#8220; J Clin Endocrinol Metab. 2004 Mar;89(3):1174-80<\/p><\/blockquote>\n<h3>Weiterlesen<\/h3>\n<p><a href=\"http:\/\/getanabolics.biz\/de\/kann-ich-nach-einem-steroid-kurs-gewicht-sparen\/\">KANN ICH NACH EINEM STEROID-KURS GEWICHT SPAREN?<\/a><\/p>\n<p><a href=\"http:\/\/getanabolics.biz\/de\/kreatin-auf-einem-kurs-von-steroiden\/\">Kreatin auf einem Kurs von Steroiden<\/a><\/p>\n<p><a href=\"http:\/\/getanabolics.biz\/de\/sollte-die-dauer-des-steroid-kurses-sein\/\">Was sollte die Dauer des STEROIDS-Kurses sein?<\/a><\/p>\n<p><a href=\"http:\/\/getanabolics.biz\/de\/kaufen-sie-clomid-online-auf-getanabolics-biz\/\">Kaufen Sie CLOMID ONLINE auf GETANABOLICS.BIZ<\/a><\/p>\n<p><a href=\"http:\/\/getanabolics.biz\/de\/merkmale-von-kurzen-kursen-von-steroiden\/\">EIGENSCHAFTEN DER KURZEN STEROIDKURSE<\/a><\/p>\n","protected":false},"excerpt":{"rendered":"<p>Paket: 30 Registerkarten, die jeweils 2,5 mg Letrozol<br \/>Hersteller: Alpha-Pharma<br \/>Marke: Letrozole<br \/>Weithin bekannt: Letromina<\/p>\n","protected":false},"featured_media":377,"comment_status":"open","ping_status":"closed","template":"","meta":[],"product_cat":[90,110],"product_tag":[54],"_links":{"self":[{"href":"https:\/\/getanabolics.biz\/de\/wp-json\/wp\/v2\/product\/955"}],"collection":[{"href":"https:\/\/getanabolics.biz\/de\/wp-json\/wp\/v2\/product"}],"about":[{"href":"https:\/\/getanabolics.biz\/de\/wp-json\/wp\/v2\/types\/product"}],"replies":[{"embeddable":true,"href":"https:\/\/getanabolics.biz\/de\/wp-json\/wp\/v2\/comments?post=955"}],"wp:featuredmedia":[{"embeddable":true,"href":"https:\/\/getanabolics.biz\/de\/wp-json\/wp\/v2\/media\/377"}],"wp:attachment":[{"href":"https:\/\/getanabolics.biz\/de\/wp-json\/wp\/v2\/media?parent=955"}],"wp:term":[{"taxonomy":"product_cat","embeddable":true,"href":"https:\/\/getanabolics.biz\/de\/wp-json\/wp\/v2\/product_cat?post=955"},{"taxonomy":"product_tag","embeddable":true,"href":"https:\/\/getanabolics.biz\/de\/wp-json\/wp\/v2\/product_tag?post=955"}],"curies":[{"name":"wp","href":"https:\/\/api.w.org\/{rel}","templated":true}]}}