{"id":953,"date":"2017-04-27T10:31:41","date_gmt":"2017-04-27T12:10:44","guid":{"rendered":"http:\/\/getanabolics.biz\/product\/aromasin-30-tabletten-jede-hat-25-mg-exemestane-kaufen\/"},"modified":"2018-01-21T13:11:36","modified_gmt":"2018-01-21T13:11:36","slug":"aromasin-30-tabletten-jede-hat-25-mg-exemestane-kaufen","status":"publish","type":"product","link":"https:\/\/getanabolics.biz\/de\/produkt\/aromasin-30-tabletten-jede-hat-25-mg-exemestane-kaufen\/","title":{"rendered":"Aromasin &#8211; Alpha-Pharma"},"content":{"rendered":"<h2>Aromasin kaufen &#8211; Alpha-Pharma (Aromex)<\/h2>\n<p><a title=\"Buy Aromasin at GetAnabolics\"><img src=\"http:\/\/getanabolics.biz\/images\/aromasin-25-30-aphapharm.jpg\" width=\"30%\" align=\"right\" \/><\/a><br \/>\nF\u00fcr diejenigen, die sucht, Aromasin und Fragen sich, wo zu kaufen Aromasin von Alpha-Pharma zur rechtlichen wir bieten Aromex als die <strong>beste Wahl f\u00fcr echte Bodybuilder<\/strong>.<br \/>\n<em>Von nun an eine <strong>gro\u00dfe Vielzahl von injizierbaren Steroide als auch orale Steroide<\/strong> und post-Zyklus-Therapie von Alpha-Pharma kann gekauft werden <b>GetAnabolics<\/b>. Wir freuen uns, die Einf\u00fchrung der neuen Aromasin von <span style=\"font-weight: bold;\">Alpha-Pharma<\/span>.<\/em><br \/>\nAlle Produkte, die wir zu bieten haben, sind aus authentischen, qualitativ hochwertige verbindungen und haben ein einziges Ziel: Menschen zu helfen, zu gewinnen Muskelmasse, die Allgemeine St\u00e4rke, Fett zu verbrennen und Ihnen helfen, auf dem Weg zu k\u00f6rperlicher Perfektion. Um eine Konstruktive und zivilisierte Verbindung mit unseren Kunden stellen wir maximale Anstrengungen zur Sicherung einer hohen service-Qualit\u00e4t und n\u00e4hert sich jede person, die Adresse zu unserem Online-Shop mit H\u00f6flichkeit und Respekt.<br \/>\nDen Aufbau und die Erhaltung einer wundersch\u00f6nen K\u00f6rpers erfordert eine Kombination von Methoden. Eine richtige Ern\u00e4hrung kommt zuerst in der Liste der wichtigen Bestandteile die der K\u00f6rper ben\u00f6tigt. Zweitens, stellen Sie sicher, dass Sie immer kaufen und verwenden Sie rechtlichen Steroide online nicht nur zu vermeiden, in Konflikt mit dem Gesetz, aber noch wichtiger ist, zur Vermeidung von gesundheitlichen Komplikationen.<br \/>\n<span style=\"font-weight: bold;\">GetAnabolics.Biz<\/span> ist die online-steroid Lieferanten speziell erstellt und widmet sich jeder athlet und bodybuilder mit der <strong>besten anabole Steroide zu erm\u00e4\u00dfigten Preisen<\/strong>. Wir haben uns entschieden, zuverl\u00e4ssigsten Marken zusammenarbeiten, um sicherzustellen, sicher, echt und top-notch-Steroide f\u00fcr unsere Kunden.<br \/>\nVersand Steroide sehr sicher ist das Hauptanliegen f\u00fcr die Lieferung von Steroiden weltweit. Unser diskreter Versand garantiert, dass niemand sonst wei\u00df, dass Sie kaufen Sie Steroide online.<\/p>\n<h2>Mehr Aromasin Alpha-Pharma Informationen<\/h2>\n<p><strong>30 Tabletten jeder hat 25mg Exemestane<\/strong><\/p>\n<blockquote><p>In der Aromatisierung Prozess, ist das Enzym aromatase wandelt die Androgene in \u00f6strogen. Wenn diese Konvertierung ist \u00fcbertrieben, aufblasen, depression, Verlust der libido, beeintr\u00e4chtigt den Fettabbau, oder auch Gyn\u00e4komastie auftreten k\u00f6nnen. Ein aromatase-inhibitor (AI) ist ein effektiver Weg, um dieses problem zu l\u00f6sen.<\/p><\/blockquote>\n<h1>Aromasin zum Verkauf<\/h1>\n<p>&nbsp;<\/p>\n<p><em>Im Gegensatz zu Arimidex und Letro die arbeiten durch das reversibel blockiert den Zugriff auf das aromatase-Enzym, Aromasin eigentlich nichterwerbspersonen (individuelle Enzym-Molek\u00fcle bei der Bindung an Sie. Es ist wirklich weder Vorteil noch Nachteil dieser unterschiedlichen Wirkmechanismus. Wie bei allen aromatase-Hemmer, Aromasin sollte dosiert werden, um eine optimale \u00f6stradiol, nicht das niedrigste m\u00f6gliche Niveau. Wenn richtig dosiert und die Erreichung der gleichen \u00f6stradiol, es doesn\u2019t einen Unterschied machen, was die Hemmung-Mechanismus verwendet wurde.<\/em><\/p>\n<p>Wie man dann die Wahl zwischen aromatase-Hemmer?<br \/>\nDie relevanten Faktoren sind wirklich nur die bisherige Erfahrung, wenn \u00fcberhaupt, Verf\u00fcgbarkeit, Kosten -, Komfort -, und Nebenwirkungsprofil.<br \/>\nNicht viel unterscheidet die aromatase-Inhibitoren von einander in Bezug auf das Nebenwirkungsprofil. Ich B\u00e4rendienst Exemestane etwas auf dieses Konto, da es\u2019s einige Anzeichen f\u00fcr Hepatotoxizit\u00e4t, aber dies ist selten genug Nebeneffekt, dass als eine Angelegenheit der pers\u00f6nlichen Wahl, Faktoren wie pers\u00f6nliche Erfahrung aufwiegen.<\/p>\n<p>Aromasin ist in der Regel geliefert in 25-mg-Tabletten. Dosierung von Aromasin in anabole steroid Zyklen ist die am h\u00e4ufigsten 12,5 mg jeden zweiten Tag, 12,5 mg t\u00e4glich oder 25 mg t\u00e4glich.<\/p>\n<p><em>\u00dcberm\u00e4\u00dfige Dosierung wird erkannt werden, durch estradiol-Ebene fallen unter 20 pg\/mL, oder durch Depressionen, Verminderung der libido, Muskel-Ebenheit und\/oder Gelenkschmerzen. Erfahrene Benutzer H\u00e4ufig in der Lage sind zu identifizieren, die Notwendigkeit einer Dosisreduktion rein von den Symptomen. Allerdings, Blut-Test ist der Goldstandard f\u00fcr die Bestimmung der richtigen Dosierung Ebene, und zu pr\u00fcfen, ob die Symptome tats\u00e4chlich sind, die durch geringe \u00f6strogen.<\/em><\/p>\n<p>Als die mit anderen aromatase-Hemmer, es\u2019s eine relation zwischen der Menge von aromatizable Steroiden verwendet, und die Dosis der Hemmer gebraucht, aber es\u2019s nicht eine rein proportionale Angelegenheit. Zum Beispiel, let\u2019s sagen, dass ein vorherigen Zyklus ein lifter verwendet 250 mg\/week von Testosteron, zusammen mit 750 mg\/Woche non-aromatizable Steroide. Und lass\u2019s sagen, er 12.5 mg\/Tag, Aromasin, geeignet zu sein f\u00fcr diesen Zyklus. Wenn er jetzt nutzen m\u00f6chte 1000 mg\/week von Testosteron, das ist vier mal mehr, wahrscheinlich sollte er nicht fruchtbar sein Exemestane Dosierung von viermal. Das w\u00e4re 50 mg\/Tag, was au\u00dferhalb der normalen Dosierung. Ich w\u00fcrde empfehlen 25 mg\/Tag als eine gesch\u00e4tzte Dosis in diesem Beispiel.<\/p>\n<p>ich habe noch nie abgeleitet, die genauen Formeln f\u00fcr die Anpassung der Dosis nach Ver\u00e4nderung in H\u00f6he von aromatizable Steroiden. Wahrscheinlich gibt es wirklich keine Universelle Formel. Als Allgemeine Ratschl\u00e4ge, aber machen Sie eine vern\u00fcnftige Sch\u00e4tzung, welches einige erh\u00f6hen, um Konto f\u00fcr die erh\u00f6hte Menge von aromatizable Steroiden, aber ohne \u00fcberschreitung des empfohlenen Bereichs, es sei denn, der Bluttest beweist, dass Sie notwendig sind.<\/p>\n<blockquote><p>Einige verwenden Aromasin w\u00e4hrend der PCT, aber ich\u2019d tun Sie dies nur, wenn der Bluttest zeigt, erh\u00f6hte estradiol-Spiegel. Wenn es\u2019s der Fall ist, dann Exemestane ist zu einem geringen Teil tats\u00e4chlich der am g\u00fcnstigsten gelegene Aromatasehemmer \u00fcber Arimidex oder Letrozol in diesem Fall, denn die anderen beiden haben einige Interaktion mit dem Metabolismus von SERMs, w\u00e4hrend Sie Aromasin nicht.<\/p><\/blockquote>\n<p>Wenn Sie in PCT Dosierung ist deutlich weniger als w\u00e4hrend eines Zyklus, als Menge von aromatizable steroid im Blut sehr viel weniger. In der Regel nicht mehr als 12,5 mg jeden anderen Tag ben\u00f6tigt werden, oder sogar nur jeden Dritten oder vierten Tag.<\/p>\n<p>Obwohl bereits oben erw\u00e4hnt, schlie\u00dfen Punkt, ich\u2019d gerne wieder Durchlaufen, dass es wirklich keine Frage der relativen St\u00e4rke unterschiedlicher aromatase-Hemmer, und kein Grund zu w\u00e4hlen, einer \u00fcber dem anderen wegen der behaupteten St\u00e4rke der Unterschiede. Let\u2019s sagen, dass eine Dosierung von einem aromatase-inibitor ist st\u00e4rker \u2013 reduziert \u00f6strogen mehr \u2013 als eine Dosierung von anderen. Wenn der erste reduziert \u00f6strogen zu viel, dann ist die Dosierung war zu viel Milligramm. Es\u2019s nicht das Produkt \u201ezu stark.\u201c, Oder, wenn der zweite hat\u2019t zu verringern estradiol genug, dann ist die Dosierung war zu wenigen Milligramm, anstatt das Produkt nicht stark genug sein.<\/p>\n<p>Alle die aromatase-Inhibitoren \u00fcberschwingen \u00f6strogen zu reduzieren, wenn \u00fcberdosiert, oder unterschwingen, wenn unterdosiert. Es gibt keinen Grund zu w\u00e4hlen, die eine \u00fcber die andere, weil, was kann man sagen \u00fcber St\u00e4rke.<\/p>\n<p>Arimidex, Letrozol und Aromasin alle in der Lage sind, die Arbeit gut und vorhersehbar f\u00fcr \u00f6strogen-Steuerelement. Wenn Sie bereits Erfahrung mit einem bestimmten aromatase-inhibitor, empfehle ich weiterhin mit ihm, als pers\u00f6nliche Dosierung ist schon verstanden. Wenn Sie noch nicht versucht, dann kann jeder von Ihnen wirksam sein. Ich hoffe, die obigen Erkl\u00e4rungen helfen Ihnen bei Ihrer Wahl. Aromasin (Exemestane) und anabole Steroide.<\/p>\n<p><em>Quellenangaben: Von Bill Roberts https:\/\/thinksteroids.com\/steroid-profiles\/aromasin\/ <\/em><\/p>\n<p>Legit Exemestane zum Verkauf f\u00fcr \u00f6strogen-Steuerelement. Kaufen Aromasin Billig.<\/p>\n<h3>Weiterlesen<\/h3>\n<p><a href=\"http:\/\/getanabolics.biz\/de\/kaufen-sie-clomid-online-auf-getanabolics-biz\/\">Kaufen Sie CLOMID ONLINE auf GETANABOLICS.BIZ<\/a><\/p>\n<p><a href=\"http:\/\/getanabolics.biz\/de\/wachstumshormon-hgh-die-wichtigsten-fakten\/\">Wachstumshormon HGH &#8211; die wichtigsten Fakten<\/a><\/p>\n<p><a href=\"http:\/\/getanabolics.biz\/de\/merkmale-von-kurzen-kursen-von-steroiden\/\">EIGENSCHAFTEN DER KURZEN STEROIDKURSE<\/a><\/p>\n<p><a href=\"http:\/\/getanabolics.biz\/de\/pause-zwischen-steroidkursen-und-pct\/\">PAUSE ZWISCHEN STEROID-KURSE UND PCT<\/a><\/p>\n<p><a href=\"http:\/\/getanabolics.biz\/de\/wie-effektiv-ist-die-steroidbruecke\/\">WIE WIRKSAM IST DIE STEROID-BR\u00dcCKE?<\/a><\/p>\n","protected":false},"excerpt":{"rendered":"<p>Paket: 30 Tabletten, jede hat 25 mg Exemestane<br \/>Hersteller: Alpha-Pharma<br \/>Marke: Aromasin<br \/>Weithin bekannt: Aromex<\/p>\n","protected":false},"featured_media":365,"comment_status":"open","ping_status":"closed","template":"","meta":[],"product_cat":[90,110],"product_tag":[54],"_links":{"self":[{"href":"https:\/\/getanabolics.biz\/de\/wp-json\/wp\/v2\/product\/953"}],"collection":[{"href":"https:\/\/getanabolics.biz\/de\/wp-json\/wp\/v2\/product"}],"about":[{"href":"https:\/\/getanabolics.biz\/de\/wp-json\/wp\/v2\/types\/product"}],"replies":[{"embeddable":true,"href":"https:\/\/getanabolics.biz\/de\/wp-json\/wp\/v2\/comments?post=953"}],"wp:featuredmedia":[{"embeddable":true,"href":"https:\/\/getanabolics.biz\/de\/wp-json\/wp\/v2\/media\/365"}],"wp:attachment":[{"href":"https:\/\/getanabolics.biz\/de\/wp-json\/wp\/v2\/media?parent=953"}],"wp:term":[{"taxonomy":"product_cat","embeddable":true,"href":"https:\/\/getanabolics.biz\/de\/wp-json\/wp\/v2\/product_cat?post=953"},{"taxonomy":"product_tag","embeddable":true,"href":"https:\/\/getanabolics.biz\/de\/wp-json\/wp\/v2\/product_tag?post=953"}],"curies":[{"name":"wp","href":"https:\/\/api.w.org\/{rel}","templated":true}]}}