{"id":952,"date":"2017-04-27T10:31:41","date_gmt":"2017-04-27T12:10:44","guid":{"rendered":"http:\/\/getanabolics.biz\/product\/arimidex-30-tabletten-jede-enthalt-1-mg-anastrozol-kaufen\/"},"modified":"2018-01-19T12:45:19","modified_gmt":"2018-01-19T12:45:19","slug":"arimidex-30-tabletten-jede-enthalt-1-mg-anastrozol-kaufen","status":"publish","type":"product","link":"https:\/\/getanabolics.biz\/de\/produkt\/arimidex-30-tabletten-jede-enthalt-1-mg-anastrozol-kaufen\/","title":{"rendered":"Arimidex &#8211; Alpha-Pharma"},"content":{"rendered":"<h2>Arimidex kaufen &#8211; Alpha-Pharma (Anazole)<\/h2>\n<p><a title=\"Buy Arimidex at GetAnabolics\"><img src=\"http:\/\/getanabolics.biz\/images\/anazole.jpg\" width=\"30%\" align=\"right\" \/><\/a><br \/>\nF\u00fcr diejenigen, die sucht, Arimidex und Fragen sich, wo zu kaufen Arimidex von Alpha-Pharma zur rechtlichen wir bieten Anazole als die <strong>beste Wahl f\u00fcr echte Bodybuilder<\/strong>.<br \/>\nVon nun an eine <strong>gro\u00dfe Vielzahl von injizierbaren Steroide als auch orale Steroide<\/strong> und post-Zyklus-Therapie von Alpha-Pharma kann gekauft werden <b>GetAnabolics<\/b>. Wir freuen uns, die Einf\u00fchrung der neuen Arimidex von <span style=\"font-weight: bold;\">Alpha-Pharma<\/span>.<br \/>\n<em>Alle Produkte, die wir zu bieten haben, sind aus authentischen, qualitativ hochwertige verbindungen und haben ein einziges Ziel: Menschen zu helfen, zu gewinnen Muskelmasse, die Allgemeine St\u00e4rke, Fett zu verbrennen und Ihnen helfen, auf dem Weg zu k\u00f6rperlicher Perfektion. Um eine Konstruktive und zivilisierte Verbindung mit unseren Kunden stellen wir maximale Anstrengungen zur Sicherung einer hohen service-Qualit\u00e4t und n\u00e4hert sich jede person, die Adresse zu unserem Online-Shop mit H\u00f6flichkeit und Respekt.<\/em><br \/>\nDen Aufbau und die Erhaltung einer wundersch\u00f6nen K\u00f6rpers erfordert eine Kombination von Methoden. Eine richtige Ern\u00e4hrung kommt zuerst in der Liste der wichtigen Bestandteile die der K\u00f6rper ben\u00f6tigt. Zweitens, stellen Sie sicher, dass Sie immer kaufen und verwenden Sie rechtlichen Steroide online nicht nur zu vermeiden, in Konflikt mit dem Gesetz, aber noch wichtiger ist, zur Vermeidung von gesundheitlichen Komplikationen.<br \/>\n<span style=\"font-weight: bold;\">GetAnabolics.Biz<\/span> ist die online-steroid Lieferanten speziell erstellt und widmet sich jeder athlet und bodybuilder mit der <strong>besten anabole Steroide zu erm\u00e4\u00dfigten Preisen<\/strong>. Wir haben uns entschieden, zuverl\u00e4ssigsten Marken zusammenarbeiten, um sicherzustellen, sicher, echt und top-notch-Steroide f\u00fcr unsere Kunden.<br \/>\nVersand Steroide sehr sicher ist das Hauptanliegen f\u00fcr die Lieferung von Steroiden weltweit. Unser diskreter Versand garantiert, dass niemand sonst wei\u00df, dass Sie kaufen Sie Steroide online.<\/p>\n<h2>Mehr Arimidex Alpha-Pharma Informationen<\/h2>\n<p><strong>30 Tabletten, jede enth\u00e4lt 1 mg Anastrozol<\/strong><\/p>\n<p><strong>Drug-Klasse: Oral Aromatase inhibitor<\/strong><br \/>\n<strong> Empfohlene Durchschnittliche Dosierung: Zwischen 0,25 mg und 1mg pro Tag<\/strong><br \/>\n<strong> Aktiv Leben: 48 Stunden<\/strong><br \/>\n<strong> Wasser retention: Nein<\/strong><br \/>\n<strong> Toxische Leber: ja<\/strong><br \/>\n<strong> Verringert HPTA Funktion: Nein<\/strong><br \/>\n<strong> Akne: ja<\/strong><\/p>\n<h1>Arimidex zum Verkauf<\/h1>\n<p><a href=\"http:\/\/getanabolics.biz\/de\/produkt\/arimidex-25-tabs-each-contains-1-mg-anastrozole\/\">Arimidex<\/a>, dessen generische name ist Anastrozol, wird haupts\u00e4chlich verwendet, und wurde zuerst hergestellt, wie eine Behandlung f\u00fcr Brustkrebs bei Frauen. Das Medikament wurde erstmals im Dezember 1995 und ist hergestellt und vermarktet von Zenica Pharma. Es ist eines der neuesten Pr\u00e4parate zur Behandlung von fortgeschrittenem Brustkrebs. Arimidex ist auch das erste Medikament in seiner Gruppe von der Dritten generation Drogen oder selektive oral aromatase-Inhibitoren zur Bek\u00e4mpfung von Brustkrebs.<\/p>\n<blockquote><p>Arimidex funktioniert durch die Blockierung der Enzym aromatase, welche Bl\u00f6cke die Produktion von \u00f6strogen im K\u00f6rper. Viele Arten von Brustkrebs-Zellen werden verst\u00e4rkt durch \u00f6strogen und die Reduzierung der \u00f6strogen effektiv verlangsamt und sogar Stoppt den Vormarsch der Krebs. Aufgrund seiner \u00f6strogen-hemmenden Eigenschaften, es ist ein gro\u00dfer steroid f\u00fcr m\u00e4nnliche Athleten. Dieses Medikament reduziert das Niveau von \u00f6strogen im m\u00e4nnlichen Athleten und ist viel effektiver als andere \u00e4hnliche Steroide wie <a href=\"http:\/\/getanabolics.biz\/de\/produkt\/proviron-buy-proviron-50-tabs-each-tab-25mg-mesterolone\/\">Proviron<\/a>. Dieses Medikament ist au\u00dfergew\u00f6hnlich stark. Eine t\u00e4gliche Dosis von 1mg oder ein tablet zu unterdr\u00fccken \u00f6strogen-Produktion <strong>um \u00fcber 80%.<\/strong> Da es wie eine starke Droge, die maximale Dosierung f\u00fcr M\u00e4nner ist 1mg pro Tag oder eine Tablette.<\/p><\/blockquote>\n<p>die Meisten Benutzer gesehen haben, die gro\u00dfe Ergebnisse mit Dosierungen so niedrig wie <strong>0.25 mg pro Tag<\/strong>. Arimidex sollte nicht verwendet werden, die junge Frauen und weibliche Athleten aufgrund der hohen \u00f6strogen-hemmenden Eigenschaften. Auch als Behandlung f\u00fcr Brustkrebs Arimidex sollte nur verwendet werden, per post-menopausalen Frauen mit fortgeschrittenen Stadien von Brustkrebs, die behandelt werden kann nicht mit anderen Drogen wie Nolvadex..<\/p>\n<p><a href=\"http:\/\/getanabolics.biz\/de\/merkmale-von-kurzen-kursen-von-steroiden\/\">Als es blockiert die Produktion<\/a> von \u00f6strogen im m\u00e4nnlichen Athleten, die die Droge, es f\u00fchrt zu verbesserten Muskel-Wachstum und erh\u00f6hte Muskelmasse. Arimidex in Kombination mit aromatizing Androgene wie Testosteron f\u00fchrt den Benutzer bauen solide Muskelmasse ohne nennenswerten Wassereinlagerungen. In Kombination mit solchen aromatizing Androgene Nebenwirkungen wie Gyn\u00e4komastie und \u00f6strogen Nebenwirkungen k\u00f6nnen reduziert werden, w\u00e4hrend die Qualit\u00e4t der Muskelmasse verbessert werden kann.<\/p>\n<p><span style=\"text-decoration: underline;\"><strong>L\u00e4ngere Verwendung des Medikaments<\/strong> in einer langen steroid-Behandlung kann sch\u00e4dliche Nebenwirkungen haben. Am wichtigsten ist, es kann dazu f\u00fchren, die Unterdr\u00fcckung der gute Cholesterin oder HDL-Cholesterin im K\u00f6rper. Auch die Verwendung dieser Droge negiert die positiven Effekte, die \u00f6strogen auf l\u00e4ngere steroid verwenden.<\/span><\/p>\n<p><strong>Kaufen Arimidex Tabletten online mit 100% Garantie der Zustellung.<\/strong><\/p>\n<h3>Weiterlesen<\/h3>\n<p><a href=\"http:\/\/getanabolics.biz\/de\/kaufen-sie-clomid-online-auf-getanabolics-biz\/\">Kaufen Sie CLOMID ONLINE auf GETANABOLICS.BIZ<\/a><\/p>\n<p><a href=\"http:\/\/getanabolics.biz\/de\/wachstumshormon-hgh-die-wichtigsten-fakten\/\">Wachstumshormon HGH &#8211; die wichtigsten Fakten<\/a><\/p>\n<p><a href=\"http:\/\/getanabolics.biz\/de\/merkmale-von-kurzen-kursen-von-steroiden\/\">EIGENSCHAFTEN DER KURZEN STEROIDKURSE<\/a><\/p>\n<p><a href=\"http:\/\/getanabolics.biz\/de\/pause-zwischen-steroidkursen-und-pct\/\">PAUSE ZWISCHEN STEROID-KURSE UND PCT<\/a><\/p>\n<p><a href=\"http:\/\/getanabolics.biz\/de\/wie-effektiv-ist-die-steroidbruecke\/\">WIE WIRKSAM IST DIE STEROID-BR\u00dcCKE?<\/a><\/p>\n","protected":false},"excerpt":{"rendered":"<p>Paket: 30 Tabletten, jede enth\u00e4lt 1 mg Anastrozol<br \/>Hersteller: Alpha-Pharma<br \/>Marke: Arimidex<br \/>Weithin bekannt: Anazole<\/p>\n","protected":false},"featured_media":359,"comment_status":"open","ping_status":"closed","template":"","meta":[],"product_cat":[90,110],"product_tag":[54],"_links":{"self":[{"href":"https:\/\/getanabolics.biz\/de\/wp-json\/wp\/v2\/product\/952"}],"collection":[{"href":"https:\/\/getanabolics.biz\/de\/wp-json\/wp\/v2\/product"}],"about":[{"href":"https:\/\/getanabolics.biz\/de\/wp-json\/wp\/v2\/types\/product"}],"replies":[{"embeddable":true,"href":"https:\/\/getanabolics.biz\/de\/wp-json\/wp\/v2\/comments?post=952"}],"wp:featuredmedia":[{"embeddable":true,"href":"https:\/\/getanabolics.biz\/de\/wp-json\/wp\/v2\/media\/359"}],"wp:attachment":[{"href":"https:\/\/getanabolics.biz\/de\/wp-json\/wp\/v2\/media?parent=952"}],"wp:term":[{"taxonomy":"product_cat","embeddable":true,"href":"https:\/\/getanabolics.biz\/de\/wp-json\/wp\/v2\/product_cat?post=952"},{"taxonomy":"product_tag","embeddable":true,"href":"https:\/\/getanabolics.biz\/de\/wp-json\/wp\/v2\/product_tag?post=952"}],"curies":[{"name":"wp","href":"https:\/\/api.w.org\/{rel}","templated":true}]}}