{"id":951,"date":"2017-04-27T10:31:41","date_gmt":"2017-04-27T12:10:44","guid":{"rendered":"http:\/\/getanabolics.biz\/product\/nolvadex-50-registerkarten-jede-registerkarte-enthalt-20mg-tamoxifen-citrate-kaufen\/"},"modified":"2018-01-19T12:53:45","modified_gmt":"2018-01-19T12:53:45","slug":"nolvadex-50-registerkarten-jede-registerkarte-enthalt-20mg-tamoxifen-citrate-kaufen","status":"publish","type":"product","link":"https:\/\/getanabolics.biz\/de\/produkt\/nolvadex-50-registerkarten-jede-registerkarte-enthalt-20mg-tamoxifen-citrate-kaufen\/","title":{"rendered":"Nolvadex &#8211; Alpha-Pharma"},"content":{"rendered":"<h2>Nolvadex kaufen &#8211; Alpha-Pharma (Altamofen-20)<\/h2>\n<p><a title=\"Buy Nolvadex at GetAnabolics\"><img src=\"http:\/\/getanabolics.biz\/images\/altamofen.jpg\" width=\"30%\" align=\"right\" \/><\/a><br \/>\nF\u00fcr diejenigen, die sucht, Nolvadex und Fragen sich, wo zu kaufen Nolvadex von Alpha-Pharma zur rechtlichen wir bieten Altamofen-20 als die <strong>beste Wahl f\u00fcr echte Bodybuilder<\/strong>.<br \/>\nVon nun an eine <strong>gro\u00dfe Vielzahl von injizierbaren Steroide als auch orale Steroide<\/strong> und post-Zyklus-Therapie von Alpha-Pharma kann gekauft werden <b>GetAnabolics<\/b>. Wir freuen uns, die Einf\u00fchrung der neuen Nolvadex von <span style=\"font-weight: bold;\">Alpha-Pharma<\/span>.<br \/>\nAlle Produkte, die wir zu bieten haben, sind aus authentischen, qualitativ hochwertige verbindungen und haben ein einziges Ziel: Menschen zu helfen, zu gewinnen Muskelmasse, die Allgemeine St\u00e4rke, Fett zu verbrennen und Ihnen helfen, auf dem Weg zu k\u00f6rperlicher Perfektion. Um eine Konstruktive und zivilisierte Verbindung mit unseren Kunden stellen wir maximale Anstrengungen zur Sicherung einer hohen service-Qualit\u00e4t und n\u00e4hert sich jede person, die Adresse zu unserem Online-Shop mit H\u00f6flichkeit und Respekt.<br \/>\n<em>Den Aufbau und die Erhaltung einer wundersch\u00f6nen K\u00f6rpers erfordert eine Kombination von Methoden. Eine richtige Ern\u00e4hrung kommt zuerst in der Liste der wichtigen Bestandteile die der K\u00f6rper ben\u00f6tigt. Zweitens, stellen Sie sicher, dass Sie immer kaufen und verwenden Sie rechtlichen Steroide online nicht nur zu vermeiden, in Konflikt mit dem Gesetz, aber noch wichtiger ist, zur Vermeidung von gesundheitlichen Komplikationen.<\/em><br \/>\n<span style=\"font-weight: bold;\">GetAnabolics.Biz<\/span> ist die online-steroid Lieferanten speziell erstellt und widmet sich jeder athlet und bodybuilder mit der <strong>besten anabole Steroide zu erm\u00e4\u00dfigten Preisen<\/strong>. Wir haben uns entschieden, zuverl\u00e4ssigsten Marken zusammenarbeiten, um sicherzustellen, sicher, echt und top-notch-Steroide f\u00fcr unsere Kunden.<br \/>\nVersand Steroide sehr sicher ist das Hauptanliegen f\u00fcr die Lieferung von Steroiden weltweit. Unser diskreter Versand garantiert, dass niemand sonst wei\u00df, dass Sie kaufen Sie Steroide online.<\/p>\n<h2>Mehr Nolvadex Alpha-Pharma Informationen<\/h2>\n<p><b>50 tabs jeder tab enth\u00e4lt 20mg Tamoxifen Citrate<\/b><\/p>\n<blockquote><p>Dieses Mittel ist etwas anders als andere da ist es nicht eine anabole\/Androgene steroid. F\u00fcr m\u00e4nnliche und weibliche Bodybuilder, aber es ist eine sehr n\u00fctzliche und empfohlene Verbindung, die best\u00e4tigt wird durch seine weit verbreitet und \u00fcberwiegend positive Ergebnisse. <a href=\"http:\/\/getanabolics.biz\/de\/produkt\/nolvadex-100-tabs-each-tab-contains-20mg-tamoxifen-citrate\/\">Nolvadex <\/a>geh\u00f6rt zu der Gruppe der Sexualhormone und ist ein sog. Anti\u00f6strogen. Die normale Anwendung von Nolvadex ist in der Behandlung bestimmter Formen von Brustkrebs in weibliche Patienten. Mit Nolvadex es ist m\u00f6glich umzukehren, eine vorhandene Wachstumsprozess der Verstorbenen Gewebe und verhindern ein weiteres Wachstum. Das Wachstum bestimmter Gewebe wird stimuliert durch das k\u00f6rpereigene Hormon \u00f6strogen. Diese gilt insbesondere f\u00fcr die Brust-Dr\u00fcsen bei M\u00e4nnern und Frauen, da der K\u00f6rper hat eine gro\u00dfe Anzahl von \u00f6strogen Rezeptoren bei diesen Dr\u00fcsen kann bond mit den \u00f6strogenen im Blut vorhanden. Wenn die k\u00f6rpereigene \u00f6strogen Niveau ist ungew\u00f6hnlich hoch, ein unerw\u00fcnschtes Wachstum von Brust-Dr\u00fcsen Auftritt. Jedoch bei gesunden Frauen und besonders bei M\u00e4nnern ist dies nicht der Fall. Trotz dieser, ist es meist m\u00e4nnlichen Bodybuilder, die mit Nolvadex und weniger Frauen. Auf den ersten Blick scheint dies etwas undenkbar, aber wenn man einen genaueren Blick, die Gr\u00fcnde sind klar. Welcher Bodybuilder nehmen Nolvadex auch verwenden anabole Steroide zur gleichen Zeit. Da die meisten Steroide aromatisieren mehr oder weniger stark, d.h. ein Teil der Substanz wird konvertiert in \u00f6strogene, m\u00e4nnliche Bodybuilder kann erleben Sie eine signifikante Erh\u00f6hung in der Regel sehr niedrige \u00f6strogen-Ebene. Dies kann dazu f\u00fchren, Feminisierung Symptome wie Gyn\u00e4komastie (Wachstum der Brust-Dr\u00fcsen), erh\u00f6hte Fettablagerungen und h\u00f6here Wassereinlagerungen. Das Anti\u00f6strogen Nolvadex wirkt gegen diese durch die Blockierung der \u00f6strogen-Rezeptoren der betroffenen K\u00f6rpergewebe, damit die Hemmung einer Bindung von \u00f6strogen und rezeptor. Es ist jedoch wichtig zu verstehen, dass Nolvadex nicht verhindert, dass die Aromatisierung aber nur fungiert als ein \u00f6strogen-Antagonisten. Dies bedeutet, dass es nicht verhindern, dass Testosteron und seine synthetischen Derivate (Steroide) aus der Umwandlung in \u00f6strogene, sondern nur K\u00e4mpfe mit Sie in einer Art &#8222;Wettbewerb&#8220; f\u00fcr die \u00f6strogen-Rezeptoren. Diese Eigenschaft hat den Nachteil, dass nach die Einstellung von Nolvadex einen &#8222;rebound-Effekt&#8220; auftreten kann, was bedeutet, dass die pl\u00f6tzlich befreit \u00f6strogen Rezeptoren sind nun in der Lage, zu absorbieren, die \u00f6strogen im Blut vorhanden. Aus diesem Grund ist die kombinierte Einnahme von Proviron wird empfohlen (siehe Proviron.)<\/p><\/blockquote>\n<p>Nolvadex ist auch hilfreich w\u00e4hrend einer Di\u00e4t, da es hilft bei der Fettverbrennung. Obwohl Nolvadex hat keine direkte Fettverbrennung Wirkung seiner antiestrogenic Effekt tr\u00e4gt dazu bei, dass das \u00f6strogen Ebene so niedrig wie m\u00f6glich. Nolvadex sollte insbesondere zusammen mit der starken ein-drogenic Steroide Dianabol und Anadrol 50, und die verschiedenen Testosteron-verbindungen. Athleten, die eine Tendenz zu behalten Wasser und, die ein Mamma-Dysfunktion zu nehmen Nolvadex Pr\u00e4vention w\u00e4hrend jedes steroid Aufnahme. Da Nolvadex ist sehr effektiv, in den meisten F\u00e4llen ist es kein Wunder, dass einige Sportler nehmen kann <a href=\"http:\/\/getanabolics.biz\/de\/produkt\/anadrol-100-tabs-each-tab-contains-50-mg-oxymetholone\/\">Anadrol<\/a>-50 und Dianabol bis zu dem Tag des Wettbewerbs, und in Kombination mit einem Diuretikum wirken noch v\u00f6llig zerrissen. limelight. Diejenigen, die bereits einen niedrigen K\u00f6rperfettanteil erreichen eine sichtbar verbesserte Muskel-H\u00e4rte mit Nolvadex.<\/p>\n<p><em><strong>Mehrere Bodybuilder wie zu verwenden Nolvadex<\/strong> am Ende einer steroid-Zyklus, da es erh\u00f6ht die k\u00f6rpereigene Testosteron-Produktion -die werden diskutiert in mehr detail in der folgenden -, entgegenzuwirken, die Nebenwirkungen verursacht durch die \u00f6strogene. Diese k\u00f6nnen auftreten, nach der Einstellung von Steroiden, wenn die androgen-Ebene in Beziehung zu der \u00f6strogen-Konzentration zu niedrig und \u00f6strogen wird die dominierende Hormon. Ein sehr selten, aber alle die mehr ernstes problem von Nolvadex ist, dass in einigen F\u00e4llen ist es nicht senken die \u00f6strogen-Ebene aber kann Sie erh\u00f6hen. Ein weiterer Nachteil ist, dass es zu einer Schw\u00e4chung der anabolen Wirkung einiger Steroide. Die Grund daf\u00fcr ist, dass Nolvadex, wie wir wissen, senkt den \u00f6strogenspiegel. Die Tatsache ist jedoch, dass bestimmte Steroide &#8211; vor allem die verschiedenen Testosteron-verbindungen-k\u00f6nnen nur Ihre volle Wirksamkeit entfalten, wenn der \u00f6strogen-level ist ausreichend hoch ist. Diejenigen, die verwendet werden, um die Einnahme von gr\u00f6\u00dferen <strong>Mengen<\/strong> der verschiedenen Steroide haben keine sorgen zu machen \u00fcber diesem. Sportler hingegen, die \u00fcberwiegend milde Steroide wie Primobolan, Winstrol, Oxandrolone, und <a href=\"http:\/\/getanabolics.biz\/de\/produkt\/deca-100-10x1ml-ampoules-each-has-100-mg-total-1000-mg-nandrolone-decaonate\/\">Deca-Durabolin<\/a>, sollten sorgf\u00e4ltig pr\u00fcfen, ob oder nicht Sie sollten nehmen Sie Nolvadex da durch die Mischung ist bereits moderate anabole Wirkung, die einen zus\u00e4tzlichen Verlust der Wirkung stattfinden konnte, f\u00fchrenden zu unbefriedigenden Ergebnissen.<\/em><\/p>\n<p>Ein selten beobachtet, aber willkommen Merkmal von Nolvadex ist, dass es einen direkten Einfluss auf den hypothalamus und somit durch eine erh\u00f6hte Freisetzung der gonadotropine stimuliert es die Produktion von Testosteron in den Hoden. Dies f\u00fchrt nicht zu einer gewaltigen, aber immer noch eine messbare Erh\u00f6hung des k\u00f6rpereigenen Testosteron. Diese Wirkung ist allerdings nicht ausreichend, um deutlich erh\u00f6hen die Produktion von Testosteron reduziert anabole\/Androgene Steroide.<\/p>\n<p>Die <strong>Nebenwirkungen<\/strong> von <strong>Nolvadex<\/strong> sind in der Regel in niedrigen Dosierungen bis zu 30 mg\/Tag, In seltenen F\u00e4llen \u00fcbelkeit, Erbrechen, Hitzewallungen, Taubheit und verschwommenes sehen auftreten k\u00f6nnen. Bei Frauen unregelm\u00e4\u00dfige Menstruation Zyklen auftreten k\u00f6nnen, die manifestieren sich in einer schw\u00e4cheren Regelblutung oder sogar vollst\u00e4ndige fehlen einer Periode. Frauen sollten auch seien Sie vorsichtig, nicht Schwanger werden w\u00e4hrend der Einnahme von Nolvadex. Es ist wichtig f\u00fcr weibliche Athleten, dass Nolvadex und &#8222;Pille&#8220; nicht zusammen eingenommen werden, da das Anti\u00f6strogen Nolvadex und \u00f6strogen-haltigen Pille negativ gef\u00e4lschte einander. Die normale Tagesdosis genommen von Sportlern entspricht mehr oder weniger der Dosierung Indikationen des Herstellers und ist 10-30 mg\/Tag, um Zu verhindern, dass \u00f6strogene Nebenwirkungen sind in der Regel 10 mg\/Tag ausreichend sind, ist eine Dosierung, die h\u00e4lt auch niedriger das Risiko der Verringerung der Wirkung von gleichzeitig-genommen Steroide. Oft ist es ausreichend, wenn der athlet beginnt diese vorbeugende Einnahme von Nolvadex nur drei bis vier Wochen nach der Einnahme von Anabolika. Sportler, die Tendenzen in Richtung Gyn\u00e4komastie, starke Wassereinlagerungen, und erh\u00f6hte Fettablagerungen mit Steroiden wie <strong>Dianabol, Testosteron, Anadrol<\/strong> 50, und <strong>Deca-Durabolin<\/strong> in der Regel nehmen Sie 20-30 mg\/Tag Die kombinierte Anwendung von Nolvadex 20-30 mg\/Tag und 25-50 mg Proviron\/Tag in diese F\u00e4llen f\u00fchrt zu hervorragenden Ergebnissen. Das gleiche gilt f\u00fcr Sportler, die in Wettbewerb stehen, und f\u00fcr Frauen. Frauen, allerdings tun sollten, ohne die Einnahme von <strong>Proviron<\/strong> oder zumindest reduzieren die Dosierung auf eine 25 mg Tablette pro Tag. Leider, in den meisten F\u00e4llen eine sehr ausgepr\u00e4gte Gyn\u00e4komastie (&#8222;bitch tits&#8220;) kann reduziert werden, indem die Einnahme Nolvadex so, dass oft eine Operation erforderlich ist, eine Operation, die nicht bezahlt von den Krankenkassen. Erste Anzeichen einer m\u00f6gliche Gyn\u00e4komastie sind leichte Schmerzen bei Ber\u00fchrung der Brustwarzen. Die Tabletten werden in der Regel bei 1-2x t\u00e4glich, im ganzen geschluckt, ohne zu kauen, mit etwas Fl\u00fcssigkeit w\u00e4hrend der Mahlzeiten.<\/p>\n<h3>Weiterlesen<\/h3>\n<p><a href=\"http:\/\/getanabolics.biz\/de\/kaufen-sie-clomid-online-auf-getanabolics-biz\/\">Kaufen Sie CLOMID ONLINE auf GETANABOLICS.BIZ<\/a><\/p>\n<p><a href=\"http:\/\/getanabolics.biz\/de\/wachstumshormon-hgh-die-wichtigsten-fakten\/\">Wachstumshormon HGH &#8211; die wichtigsten Fakten<\/a><\/p>\n<p><a href=\"http:\/\/getanabolics.biz\/de\/merkmale-von-kurzen-kursen-von-steroiden\/\">EIGENSCHAFTEN DER KURZEN STEROIDKURSE<\/a><\/p>\n<p><a href=\"http:\/\/getanabolics.biz\/de\/pause-zwischen-steroidkursen-und-pct\/\">PAUSE ZWISCHEN STEROID-KURSE UND PCT<\/a><\/p>\n<p><a href=\"http:\/\/getanabolics.biz\/de\/wie-effektiv-ist-die-steroidbruecke\/\">WIE WIRKSAM IST DIE STEROID-BR\u00dcCKE?<\/a><\/p>\n","protected":false},"excerpt":{"rendered":"<p>Paket: 50 Registerkarten jede Registerkarte enth\u00e4lt 20mg Tamoxifen Citrate<br \/>Hersteller: Alpha-Pharma<br \/>Marke: Nolvadex<br \/>Weithin bekannt: Altamofen-20<\/p>\n","protected":false},"featured_media":353,"comment_status":"open","ping_status":"closed","template":"","meta":[],"product_cat":[90,110],"product_tag":[54],"_links":{"self":[{"href":"https:\/\/getanabolics.biz\/de\/wp-json\/wp\/v2\/product\/951"}],"collection":[{"href":"https:\/\/getanabolics.biz\/de\/wp-json\/wp\/v2\/product"}],"about":[{"href":"https:\/\/getanabolics.biz\/de\/wp-json\/wp\/v2\/types\/product"}],"replies":[{"embeddable":true,"href":"https:\/\/getanabolics.biz\/de\/wp-json\/wp\/v2\/comments?post=951"}],"wp:featuredmedia":[{"embeddable":true,"href":"https:\/\/getanabolics.biz\/de\/wp-json\/wp\/v2\/media\/353"}],"wp:attachment":[{"href":"https:\/\/getanabolics.biz\/de\/wp-json\/wp\/v2\/media?parent=951"}],"wp:term":[{"taxonomy":"product_cat","embeddable":true,"href":"https:\/\/getanabolics.biz\/de\/wp-json\/wp\/v2\/product_cat?post=951"},{"taxonomy":"product_tag","embeddable":true,"href":"https:\/\/getanabolics.biz\/de\/wp-json\/wp\/v2\/product_tag?post=951"}],"curies":[{"name":"wp","href":"https:\/\/api.w.org\/{rel}","templated":true}]}}