{"id":950,"date":"2017-04-27T10:31:41","date_gmt":"2017-04-27T12:10:44","guid":{"rendered":"http:\/\/getanabolics.biz\/product\/turinabol-50-tabletten-jede-enthalt-10-mg-chlordehydromethyltestosterone-kaufen\/"},"modified":"2018-01-19T13:04:47","modified_gmt":"2018-01-19T13:04:47","slug":"turinabol-50-tabletten-jede-enthalt-10-mg-chlordehydromethyltestosterone-kaufen","status":"publish","type":"product","link":"https:\/\/getanabolics.biz\/de\/produkt\/turinabol-50-tabletten-jede-enthalt-10-mg-chlordehydromethyltestosterone-kaufen\/","title":{"rendered":"Turinabol &#8211; Alpha-Pharma"},"content":{"rendered":"<h2>Turinabol kaufen &#8211; Alpha-Pharma (Turinabol 10)<\/h2>\n<p><a title=\"Buy Turinabol at GetAnabolics\"><img src=\"http:\/\/getanabolics.biz\/images\/turinabol_10-atlasp.jpg\" width=\"30%\" align=\"right\" \/><\/a><br \/>\nF\u00fcr diejenigen, die sucht, Turinabol und Fragen sich, wo zu kaufen Turinabol von Alpha-Pharma zur rechtlichen wir bieten Turinabol 10 als die <strong>beste Wahl f\u00fcr echte Bodybuilder<\/strong>.<br \/>\n<em>Von nun an eine <strong>gro\u00dfe Vielzahl von injizierbaren Steroide als auch orale Steroide<\/strong> und post-Zyklus-Therapie von Alpha-Pharma kann gekauft werden <b>GetAnabolics<\/b>. Wir freuen uns, die Einf\u00fchrung der neuen Turinabol von <span style=\"font-weight: bold;\">Alpha-Pharma<\/span>.<\/em><br \/>\nAlle Produkte, die wir zu bieten haben, sind aus authentischen, qualitativ hochwertige verbindungen und haben ein einziges Ziel: Menschen zu helfen, zu gewinnen Muskelmasse, die Allgemeine St\u00e4rke, Fett zu verbrennen und Ihnen helfen, auf dem Weg zu k\u00f6rperlicher Perfektion. Um eine Konstruktive und zivilisierte Verbindung mit unseren Kunden stellen wir maximale Anstrengungen zur Sicherung einer hohen service-Qualit\u00e4t und n\u00e4hert sich jede person, die Adresse zu unserem Online-Shop mit H\u00f6flichkeit und Respekt.<br \/>\nDen Aufbau und die Erhaltung einer wundersch\u00f6nen K\u00f6rpers erfordert eine Kombination von Methoden. Eine richtige Ern\u00e4hrung kommt zuerst in der Liste der wichtigen Bestandteile die der K\u00f6rper ben\u00f6tigt. Zweitens, stellen Sie sicher, dass Sie immer kaufen und verwenden Sie rechtlichen Steroide online nicht nur zu vermeiden, in Konflikt mit dem Gesetz, aber noch wichtiger ist, zur Vermeidung von gesundheitlichen Komplikationen.<br \/>\n<span style=\"font-weight: bold;\">GetAnabolics.Biz<\/span> ist die online-steroid Lieferanten speziell erstellt und widmet sich jeder athlet und bodybuilder mit der <strong>besten anabole Steroide zu erm\u00e4\u00dfigten Preisen<\/strong>. Wir haben uns entschieden, zuverl\u00e4ssigsten Marken zusammenarbeiten, um sicherzustellen, sicher, echt und top-notch-Steroide f\u00fcr unsere Kunden.<br \/>\n<em>Versand Steroide sehr sicher ist das Hauptanliegen f\u00fcr die Lieferung von Steroiden weltweit. Unser diskreter Versand garantiert, dass niemand sonst wei\u00df, dass Sie kaufen Sie Steroide online.<\/em><\/p>\n<h2>Mehr Turinabol Alpha-Pharma Informationen<\/h2>\n<p><b>50 Tabletten, jede enth\u00e4lt 10 mg Chlordehydromethyltestosterone<\/b><\/p>\n<p><strong>Oral-Turinabol ist ein orales steroid, das entwickelt wurde, w\u00e4hrend der fr\u00fchen 1960er Jahre.<\/strong><\/p>\n<p><strong>OT hat eine \u00fcberwiegend anabole Wirkung, die in Kombination mit einer relativ niedrigen androgenen Komponente. Auf einer Skala von 1 bis 100 die Androgene Wirkung sehr gering -nur 6 &#8211; und die anabole Wirkung ist 53. (Im Vergleich: der Androgene Effekt von Dianabol ist 45 und seine anabole Wirkung ist 90.) Oral-Turinabol hat also Milligramm f\u00fcr milli-Gramm eine geringere Wirkung als <a href=\"http:\/\/getanabolics.biz\/de\/produkt\/dianabol-100-tabs-each-contains-10-mg-methandienone\/\">Dianabol<\/a>. Es ist daher nicht ein steroid, verursacht eine rasche Verst\u00e4rkung in Kraft, Gewicht und Muskelmasse. Vielmehr die erreichbaren Ergebnisse manifestieren sich in einer soliden Muskelaufbau und, wenn \u00fcber mehrere Wochen, auch in eine gute Festigkeit gewinnen. Der athlet wird sicherlich nicht eine geschwollene schauen wie es der Fall mit Testosteron, Dianabol und <a href=\"http:\/\/getanabolics.biz\/de\/produkt\/anadrol-100-tabs-each-tab-contains-50-mg-oxymetholone\/\">Anadrol <\/a>50. Die maximale Konzentration im Blut von Oral-Turinabol bei der Einnahme von 10, 20 oder 40 mg\/Tag betr\u00e4gt 1,5 -3.5 oder das 4,5-fache der endogenen Testosteron-Konzentration (siehe auch Dianabol). Dies zeigt deutlich, dass die Wirksamkeit dieser Verbindung ist stark abh\u00e4ngig von der Dosierung.<\/strong><\/p>\n<p>0,4 x Pfund (K\u00f6rpergewicht) x Tage = Anzahl der Tabletten zu nehmen, insgesamt w\u00e4hrend des Intervalls der Einnahme<br \/>\nmg \/ tablet<\/p>\n<p>Ein Sportler mit einem Gewicht von 200 Pfund w\u00fcrde nur 4 Tabletten 5 mg (20mg\/Tag.) In unserer Erfahrung Bodybuilder nehmen 8-10 Tabletten 5 mg, ist, dass 40-50 mg\/Tag. Viele begeistert berichten \u00fcber gute Ergebnisse mit dieser Dosierung: man baut eine solide Muskelmasse, die Kraft zu gewinnen sehenswert ist, ist die Wasserretention sehr niedrig, und die \u00f6strogen-bedingten Nebenwirkungen sind selten. Nicht ohne Grund OT ist auch beliebt bei Powerlifter und Gewichtheber, die Wert auf diese Merkmale.<\/p>\n<p><em>Aufgrund seiner Eigenschaften OT ist auch ein geeignetes steroid sowohl f\u00fcr M\u00e4nner und Frauen in Wettbewerben. Eine in der Regel sehr effektive stack f\u00fcr m\u00e4nnliche Bodybuilder besteht aus 50 mg OT\/Tag, 228 mg <a href=\"http:\/\/getanabolics.biz\/de\/produkt\/parabolin-parabolan-parabolin-trenbolone-75mg-box-of-5-ampoules-1-5ml\/\">Parabolan<\/a>\/Woche und 150 mg Winstrol Depot\/Woche. Wer brachten Ihren K\u00f6rper Fettgehalt auf ein niedriges Niveau von Di\u00e4ten und\/oder durch Verwendung Fettverbrennung Substanzen (zB Clenbuterol, Ephedrin, Salbutamol, Cytomel, Triacana), werden feststellen, dass die oben genannten steroid-Kombination manifestiert sich in harten, scharf definierte aber noch dicht und voller Muskeln. Keine vergr\u00f6\u00dferten Br\u00fcste, keine \u00f6strogen-\u00fcberschuss und keine tr\u00e4nende, geschwollene aussehende Muskulatur. Wenn OT auf dem US-Schwarzmarkt f\u00fcr Steroide, Bodybuilder, Powerlifter und Gewichtheber w\u00fcrde verr\u00fcckt f\u00fcr diese ostdeutsche anabolen.<\/em><\/p>\n<p>OT erfreut sich einer gro\u00dfen Beliebtheit, da es schnell vom K\u00f6rper gebrochen und die Metaboliten ausgeschieden werden relativ schnell durch den Urin. Die oft gestellte Frage, \u00fcber wie viele Tage vor einem test OT ergriffen werden k\u00f6nnen, um &#8222;sauber&#8220; ist schwer zu beantworten, speziell oder im Allgemeinen. Wir wissen aus einer zuverl\u00e4ssigen Quelle, dass Athleten, die nur OT als ein steroid und die, teilweise nehmen Dosierungen von 10 &#8211; 15 Tabletten\/Tag, haben brachen den com-Pfund, genau f\u00fcnf Tage vor einem doping-test und negativ getestet. Diese Angaben werden unterst\u00fctzt durch die Tatsache, dass auch positive Urin-Analysen haben nur selten erw\u00e4hnt die Namen Oral-Turinabol oder chlordehydromethyl-Testosteron.<\/p>\n<blockquote><p>Die m\u00f6glichen Nebenwirkungen von OT in der Regel abh\u00e4ngig von der Dosierung und gender-spezifisch. bei Frauen, je nach Ihrer Veranlagung, die \u00fcblichen Virilisierung Symptome und steigen, wenn dos-Alter von mehr als 20 mg pro Tag genommen \u00fcber eine l\u00e4ngere Zeit. Bei M\u00e4nnern die bereits diskutierten reduziert die Produktion von Testosteron selten vermieden werden. Gyn\u00e4komastie tritt nur selten mit OT Da die Reaktion des Wasser-und Elektrolyt-Haushalt ist nicht \u00fcberm\u00e4\u00dfig ausgepr\u00e4gte Athleten nur selten Bericht Wasserretention und hohen Blutdruck. Akne, Magen-Darm-Schmerzen, und unkontrollierte aggressives Verhalten sind auch eher die Ausnahme als die Regel mit OT Eine gesteigerte libido wird berichtet, in den meisten F\u00e4llen von beiden Geschlechtern. Da die Substanz chlordehydromethyltestosterone ist I 7-alpha alkyliert der Hersteller in seiner Packungsbeilage empfiehlt, dass die Leber-Funktion regelm\u00e4\u00dfig \u00fcberpr\u00fcft werden, da es kann sich negativ durch hohen Dosierungen und das Risiko m\u00f6glicher Lebersch\u00e4den nicht ausgeschlossen werden k\u00f6nnen. So OT ist auch ein steroid, das genommen werden kann, das ohne Unterbrechung f\u00fcr lange Intervalle. Studium der m\u00e4nnlichen Athleten, die \u00fcber einen Zeitraum von sechs Wochen wurden 10 mg OT\/Tag zeigten keine Hinweise auf gesundheitsgef\u00e4hrdende Effekte.<\/p><\/blockquote>\n<p>Die Verf\u00fcgbarkeit von OT ist extrem schlecht. Es gibt keine chance, Suche eine original Oral-Turinabol-tablet in den USA<\/p>\n<h3>Weiterlesen<\/h3>\n<p><a href=\"http:\/\/getanabolics.biz\/de\/dianabol-online-auf-getanabolics-biz-kaufen\/\">Kaufen Sie DIANABOL ONLINE auf GETANABOLICS.BIZ<\/a><\/p>\n<p><a href=\"http:\/\/getanabolics.biz\/de\/winstrol-ist-es-und-ist-es\/\">WINSTROL, WAS IST ES UND WOF\u00dcR IST ES?<\/a><\/p>\n<p><a href=\"http:\/\/getanabolics.biz\/de\/cytomel-t3-rezensionen-zu-getanabolics-biz\/\">CYTOMEL T3 BEWERTUNGEN AUF GETANABOLICS.BIZ<\/a><\/p>\n<p><a href=\"http:\/\/getanabolics.biz\/de\/pause-zwischen-steroidkursen-und-pct\/\">PAUSE ZWISCHEN STEROID-KURSE UND PCT<\/a><\/p>\n<p><a href=\"http:\/\/getanabolics.biz\/de\/wie-effektiv-ist-die-steroidbruecke\/\">WIE WIRKSAM IST DIE STEROID-BR\u00dcCKE?<\/a><\/p>\n","protected":false},"excerpt":{"rendered":"<p>Paket: 50 Tabletten, jede enth\u00e4lt 10 mg Chlordehydromethyltestosterone<br \/>Hersteller: Alpha-Pharma<br \/>Marke: Turinabol<br \/>Weithin bekannt: Turinabol 10<\/p>\n","protected":false},"featured_media":347,"comment_status":"open","ping_status":"closed","template":"","meta":[],"product_cat":[110],"product_tag":[54],"_links":{"self":[{"href":"https:\/\/getanabolics.biz\/de\/wp-json\/wp\/v2\/product\/950"}],"collection":[{"href":"https:\/\/getanabolics.biz\/de\/wp-json\/wp\/v2\/product"}],"about":[{"href":"https:\/\/getanabolics.biz\/de\/wp-json\/wp\/v2\/types\/product"}],"replies":[{"embeddable":true,"href":"https:\/\/getanabolics.biz\/de\/wp-json\/wp\/v2\/comments?post=950"}],"wp:featuredmedia":[{"embeddable":true,"href":"https:\/\/getanabolics.biz\/de\/wp-json\/wp\/v2\/media\/347"}],"wp:attachment":[{"href":"https:\/\/getanabolics.biz\/de\/wp-json\/wp\/v2\/media?parent=950"}],"wp:term":[{"taxonomy":"product_cat","embeddable":true,"href":"https:\/\/getanabolics.biz\/de\/wp-json\/wp\/v2\/product_cat?post=950"},{"taxonomy":"product_tag","embeddable":true,"href":"https:\/\/getanabolics.biz\/de\/wp-json\/wp\/v2\/product_tag?post=950"}],"curies":[{"name":"wp","href":"https:\/\/api.w.org\/{rel}","templated":true}]}}