{"id":949,"date":"2017-04-27T10:31:41","date_gmt":"2017-04-27T12:10:44","guid":{"rendered":"http:\/\/getanabolics.biz\/product\/winstrol-tabs-10-kaufen-sie-winstrol-tabletten-50-tabletten-jede-enthalt-10-mg-stanozolol-kaufen\/"},"modified":"2018-01-19T13:10:48","modified_gmt":"2018-01-19T13:10:48","slug":"winstrol-tabs-10-kaufen-sie-winstrol-tabletten-50-tabletten-jede-enthalt-10-mg-stanozolol-kaufen","status":"publish","type":"product","link":"https:\/\/getanabolics.biz\/de\/produkt\/winstrol-tabs-10-kaufen-sie-winstrol-tabletten-50-tabletten-jede-enthalt-10-mg-stanozolol-kaufen\/","title":{"rendered":"Winstrol tabs 10 &#8211; Alpha-Pharma"},"content":{"rendered":"<h2>Winstrol tabs 10 kaufen &#8211; Alpha-Pharma (Rexobol-10)<\/h2>\n<p><a title=\"Buy Winstrol tabs 10 at GetAnabolics\"><img src=\"http:\/\/getanabolics.biz\/images\/rexobol.jpg\" width=\"30%\" align=\"right\" \/><\/a><br \/>\nF\u00fcr diejenigen, die sucht, Winstrol tabs 10 und Fragen sich, wo zu kaufen Winstrol tabs 10 von Alpha-Pharma zur rechtlichen wir bieten Rexobol-10 als die <strong>beste Wahl f\u00fcr echte Bodybuilder<\/strong>.<br \/>\nVon nun an eine <strong>gro\u00dfe Vielzahl von injizierbaren Steroide als auch orale Steroide<\/strong> und post-Zyklus-Therapie von Alpha-Pharma kann gekauft werden <b>GetAnabolics<\/b>. Wir freuen uns, die Einf\u00fchrung der neuen Winstrol tabs 10 von <span style=\"font-weight: bold;\">Alpha-Pharma<\/span>.<br \/>\n<em>Alle Produkte, die wir zu bieten haben, sind aus authentischen, qualitativ hochwertige verbindungen und haben ein einziges Ziel: Menschen zu helfen, zu gewinnen Muskelmasse, die Allgemeine St\u00e4rke, Fett zu verbrennen und Ihnen helfen, auf dem Weg zu k\u00f6rperlicher Perfektion. Um eine Konstruktive und zivilisierte Verbindung mit unseren Kunden stellen wir maximale Anstrengungen zur Sicherung einer hohen service-Qualit\u00e4t und n\u00e4hert sich jede person, die Adresse zu unserem Online-Shop mit H\u00f6flichkeit und Respekt.<\/em><br \/>\nDen Aufbau und die Erhaltung einer wundersch\u00f6nen K\u00f6rpers erfordert eine Kombination von Methoden. Eine richtige Ern\u00e4hrung kommt zuerst in der Liste der wichtigen Bestandteile die der K\u00f6rper ben\u00f6tigt. Zweitens, stellen Sie sicher, dass Sie immer kaufen und verwenden Sie rechtlichen Steroide online nicht nur zu vermeiden, in Konflikt mit dem Gesetz, aber noch wichtiger ist, zur Vermeidung von gesundheitlichen Komplikationen.<br \/>\n<span style=\"font-weight: bold;\">GetAnabolics.Biz<\/span> ist die online-steroid Lieferanten speziell erstellt und widmet sich jeder athlet und bodybuilder mit der <strong>besten anabole Steroide zu erm\u00e4\u00dfigten Preisen<\/strong>. Wir haben uns entschieden, zuverl\u00e4ssigsten Marken zusammenarbeiten, um sicherzustellen, sicher, echt und top-notch-Steroide f\u00fcr unsere Kunden.<br \/>\n<em>Versand Steroide sehr sicher ist das Hauptanliegen f\u00fcr die Lieferung von Steroiden weltweit. Unser diskreter Versand garantiert, dass niemand sonst wei\u00df, dass Sie kaufen Sie Steroide online.<\/em><\/p>\n<h2>Mehr Winstrol tabs 10 Alpha-Pharma Informationen<\/h2>\n<p><b>Kaufen Sie Winstrol Tabletten 50 Tabletten, jede enth\u00e4lt 10 mg Stanozolol<\/b><\/p>\n<p>Winstrol ist ein sehr beliebtes oralen oder injizierbaren anabole-Androgene steroid. Es z\u00e4hlt bis es mit deca und dianabol als der am h\u00e4ufigsten verwendete und missbrauchte Droge, die von Leistungssportlern.<\/p>\n<p><em><a href=\"http:\/\/getanabolics.biz\/de\/produkt\/azolol-azolol-100-tabs-each-contains-10-mg-stanozolol\/\">Stanozolol <\/a>ist H\u00e4ufig verwiesen auf als winny (winstrol). Winstrol kommt in zwei Formen-wie oben erw\u00e4hnt &#8211; sowohl die orale und injizierbare. Die Injektionen sind die gleiche methylierte Verbindung als die orale form des Medikamentes. Jedoch, aufgrund dieser Funktion ist es nicht Veresterte f\u00fcr Zeit-release. Winstrol hat einen kurzen aktiven Leben von etwa 8 Stunden.<\/em><\/p>\n<p>Winstrol wirkt \u00f6strogene Nebenwirkungen wie gyno und Wasserretention &#8211; eine weitere Qualit\u00e4t, die macht es attraktiv f\u00fcr die Sportler, die Muskelmasse Gewinne. Winstrol ist ein 5-alpha-Substrat reduziert. 5-alpha Reduktion bricht die Doppelbindung zwischen den Positionen 4 und 5, die ist, was erforderlich ist, f\u00fcr die aromatase zu \u00f6strogen konvertieren. Aromatase, das prim\u00e4re Enzym f\u00fcr die Herstellung von \u00f6strogen innerhalb des m\u00e4nnlichen K\u00f6rpers. Zur Vermeidung von Gyn\u00e4komastie, winstrol ist gut geeignet.<\/p>\n<p><em>Da winstrol ist nicht in der Lage Umwandlung in \u00f6strogen, ein anti-\u00f6strogen-ancillary Drogen wie nolvadex oder clomid sind nicht erforderlich, wenn dieses steroid verwenden. Gyn\u00e4komastie nicht ein Anliegen auch die empfindlichsten Individuen, wenn Sie dieses steroid. Winstrol ist hervorragend f\u00fcr den mageren gewinnen, da Wassereinlagerungen reduziert wird, wenn dieses steroid verwenden. Dies ist aufgrund der Tatsache, dass \u00f6strogen ist die Ursache der Wassereinlagerungen. Es ist ausgezeichnet zu Verwendung unter den Athleten, die auf der Suche nach einer Kombination von St\u00e4rke und Geschwindigkeit.<\/em><\/p>\n<p>Ein weiterer Punkt, \u00fcber stanozolol ist die vermeintliche anti-progestagene Effekte. Winstrol wird gesagt, zu binden und im Wettbewerb f\u00fcr eine position an der Progesteron-rezeptor in der gleichen Weise wie clomid oder nolvadex nicht an den \u00f6strogen-rezeptor. Dies sei Ursache winstrol zur Hemmung progestagenic Auswirkungen. Progesteron spielt eine Rolle in der Entwicklung von Gyn\u00e4komastie, da es sich verschlimmern kann \u00f6strogene Nebenwirkungen von qualvollen \u00f6strogen und es spielt auch eine Rolle bei der gyno.<\/p>\n<blockquote><p>Winstrol, wie dianabol, sollte nicht verwendet werden, f\u00fcr l\u00e4ngere Zeit, denn es ist ein 17-alpha-alkyliert Substanz. Verwenden Sie es f\u00fcr viel l\u00e4nger als 4-6 Wochen ist nicht adviseable. Einige Athleten haben wurde bekannt, verwenden Sie es f\u00fcr acht Wochen oder sogar l\u00e4nger, aber die erh\u00f6hten Leberwerte sind eine M\u00f6glichkeit, wenn dies der Fall ist. Aus Gr\u00fcnden der Sicherheit, wie eine lange Dauer der Verwendung wird nicht empfohlen. 4-6 Wochen geben dem Benutzer gute Ergebnisse und wird f\u00fcgen Sie einen Schub, um seine oder Ihre steroid-Zyklus, vor allem, wenn gestapelt mit einem l\u00e4nger wirkenden injizierbaren ester. Der Grund f\u00fcr schnelle Ergebnisse mit winstrol ist wegen seiner kurzen aktiven Leben und kombiniert mit einer gr\u00f6\u00dferen H\u00e4ufigkeit der Injektion oder oralen Konsum sind die Ergebnisse ziemlich schnell. <a href=\"http:\/\/getanabolics.biz\/de\/produkt\/dianabol-100-tabs-each-contains-10-mg-methandienone\/\">Dianabol <\/a>ist auch f\u00fcr diesen Zweck verwendet.<\/p><\/blockquote>\n<p>Bei der Verwendung von winstrol, viele der \u00fcblichen Nebenwirkungen sind selten. Dazu geh\u00f6ren Akne, Wassereinlagerungen, Bluthochdruck, Aromatisierung f\u00fchrt zu gyno. Winstrol konvertiert nicht zu DHT und es f\u00fchrt zu sehr geringen Unterdr\u00fcckung der HPTA. Da es sich jedoch um ein 17-alpha-alkyliert, Substrat -, Leber-Toxizit\u00e4t ist ein Anliegen in hohen Dosen winstrol oder wenn Sie f\u00fcr l\u00e4ngere Zeit. Jedoch, es ist etwas weniger als die meisten hepatoxic anderen 17-AA Steroide. H\u00f6he der Leberwerte ist trotzdem gemeinsam mit winstrol wenn Sie f\u00fcr l\u00e4ngere Zeit oder in hohen Dosen.<\/p>\n<p>Die normale Dosierung f\u00fcr M\u00e4nner liegt zwischen 30-70 mg pro Tag f\u00fcr die Tafeln und 25-50 mg pro Tag mit der injizierbaren version von winstrol. Winstrol wird H\u00e4ufig in Kombination mit anderen Steroiden abh\u00e4ngig von dem, was die pers\u00f6nlichen Ziele des Sportlers sind. Zu gewinnen Muskelmasse (bulk), winstrol ist am besten in Kombination mit einer st\u00e4rkeren androgen wie Testosteron. Dies gibt dem Zyklus eine gute anabole Wirkung bei gleichzeitiger Minimierung der \u00f6strogen-Aktivit\u00e4t. Das Ergebnis ist eine exzellente Steigerungen in Muskelmasse, im Gegensatz zu den h\u00e4ufiger F\u00fcllstoff-Zyklus, die stark erh\u00f6ht die Muskelmasse bei gleichzeitiger Steigerung der Wasserretention und einige Gewinne in Fett. Um Fett zu verlieren (cut-up), winstrol ist am besten in Kombination mit einem nicht-aromatizing androgen wie Trenbolon oder halotestin. Mit dieser Kombination erstellen Sie einen stark definierten, hart Aussehen. Dies ist ein sehr attraktives Aussehen gesucht, die durch viele Bodybuilder.<br \/>\nFrauen sollten sich um 5-10 mg pro Tag f\u00fcr die empfohlene L\u00e4nge der Zeit von 4-6 Wochen. .<\/p>\n<h3>Weiterlesen<\/h3>\n<p><a href=\"http:\/\/getanabolics.biz\/de\/dianabol-online-auf-getanabolics-biz-kaufen\/\">Kaufen Sie DIANABOL ONLINE auf GETANABOLICS.BIZ<\/a><\/p>\n<p><a href=\"http:\/\/getanabolics.biz\/de\/winstrol-ist-es-und-ist-es\/\">WINSTROL, WAS IST ES UND WOF\u00dcR IST ES?<\/a><\/p>\n<p><a href=\"http:\/\/getanabolics.biz\/de\/cytomel-t3-rezensionen-zu-getanabolics-biz\/\">CYTOMEL T3 BEWERTUNGEN AUF GETANABOLICS.BIZ<\/a><\/p>\n<p><a href=\"http:\/\/getanabolics.biz\/de\/pause-zwischen-steroidkursen-und-pct\/\">PAUSE ZWISCHEN STEROID-KURSE UND PCT<\/a><\/p>\n<p><a href=\"http:\/\/getanabolics.biz\/de\/wie-effektiv-ist-die-steroidbruecke\/\">WIE WIRKSAM IST DIE STEROID-BR\u00dcCKE?<\/a><\/p>\n","protected":false},"excerpt":{"rendered":"<p>Paket: Kaufen Sie Winstrol Tabletten 50 Tabletten, jede enth\u00e4lt 10 mg Stanozolol<br \/>Hersteller: Alpha-Pharma<br \/>Marke: Winstrol tabs 10<br \/>Weithin bekannt: Rexobol-10<\/p>\n","protected":false},"featured_media":341,"comment_status":"open","ping_status":"closed","template":"","meta":[],"product_cat":[128,110,123],"product_tag":[54],"_links":{"self":[{"href":"https:\/\/getanabolics.biz\/de\/wp-json\/wp\/v2\/product\/949"}],"collection":[{"href":"https:\/\/getanabolics.biz\/de\/wp-json\/wp\/v2\/product"}],"about":[{"href":"https:\/\/getanabolics.biz\/de\/wp-json\/wp\/v2\/types\/product"}],"replies":[{"embeddable":true,"href":"https:\/\/getanabolics.biz\/de\/wp-json\/wp\/v2\/comments?post=949"}],"wp:featuredmedia":[{"embeddable":true,"href":"https:\/\/getanabolics.biz\/de\/wp-json\/wp\/v2\/media\/341"}],"wp:attachment":[{"href":"https:\/\/getanabolics.biz\/de\/wp-json\/wp\/v2\/media?parent=949"}],"wp:term":[{"taxonomy":"product_cat","embeddable":true,"href":"https:\/\/getanabolics.biz\/de\/wp-json\/wp\/v2\/product_cat?post=949"},{"taxonomy":"product_tag","embeddable":true,"href":"https:\/\/getanabolics.biz\/de\/wp-json\/wp\/v2\/product_tag?post=949"}],"curies":[{"name":"wp","href":"https:\/\/api.w.org\/{rel}","templated":true}]}}