{"id":948,"date":"2017-04-27T10:32:35","date_gmt":"2017-04-27T12:10:44","guid":{"rendered":"http:\/\/getanabolics.biz\/product\/proviron-kaufen-proviron-50-tabs-jeder-tab-25mg-mesterolone-kaufen\/"},"modified":"2018-01-19T09:01:52","modified_gmt":"2018-01-19T09:01:52","slug":"proviron-buy-proviron-50-tabs-each-tab-25mg-mesterolone","status":"publish","type":"product","link":"https:\/\/getanabolics.biz\/de\/produkt\/proviron-buy-proviron-50-tabs-each-tab-25mg-mesterolone\/","title":{"rendered":"Proviron &#8211; Bayer\/Schering"},"content":{"rendered":"<h2>Proviron kaufen &#8211; Bayer\/Schering (Provibol)<\/h2>\n<p><a title=\"Buy Proviron at GetAnabolics\"><img src=\"http:\/\/getanabolics.biz\/images\/proviron-bayer.jpg\" width=\"30%\" align=\"right\" \/><\/a><br \/>\nF\u00fcr diejenigen, die sucht, Proviron und Fragen sich, wo zu kaufen Proviron von Bayer\/Schering zur rechtlichen wir bieten Provibol als die <strong>beste Wahl f\u00fcr echte Bodybuilder<\/strong>.<br \/>\nVon nun an eine <strong>gro\u00dfe Vielzahl von injizierbaren Steroide als auch orale Steroide<\/strong> und post-Zyklus-Therapie von Bayer\/Schering kann gekauft werden <b>GetAnabolics<\/b>. Wir freuen uns, die Einf\u00fchrung der neuen Proviron von <span style=\"font-weight: bold;\">Bayer\/Schering<\/span>.<br \/>\n<em>Alle Produkte, die wir zu bieten haben, sind aus authentischen, qualitativ hochwertige verbindungen und haben ein einziges Ziel: Menschen zu helfen, zu gewinnen Muskelmasse, die Allgemeine St\u00e4rke, Fett zu verbrennen und Ihnen helfen, auf dem Weg zu k\u00f6rperlicher Perfektion. Um eine Konstruktive und zivilisierte Verbindung mit unseren Kunden stellen wir maximale Anstrengungen zur Sicherung einer hohen service-Qualit\u00e4t und n\u00e4hert sich jede person, die Adresse zu unserem Online-Shop mit H\u00f6flichkeit und Respekt.<\/em><br \/>\nDen Aufbau und die Erhaltung einer wundersch\u00f6nen K\u00f6rpers erfordert eine Kombination von Methoden. Eine richtige Ern\u00e4hrung kommt zuerst in der Liste der wichtigen Bestandteile die der K\u00f6rper ben\u00f6tigt. Zweitens, stellen Sie sicher, dass Sie immer kaufen und verwenden Sie rechtlichen Steroide online nicht nur zu vermeiden, in Konflikt mit dem Gesetz, aber noch wichtiger ist, zur Vermeidung von gesundheitlichen Komplikationen.<br \/>\n<span style=\"font-weight: bold;\">GetAnabolics.Biz<\/span> ist die online-steroid Lieferanten speziell erstellt und widmet sich jeder athlet und bodybuilder mit der <strong>besten anabole Steroide zu erm\u00e4\u00dfigten Preisen<\/strong>. Wir haben uns entschieden, zuverl\u00e4ssigsten Marken zusammenarbeiten, um sicherzustellen, sicher, echt und top-notch-Steroide f\u00fcr unsere Kunden.<br \/>\nVersand Steroide sehr sicher ist das Hauptanliegen f\u00fcr die Lieferung von Steroiden weltweit. Unser diskreter Versand garantiert, dass niemand sonst wei\u00df, dass Sie kaufen Sie Steroide online.<\/p>\n<h2>Mehr Proviron Bayer\/Schering Informationen<\/h2>\n<p><b>Kaufen Proviron 50 tabs jeder tab 25mg Mesterolone<\/b><\/p>\n<p><em>Mesterolone ist ein m\u00fcndlich aktiver, 1-methylierte DHT. Wie Masteron, aber dann tats\u00e4chlich geliefert werden in einer m\u00fcndlichen Weise. DHT ist das umwandlungsprodukt von Testosteron auf die 5-alpha-Reduktase-Enzym, das Ergebnis wird ein Hormon, das 3 bis 4 mal als Androgene und ist strukturell unf\u00e4hig \u00f6strogen. Man kann sich vorstellen, dass dann mesterolone w\u00e4re eine perfekte Medikament zur Verbesserung der Festigkeit und f\u00fcgen Sie klein, aber v\u00f6llig schlanke Gewinne an den Rahmen. Leider gibt es einen Kontrollmechanismus f\u00fcr DHT im menschlichen K\u00f6rper. Wenn Niveaus zu hoch werden, die 3alpha hydroxysteroid-dehydrogenase-Enzym wandelt es in eine \u00fcberwiegend inaktive Verbindung bekannt als 3-alpha (5-alpha-androstan-3alpha,17beta-diol), ein Prohormon, wenn man so will. Es kann ebenso wieder zur\u00fcck konvertieren zu DHT durch das gleiche Enzym bei niedrigen Niveaus von DHT detektiert. Aber es bedeutet, dass, es sei denn, man benutzt l\u00e4cherlich hohe Betr\u00e4ge, die meisten von dem, was verabreicht wird ist ziemlich nutzlos auf dem H\u00f6hepunkt der Androgenrezeptor im Muskelgewebe und somit mesterolone ist nicht besonders geeignet, wenn \u00fcberhaupt, zur F\u00f6rderung der Muskel-Hypertrophie.<\/em><\/p>\n<h1>Proviron Kaufen<\/h1>\n<p>Proviron hat vier verschiedene Verwendungen in der Welt des bodybuilding. Der erste, der das Ergebnis seiner Struktur. Es ist 5-alpha verringert und nicht f\u00e4hig, die \u00f6strogen, aber es dennoch eine sehr viel h\u00f6here Affinit\u00e4t f\u00fcr das aromatase-Enzym (das die Umwandlung von Testosteron zu \u00f6strogen), als Testosteron tut. Das hei\u00dft in verwalten es mit Testosteron oder anderen aromatizable zusammengesetzte, es verhindert, dass \u00f6strogen-build-up, weil es bindet an das aromatase Enzym sehr stark, wodurch verhindert wird, diese Steroide aus, mit dieser zu interagieren und bilden \u00f6strogen. Also <a href=\"http:\/\/getanabolics.biz\/de\/alles-ueber-proviron-mesterolone\/\">Mesterolone <\/a>Verwendung hat des extremen Vorteil der Verringerung der \u00f6strogene Nebenwirkungen und Wassereinlagerungen festgestellt mit anderen Steroiden, und als solcher noch helfen meist mageren Gewinne. Seine auch wurde vorgeschlagen, dass es m\u00f6glicherweise tats\u00e4chlich ein downgrade auf eine tats\u00e4chliche \u00f6strogen-rezeptor, so dass es doppelt wirksam bei der Verringerung der zirkulierende \u00f6strogenspiegel.<\/p>\n<p>Bayer Schering aus Proviron zum Verkauf.<\/p>\n<h3>Weiterlesen<\/h3>\n<p><a href=\"http:\/\/getanabolics.biz\/de\/alles-ueber-proviron-mesterolone\/\">ALLES \u00dcBER PROVIRON (MESTEROLON)<\/a><\/p>\n<p><a href=\"http:\/\/getanabolics.biz\/de\/kaufen-sie-clomid-online-auf-getanabolics-biz\/\">Kaufen Sie CLOMID ONLINE auf GETANABOLICS.BIZ<\/a><\/p>\n<p><a href=\"http:\/\/getanabolics.biz\/de\/kreatin-auf-einem-kurs-von-steroiden\/\">Kreatin auf einem Kurs von Steroiden<\/a><\/p>\n<p><a href=\"http:\/\/getanabolics.biz\/de\/sammeln-sie-eine-trockene-masse-ohne-nebenwirkungen\/\">EINE TROCKENMASSE OHNE NEBENWIRKUNGEN AUFNEHMEN<\/a><\/p>\n<p><a href=\"http:\/\/getanabolics.biz\/de\/sollte-die-dauer-des-steroid-kurses-sein\/\">Was sollte die Dauer des STEROIDS-Kurses sein?<\/a><\/p>\n","protected":false},"excerpt":{"rendered":"<p>Paket: Kaufen Proviron 50 tabs jeder tab 25mg Mesterolone<br \/>Hersteller: Bayer\/Schering<br \/>Marke: Proviron<br \/>Weithin bekannt: Provibol<\/p>\n","protected":false},"featured_media":413,"comment_status":"open","ping_status":"closed","template":"","meta":[],"product_cat":[90,110],"product_tag":[55],"_links":{"self":[{"href":"https:\/\/getanabolics.biz\/de\/wp-json\/wp\/v2\/product\/948"}],"collection":[{"href":"https:\/\/getanabolics.biz\/de\/wp-json\/wp\/v2\/product"}],"about":[{"href":"https:\/\/getanabolics.biz\/de\/wp-json\/wp\/v2\/types\/product"}],"replies":[{"embeddable":true,"href":"https:\/\/getanabolics.biz\/de\/wp-json\/wp\/v2\/comments?post=948"}],"wp:featuredmedia":[{"embeddable":true,"href":"https:\/\/getanabolics.biz\/de\/wp-json\/wp\/v2\/media\/413"}],"wp:attachment":[{"href":"https:\/\/getanabolics.biz\/de\/wp-json\/wp\/v2\/media?parent=948"}],"wp:term":[{"taxonomy":"product_cat","embeddable":true,"href":"https:\/\/getanabolics.biz\/de\/wp-json\/wp\/v2\/product_cat?post=948"},{"taxonomy":"product_tag","embeddable":true,"href":"https:\/\/getanabolics.biz\/de\/wp-json\/wp\/v2\/product_tag?post=948"}],"curies":[{"name":"wp","href":"https:\/\/api.w.org\/{rel}","templated":true}]}}