{"id":947,"date":"2017-04-27T10:31:41","date_gmt":"2017-04-27T12:10:44","guid":{"rendered":"http:\/\/getanabolics.biz\/product\/anadrol-50-tabletten-jede-enthalt-50-mg-oxymetholone-kaufen\/"},"modified":"2018-01-19T13:16:11","modified_gmt":"2018-01-19T13:16:11","slug":"anadrol-50-tabletten-jede-enthalt-50-mg-oxymetholone-kaufen","status":"publish","type":"product","link":"https:\/\/getanabolics.biz\/de\/produkt\/anadrol-50-tabletten-jede-enthalt-50-mg-oxymetholone-kaufen\/","title":{"rendered":"Anadrol &#8211; Alpha-Pharma"},"content":{"rendered":"<h2>Anadrol kaufen &#8211; Alpha-Pharma (Oxydrolone)<\/h2>\n<p><a title=\"Buy Anadrol at GetAnabolics\"><img src=\"http:\/\/getanabolics.biz\/images\/oxydrolone.jpg\" width=\"30%\" align=\"right\" \/><\/a><br \/>\nF\u00fcr diejenigen, die sucht, Anadrol und Fragen sich, wo zu kaufen Anadrol von Alpha-Pharma zur rechtlichen wir bieten Oxydrolone als die <strong>beste Wahl f\u00fcr echte Bodybuilder<\/strong>.<br \/>\nVon nun an eine <strong>gro\u00dfe Vielzahl von injizierbaren Steroide als auch orale Steroide<\/strong> und post-Zyklus-Therapie von Alpha-Pharma kann gekauft werden <b>GetAnabolics<\/b>. Wir freuen uns, die Einf\u00fchrung der neuen Anadrol von <span style=\"font-weight: bold;\">Alpha-Pharma<\/span>.<br \/>\n<em>Alle Produkte, die wir zu bieten haben, sind aus authentischen, qualitativ hochwertige verbindungen und haben ein einziges Ziel: Menschen zu helfen, zu gewinnen Muskelmasse, die Allgemeine St\u00e4rke, Fett zu verbrennen und Ihnen helfen, auf dem Weg zu k\u00f6rperlicher Perfektion. Um eine Konstruktive und zivilisierte Verbindung mit unseren Kunden stellen wir maximale Anstrengungen zur Sicherung einer hohen service-Qualit\u00e4t und n\u00e4hert sich jede person, die Adresse zu unserem Online-Shop mit H\u00f6flichkeit und Respekt.<\/em><br \/>\n<em>Den Aufbau und die Erhaltung einer wundersch\u00f6nen K\u00f6rpers erfordert eine Kombination von Methoden. Eine richtige Ern\u00e4hrung kommt zuerst in der Liste der wichtigen Bestandteile die der K\u00f6rper ben\u00f6tigt. Zweitens, stellen Sie sicher, dass Sie immer kaufen und verwenden Sie rechtlichen Steroide online nicht nur zu vermeiden, in Konflikt mit dem Gesetz, aber noch wichtiger ist, zur Vermeidung von gesundheitlichen Komplikationen.<\/em><br \/>\n<span style=\"font-weight: bold;\">GetAnabolics.Biz<\/span> ist die online-steroid Lieferanten speziell erstellt und widmet sich jeder athlet und bodybuilder mit der <strong>besten anabole Steroide zu erm\u00e4\u00dfigten Preisen<\/strong>. Wir haben uns entschieden, zuverl\u00e4ssigsten Marken zusammenarbeiten, um sicherzustellen, sicher, echt und top-notch-Steroide f\u00fcr unsere Kunden.<br \/>\nVersand Steroide sehr sicher ist das Hauptanliegen f\u00fcr die Lieferung von Steroiden weltweit. Unser diskreter Versand garantiert, dass niemand sonst wei\u00df, dass Sie kaufen Sie Steroide online.<\/p>\n<h2>Mehr Anadrol Alpha-Pharma Informationen<\/h2>\n<p><b>50 Tabletten, jede enth\u00e4lt 50 mg-Oxymetholone<\/b><\/p>\n<blockquote><p>Der prim\u00e4re medizinische Anwendungen von anabolen-androgenen Steroide werden zur Behandlung verz\u00f6gert die Pubert\u00e4t, einige Arten von Impotenz und Verschwendung des K\u00f6rpers durch HIV-Infektion oder andere Krankheiten. Anabolika f\u00f6rdern das Wachstum der Skelettmuskulatur und die Entwicklung der m\u00e4nnlichen Geschlechtsmerkmale, aber auch einige andere Effekte. Anadrol 50 ist das st\u00e4rkste und zugleich auch effektivste orale steroid. Anadrol hat eine extrem hohe Androgene Wirkung, die hand in hand geht mit einer extrem intensiven anabolen Komponente &#8211; oxymetholone. Die hoch androgener Wirkung von Anadrol regt die regeneration des K\u00f6rpers, so dass die oft gef\u00fcrchteten &#8222;\u00fcber die Ausbildung&#8220; ist unwahrscheinlich. Eine Dosis reicht f\u00fcr alle Sportler w\u00e4re 0,5 &#8211; 0,8 mg. pro Pfund K\u00f6rpergewicht\/Tag. Dies entspricht 1-4 Tabletten; d.h. 50-200 mg\/Tag. Unter keinen Umst\u00e4nden sollte ein athlet mehr als vier Tabletten in einem bestimmten Tag, vorzugsweise nie mehr als drei.<\/p><\/blockquote>\n<p>Bei der Einnahme von Anadrol zum ersten mal die Sportler sollte beginnen mit einer Einnahme von nur einer 50 mg Tablette. Nach einer Woche die t\u00e4gliche Dosis kann erh\u00f6ht werden, um zwei Tabletten, eine Tablette jeweils morgens und abends zu den Mahlzeiten eingenommen. H\u00f6here Dosierungen sollten nicht f\u00fcr Zeitr\u00e4ume von mehr als zwei bis drei Wochen. Jegliche Verwendung von Anadrol sollte sechs Wochen nicht \u00fcberschreiten. Nach absetzen Anadrol, ist es wichtig, steroid-Behandlung mit einer anderen Verbindung, da sonst eine drastische Verringerung der Muskelmasse und Kraft findet. Anadrol ist die sch\u00e4dliche orale Steroide und Ihre Aufnahme kann viele erhebliche Nebenwirkungen verursachen. Die meisten Benutzer k\u00f6nnen erwarten, dass bestimmte pathologische \u00e4nderungen in Ihre Leberwerte nach etwa einer Woche. Diejenigen, die einzustellen die Verwendung von oxymetholone wird in der Regel zeigen normale Werte innerhalb von zwei Monaten. Oxymetholone ist das einzige anabole\/Androgene Steroide, die mit Leberkrebs.<\/p>\n<p><b>Gemeinsame Nutzung<\/b><\/p>\n<p>Der prim\u00e4re medizinische Anwendungen von anabolen-androgenen Steroide werden zur Behandlung verz\u00f6gert die Pubert\u00e4t, einige Arten von Impotenz und Verschwendung des K\u00f6rpers durch HIV-Infektion oder andere Krankheiten. Anabolika f\u00f6rdern das Wachstum der Skelettmuskulatur und die Entwicklung der m\u00e4nnlichen Geschlechtsmerkmale, aber auch einige andere Effekte. Anadrol 50 ist das st\u00e4rkste und zugleich auch effektivste orale steroid. Anadrol hat eine extrem hohe Androgene Wirkung, die hand in hand geht mit einer extrem intensiven anabolen Komponente &#8211; oxymetholone. Die hoch androgener Wirkung von Anadrol regt die regeneration des K\u00f6rpers, so dass die oft gef\u00fcrchteten &#8222;\u00fcber die Ausbildung&#8220; ist unwahrscheinlich. Anadrol geben k\u00f6nnen dramatische Zuw\u00e4chse an Kraft und Muskelmasse in sehr kurzer Zeit. Wasserretention ist betr\u00e4chtlich, und da die Muskelzelle zieht eine Menge Wasser, die gesamte Muskulatur der meisten Athleten wird glatt ausschaut. Anadrol nicht zu einer qualitativen Muskel-Gewinn, sondern vielmehr eine quantitative. Anadrol &#8222;schmiert&#8220; die Gelenke, da Wasser dort auch gespeichert. Auf der einen Seite ist dies ein Faktor in der enormen Zunahme der St\u00e4rke und auf der anderen Seite erlaubt es Athleten mit gemeinsamen Problemen eine schmerzfreie Training. Eine strenge Di\u00e4t, zusammen mit der gleichzeitigen Einnahme von Nolvadex und Proviron, erheblich verringern kann Wassereinlagerungen. Anadrol erh\u00f6ht die Anzahl der roten Blutk\u00f6rperchen, wodurch der Muskel mehr Sauerstoff aufnehmen. Der Muskel hat somit eine h\u00f6here Ausdauer und Leistungsf\u00e4higkeit. Obwohl Anadrol ist kein steroid verwendet, in Vorbereitung f\u00fcr einen Wettbewerb, es hilft mehr als jede andere Steroide w\u00e4hrend Di\u00e4ten zur Erhaltung der Muskelmasse und ein intensives Training zu erm\u00f6glichen.<\/p>\n<p><b>Anleitung<\/b><\/p>\n<p><em>Anadrol kommt als Tablette enth\u00e4lt 50 mg. oxymetholone, um durch den Mund. Eine Dosis reicht f\u00fcr alle Sportler w\u00e4re 50-200 mg\/Tag. je nach Gewicht und wie fortgeschrittene Benutzer von anabolen Steroiden ist die Athletin ist. Eine Aufnahme von mehr als drei Tabletten in einem bestimmten Tag ist nicht ratsam. Das erste mal Benutzer Anadrol sollte beginnen mit einer Einnahme von nur einer 50 mg Tablette. Nach einer Woche, die t\u00e4gliche Dosis kann erh\u00f6ht werden, um zwei Tabletten, eine Tablette jeweils morgens und abends zu den Mahlzeiten eingenommen. Athleten, die weiter Fortgeschritten sind oder Wiegen mehr als 220 Pfund kann die Dosis erh\u00f6hen auf 150 mg\/Tag in der Dritten Woche. Diese Dosis sollte jedoch nicht eingenommen werden, l\u00e4nger als zwei bis drei Wochen. Die Verwendung von Anadrol sollte nie mehr als sechs Wochen. Nach absetzen der Verwendung von Anadrol ist es wichtig, steroid-Behandlung mit einer anderen Verbindung, da sonst eine drastische Verringerung der Muskelmasse und Kraft findet, und der Benutzer. Athleten weiterhin Ihre Behandlung mit injizierbaren Testosteron wie <a href=\"http:\/\/getanabolics.biz\/de\/produkt\/sustanon-250-1-box-of-10-ampoules-each-1-amp-contains-250-mg-testosterone-esters\/\">Sustanon 250<\/a> oder <a href=\"http:\/\/getanabolics.biz\/de\/produkt\/testosterone-enant-250-10-ml-vial-each-1-ml-contains-250-mg-testosterone-enanthate\/\">Testosteron Enanthate<\/a> f\u00fcr mehrere Wochen.<\/em><\/p>\n<p><b>Vorsichtsma\u00dfnahmen<\/b><\/p>\n<p>Anadrol ist die sch\u00e4dliche orale Steroide und Ihre Aufnahme kann viele erhebliche Nebenwirkungen verursachen. Die meisten Benutzer k\u00f6nnen erwarten, dass bestimmte pathologische \u00e4nderungen in Ihre Leberwerte nach etwa einer Woche. Ein Anstieg der Leberwerte der beiden Enzyme GOT und GPT auch Transaminasen genannt, k\u00f6nnen oft nicht vermieden werden, sind die Angaben von hepatitis, dh eine Infektion der Leber. Diejenigen, die nicht weiter oxymetholone wird in der Regel zeigen normale Werte innerhalb von zwei Monaten. L\u00e4ngere Aufnahme von Anadrol und\/oder h\u00f6heren Dosen kann dazu f\u00fchren, eine gelbe Verf\u00e4rbung der Fingern\u00e4gel, Augen oder Haut. Die Leber-Enzym gamma-GT reagiert auch empfindlich auf die oxymetholone, wodurch es zu erh\u00f6hen. Wenn hohe Dosierungen von <a href=\"http:\/\/getanabolics.biz\/de\/produkt\/anadrol-500-tabs-each-tab-contains-50-mg-oxymetholone\/\">Anadrol <\/a>getroffen werden \u00fcber einen langen Zeitraum, besteht ein erh\u00f6htes Risiko, dass die beschriebenen Leber-\u00e4nderungen k\u00f6nnten am Ende eine Besch\u00e4digung der Leber. W\u00e4hrend der Einnahme von Anadrol 50, der Leber-Werte sowie die LDH\/HBDH-quotient, sollte immer \u00fcberpr\u00fcft werden, durch einen kompetenten Arzt. Oxymetholone ist das einzige anabole\/Androgene Steroide, die in Verbindung mit Leber-Krebs. Anadrol ist nicht f\u00fcr Frauen empfohlen, da es viele Ursachen und zum Teil irreversible virilizing Symptome wie Akne, klitorishypertrophie, Tiefe Stimme, erh\u00f6hte Haarwuchs an den Beinen, Bartwuchs, verpassten Fristen, erh\u00f6hte libido, und Haarausfall.<\/p>\n<p><b>M\u00f6gliche Nebenwirkungen<\/b><\/p>\n<p>Oxymetholone wandelt leicht in \u00f6strogen, die bewirkt, dass Anzeichen der Feminisierung und die bereits erw\u00e4hnten Wassereinlagerungen, was wiederum die Einnahme von anti\u00f6strogenen. Die erh\u00f6hte Wasserretention, neben der \u00e4sthetischen Probleme, kann weiter sch\u00e4dlich, da Sie hohen Blutdruck verursachen kann. In extremen F\u00e4llen kann die Einnahme eines antihypertensiven Medikaments erforderlich sein. Oxymetholon konvertiert nicht zu DHT. Es ist jedoch ein potentes androgen. Benutzer, die Erfahrung schwerer steroidakne, verursacht durch Anadrol k\u00f6nnen dieses problem unter Kontrolle bekommen, indem Sie mit dem verschreibungspflichtigen Medikament Accutane. Andere m\u00f6gliche Nebenwirkungen sind Kopfschmerzen, \u00fcbelkeit, Erbrechen, Magenschmerzen, Appetitlosigkeit, Schlaflosigkeit und Durchfall. Der athlet kann erwarten, dass ein Gef\u00fchl der &#8222;Allgemeinen Unwohlsein&#8220; mit der in-take von Anadrol, die v\u00f6llig im Gegensatz zu Dianabol, die vermittelt ein &#8222;Gef\u00fchl des Wohlbefindens&#8220;. Die erh\u00f6hte Aggressivit\u00e4t wird verursacht durch die daraus resultierende hohe androgen-und tritt meistens dann, wenn gro\u00dfe Mengen von Testosteron injiziert gleichzeitig mit der Nutzung von Anadrol. Die k\u00f6rpereigene Produktion von Testosteron ist erheblich reduziert, da Anadrol hat einen hemmenden Effekt auf den hypothalamus, die wiederum vollst\u00e4ndig reduziert oder Stoppt die Freisetzung von GnRH (gonadotropin-releasing-Hormon). Aus diesem Grund ist die Einnahme von Testosteron-stimulierenden Substanzen wie HCG und Clomid ist absolut notwendig, um die Hormonproduktion in den Hoden. Wenn Sie bemerken, andere Effekte nicht aufgef\u00fchrt ist, Kontaktieren Sie Ihren Arzt.<\/p>\n<p><b>Weitere Angaben<\/b><\/p>\n<p><em><span style=\"text-decoration: underline;\">Halten Sie Anadrol in einem dicht geschlossenen Beh\u00e4lter und au\u00dferhalb der Reichweite von Kindern. Bewahren Anadrol bei Raumtemperatur und entfernt \u00fcbersch\u00fcssige W\u00e4rme und Feuchtigkeit (nicht im Badezimmer).<\/span><\/em><\/p>\n<h3>Weiterlesen<\/h3>\n<p><a href=\"http:\/\/getanabolics.biz\/de\/grosse-ergebnisse-aus-dem-besten-trenbolon-acetat\/\">GROSSE ERGEBNISSE AUS DEM BESTEN TRENBOLONACETAT<\/a><\/p>\n<p><a href=\"http:\/\/getanabolics.biz\/de\/alles-sie-ueber-anadrol-wissen\/\">ALLES, WAS SIE \u00dcBER ANADROL WISSEN M\u00dcSSEN<\/a><\/p>\n<p><a href=\"http:\/\/getanabolics.biz\/de\/die-wirkung-von-steroiden-auf-die-menschliche-haut\/\">Die Wirkung von Steroiden auf die menschliche Haut<\/a><\/p>\n<p><a href=\"http:\/\/getanabolics.biz\/de\/sammeln-sie-eine-trockene-masse-ohne-nebenwirkungen\/\">EINE TROCKENMASSE OHNE NEBENWIRKUNGEN AUFNEHMEN<\/a><\/p>\n<p><a href=\"http:\/\/getanabolics.biz\/de\/sollte-die-dauer-des-steroid-kurses-sein\/\">Was sollte die Dauer des STEROIDS-Kurses sein?<\/a><\/p>\n","protected":false},"excerpt":{"rendered":"<p>Paket: 50 Tabletten, jede enth\u00e4lt 50 mg-Oxymetholone<br \/>Hersteller: Alpha-Pharma<br \/>Marke: Anadrol<br \/>Weithin bekannt: Oxydrolone<\/p>\n","protected":false},"featured_media":335,"comment_status":"open","ping_status":"closed","template":"","meta":[],"product_cat":[118,110],"product_tag":[54],"_links":{"self":[{"href":"https:\/\/getanabolics.biz\/de\/wp-json\/wp\/v2\/product\/947"}],"collection":[{"href":"https:\/\/getanabolics.biz\/de\/wp-json\/wp\/v2\/product"}],"about":[{"href":"https:\/\/getanabolics.biz\/de\/wp-json\/wp\/v2\/types\/product"}],"replies":[{"embeddable":true,"href":"https:\/\/getanabolics.biz\/de\/wp-json\/wp\/v2\/comments?post=947"}],"wp:featuredmedia":[{"embeddable":true,"href":"https:\/\/getanabolics.biz\/de\/wp-json\/wp\/v2\/media\/335"}],"wp:attachment":[{"href":"https:\/\/getanabolics.biz\/de\/wp-json\/wp\/v2\/media?parent=947"}],"wp:term":[{"taxonomy":"product_cat","embeddable":true,"href":"https:\/\/getanabolics.biz\/de\/wp-json\/wp\/v2\/product_cat?post=947"},{"taxonomy":"product_tag","embeddable":true,"href":"https:\/\/getanabolics.biz\/de\/wp-json\/wp\/v2\/product_tag?post=947"}],"curies":[{"name":"wp","href":"https:\/\/api.w.org\/{rel}","templated":true}]}}