{"id":945,"date":"2017-04-27T10:31:41","date_gmt":"2017-04-27T12:10:44","guid":{"rendered":"http:\/\/getanabolics.biz\/product\/danabol-500-tabletten-jede-tablette-enthalt-10-mg-methandienone-kaufen\/"},"modified":"2018-06-25T07:09:25","modified_gmt":"2018-06-25T07:09:25","slug":"danabol-500-tabletten-jede-tablette-enthalt-10-mg-methandienone-kaufen","status":"publish","type":"product","link":"https:\/\/getanabolics.biz\/de\/produkt\/danabol-500-tabletten-jede-tablette-enthalt-10-mg-methandienone-kaufen\/","title":{"rendered":"Danabol &#8211; Alpha-Pharma"},"content":{"rendered":"<h2>Danabol kaufen &#8211; Alpha-Pharma (Alphabol)<\/h2>\n<p><a title=\"Buy Danabol at GetAnabolics\"><img src=\"http:\/\/getanabolics.biz\/images\/danabol-10-500-lap.jpg\" width=\"30%\" align=\"right\" \/><\/a><br \/>\nF\u00fcr diejenigen, die sucht, Danabol und Fragen sich, wo zu kaufen Danabol von Alpha-Pharma zur rechtlichen wir bieten Alphabol als die <strong>beste Wahl f\u00fcr echte Bodybuilder<\/strong>.<br \/>\nVon nun an eine <strong>gro\u00dfe Vielzahl von injizierbaren Steroide als auch orale Steroide<\/strong> und post-Zyklus-Therapie von Alpha-Pharma kann gekauft werden <b>GetAnabolics<\/b>. Wir freuen uns, die Einf\u00fchrung der neuen Danabol von <span style=\"font-weight: bold;\">Alpha-Pharma<\/span>.<br \/>\n<em>Alle Produkte, die wir zu bieten haben, sind aus authentischen, qualitativ hochwertige verbindungen und haben ein einziges Ziel: Menschen zu helfen, zu gewinnen Muskelmasse, die Allgemeine St\u00e4rke, Fett zu verbrennen und Ihnen helfen, auf dem Weg zu k\u00f6rperlicher Perfektion. Um eine Konstruktive und zivilisierte Verbindung mit unseren Kunden stellen wir maximale Anstrengungen zur Sicherung einer hohen service-Qualit\u00e4t und n\u00e4hert sich jede person, die Adresse zu unserem Online-Shop mit H\u00f6flichkeit und Respekt.<\/em><br \/>\nDen Aufbau und die Erhaltung einer wundersch\u00f6nen K\u00f6rpers erfordert eine Kombination von Methoden. Eine richtige Ern\u00e4hrung kommt zuerst in der Liste der wichtigen Bestandteile die der K\u00f6rper ben\u00f6tigt. Zweitens, stellen Sie sicher, dass Sie immer kaufen und verwenden Sie rechtlichen Steroide online nicht nur zu vermeiden, in Konflikt mit dem Gesetz, aber noch wichtiger ist, zur Vermeidung von gesundheitlichen Komplikationen.<br \/>\n<em><span style=\"font-weight: bold;\">GetAnabolics.Biz<\/span> ist die online-steroid Lieferanten speziell erstellt und widmet sich jeder athlet und bodybuilder mit der <strong>besten anabole Steroide zu erm\u00e4\u00dfigten Preisen<\/strong>. Wir haben uns entschieden, zuverl\u00e4ssigsten Marken zusammenarbeiten, um sicherzustellen, sicher, echt und top-notch-Steroide f\u00fcr unsere Kunden.<\/em><br \/>\nVersand Steroide sehr sicher ist das Hauptanliegen f\u00fcr die Lieferung von Steroiden weltweit. Unser diskreter Versand garantiert, dass niemand sonst wei\u00df, dass Sie kaufen Sie Steroide online.<\/p>\n<h2>Mehr Danabol Alpha-Pharma Informationen<\/h2>\n<p><b>500 Tabletten jede Tablette enth\u00e4lt 10 mg Methandienone<\/b><\/p>\n<p><strong>Drug-Klasse: Oral Androgene\/Anabole steroid<\/strong><br \/>\n<strong> Empfohlene Durchschnittliche Dosierung: Zwischen 15 und 50 mg\/Tag f\u00fcr M\u00e4nner und zwischen 5 und 10 mg\/Tag f\u00fcr Frauen<\/strong><br \/>\n<strong> Active life: 6 bis 8 Stunden<\/strong><br \/>\n<strong> Water retention: ja<\/strong><br \/>\n<strong> Toxische Leber: ja<\/strong><br \/>\n<strong> Verringert HPTA Funktion: ja, abh\u00e4ngig von Dosis und Zyklus.<\/strong><br \/>\n<strong> DTH-Konvertierung: Nein<\/strong><\/p>\n<h1>Dianabol zum Verkauf<\/h1>\n<p><a href=\"http:\/\/getanabolics.biz\/de\/produkt\/dianabol-100-tabs-each-contains-10-mg-methandienone\/\">Dianabol <\/a>wurde zuerst von Dr. John Ziegler und wurde zum ersten mal hergestellt und vermarktet in den 1960er Jahren von Ciba Pharmaceuticals. Es ist eines der beliebtesten anabolen Steroide und war die erste orale anabole steroid synthetisiert werden. Es ist eines der st\u00e4rksten anabolen Steroide zur Verf\u00fcgung und ist so stark wie Testosteron und ist ziemlich ausgiebig von Athleten. Dbol ist mehr im Volksmund als Dbol und das anabole Steroid-Hormon Methandrostenolone. Diese Steroid-Hormon hat anabole und moderaten androgenen Eigenschaften. Dies erm\u00f6glicht Dbol sehr effektiv, wenn verwendet, um die Muskelmasse zu erh\u00f6hen und St\u00e4rke.<\/p>\n<p>Dbol f\u00fcr den Verkauf ist die orale steroid form von Methandrostenolone, die separat erh\u00e4ltlich ist in der injizierbaren form. Dbol ist ein sehr schnelles handeln steroid wie dies durch sein aktives Leben und ist am besten verwendet, um Masse und Kraft in F\u00fcllstoff-Zyklen. Es hat eine der k\u00fcrzesten Halbwertszeiten aller orale anabole Steroide und ist dadurch sehr wirksam bei der kick-Start eines Zyklus zu Beginn des Zyklus. Dianabol kann auch verwendet werden, in sp\u00e4teren Phasen des Zyklus, in denen Benutzer zu beseitigen plateaus.<\/p>\n<blockquote><p>Die empfohlene Dosierung f\u00fcr M\u00e4nner liegt zwischen 15 und 50 mg pro Tag, aber die Ergebnisse k\u00f6nnen gesehen werden, bei 20mg pro Tag selbst. 100mg pro Tag ist die maximale Menge von Dbol, dass jeder nutzen sollte. F\u00fcr Frauen, die Dosierung ist viel geringer, zwischen 5 und 10mg\/Tag. 30mg pro Tag ist die empfohlene Dosis f\u00fcr Anf\u00e4nger und als Dbol ist sehr sehr stark, die niedrigen Dosen sind genug, manchmal.<\/p><\/blockquote>\n<p>Dianabol erh\u00f6ht die protein-Synthese, und als ein Ergebnis wird am besten verwendet, um Masse und Kraft. Dbol erh\u00f6ht auch schlanke der fettfreien Muskelmasse und der Stickstoffretention in den Muskeln, die gr\u00f6\u00dfer ist als die, die von anderen anabolen Steroiden. Es erlaubt auch Benutzern, Muskelmasse zu erhalten, wenn Sie auf einer kalorienreduzierten Di\u00e4t. Jedoch, als ein orales steroid, es ist ein 17 AA-steroid, das reduziert die Aromatisierung dieses steroid. Dies macht es ziemlich giftig f\u00fcr die Leber. Es kann auch dazu f\u00fchren, hoher Blutdruck und Menschen mit Bluthochdruck sollten nicht kaufen <a href=\"http:\/\/getanabolics.biz\/de\/produkt\/dianabol-buy-d-bol-100-tabs-each-contains-10-mg-methandienone\/\">Dianabol<\/a>. Da das Medikament nicht aromatisieren, Nebenwirkungen im Zusammenhang mit \u00f6strogen-wie Gyn\u00e4komastie gerechnet werden kann.<\/p>\n<p><em>Kaufen Sie Dianabol Tabletten nun, welche ist die am meisten verbreitete anabole steroid jemals gemacht. Beachten Sie, dass alle orale anabole Steroide sollten nicht verwendet werden mehr als 6 Wochen.<\/em><\/p>\n<h3>Weiterlesen<\/h3>\n<p><a href=\"http:\/\/getanabolics.biz\/de\/dianabol-online-auf-getanabolics-biz-kaufen\/\">Kaufen Sie DIANABOL ONLINE auf GETANABOLICS.BIZ<\/a><\/p>\n<p><a href=\"http:\/\/getanabolics.biz\/de\/winstrol-ist-es-und-ist-es\/\">WINSTROL, WAS IST ES UND WOF\u00dcR IST ES?<\/a><\/p>\n<p><a href=\"http:\/\/getanabolics.biz\/de\/cytomel-t3-rezensionen-zu-getanabolics-biz\/\">CYTOMEL T3 BEWERTUNGEN AUF GETANABOLICS.BIZ<\/a><\/p>\n<p><a href=\"http:\/\/getanabolics.biz\/de\/pause-zwischen-steroidkursen-und-pct\/\">PAUSE ZWISCHEN STEROID-KURSE UND PCT<\/a><\/p>\n<p><a href=\"http:\/\/getanabolics.biz\/de\/wie-effektiv-ist-die-steroidbruecke\/\">WIE WIRKSAM IST DIE STEROID-BR\u00dcCKE?<\/a><\/p>\n","protected":false},"excerpt":{"rendered":"<p>Paket: 50 Tabletten jede Tablette enth\u00e4lt 10 mg Methandienone<br \/>Hersteller: Alpha-Pharma<br \/>Marke: Danabol<br \/>Weithin bekannt: Alphabol<\/p>\n","protected":false},"featured_media":323,"comment_status":"open","ping_status":"closed","template":"","meta":[],"product_cat":[118,110],"product_tag":[54],"_links":{"self":[{"href":"https:\/\/getanabolics.biz\/de\/wp-json\/wp\/v2\/product\/945"}],"collection":[{"href":"https:\/\/getanabolics.biz\/de\/wp-json\/wp\/v2\/product"}],"about":[{"href":"https:\/\/getanabolics.biz\/de\/wp-json\/wp\/v2\/types\/product"}],"replies":[{"embeddable":true,"href":"https:\/\/getanabolics.biz\/de\/wp-json\/wp\/v2\/comments?post=945"}],"wp:featuredmedia":[{"embeddable":true,"href":"https:\/\/getanabolics.biz\/de\/wp-json\/wp\/v2\/media\/323"}],"wp:attachment":[{"href":"https:\/\/getanabolics.biz\/de\/wp-json\/wp\/v2\/media?parent=945"}],"wp:term":[{"taxonomy":"product_cat","embeddable":true,"href":"https:\/\/getanabolics.biz\/de\/wp-json\/wp\/v2\/product_cat?post=945"},{"taxonomy":"product_tag","embeddable":true,"href":"https:\/\/getanabolics.biz\/de\/wp-json\/wp\/v2\/product_tag?post=945"}],"curies":[{"name":"wp","href":"https:\/\/api.w.org\/{rel}","templated":true}]}}