{"id":944,"date":"2017-04-27T10:33:38","date_gmt":"2017-04-27T12:10:44","guid":{"rendered":"http:\/\/getanabolics.biz\/product\/hgh-1-flasche-10iu-somatropin-kaufen\/"},"modified":"2018-01-18T12:46:32","modified_gmt":"2018-01-18T12:46:32","slug":"hgh-1-vial-of-10iu-somatropin","status":"publish","type":"product","link":"https:\/\/getanabolics.biz\/de\/produkt\/hgh-1-vial-of-10iu-somatropin\/","title":{"rendered":"HGH &#8211; Maxtreme"},"content":{"rendered":"<h2>HGH kaufen &#8211; Maxtreme (Soma-Max)<\/h2>\n<p><a title=\"Buy HGH at GetAnabolics\"><img src=\"http:\/\/getanabolics.biz\/images\/tropin-fitness-100IU-ifetech-1.jpg\" width=\"30%\" align=\"right\" \/><\/a><br \/>\nF\u00fcr diejenigen, die sucht, HGH und Fragen sich, wo zu kaufen HGH von Maxtreme zur rechtlichen wir bieten Soma-Max als die <strong>beste Wahl f\u00fcr echte Bodybuilder<\/strong>.<br \/>\nVon nun an eine <strong>gro\u00dfe Vielzahl von injizierbaren Steroide als auch orale Steroide<\/strong> und post-Zyklus-Therapie von Maxtreme kann gekauft werden <b>GetAnabolics<\/b>. Wir freuen uns, die Einf\u00fchrung der neuen HGH von <span style=\"font-weight: bold;\">Maxtreme<\/span>.<br \/>\n<em>Alle Produkte, die wir zu bieten haben, sind aus authentischen, qualitativ hochwertige verbindungen und haben ein einziges Ziel: Menschen zu helfen, zu gewinnen Muskelmasse, die Allgemeine St\u00e4rke, Fett zu verbrennen und Ihnen helfen, auf dem Weg zu k\u00f6rperlicher Perfektion. Um eine Konstruktive und zivilisierte Verbindung mit unseren Kunden stellen wir maximale Anstrengungen zur Sicherung einer hohen service-Qualit\u00e4t und n\u00e4hert sich jede person, die Adresse zu unserem Online-Shop mit H\u00f6flichkeit und Respekt.<\/em><br \/>\nDen Aufbau und die Erhaltung einer wundersch\u00f6nen K\u00f6rpers erfordert eine Kombination von Methoden. Eine richtige Ern\u00e4hrung kommt zuerst in der Liste der wichtigen Bestandteile die der K\u00f6rper ben\u00f6tigt. Zweitens, stellen Sie sicher, dass Sie immer kaufen und verwenden Sie rechtlichen Steroide online nicht nur zu vermeiden, in Konflikt mit dem Gesetz, aber noch wichtiger ist, zur Vermeidung von gesundheitlichen Komplikationen.<br \/>\n<em><span style=\"font-weight: bold;\">GetAnabolics.Biz<\/span> ist die online-steroid Lieferanten speziell erstellt und widmet sich jeder athlet und bodybuilder mit der <strong>besten anabole Steroide zu erm\u00e4\u00dfigten Preisen<\/strong>. Wir haben uns entschieden, zuverl\u00e4ssigsten Marken zusammenarbeiten, um sicherzustellen, sicher, echt und top-notch-Steroide f\u00fcr unsere Kunden.<\/em><br \/>\nVersand Steroide sehr sicher ist das Hauptanliegen f\u00fcr die Lieferung von Steroiden weltweit. Unser diskreter Versand garantiert, dass niemand sonst wei\u00df, dass Sie kaufen Sie Steroide online.<\/p>\n<h2>Mehr HGH Maxtreme Informationen<\/h2>\n<p><b>1 Flasche 10IU Somatropin<\/b><\/p>\n<ul>\n<li><strong>Labor: Lifetech Labs<\/strong><\/li>\n<li><strong>Form: Injection<\/strong><\/li>\n<li><strong>Molek\u00fcl: Somatropin<\/strong><\/li>\n<li><strong>Konzentration: 10 IU \/ Fl\u00e4schchen<\/strong><\/li>\n<li><strong>Pr\u00e4sentation: 10 Fl\u00e4schchen von 10 IU<\/strong><\/li>\n<li><strong>Empfohlene Dosierung: 3.33 IU \/ Tag (vor dem Fr\u00fchst\u00fcck)<\/strong><\/li>\n<li><strong>Verd\u00fcnnung: 1 ml keimfreiem Wasser<\/strong><\/li>\n<li><strong>Dosis-Fl\u00e4schchen: 3 * 3.33 IU (1 Fl\u00e4schchen f\u00fcr 3 Tage)<\/strong><\/li>\n<li><strong>Dosis Injektion: 3.33 IU = 0.33 ml (33 Einheiten auf Insulinspritze)<\/strong><\/li>\n<\/ul>\n<div>\n<h3>Was ist Biotropin HGH<\/h3>\n<blockquote><p>Wachstumshormon (GH oder HGH), auch somatropin genannt, ist ein Peptidhormon, <strong>stimuliert das Wachstum, Zellvermehrung und regeneration<\/strong> Menschen.<\/p>\n<p>Wachstumshormon ist ein <strong>191-Aminos\u00e4ure<\/strong>, single-chain Polypeptid, produziert von somatotropic Zellen der vorderen Hypophyse.<\/p>\n<p>Somatotropin wirkt durch die Stimulierung der Freisetzung von weiteren Hormons somatomedin von der Leber <strong>Stimulierung des Wachstums von K\u00f6rper-Zellen<\/strong>.<\/p>\n<p>GH ist ein Stresshormon, erh\u00f6ht die Konzentration von Glukose und freien Fetts\u00e4uren. Es stimuliert auch die Produktion von IGF-1.<\/p><\/blockquote>\n<\/div>\n<div>\n<h3>Biotropin HGH Dosierung<\/h3>\n<p>Biotropin\u00ae Lifetech Labs ist gegeben als eine Injektion.<\/p>\n<p>Rekonstitution mit 1 ml steriles, destilliertes Wasser ist am besten, aber bakteriostatische Wasser (0,9% Natriumchlorid) oder normaler Kochsalzl\u00f6sung (0.9% NaCl) k\u00f6nnen auch verwendet werden.<\/p>\n<p>nicht fallen lassen das Wasser direkt in das Pulver, aber <strong>lassen Sie das Wasser langsam nach unten gleiten inneren Wand der Durchstechflasche. Behandeln Sie Sie mit Sorgfalt und sch\u00fctteln Sie nicht die Durchstechflasche.<\/strong><\/p>\n<p>Setzen Sie die Fl\u00e4schchen in den K\u00fchlschrank. Nach etwa 30 Minuten das Pulver soll aufgel\u00f6st werden, in klare Fl\u00fcssigkeit, bereit f\u00fcr die Injektion.<\/p>\n<p>Injizieren Sie die empfohlene Dosis in die Fettschicht unter der Haut.<\/p>\n<p>Es wird empfohlen, sich zu Biotropin\u00ae auf der <strong>gleichen Zeit jeden Tag, einmal am Tag<\/strong>.<\/p>\n<p>Es ist besser, zu vermeiden, unter Biotropin\u00ae vor dem Schlafengehen, wie der K\u00f6rper gibt seine endogenen HGH w\u00e4hrend der tiefen Schlaf-Zyklus. Wenn Sie nehmen Sie die Dosis vor dem Schlafengehen k\u00f6nnte es st\u00f6ren mit Ihrem endogenen HGH release.<\/p>\n<\/div>\n<div>\n<h3>Biotropin HGH Speichern<\/h3>\n<p><strong>Vor der Rekonstitution (lyophilisiertem \/ gefriergetrocknetes Pulver):<\/strong><\/p>\n<ul>\n<li><strong>Kann im K\u00fchlschrank aufbewahrt werden (2\u00b0C-8\u00b0C = 35\u00b0C bis 47\u00b0F) f\u00fcr 36 Monate.<\/strong><\/li>\n<li><strong>Kann bei Raumtemperatur gelagert werden (bis zu 37\u00b0C = 99\u00b0F) f\u00fcr 90 Tage.<\/strong><\/li>\n<\/ul>\n<p><strong>Nach der Rekonstitution (Fl\u00fcssigkeit):<\/strong><\/p>\n<ul>\n<li><strong>Kann im K\u00fchlschrank aufbewahrt werden (2\u00b0C-8\u00b0C = 35\u00b0C bis 47\u00b0F) f\u00fcr 5 Tage.<\/strong><\/li>\n<\/ul>\n<p><em>Lifetech Labs Lifetech Labs certified official Partner immer lagern Sie die Produkte in professionellen Labor-K\u00fchlschr\u00e4nke. Die Transportzeit bei Raumtemperatur hat keinen Einfluss auf die Qualit\u00e4t der Produkte Verschlechterung.<\/em><\/p>\n<p>Bevor eine Injektion geben, \u00fcberpr\u00fcfen Sie das Verfallsdatum auf dem Fl\u00e4schchen. Nicht verwenden, wenn es abgelaufen ist. Nicht injizieren Medikamente, wenn die L\u00f6sung tr\u00fcb ist.<\/p>\n<p>Einmal wiederbelebt, ein Wachstumshormon br\u00fcchig werden und bearbeitet werden m\u00fcssen mit Vorsicht und darf nicht ersch\u00fcttert werden.<\/p>\n<p>Es ist der Grund, Lifetech Labs kam mit dem Begriff <strong>&#8222;Ein Fl\u00e4schchen = 3 Tage&#8220;.<\/strong><\/p>\n<p>Unsere empfohlene Dosierung ist berechnet f\u00fcr eine Haltbarkeit von 3 Tagen, damit die maximale Qualit\u00e4t unserer Produkte ohne Qualit\u00e4tsverlust.<\/p>\n<p><strong>die Benutzerfreundlichkeit ist einer von Lifetech Labs-key-Konzept.<\/strong><\/p>\n<\/div>\n<div>\n<h3>Biotropin HGH Vorteile<\/h3>\n<p>Nach Benutzer und Dosierung, Biotropin\u00ae Lifetech Labs bietet einige der wichtigsten folgenden gesundheitlichen und \u00e4sthetischen Vorteile:<\/p>\n<ul>\n<li>Glatter Haut (zuerst bemerkbar auf der R\u00fcckseite der hand und sp\u00e4ter auf den K\u00f6rper)<\/li>\n<li>Schneller Haar-und Nagel-Wachstum<\/li>\n<li>H\u00f6here Energie-Ebenen<\/li>\n<li>Schnellere Energie-Regeneration nach k\u00f6rperlicher Aktivit\u00e4t<\/li>\n<li>K\u00f6rper-Fett-Verlust<\/li>\n<li>Muskelaufbau<\/li>\n<\/ul>\n<p>Die Menge der Muskelmasse, die mit Biotropin\u00ae h\u00e4ngt von vielen Faktoren ab, einschlie\u00dflich k\u00f6rperliche Aktivit\u00e4t, Genetik, Ern\u00e4hrung, Alter, Qualit\u00e4t und Quantit\u00e4t des Schlafes, lebensstil, und der bisherigen Verwendung von Steroiden oder hGH.<\/p>\n<p><strong>Eine gesunde ersten mal Biotropin\u00ae Benutzer ist in gutem Zustand (funktioniert 3-5 mal pro Woche, schl\u00e4ft mindestens 7 Stunden pro Nacht und isst ein protein-reiche Ern\u00e4hrung) kann erwarten, dass der Gewinn \u00fcber 25% der Muskelmasse innerhalb von 4 bis 5 Monaten. <\/strong><\/p>\n<p>Es kann ein paar Wochen dauern, bevor Sie sehen, Ergebnisse aus Ihrer Biotropin\u00ae &#8211; Therapie. Sie k\u00f6nnen nicht bemerken die Ver\u00e4nderungen, die auf den ersten <strong>Ergebnisse kommt schrittweise<\/strong>. Wenn Sie nehmen Sie <strong>Biotropin\u00ae jeden Tag, verbessern Sie die Wahrscheinlichkeit positiver Ergebnisse<\/strong>. Ergebnisse k\u00f6nnen ggf. variieren, je nach den Individuen.<\/p>\n<h3>Weiterlesen<\/h3>\n<p><a href=\"http:\/\/getanabolics.biz\/de\/kaufen-sie-clomid-online-auf-getanabolics-biz\/\">Kaufen Sie CLOMID ONLINE auf GETANABOLICS.BIZ<\/a><\/p>\n<p><a href=\"http:\/\/getanabolics.biz\/de\/wachstumshormon-hgh-die-wichtigsten-fakten\/\">Wachstumshormon HGH &#8211; die wichtigsten Fakten<\/a><\/p>\n<p><a href=\"http:\/\/getanabolics.biz\/de\/merkmale-von-kurzen-kursen-von-steroiden\/\">EIGENSCHAFTEN DER KURZEN STEROIDKURSE<\/a><\/p>\n<p><a href=\"http:\/\/getanabolics.biz\/de\/pause-zwischen-steroidkursen-und-pct\/\">PAUSE ZWISCHEN STEROID-KURSE UND PCT<\/a><\/p>\n<p><a href=\"http:\/\/getanabolics.biz\/de\/wie-effektiv-ist-die-steroidbruecke\/\">WIE WIRKSAM IST DIE STEROID-BR\u00dcCKE?<\/a><\/p>\n<\/div>\n","protected":false},"excerpt":{"rendered":"<p>Paket: 1 Flasche 10IU Somatropin<br \/>Hersteller: Maxtreme<br \/>Marke: HGH<br \/>Weithin bekannt: Soma-Max<\/p>\n","protected":false},"featured_media":587,"comment_status":"open","ping_status":"closed","template":"","meta":[],"product_cat":[100],"product_tag":[51],"_links":{"self":[{"href":"https:\/\/getanabolics.biz\/de\/wp-json\/wp\/v2\/product\/944"}],"collection":[{"href":"https:\/\/getanabolics.biz\/de\/wp-json\/wp\/v2\/product"}],"about":[{"href":"https:\/\/getanabolics.biz\/de\/wp-json\/wp\/v2\/types\/product"}],"replies":[{"embeddable":true,"href":"https:\/\/getanabolics.biz\/de\/wp-json\/wp\/v2\/comments?post=944"}],"wp:featuredmedia":[{"embeddable":true,"href":"https:\/\/getanabolics.biz\/de\/wp-json\/wp\/v2\/media\/587"}],"wp:attachment":[{"href":"https:\/\/getanabolics.biz\/de\/wp-json\/wp\/v2\/media?parent=944"}],"wp:term":[{"taxonomy":"product_cat","embeddable":true,"href":"https:\/\/getanabolics.biz\/de\/wp-json\/wp\/v2\/product_cat?post=944"},{"taxonomy":"product_tag","embeddable":true,"href":"https:\/\/getanabolics.biz\/de\/wp-json\/wp\/v2\/product_tag?post=944"}],"curies":[{"name":"wp","href":"https:\/\/api.w.org\/{rel}","templated":true}]}}