{"id":942,"date":"2017-04-27T10:33:38","date_gmt":"2017-04-27T12:09:04","guid":{"rendered":"http:\/\/getanabolics.biz\/product\/trenbolone-acetate-10-ampere-je-1-ampulle-wirkt-100mg-trenbolon-acetat-kaufen\/"},"modified":"2018-01-18T07:45:54","modified_gmt":"2018-01-18T07:45:54","slug":"trenbolone-acetate-10-amps-each-1-ampoule-has-100mg-trenbolone-acetate","status":"publish","type":"product","link":"https:\/\/getanabolics.biz\/de\/produkt\/trenbolone-acetate-10-amps-each-1-ampoule-has-100mg-trenbolone-acetate\/","title":{"rendered":"Trenbolone Acetate &#8211; Maxtreme"},"content":{"rendered":"<h2>Trenbolone Acetate kaufen &#8211; Maxtreme (Tren-Ace-Max)<\/h2>\n<p><a title=\"Buy Trenbolone Acetate at GetAnabolics\"><img src=\"http:\/\/getanabolics.biz\/images\/finexal.jpg\" width=\"30%\" align=\"right\" \/><\/a><br \/>\nF\u00fcr diejenigen, die sucht, Trenbolone Acetate und Fragen sich, wo zu kaufen Trenbolone Acetate von Maxtreme zur rechtlichen wir bieten Tren-Ace-Max als die <strong>beste Wahl f\u00fcr echte Bodybuilder<\/strong>.<br \/>\nVon nun an eine <strong>gro\u00dfe Vielzahl von injizierbaren Steroide als auch orale Steroide<\/strong> und post-Zyklus-Therapie von Maxtreme kann gekauft werden <b>GetAnabolics<\/b>. Wir freuen uns, die Einf\u00fchrung der neuen Trenbolone Acetate von <span style=\"font-weight: bold;\">Maxtreme<\/span>.<br \/>\n<em>Alle Produkte, die wir zu bieten haben, sind aus authentischen, qualitativ hochwertige verbindungen und haben ein einziges Ziel: Menschen zu helfen, zu gewinnen Muskelmasse, die Allgemeine St\u00e4rke, Fett zu verbrennen und Ihnen helfen, auf dem Weg zu k\u00f6rperlicher Perfektion. Um eine Konstruktive und zivilisierte Verbindung mit unseren Kunden stellen wir maximale Anstrengungen zur Sicherung einer hohen service-Qualit\u00e4t und n\u00e4hert sich jede person, die Adresse zu unserem Online-Shop mit H\u00f6flichkeit und Respekt.<\/em><br \/>\n<em>Den Aufbau und die Erhaltung einer wundersch\u00f6nen K\u00f6rpers erfordert eine Kombination von Methoden. Eine richtige Ern\u00e4hrung kommt zuerst in der Liste der wichtigen Bestandteile die der K\u00f6rper ben\u00f6tigt. Zweitens, stellen Sie sicher, dass Sie immer kaufen und verwenden Sie rechtlichen Steroide online nicht nur zu vermeiden, in Konflikt mit dem Gesetz, aber noch wichtiger ist, zur Vermeidung von gesundheitlichen Komplikationen.<\/em><br \/>\n<span style=\"font-weight: bold;\">GetAnabolics.Biz<\/span> ist die online-steroid Lieferanten speziell erstellt und widmet sich jeder athlet und bodybuilder mit der <strong>besten anabole Steroide zu erm\u00e4\u00dfigten Preisen<\/strong>. Wir haben uns entschieden, zuverl\u00e4ssigsten Marken zusammenarbeiten, um sicherzustellen, sicher, echt und top-notch-Steroide f\u00fcr unsere Kunden.<br \/>\nVersand Steroide sehr sicher ist das Hauptanliegen f\u00fcr die Lieferung von Steroiden weltweit. Unser diskreter Versand garantiert, dass niemand sonst wei\u00df, dass Sie kaufen Sie Steroide online.<\/p>\n<h2>Mehr Trenbolone Acetate Maxtreme Informationen<\/h2>\n<p><b>10 Ampere je 1 Ampulle wirkt 100mg Trenbolon Acetat<\/b><\/p>\n<p><strong>Drogen-Klasse: Injizierbare Androgene und anabole Steroide.<\/strong><br \/>\n<strong> Empfohlene Durchschnittliche Dosierung: 75mg pro Tag oder alle 2 Tage f\u00fcr M\u00e4nner<\/strong><br \/>\n<strong> Active life: Etwa 2 Tage<\/strong><br \/>\n<strong> Wasser retention: Nein<\/strong><br \/>\n<strong> Toxische Leber: ja<\/strong><br \/>\n<strong> Verringert HPTA Funktion: ja<\/strong><br \/>\n<strong> DTH-Konvertierung: Nein<\/strong><br \/>\n<strong> Aromatisierung: Nein<\/strong><\/p>\n<blockquote><p><a href=\"http:\/\/getanabolics.biz\/de\/produkt\/trenbolone-acetate-10-ml-phiole-enthalt-1000-mg-100mgml-trenbolon-acetat-kaufen\/\">Trenbolon Acetat<\/a> ist einer der m\u00e4chtigsten anabole Steroide gibt und viele Sportler und Bodybuilder halten es f\u00fcr eine der m\u00e4chtigsten und wirksame steroid sein. Dieses steroid ist ein Tierarzt grade androgenen anabolen steroid. Das Hormon Trenbolon wurde erstmalig synthetisiert, die in den sp\u00e4ten 1960er Jahren, und seitdem hat es sich zu einem der beliebtesten Steroide unter Athleten und Bodybuildern. Das steroid bietet die Vorteile der anderen starken anabolen Steroide in einem viel sauberer Mode.<\/p><\/blockquote>\n<p>Dieses Hormon ist ein 19-nor steroid, das macht es \u00e4hnlich zu Deca-Durabolin. Durch seine einzigartige Struktur, die es nicht aromatisieren, wodurch \u00f6strogen-bezogene Nebenwirkungen. Dies macht es auch wesentlich effizienter und sicherer zu bedienen als Testosteron-Produkte. Trenlobone Acetat ist sehr potent wie die Acetat-ester aus einem kleinen Teil des Molek\u00fcls. Als Ergebnis seiner Potenz, seine empfohlene Dosierung ist kleiner als die von Testosteron-Produkte. Empfohlene Dosierung ist zwischen 35 und 150 mg pro Tag. 50-75mg pro Tag ist ideal f\u00fcr F\u00fcllstoffe und St\u00e4rke Verbesserung. Aufgrund seiner starken androgenen Natur, Frauen sind empfohlen, nicht zu verwenden Sie dieses steroid.<\/p>\n<p><em>Es gibt zahlreiche Vorteile, um mit <a href=\"http:\/\/getanabolics.biz\/de\/produkt\/trenbolone-acetate-10-ml-phiole-enthalt-1000-mg-100mgml-trenbolon-acetat-kaufen\/\">Trenlobone Acetat<\/a>. Am wichtigsten ist, es f\u00f6rdert Stickstoffretention und Proteinsynthese erm\u00f6glicht Erh\u00f6hung der Muskelmasse ziemlich drastisch. Wie hat es eine st\u00e4rkere Affinit\u00e4t zu den Androgenrezeptoren als Testosteron, ein Zuwachs an Muskelmasse ist oft besser als mit Testosteron verwenden. Es hat anti-katabole Eigenschaften, die blockieren die Wirkung der Glukokortikoid-Hormone und verhindert Muskelabbau. Als es f\u00f6rdert das Muskelwachstum und reduziert den Muskelabbau, es verbessert auch den Stoffwechsel und die Fettverbrennung. Es verbessert auch die Qualit\u00e4t des Muskel-Gewebe.<\/em><\/p>\n<p><a href=\"http:\/\/getanabolics.biz\/de\/produkt\/trenbolone-acetate-10-ml-phiole-enthalt-1000-mg-100mgml-trenbolon-acetat-kaufen\/\">Trenlobone Acetat<\/a> erh\u00f6ht auch die Produktion von IGF-1 im K\u00f6rper. IGF-1 ist im Grunde verantwortlich f\u00fcr vitales Wachstum-bezogene Funktionen. Als Ergebnis, die Nutzung von Trenlobone Acetat f\u00f6rdert auch die Heilung, Reparatur, Erh\u00f6hung der Knochenst\u00e4rke und-Dichte, Verbesserung der Knorpel-und Bindegewebes und Steigerung der nerv\u00f6sen Gewebe. Dieses steroid wird H\u00e4ufig in gro\u00dfen Dosen stimulieren das Nervensystem und f\u00f6rdern die Heilung.<\/p>\n<p><span style=\"text-decoration: underline;\">Es ist zwar sehr potent, es hat keine \u00f6strogene Nebenwirkungen, da Sie nicht aromatisieren. Androgene Nebenwirkungen wie Akne, erh\u00f6hte Gesichts-und K\u00f6rperbehaarung, aggressives Verhalten, Prostatavergr\u00f6\u00dferung und fettige Haut erwartet werden kann, mit der Verwendung dieses steroid. Testikular-Atrophie, wie man erwarten sollte, die von Benutzern und Trenlobone Acetat verwenden, kann auch Auswirkungen auf Niere und Leber-Funktion.<\/span><\/p>\n<h3>Weiterlesen<\/h3>\n<p><a href=\"http:\/\/getanabolics.biz\/de\/grosse-ergebnisse-aus-dem-besten-trenbolon-acetat\/\">GROSSE ERGEBNISSE AUS DEM BESTEN TRENBOLONACETAT<\/a><\/p>\n<p><a href=\"http:\/\/getanabolics.biz\/de\/alles-sie-ueber-anadrol-wissen\/\">ALLES, WAS SIE \u00dcBER ANADROL WISSEN M\u00dcSSEN<\/a><\/p>\n<p><a href=\"http:\/\/getanabolics.biz\/de\/die-wirkung-von-steroiden-auf-die-menschliche-haut\/\">Die Wirkung von Steroiden auf die menschliche Haut<\/a><\/p>\n<p><a href=\"http:\/\/getanabolics.biz\/de\/sammeln-sie-eine-trockene-masse-ohne-nebenwirkungen\/\">EINE TROCKENMASSE OHNE NEBENWIRKUNGEN AUFNEHMEN<\/a><\/p>\n<p><a href=\"http:\/\/getanabolics.biz\/de\/sollte-die-dauer-des-steroid-kurses-sein\/\">Was sollte die Dauer des STEROIDS-Kurses sein?<\/a><\/p>\n","protected":false},"excerpt":{"rendered":"<p>Paket: 10 Ampere je 1 Ampulle wirkt 100mg Trenbolon Acetat<br \/>Hersteller: Maxtreme<br \/>Marke: Trenbolone Acetate<br \/>Weithin bekannt: Tren-Ace-Max<\/p>\n","protected":false},"featured_media":575,"comment_status":"open","ping_status":"closed","template":"","meta":[],"product_cat":[118,105],"product_tag":[51],"_links":{"self":[{"href":"https:\/\/getanabolics.biz\/de\/wp-json\/wp\/v2\/product\/942"}],"collection":[{"href":"https:\/\/getanabolics.biz\/de\/wp-json\/wp\/v2\/product"}],"about":[{"href":"https:\/\/getanabolics.biz\/de\/wp-json\/wp\/v2\/types\/product"}],"replies":[{"embeddable":true,"href":"https:\/\/getanabolics.biz\/de\/wp-json\/wp\/v2\/comments?post=942"}],"wp:featuredmedia":[{"embeddable":true,"href":"https:\/\/getanabolics.biz\/de\/wp-json\/wp\/v2\/media\/575"}],"wp:attachment":[{"href":"https:\/\/getanabolics.biz\/de\/wp-json\/wp\/v2\/media?parent=942"}],"wp:term":[{"taxonomy":"product_cat","embeddable":true,"href":"https:\/\/getanabolics.biz\/de\/wp-json\/wp\/v2\/product_cat?post=942"},{"taxonomy":"product_tag","embeddable":true,"href":"https:\/\/getanabolics.biz\/de\/wp-json\/wp\/v2\/product_tag?post=942"}],"curies":[{"name":"wp","href":"https:\/\/api.w.org\/{rel}","templated":true}]}}