{"id":941,"date":"2017-04-27T10:33:38","date_gmt":"2017-04-27T12:09:04","guid":{"rendered":"http:\/\/getanabolics.biz\/product\/boldenone-100-1-box-mit-10-ampullen-jeder-verstarker-enthalt-100-mg-boldenone-undecylenate-kaufen\/"},"modified":"2018-01-18T08:33:17","modified_gmt":"2018-01-18T08:33:17","slug":"boldenone-100-1-box-of-10-ampoules-each-amp-contains-100-mg-boldenone-undecylenate","status":"publish","type":"product","link":"https:\/\/getanabolics.biz\/de\/produkt\/boldenone-100-1-box-of-10-ampoules-each-amp-contains-100-mg-boldenone-undecylenate\/","title":{"rendered":"Boldenone 100 &#8211; Maxtreme"},"content":{"rendered":"<h2>Boldenone 100 kaufen &#8211; Maxtreme (Bold-One)<\/h2>\n<p><a title=\"Buy Boldenone 100 at GetAnabolics\"><img src=\"http:\/\/getanabolics.biz\/images\/boldmax-400-10-la.jpg\" width=\"30%\" align=\"right\" \/><\/a><br \/>\n<em>F\u00fcr diejenigen, die sucht, Boldenone 100 und Fragen sich, wo zu kaufen Boldenone 100 von Maxtreme zur rechtlichen wir bieten Bold-One als die <strong>beste Wahl f\u00fcr echte Bodybuilder<\/strong>.<\/em><br \/>\n<em> Von nun an eine <strong>gro\u00dfe Vielzahl von injizierbaren Steroide als auch orale Steroide<\/strong> und post-Zyklus-Therapie von Maxtreme kann gekauft werden <b>GetAnabolics<\/b>. Wir freuen uns, die Einf\u00fchrung der neuen Boldenone 100 von <span style=\"font-weight: bold;\">Maxtreme<\/span>.<\/em><br \/>\n<em> Alle Produkte, die wir zu bieten haben, sind aus authentischen, qualitativ hochwertige verbindungen und haben ein einziges Ziel: Menschen zu helfen, zu gewinnen Muskelmasse, die Allgemeine St\u00e4rke, Fett zu verbrennen und Ihnen helfen, auf dem Weg zu k\u00f6rperlicher Perfektion. Um eine Konstruktive und zivilisierte Verbindung mit unseren Kunden stellen wir maximale Anstrengungen zur Sicherung einer hohen service-Qualit\u00e4t und n\u00e4hert sich jede person, die Adresse zu unserem Online-Shop mit H\u00f6flichkeit und Respekt.<\/em><br \/>\n<em> Den Aufbau und die Erhaltung einer wundersch\u00f6nen K\u00f6rpers erfordert eine Kombination von Methoden. Eine richtige Ern\u00e4hrung kommt zuerst in der Liste der wichtigen Bestandteile die der K\u00f6rper ben\u00f6tigt. Zweitens, stellen Sie sicher, dass Sie immer kaufen und verwenden Sie rechtlichen Steroide online nicht nur zu vermeiden, in Konflikt mit dem Gesetz, aber noch wichtiger ist, zur Vermeidung von gesundheitlichen Komplikationen.<\/em><br \/>\n<em> <span style=\"font-weight: bold;\">GetAnabolics.Biz<\/span> ist die online-steroid Lieferanten speziell erstellt und widmet sich jeder athlet und bodybuilder mit der <strong>besten anabole Steroide zu erm\u00e4\u00dfigten Preisen<\/strong>. Wir haben uns entschieden, zuverl\u00e4ssigsten Marken zusammenarbeiten, um sicherzustellen, sicher, echt und top-notch-Steroide f\u00fcr unsere Kunden.<\/em><br \/>\n<em> Versand Steroide sehr sicher ist das Hauptanliegen f\u00fcr die Lieferung von Steroiden weltweit. Unser diskreter Versand garantiert, dass niemand sonst wei\u00df, dass Sie kaufen Sie Steroide online.<\/em><\/p>\n<h2>Mehr Boldenone 100 Maxtreme Informationen<\/h2>\n<p><b>1 box mit 10 Ampullen, jeder Verst\u00e4rker enth\u00e4lt 100 mg Boldenon<\/b><br \/>\n<strong>Pharmazeutischer Name<\/strong>: Boldenone Undecylenate<br \/>\n<strong>Molekulargewicht der base<\/strong>: 286.4132<br \/>\n<strong>Molekulargewicht von ester:<\/strong> 186.2936 (undecylic S\u00e4ure -, 11 C-Atome)<br \/>\n<strong>Chemische Struktur<\/strong>: 1,4-androstadiene-3-one,17b-ol<br \/>\n<strong>Active Life<\/strong>: 14-16 Tage<br \/>\n<strong>Anabolen\/Androgenen Ratio (Range)<\/strong>: 100:50<br \/>\n<strong>Detection Time<\/strong>: 4-5 Monate<\/p>\n<p><em>Boldenon ist ein hoch anabole und m\u00e4\u00dfig Androgene steroid. Seine prim\u00e4re Verwendung ist in der Tiermedizin am h\u00e4ufigsten mit Pferden, sondern hat sich zu einem Favoriten von Kraftsportlern und Bodybuildern. Es gibt sehr wenig Aromatisierung im Zusammenhang mit der Verbindung mit einer sehr begrenzte Menge von Wassereinlagerungen erlebt, die von den meisten Benutzern. Eine attraktive Qualit\u00e4t der Verbindung ist die anschlie\u00dfende Zunahme des Appetits H\u00e4ufig von Benutzern gemeldet, die beim ausf\u00fchren dieser steroid und oft enthalten in &#8222;Bl\u00e4hschlamm&#8220; &#8211; Zyklus f\u00fcr diesen Zweck. Boldenon erh\u00f6ht auch hemaglobin und H\u00e4matokrit (die Anzahl der roten Blutk\u00f6rperchen und den Prozentsatz der roten Blutk\u00f6rperchen)[1], wodurch mehr &#8222;Pumpen&#8220; w\u00e4hrend der Arbeit aus. Obwohl dies gilt f\u00fcr fast alle anabole Steroide, die Auswirkungen sind angeblich st\u00e4rker mit Boldenon undecylenate. Eine Verbesserung in der Durchblutung sollte auch erlebt werden, durch diese erh\u00f6ht sich, wenn K\u00f6rperfett ist bei einem ausreichend niedrigen Niveau.<\/em><\/p>\n<p>Athleten, die anderen als Bodybuilder oder diejenigen, die in Erster Linie mit Kraft k\u00f6nnen auch profitieren von Boldenon undecylenate. Dies ist aufgrund der Tatsache, dass die Verbindung stimuliert die Freisetzung von Erythropoetin, die gemeinhin als EPO, in den Nieren. Erythropoeitin Signale den K\u00f6rper zur Steigerung der Produktion von roten Blutk\u00f6rperchen (Erythrozyten). Erythrozyten sind die Tr\u00e4ger des Sauerstoffs im K\u00f6rper und daher wenn Ihre Konzentration erh\u00f6ht sich im K\u00f6rper, eine h\u00f6here maximale Sauerstoff-Kapazit\u00e4t produziert wird und die Leistung verbessert werden kann wegen einer Verz\u00f6gerung, die in der Menge der M\u00fcdigkeit, einschlie\u00dflich der Aufbau von Milchs\u00e4ure. W\u00e4hrend die Ergebnisse der w\u00e4re nicht allzu dramatisch, ein user sollte auf jeden Fall eine Verbesserung feststellen, alle Dinge gleich.<\/p>\n<p><b>Anwendung\/Dosierung<\/b><\/p>\n<p><strong>Aufgrund der verbindungen, die aktiv Leben, Injektionen sind in der Regel durchgef\u00fchrt, zweimal pro Woche, um stabile Blutspiegel obwohl einige Nutzer bevorzugen die Injektion nur einmal pro Woche. Die meisten Benutzer anekdotisch berichten, dass die minimale Dosis f\u00fcr die meisten M\u00e4nner ist zwischen 300mg, 400mg, um zu sehen, alle wesentlichen Effekte aus der Droge. Frauen nat\u00fcrlich sehen die Ergebnisse bei viel niedrigeren Dosen, in der Regel im Bereich von 50-150mg pro Woche f\u00fcr weniger erfahrene Benutzer.<\/strong><\/p>\n<p>Wie die meisten verbindungen, die Mehrheit der Nutzer bevorzugen stack Boldenon Testosteron. Dies sollte zu negieren alle libido verwendet, dass ein Benutzer begegnen k\u00f6nnen, sowie die Bereitstellung eine starke Kombination, das Ergebnis ist eine dramatische Erh\u00f6hung der lean-body-mass. Durch das fehlen von Leber-Toxizit\u00e4t im Zusammenhang mit der Substanz, andere Substanzen, erh\u00f6hen kann Leberwerte (wie 17-alpha-alkyliert Steroide) kann ausgef\u00fchrt werden, mit boldenone undecylenate werden, ohne weitere Komplikationen.<\/p>\n<p>Viele Nutzer glauben, dass Boldenon kann sowohl in &#8222;F\u00fcllstoffe&#8220; &#8211; Zyklen und &#8222;schneiden&#8220; Zyklen, wie der Mangel an Wassereinlagerungen im Zusammenhang mit seiner Verwendung und die Verbesserung in der Durchblutung, w\u00e4hrend auf die Zusammensetzung kann helfen, zu einer Verbesserung zeigen, die in der definition, w\u00e4hrend ein Benutzer, dass seine oder Ihre K\u00f6rper Fett. Zur gleichen Zeit, die Verbindung hat eine tiefgreifende Wirkung auf Muskelmasse, und die Ergebnisse k\u00f6nnen dramatisch sein, wenn Sie ausgef\u00fchrt wird, eine Di\u00e4t hoch in protein und Kalorien, zusammen mit einer richtigen Trainingsprogramm.<\/p>\n<blockquote><p>Nicht als eine schnelle Masse builder im Vergleich zu anderen anabolen Steroide <a href=\"http:\/\/getanabolics.biz\/de\/produkt\/boldenone-250-1-flasche-10-ml-je-1-ml-enthalt-250-mg-boldenon-kaufen\/\">boldenone undecylenate<\/a> wird die Qualit\u00e4t Muskelmasse konstant w\u00e4hrend eines Zyklus. Anekdotisch, Nutzer haben berichtet, dass die Zyklen von mindestens zehn bis zw\u00f6lf Wochen laufen, boldenone undecylenate, sind notwendig, um die volle Wirkung der Verbindung.<\/p><\/blockquote>\n<p><b> Risiken\/Nebenwirkungen<\/b><\/p>\n<p>F\u00fcr die meisten Teil, die zu Problemen wie Gyn\u00e4komastie und ein hohes Ma\u00df an Wasser\/Salz-retention sind nahezu unbekannt, mit dieser Substanz. Boldenone undecylenate rate der \u00f6strogen Konvertierung ist ungef\u00e4hr f\u00fcnfzig Prozent, dass der Testosteron[2,3]. Wie gut, da Boldenon ist nicht hepatoxic, um jede schwere-Grad kann es verwendet werden, f\u00fcr l\u00e4ngere Zeit w\u00e4hrend der umfangreichen Zyklen. Einige Nebenwirkungen, die erlebt werden kann, sind Akne und eine erh\u00f6hte K\u00f6rper-Haar-Wachstum, sowie die \u00fcblichen virilizing Effekte bei Frauen, aber diese wird wahrscheinlich auf einem deutlich geringeren Niveau als andere verbindungen[3]. Wenn ein Benutzer nicht stapeln Sie die Verbindung mit Testosteron, Sie erleiden sexuelle Nebenwirkungen, wie ist der Fall mit der Mehrheit von anabolen Steroiden.<\/p>\n<blockquote><p>Ein Benutzer lipid-Profil wird negativ beeinflusst werden, wie bei jedem steroid, aber nicht im gleichen Ausma\u00df wie mit einer starken androgen. Boldenone undecylenate umwandeln kann DHN (eine sehr milde androgen im Vergleich zu DHT) durch 5 &#8211; alpha-Reduktase, jedoch nur eine kleine Menge tats\u00e4chlich umgewandelt werden, was bedeutet, dass die Verbindung es ist nicht schwer, auf der Haar-Linie[4,5]. Jedoch, wie die meisten anderen verbindungen, wenn Sie anf\u00e4llig f\u00fcr m\u00e4nnlichen Haarausfall, ist boldenone undecylenate k\u00f6nnen die Geschwindigkeit oder die Bedingung st\u00e4rker ausgepr\u00e4gt. Prostata-Probleme sind auch unwahrscheinlich, zu erfahren.<\/p><\/blockquote>\n<p>Die verbindungen, die aktives Leben von 14-16 Tagen, jedoch <a href=\"http:\/\/getanabolics.biz\/de\/produkt\/boldenone-300-1-box-mit-10-ml-flaschchen-je-1-ml-enthalt-300-mg-boldenon-kaufen\/\">boldenone undecylenate<\/a> nicht nachweisbaren Metaboliten erscheinen in einer vom Benutzer Urin f\u00fcr mehrere Monate nach der Verabreichung des Medikaments aufgeh\u00f6rt hat(2). Das macht die Verbindung weniger als ideal, wenn Drogentests ist ein Anliegen.<\/p>\n<h3>Weiterlesen<\/h3>\n<p><a href=\"http:\/\/getanabolics.biz\/de\/deca-durabolin-nebenwirkungen\/\">DECA DURABOLIN NEBENWIRKUNGEN<\/a><\/p>\n<p><a href=\"http:\/\/getanabolics.biz\/de\/alles-ueber-proviron-mesterolone\/\">ALLES \u00dcBER PROVIRON (MESTEROLON)<\/a><\/p>\n<p><a href=\"http:\/\/getanabolics.biz\/de\/sollte-die-dauer-des-steroid-kurses-sein\/\">Was sollte die Dauer des STEROIDS-Kurses sein?<\/a><\/p>\n<p><a href=\"http:\/\/getanabolics.biz\/de\/kreatin-auf-einem-kurs-von-steroiden\/\">Kreatin auf einem Kurs von Steroiden<\/a><\/p>\n<p><a href=\"http:\/\/getanabolics.biz\/de\/crossfit-und-steroide\/\">CROSSFIT UND STEROIDE<\/a><\/p>\n","protected":false},"excerpt":{"rendered":"<p>Paket: 1 box mit 10 Ampullen, jeder Verst\u00e4rker enth\u00e4lt 100 mg Boldenone Undecylenate<br \/>Hersteller: Maxtreme<br \/>Marke: Boldenone 100<br \/>Weithin bekannt: Bold-One<\/p>\n","protected":false},"featured_media":569,"comment_status":"open","ping_status":"closed","template":"","meta":[],"product_cat":[105],"product_tag":[51],"_links":{"self":[{"href":"https:\/\/getanabolics.biz\/de\/wp-json\/wp\/v2\/product\/941"}],"collection":[{"href":"https:\/\/getanabolics.biz\/de\/wp-json\/wp\/v2\/product"}],"about":[{"href":"https:\/\/getanabolics.biz\/de\/wp-json\/wp\/v2\/types\/product"}],"replies":[{"embeddable":true,"href":"https:\/\/getanabolics.biz\/de\/wp-json\/wp\/v2\/comments?post=941"}],"wp:featuredmedia":[{"embeddable":true,"href":"https:\/\/getanabolics.biz\/de\/wp-json\/wp\/v2\/media\/569"}],"wp:attachment":[{"href":"https:\/\/getanabolics.biz\/de\/wp-json\/wp\/v2\/media?parent=941"}],"wp:term":[{"taxonomy":"product_cat","embeddable":true,"href":"https:\/\/getanabolics.biz\/de\/wp-json\/wp\/v2\/product_cat?post=941"},{"taxonomy":"product_tag","embeddable":true,"href":"https:\/\/getanabolics.biz\/de\/wp-json\/wp\/v2\/product_tag?post=941"}],"curies":[{"name":"wp","href":"https:\/\/api.w.org\/{rel}","templated":true}]}}