{"id":940,"date":"2017-04-27T10:33:38","date_gmt":"2017-04-27T12:09:04","guid":{"rendered":"http:\/\/getanabolics.biz\/product\/deca-100-10x1-ml-ampullen-jeder-hat-100-mg-1000-mg-nandrolon-decaonate-kaufen\/"},"modified":"2018-01-18T09:56:55","modified_gmt":"2018-01-18T09:56:55","slug":"deca-100-10x1ml-ampoules-each-has-100-mg-total-1000-mg-nandrolone-decaonate","status":"publish","type":"product","link":"https:\/\/getanabolics.biz\/de\/produkt\/deca-100-10x1ml-ampoules-each-has-100-mg-total-1000-mg-nandrolone-decaonate\/","title":{"rendered":"Deca 100 &#8211; Maxtreme"},"content":{"rendered":"<h2>Deca 100 kaufen &#8211; Maxtreme (N-Lone-D 100)<\/h2>\n<p><a title=\"Buy Deca 100 at GetAnabolics\"><img src=\"http:\/\/getanabolics.biz\/images\/deca-100.jpg\" width=\"30%\" align=\"right\" \/><\/a><br \/>\n<em>F\u00fcr diejenigen, die sucht, Deca 100 und Fragen sich, wo zu kaufen Deca 100 von Maxtreme zur rechtlichen wir bieten N-Lone-D 100 als die <strong>beste Wahl f\u00fcr echte Bodybuilder<\/strong>.<\/em><br \/>\n<em> Von nun an eine <strong>gro\u00dfe Vielzahl von injizierbaren Steroide als auch orale Steroide<\/strong> und post-Zyklus-Therapie von Maxtreme kann gekauft werden <b>GetAnabolics<\/b>. Wir freuen uns, die Einf\u00fchrung der neuen Deca 100 von <span style=\"font-weight: bold;\">Maxtreme<\/span>.<\/em><br \/>\n<em> Alle Produkte, die wir zu bieten haben, sind aus authentischen, qualitativ hochwertige verbindungen und haben ein einziges Ziel: Menschen zu helfen, zu gewinnen Muskelmasse, die Allgemeine St\u00e4rke, Fett zu verbrennen und Ihnen helfen, auf dem Weg zu k\u00f6rperlicher Perfektion. Um eine Konstruktive und zivilisierte Verbindung mit unseren Kunden stellen wir maximale Anstrengungen zur Sicherung einer hohen service-Qualit\u00e4t und n\u00e4hert sich jede person, die Adresse zu unserem Online-Shop mit H\u00f6flichkeit und Respekt.<\/em><br \/>\n<em> Den Aufbau und die Erhaltung einer wundersch\u00f6nen K\u00f6rpers erfordert eine Kombination von Methoden. Eine richtige Ern\u00e4hrung kommt zuerst in der Liste der wichtigen Bestandteile die der K\u00f6rper ben\u00f6tigt. Zweitens, stellen Sie sicher, dass Sie immer kaufen und verwenden Sie rechtlichen Steroide online nicht nur zu vermeiden, in Konflikt mit dem Gesetz, aber noch wichtiger ist, zur Vermeidung von gesundheitlichen Komplikationen.<\/em><br \/>\n<em> <span style=\"font-weight: bold;\">GetAnabolics.Biz<\/span> ist die online-steroid Lieferanten speziell erstellt und widmet sich jeder athlet und bodybuilder mit der <strong>besten anabole Steroide zu erm\u00e4\u00dfigten Preisen<\/strong>. Wir haben uns entschieden, zuverl\u00e4ssigsten Marken zusammenarbeiten, um sicherzustellen, sicher, echt und top-notch-Steroide f\u00fcr unsere Kunden.<\/em><br \/>\n<em> Versand Steroide sehr sicher ist das Hauptanliegen f\u00fcr die Lieferung von Steroiden weltweit. Unser diskreter Versand garantiert, dass niemand sonst wei\u00df, dass Sie kaufen Sie Steroide online.<\/em><\/p>\n<h2>Mehr Deca 100 Maxtreme Informationen<\/h2>\n<p><b>10\u00d71ml Ampullen jeder hat 100 mg 1000 mg Nandrolon Decaonate<\/b><\/p>\n<p><u>Gemeldet Eigenschaften<\/u><br \/>\n<strong>Aktiv-Life:<\/strong> 14-16 Tage<br \/>\n<strong>Drug-Klasse<\/strong>: Anabole\/Androgene steroid (Zur Injektion)<br \/>\n<strong>Durchschnittliche Berichtet Dosierung<\/strong>: M\u00e4nner 200-600 mg w\u00f6chentlich Frauen 50-100mg w\u00f6chentlich<br \/>\n<strong>Akne<\/strong>: ja, in h\u00f6heren Dosierungen in der androgen-empfindlichen Personen<br \/>\n<strong>Wassereinlagerungen:<\/strong> Einige, viel weniger als Testosteron.<br \/>\nVerringert HPTA Funktion m\u00e4\u00dfig<br \/>\n<strong>Hoher Blutdruck:<\/strong> Rare (Bei Verwendung in Dosierungen \u00fcber 600 mg pro Woche)<br \/>\n<strong>Aromatisierung:<\/strong> Niedrig, wandelt auf weniger aktive norestrogens<br \/>\n<strong>Leber Giftig<\/strong>: Keine.<br \/>\nDHT-Umwandlung: Nein, wandelt auf NOR &#8211; DHT mit geringer Aktivit\u00e4t<br \/>\n<strong>Notiert Kommentare:<\/strong> Hoch anabole\/moderaten androgenen Wirkungen<\/p>\n<p><em>Deca-Durabolin ist das am weitesten verbreitete und am h\u00e4ufigsten verwendeten injizierbaren steroid. Deca gro\u00dfe Popularit\u00e4t zugeschrieben werden kann, um seine zahlreichen Anwendungsm\u00f6glichkeiten, und f\u00fcr seine \u00fcberwiegend positive Ergebnisse. Deca-Durabolin Ursachen der Muskelzelle, mehr Stickstoff zu speichern, als es re-leases, so dass eine positive Stickstoffbilanz erreicht wird. Eine positive Stickstoffbilanz ist ein Synonym f\u00fcr das Muskelwachstum, da die Muskelzelle, in dieser phase, assimiliert (akkumuliert) eine gr\u00f6\u00dfere Menge an Protein als \u00fcblich. Der gleiche Hersteller, weist jedoch darauf hin auf dem Beipackzettel, dass eine positive Stickstoffbilanz und die protein-Geb\u00e4ude Wirkung, die Sie begleiten wird nur auftreten, wenn genug Kalorien und Proteine zugef\u00fchrt werden. Man sollte wissen dies, da sonst befriedigende Ergebnisse mit Deca nicht erreicht werden kann. Die hoch anabole Wirkung von Deca-Durabolin ist mit einem m\u00e4\u00dfig androgener Komponente, so dass eine gute Verst\u00e4rkung in Muskelmasse und Kraft erhalten wird. Gleichzeitig bemerken die meisten Athleten erhebliche Wassereinlagerungen, die, kein Zweifel, ist nicht so ausgepr\u00e4gt wie das mit injizierbaren Testosteron aber in hohen Dosen kann auch dazu f\u00fchren, eine glatte und tr\u00e4nende Aussehen. Da Deca auch speichert mehr Wasser in das Bindegewebe, kann es vor\u00fcbergehend zu Fall oder sogar heilen bestehenden Schmerzen in den Gelenken. Dies ist besonders gut f\u00fcr jene Athleten, die Klagen \u00fcber Schmerzen in der Schulter, Ellenbogen und Knie, Sie k\u00f6nnen oft genie\u00dfen schmerzfreien Training w\u00e4hrend der Behandlung mit Deca-Durabolin. Sportler nutzen Deca, je nach Ihren Bed\u00fcrfnissen, f\u00fcr Muskelaufbau und in Vorbereitung f\u00fcr einen Wettbewerb.<\/em><\/p>\n<blockquote><p>Deca ist geeignet, sogar \u00fcberdurchschnittlich, um die Muskelmasse zu entwickeln, da es die Proteinsynthese f\u00f6rdert und gleichzeitig f\u00fchrt zu Wassereinlagerungen. Die optimale Dosis f\u00fcr diesen Zweck liegt zwischen 200 und 600 mg\/Woche. Die wissenschaftliche Forschung hat gezeigt, dass die besten Ergebnisse k\u00f6nnen erhalten werden, indem die Einnahme von 2 mg\/Pfund K\u00f6rpergewicht. Diejenigen, die eine Dosis von weniger als 200 mg\/Woche wird in der Regel f\u00fchlen sich nur eine sehr leichte anabole Wirkung, die jedoch steigt mit einer h\u00f6heren Dosierung. Die meisten m\u00e4nnlichen Athleten Erfahrung gute Ergebnisse, indem Sie 400 mg\/Woche. Steroidanf\u00e4nger ben\u00f6tigen in der Regel nur 200 mg\/Woche. Deca funktioniert sehr gut f\u00fcr Muskelaufbau, wenn Sie in Kombination mit Dianabol und Testosteron. Der ber\u00fchmte Dianabol\/ Deca stack Ergebnisse in AA schnelle und starke Zugewinn an Muskelmasse. Die meisten Athleten nehmen in der Regel 15-40 mg <a href=\"http:\/\/getanabolics.biz\/de\/produkt\/dianabol-100-tabs-each-contains-10-mg-methandienone\/\">Dianabol<\/a>\/Tag und 200-400 mg Deca\/Woche. Noch schneller Ergebnisse erzielt werden k\u00f6nnen mit 400 mg Deca\/Woche und 500 mg 5ustanon 250\/Woche. Athleten berichten von einem enormen Gewinn an Kraft und Muskelmasse bei der Einnahme von 400 mg Deca\/Woche, 500 mg Sustanon 250\/Woche und 30 mg <a href=\"http:\/\/getanabolics.biz\/de\/produkt\/dianabol-buy-d-bol-100-tabs-each-contains-10-mg-methandienone\/\">Dianabol<\/a>\/Tag. Deca ist eine gute Basis steroid, das zum Muskelaufbau, <a href=\"http:\/\/getanabolics.biz\/de\/alles-ueber-proviron-mesterolone\/\">kann mit vielen anderen Steroiden kombiniert.<\/a><\/p><\/blockquote>\n<p><strong>Eine Umwandlung in \u00f6strogen, das hei\u00dft eine Aromatisierung Prozess, ist m\u00f6glich bei Deca-Durabolin, tritt aber mit einer niedrigeren rate als ex: Testosteron. W\u00e4hrend der Wettk\u00e4mpfe mit Dopingkontrollen Deca darf nicht eingenommen werden, da die Metaboliten im K\u00f6rper nachgewiesen werden kann, in einer Urin-Analyse bis zu 18 Monate sp\u00e4ter. Das Risiko einer potenziellen Wasserspeicherung und Aromatisierung zu \u00f6strogen kann erfolgreich verhindert, dass durch die Kombination der Verwendung von Proviron mit Nolvadex. Eine vorbereitende stack oft in konkurrierenden Athleten beobachtet enth\u00e4lt 400 mg\/Woche Deca-Durabolin, 50 mg\/Tag Winstrol, 228 mg\/Woche Parabolan, und 25 mg\/Tag Oxandrolone.<\/strong><\/p>\n<p>Obwohl die Nebenwirkungen mit Deca sind relativ niedrig mit Dosierungen von 400 mg\/Woche, androgener-verursachte Nebenwirkungen auftreten k\u00f6nnen. Die meisten Probleme manifestieren sich in hohem Blutdruck und eine pro-sehnte die Zeit f\u00fcr die Blutgerinnung, die kann dazu f\u00fchren, h\u00e4ufiges Nasenbluten und verl\u00e4ngerte Blutung von Schnittwunden, sowie gesteigerte Produktion der Talgdr\u00fcsen und gelegentlich Akne. Einige Athleten berichten auch Kopfschmerzen und sexuelle \u00fcberreizung. Wenn sehr hohe dos-Zeiten sind \u00fcber einen l\u00e4ngeren Zeitraum genommen, die Spermatogenese kann in-hibited, in der M\u00e4nner, d.h. die Hoden produzieren weniger Testosteron. Der Grund daf\u00fcr ist, dass Deca-Durabolin, wie fast alle Steroide, hemmt die Freisetzung von Gonadotropinen aus der Hypophyse.<\/p>\n<p><em>Frauen mit einer Dosierung bis zu 100 mg\/Woche erleben in der Regel keine gr\u00f6\u00dferen Probleme mit Deca. Bei h\u00f6heren Dosierungen androgenic verursachte Virilisierung Symptome k\u00f6nnen auftreten, einschlie\u00dflich Tiefe Stimme (irreversibel), erh\u00f6hte Wachstum der K\u00f6rperbehaarung, Akne, erh\u00f6hte libido, und m\u00f6glicherweise clitorihypertrophy. Frauen, die Erfahrung, die St\u00f6rung selbst bei einer w\u00f6chentlichen Dosis von nur 50 mg\/Woche Deca-Durabolin, sind oft besser dran, die Einnahme der zuvor genannten und schneller wirkende Durabolin. Im Gegensatz zu den long-acting Deca, Durabolin, wenn verabreicht, die einmal oder zweimal w\u00f6chentlich in einer Dosierung von 50 mg, no-Konzentration von unerw\u00fcnschten Mengen von androgenen auftreten. Da die meisten weiblichen Athleten gut mit Deca Durabolin einer Dosis von Deca 50 mg \/Woche ist in der Regel kombiniert mit Oxandrolone 10 mg \/Tag Beide verbindungen, wenn Sie in einer niedrigen Dosierung genommen, sind nur leicht androgener, so dass masculinizing Nebenwirkungen nur selten auftreten. Deca, durch seine erh\u00f6hte Proteinsynthese, f\u00fchrt auch zu einer Netto-Muskelaufbau und Oxandrolone, basierend auf die erh\u00f6hte phosphokreatin Synthese, f\u00fchrt zu einer messbaren St\u00e4rke gewinnen mit sehr geringer Wasserretention. Andere Varianten der Verabreichung von weiblichen Sportlern verwendet werden Deca und <a href=\"http:\/\/getanabolics.biz\/de\/produkt\/winstrol-tabs-10-kaufen-sie-winstrol-tabletten-50-tabletten-jede-enthalt-10-mg-stanozolol-kaufen\/\">Winstrol <\/a>tab-lets, sowie Deca und Primobolan S-Tabletten.<\/em><\/p>\n<h3>Weiterlesen<\/h3>\n<p><a href=\"http:\/\/getanabolics.biz\/de\/dianabol-online-auf-getanabolics-biz-kaufen\/\">Kaufen Sie DIANABOL ONLINE auf GETANABOLICS.BIZ<\/a><\/p>\n<p><a href=\"http:\/\/getanabolics.biz\/de\/winstrol-ist-es-und-ist-es\/\">WINSTROL, WAS IST ES UND WOF\u00dcR IST ES?<\/a><\/p>\n<p><a href=\"http:\/\/getanabolics.biz\/de\/cytomel-t3-rezensionen-zu-getanabolics-biz\/\">CYTOMEL T3 BEWERTUNGEN AUF GETANABOLICS.BIZ<\/a><\/p>\n<p><a href=\"http:\/\/getanabolics.biz\/de\/pause-zwischen-steroidkursen-und-pct\/\">PAUSE ZWISCHEN STEROID-KURSE UND PCT<\/a><\/p>\n<p><a href=\"http:\/\/getanabolics.biz\/de\/wie-effektiv-ist-die-steroidbruecke\/\">WIE WIRKSAM IST DIE STEROID-BR\u00dcCKE?<\/a><\/p>\n","protected":false},"excerpt":{"rendered":"<p>Paket: 10\u00d71 ml Ampullen jeder hat 100 mg 1000 mg Nandrolon Decaonate<br \/>Hersteller: Maxtreme<br \/>Marke: Deca 100<br \/>Weithin bekannt: N-Lone-D 100<\/p>\n","protected":false},"featured_media":563,"comment_status":"open","ping_status":"closed","template":"","meta":[],"product_cat":[118,105],"product_tag":[51],"_links":{"self":[{"href":"https:\/\/getanabolics.biz\/de\/wp-json\/wp\/v2\/product\/940"}],"collection":[{"href":"https:\/\/getanabolics.biz\/de\/wp-json\/wp\/v2\/product"}],"about":[{"href":"https:\/\/getanabolics.biz\/de\/wp-json\/wp\/v2\/types\/product"}],"replies":[{"embeddable":true,"href":"https:\/\/getanabolics.biz\/de\/wp-json\/wp\/v2\/comments?post=940"}],"wp:featuredmedia":[{"embeddable":true,"href":"https:\/\/getanabolics.biz\/de\/wp-json\/wp\/v2\/media\/563"}],"wp:attachment":[{"href":"https:\/\/getanabolics.biz\/de\/wp-json\/wp\/v2\/media?parent=940"}],"wp:term":[{"taxonomy":"product_cat","embeddable":true,"href":"https:\/\/getanabolics.biz\/de\/wp-json\/wp\/v2\/product_cat?post=940"},{"taxonomy":"product_tag","embeddable":true,"href":"https:\/\/getanabolics.biz\/de\/wp-json\/wp\/v2\/product_tag?post=940"}],"curies":[{"name":"wp","href":"https:\/\/api.w.org\/{rel}","templated":true}]}}