{"id":939,"date":"2017-04-27T10:33:38","date_gmt":"2017-04-27T12:09:04","guid":{"rendered":"http:\/\/getanabolics.biz\/product\/parabolan-box-mit-10-ampullen-von-1-ml-75mg-ml-trenbolon-hexahydrobenzylcarbonate-kaufen\/"},"modified":"2018-01-18T10:26:49","modified_gmt":"2018-01-18T10:26:49","slug":"parabolan-box-of-10-ampoules-of-1ml-75mg-ml-trenbolone-hexahydrobenzylcarbonate","status":"publish","type":"product","link":"https:\/\/getanabolics.biz\/de\/produkt\/parabolan-box-of-10-ampoules-of-1ml-75mg-ml-trenbolone-hexahydrobenzylcarbonate\/","title":{"rendered":"Parabolan &#8211; Maxtreme"},"content":{"rendered":"<h2>Parabolan kaufen &#8211; Maxtreme (Tren-Max-1)<\/h2>\n<p><a title=\"Buy Parabolan at GetAnabolics\"><img src=\"http:\/\/getanabolics.biz\/images\/hetroxyl.jpg\" width=\"30%\" align=\"right\" \/><\/a><br \/>\n<em>F\u00fcr diejenigen, die sucht, Parabolan und Fragen sich, wo zu kaufen Parabolan von Maxtreme zur rechtlichen wir bieten Tren-Max-1 als die <strong>beste Wahl f\u00fcr echte Bodybuilder<\/strong>.<\/em><br \/>\n<em> Von nun an eine <strong>gro\u00dfe Vielzahl von injizierbaren Steroide als auch orale Steroide<\/strong> und post-Zyklus-Therapie von Maxtreme kann gekauft werden <b>GetAnabolics<\/b>. Wir freuen uns, die Einf\u00fchrung der neuen Parabolan von <span style=\"font-weight: bold;\">Maxtreme<\/span>.<\/em><br \/>\n<em> Alle Produkte, die wir zu bieten haben, sind aus authentischen, qualitativ hochwertige verbindungen und haben ein einziges Ziel: Menschen zu helfen, zu gewinnen Muskelmasse, die Allgemeine St\u00e4rke, Fett zu verbrennen und Ihnen helfen, auf dem Weg zu k\u00f6rperlicher Perfektion. Um eine Konstruktive und zivilisierte Verbindung mit unseren Kunden stellen wir maximale Anstrengungen zur Sicherung einer hohen service-Qualit\u00e4t und n\u00e4hert sich jede person, die Adresse zu unserem Online-Shop mit H\u00f6flichkeit und Respekt.<\/em><br \/>\n<em> Den Aufbau und die Erhaltung einer wundersch\u00f6nen K\u00f6rpers erfordert eine Kombination von Methoden. Eine richtige Ern\u00e4hrung kommt zuerst in der Liste der wichtigen Bestandteile die der K\u00f6rper ben\u00f6tigt. Zweitens, stellen Sie sicher, dass Sie immer kaufen und verwenden Sie rechtlichen Steroide online nicht nur zu vermeiden, in Konflikt mit dem Gesetz, aber noch wichtiger ist, zur Vermeidung von gesundheitlichen Komplikationen.<\/em><br \/>\n<em> <span style=\"font-weight: bold;\">GetAnabolics.Biz<\/span> ist die online-steroid Lieferanten speziell erstellt und widmet sich jeder athlet und bodybuilder mit der <strong>besten anabole Steroide zu erm\u00e4\u00dfigten Preisen<\/strong>. Wir haben uns entschieden, zuverl\u00e4ssigsten Marken zusammenarbeiten, um sicherzustellen, sicher, echt und top-notch-Steroide f\u00fcr unsere Kunden.<\/em><br \/>\n<em> Versand Steroide sehr sicher ist das Hauptanliegen f\u00fcr die Lieferung von Steroiden weltweit. Unser diskreter Versand garantiert, dass niemand sonst wei\u00df, dass Sie kaufen Sie Steroide online.<\/em><\/p>\n<h2>Mehr Parabolan Maxtreme Informationen<\/h2>\n<p><b>Packung mit 10 Ampullen von 1 ml, 75mg \/ ml: Trenbolon Hexahydrobenzylcarbonate<\/b><\/p>\n<ul>\n<li>[17beta-Hydroxyestra-4,9,11-trien-3-one]<\/li>\n<li><strong>Effektive Dosis (M\u00e4nner):<\/strong> 300-500mgs\/week<\/li>\n<li><strong>Effektive Dosis (Frauen):<\/strong> Nicht empfohlen<\/li>\n<li><strong>Active life:<\/strong> 5-7 Tage<\/li>\n<li><strong>Detection Time<\/strong>: 4-5 Wochen<\/li>\n<li><strong>Anabolen\/Androgenen Verh\u00e4ltnis:<\/strong> 500\/500<\/li>\n<\/ul>\n<p><em>Parabolan, erkannt worden war unter den m\u00e4chtigsten Steroide auf die steroid-Markt.Der ester Hexahydrobenzylcarbonate ist fast identisch zu dem Enanthate ester, hinsichtlich der Zeit, die Freisetzung in den K\u00f6rper. Indem Sie \u00e4hnlich Enanthate Injektion zwei mal pro Woche ist mehr als genug f\u00fcr die Aufbewahrung von Blut so ruhig wie m\u00f6glich.<\/em><\/p>\n<p><em>PARABOLAN Im bodybuilding und auch im Kraftdreikampf Parabolan hat sich der am meisten gew\u00fcnschten injizierbaren steroid-Verbindung. Dies ist nicht ohne Grund seit Parabolan ist wirklich ein ph\u00e4nomenales, einzigartiges Produkt.<\/em><\/p>\n<blockquote><p>Parabolan ist eine starke, Androgene steroid, die auch eine hohe anabole Wirkung besitzt. Ob Anf\u00e4nger, schwer gainer, macht lifter oder pro Bodybuilder, jeder, der verwendet Parabolan ist begeistert von den Ergebnissen: eine schnelle Verst\u00e4rkung in fester, qualitativ hochwertige Muskelmasse begleitet durch eine betr\u00e4chtliche St\u00e4rke Zunahme der grundlegenden \u00fcbungen. neben der regelm\u00e4\u00dfigen Anwendung \u00fcber mehrere Wochen f\u00fchrt zu einer gut sichtbaren erh\u00f6hten Muskel-H\u00e4rte \u00fcber den gesamten K\u00f6rper ohne Di\u00e4t-ing an der gleichen Zeit. H\u00e4ufig das folgende Szenario statt: Bodybuilder, die Steroide benutzen und f\u00fcr einige Zeit gewesen Hirsch-nate, die in Ihrer Entwicklung pl\u00f6tzlich neue Fortschritte bei Parabolan. Ein weiteres Merkmal ist, dass Parabolan, im Gegensatz zu den meisten hoch-Androgene Steroide, nicht aromatisieren. Die Substanz Trenbolon nicht in \u00f6strogene umgewandelt, so dass der athlet nicht zu k\u00e4mpfen haben, einen h\u00f6heren \u00f6strogen-Ebene oder Feminisierung Symptome. Diejenigen, die Parabolan wird auch feststellen, dass es keine Wassereinlagerungen im Gewebe. Zu sagen es sehr deutlich: Parbolan ist die Nummer eins Wettbewerb steroid. Wenn ein niedriger Fettgehalt wurde erreicht, indem eine niedrig-Kalorien-Di\u00e4t, Parabolan gibt einen dramatischen Anstieg im Muskel-H\u00e4rte. In Kombination mit einer eiwei\u00dfreichen Ern\u00e4hrung wird es besonders wirksam, denn in dieser phase Parabolan beschleunigt den Stoffwechsel und beschleunigt die Fettverbrennung. Die hohe Androgene Wirkung verhindert eine m\u00f6gliche \u00fcbertraining-Syndrom, beschleunigt die Regeneration und gibt den Muskeln ein voller, vaskul\u00e4re Aussehen aber zur gleichen Zeit, ein Riss und zerfetztes Aussehen.<\/p><\/blockquote>\n<p><strong>Die meisten Athleten injizieren Parabolan mindestens zweimal pro Woche; einige Bodybuilder Spritzen 1-2 Ampullen pro Tag w\u00e4hrend der letzten drei bis vier Wochen vor einem Wettbewerb.<\/strong> Normalerweise wird eine Dosierung von 228 mg\/Woche verwendet wird, entsprechend einer w\u00f6chentlichen Betrag von drei Ampullen. Es ist unsere Erfahrung, dass gute Ergebnisse erzielt werden k\u00f6nnen, durch die Injektion einer 76 mg bin-pule alle 2-3 Tage. Parabolan kombiniert mit <a href=\"http:\/\/getanabolics.biz\/de\/produkt\/winstrol-tabs-10-kaufen-sie-winstrol-tabletten-50-tabletten-jede-enthalt-10-mg-stanozolol-kaufen\/\">Winstrol <\/a>Depot arbeiten besonders gut und gibt dem Athleten einen deutlichen Gewinn in solide und qualitativ hochwertige Muskeln zusammen mit eine enorme St\u00e4rke zu gewinnen. Ein sehr effektiver stack wird 76 mg Parabolan alle 2 Tage kombiniert mit 50 mg Winstrol alle 2 Tage. Athleten, die daran interessiert sind, eine schnelle Masse gewinnen, verwenden oft auch 30 mg Dianabol\/Tag w\u00e4hrend diejenigen, die mehr Interesse an Qualit\u00e4t und St\u00e4rke wie das hinzuf\u00fcgen 25 mg Oxandrolone\/ Tag. Wahrscheinlich die effektivste Parabolan-Kombination besteht aus 228 mg Parabolan\/Woche, 200 mg Winstrol Depot\/Woche, und 40-50 mg Oral-Turinabol\/Tag und f\u00fchrt in der Regel zu einer drastischen Verst\u00e4rkung in hoher Qualit\u00e4t Muskelmasse zusammen mit einer gigantischen St\u00e4rke gewinnen. Parabolan scheint auch au\u00dferordentlich gute Ergebnisse zu bringen, wenn in Kombination mit Wachstumshormonen.<\/p>\n<p><strong>Parabolan ist kein steroid f\u00fcr eine ganzj\u00e4hrige Behandlung, da es ziemlich toxisch ist.<\/strong> Die Dauer der Einnahme sollte auf maximal 8 Wochen. Es ist erwiesen, dass Parabolan, vor allem, legt stress auf die Nieren, anstatt der Leber. Athleten, die es in hohen Dosen \u00fcber mehrere Wochen berichten oft eine ungew\u00f6hnlich dunkel gef\u00e4rbter Urin. In extremen F\u00e4llen kann Blut ausgeschieden durch den Urin, ein klares Zeichen einer Nierensch\u00e4digung. Diejenigen, die Parabolan trinken sollten einen Liter Fl\u00fcssigkeit t\u00e4glich, da es hilft Sp\u00fclen die Nieren. Seit Parabolan verursacht keine Wasser und Salz Aufbewahrung, steigt der Blutdruck selten. \u00c4hnlich Finaject, viele Athleten zeigen eine aggressive Haltung, die ist zur\u00fcckzuf\u00fchren auf die unterschiedliche ein-drogenic Wirkung. Es ist interessant, dass Akne und Haarausfall nur selten auftreten, die m\u00f6glicherweise aufgrund der Tatsache, dass der Stoff nicht umgewandelt in Dihydrotestosteron (DHT). Einige Athleten berichten nau-sea, Kopfschmerzen und Appetitlosigkeit, wenn Sie Spritzen mehr als eine Ampulle (76 mg) pro Woche. Seit Parabolan deutlich reduziert endogene Testosteron-Produktion, die Verwendung von Testosteron-stimulierende Substanzen am Ende der Aufnahme vorgeschlagen. Bei \u00e4lteren Sportlern besteht ein erh\u00f6htes Risiko, dass Parabolan induzieren k\u00f6nnte das Wachstum der m\u00e4nnlichen Prostata-Dr\u00fcse. Wir empfehlen, dass m\u00e4nnliche Bodybuilder, w\u00e4hrend und nach einer Behandlung mit Parabolan, haben Ihren Arzt \u00fcberpr\u00fcfen Ihre Prostata sicher sein, es ist immer noch klein in der Gr\u00f6\u00dfe.<\/p>\n<p><em>Steroidanf\u00e4nger sollte (noch) nicht verwenden Parabolan. Das gleiche gilt f\u00fcr Frauen, aber es gibt gen\u00fcgend weibliche Athleten, die sich nicht k\u00fcmmern, da der weibliche Organismus reagiert auf die Androgene Ladung und die starke anabole Wirkung von Parabolan mit deutlichen Kursgewinnen in den Muskeln und St\u00e4rke, vor allem aus weiblicher Sicht. Somit ist der gesamte K\u00f6rper hat eine h\u00e4rtere und sportlichen look. Parabolan ist ohne Zweifel eine verlockende Produkt f\u00fcr ambitionierte Sportlerinnen. Am Ende h\u00e4ngt alles von Ihrer pers\u00f6nlichen Risikobereitschaft, meine Damen. Die Tatsache ist, dass die standards auf den nationalen und internationalen Wettbewerb Szenen im weiblichen bodybuilding erreicht haben Ebenen, die nicht erreicht werden, ohne die Gabe von stark Androgene steroid-verbindungen. Eine Kombination, die sehr beliebt bei weiblichen Bodybuildern besteht aus 76 mg Parabolan\/Woche, 20 mg Winstrol Tabletten\/Tag und 100 mcg Clenbuterol\/Tag Frauen, die nicht in-ject mehr als eine Ampulle Parabolan pro Woche, und die begrenzen den Zeitraum der Einnahme, um 4-5 Wochen kann meist vermeiden oder zu minimieren Virilisierung Symptome. Weibliche Athleten, die es \u00fcbertreiben, oder, die empfindlich auf die Androgene Teil von Trenbolon hexahydrobencylcarbonate k\u00f6nnen konfrontiert werden mit einigen unangenehmen \u00fcberraschungen nach mehreren Wochen der Anwendung: Akne, androgenically verursacht Haarausfall auf der Kopfhaut, unregelm\u00e4\u00dfige Menstruation, verpasste Fristen, viel h\u00f6here libido, Aggressivit\u00e4t, Tiefe Stimme, <a href=\"http:\/\/getanabolics.biz\/de\/winstrol-ist-es-und-ist-es\/\">chtorial Hypertrophie und verst\u00e4rkter Haarwuchs im Gesicht und an den Beinen. <\/a>Die letzten drei Nebenwirkungen sind meist irreversible Ver\u00e4nderungen.<\/em><\/p>\n<h3>Weiterlesen<\/h3>\n<p><a href=\"http:\/\/getanabolics.biz\/de\/dianabol-online-auf-getanabolics-biz-kaufen\/\">Kaufen Sie DIANABOL ONLINE auf GETANABOLICS.BIZ<\/a><\/p>\n<p><a href=\"http:\/\/getanabolics.biz\/de\/winstrol-ist-es-und-ist-es\/\">WINSTROL, WAS IST ES UND WOF\u00dcR IST ES?<\/a><\/p>\n<p><a href=\"http:\/\/getanabolics.biz\/de\/cytomel-t3-rezensionen-zu-getanabolics-biz\/\">CYTOMEL T3 BEWERTUNGEN AUF GETANABOLICS.BIZ<\/a><\/p>\n<p><a href=\"http:\/\/getanabolics.biz\/de\/pause-zwischen-steroidkursen-und-pct\/\">PAUSE ZWISCHEN STEROID-KURSE UND PCT<\/a><\/p>\n<p><a href=\"http:\/\/getanabolics.biz\/de\/wie-effektiv-ist-die-steroidbruecke\/\">WIE WIRKSAM IST DIE STEROID-BR\u00dcCKE?<\/a><\/p>\n","protected":false},"excerpt":{"rendered":"<p>Paket: Box mit 10 Ampullen von 1 ml, 75mg \/ ml: Trenbolon Hexahydrobenzylcarbonate<br \/>Hersteller: Maxtreme<br \/>Marke: Parabolan<br \/>Weithin bekannt: Tren-Max-1<\/p>\n","protected":false},"featured_media":557,"comment_status":"open","ping_status":"closed","template":"","meta":[],"product_cat":[105],"product_tag":[51],"_links":{"self":[{"href":"https:\/\/getanabolics.biz\/de\/wp-json\/wp\/v2\/product\/939"}],"collection":[{"href":"https:\/\/getanabolics.biz\/de\/wp-json\/wp\/v2\/product"}],"about":[{"href":"https:\/\/getanabolics.biz\/de\/wp-json\/wp\/v2\/types\/product"}],"replies":[{"embeddable":true,"href":"https:\/\/getanabolics.biz\/de\/wp-json\/wp\/v2\/comments?post=939"}],"wp:featuredmedia":[{"embeddable":true,"href":"https:\/\/getanabolics.biz\/de\/wp-json\/wp\/v2\/media\/557"}],"wp:attachment":[{"href":"https:\/\/getanabolics.biz\/de\/wp-json\/wp\/v2\/media?parent=939"}],"wp:term":[{"taxonomy":"product_cat","embeddable":true,"href":"https:\/\/getanabolics.biz\/de\/wp-json\/wp\/v2\/product_cat?post=939"},{"taxonomy":"product_tag","embeddable":true,"href":"https:\/\/getanabolics.biz\/de\/wp-json\/wp\/v2\/product_tag?post=939"}],"curies":[{"name":"wp","href":"https:\/\/api.w.org\/{rel}","templated":true}]}}