{"id":937,"date":"2017-04-27T10:33:38","date_gmt":"2017-04-27T12:09:04","guid":{"rendered":"http:\/\/getanabolics.biz\/product\/anadrol-50-registerkarten-jede-registerkarte-enthalt-50-mg-oxymetholone-kaufen\/"},"modified":"2018-01-18T11:01:06","modified_gmt":"2018-01-18T11:01:06","slug":"anadrol-50-tabs-each-tab-contains-50-mg-oxymetholone","status":"publish","type":"product","link":"https:\/\/getanabolics.biz\/de\/produkt\/anadrol-50-tabs-each-tab-contains-50-mg-oxymetholone\/","title":{"rendered":"Anadrol &#8211; Maxtreme"},"content":{"rendered":"<h2>Anadrol kaufen &#8211; Maxtreme (Max-Drol)<\/h2>\n<p><a title=\"Buy Anadrol at GetAnabolics\"><img src=\"http:\/\/getanabolics.biz\/images\/oxylone-geta.jpg\" width=\"30%\" align=\"right\" \/><\/a><br \/>\n<em>F\u00fcr diejenigen, die sucht, Anadrol und Fragen sich, wo zu kaufen Anadrol von Maxtreme zur rechtlichen wir bieten Max-Drol als die <strong>beste Wahl f\u00fcr echte Bodybuilder<\/strong>.<\/em><br \/>\n<em>Von nun an eine <strong>gro\u00dfe Vielzahl von injizierbaren Steroide als auch orale Steroide<\/strong> und post-Zyklus-Therapie von Maxtreme kann gekauft werden <b>GetAnabolics<\/b>. Wir freuen uns, die Einf\u00fchrung der neuen Anadrol von <span style=\"font-weight: bold;\">Maxtreme<\/span>.<\/em><br \/>\n<em>Alle Produkte, die wir zu bieten haben, sind aus authentischen, qualitativ hochwertige verbindungen und haben ein einziges Ziel: Menschen zu helfen, zu gewinnen Muskelmasse, die Allgemeine St\u00e4rke, Fett zu verbrennen und Ihnen helfen, auf dem Weg zu k\u00f6rperlicher Perfektion. Um eine Konstruktive und zivilisierte Verbindung mit unseren Kunden stellen wir maximale Anstrengungen zur Sicherung einer hohen service-Qualit\u00e4t und n\u00e4hert sich jede person, die Adresse zu unserem Online-Shop mit H\u00f6flichkeit und Respekt.<\/em><br \/>\nDen Aufbau und die Erhaltung einer wundersch\u00f6nen K\u00f6rpers erfordert eine Kombination von Methoden. Eine richtige Ern\u00e4hrung kommt zuerst in der Liste der wichtigen Bestandteile die der K\u00f6rper ben\u00f6tigt. Zweitens, stellen Sie sicher, dass Sie immer kaufen und verwenden Sie rechtlichen Steroide online nicht nur zu vermeiden, in Konflikt mit dem Gesetz, aber noch wichtiger ist, zur Vermeidung von gesundheitlichen Komplikationen.<br \/>\n<span style=\"font-weight: bold;\">GetAnabolics.Biz<\/span> ist die online-steroid Lieferanten speziell erstellt und widmet sich jeder athlet und bodybuilder mit der <strong>besten anabole Steroide zu erm\u00e4\u00dfigten Preisen<\/strong>. Wir haben uns entschieden, zuverl\u00e4ssigsten Marken zusammenarbeiten, um sicherzustellen, sicher, echt und top-notch-Steroide f\u00fcr unsere Kunden.<br \/>\nVersand Steroide sehr sicher ist das Hauptanliegen f\u00fcr die Lieferung von Steroiden weltweit. Unser diskreter Versand garantiert, dass niemand sonst wei\u00df, dass Sie kaufen Sie Steroide online.<\/p>\n<h2>Mehr Anadrol Maxtreme Informationen<\/h2>\n<blockquote><p><b>50 tabs jeder tab enth\u00e4lt 50 mg-Oxymetholone<\/b><\/p>\n<p><strong>Drug-Klasse:<\/strong> Oral-Androgene Steroide und hoch anabole<br \/>\n<strong>Empfohlene Durchschnittliche Dosierung<\/strong>: Zwischen 50 und 150 mg\/Tag f\u00fcr M\u00e4nner,<br \/>\n<strong>Active life:<\/strong> Unter 16 Stunden<br \/>\n<strong>Wassereinlagerungen:<\/strong> Sehr hoch<br \/>\n<strong>Toxische Leber:<\/strong> ja<br \/>\n<strong>Verringert HPTA Funktion:<\/strong> ja<br \/>\n<strong>DTH-Konvertierung:<\/strong> Ableitung von DTH<\/p>\n<p><a href=\"http:\/\/getanabolics.biz\/de\/kaufen-sie-clomid-online-auf-getanabolics-biz\/\">Anadrol ist als eine sehr leistungsstarke m\u00fcndliche androgen, und geht durch den Markennamen Anadrol-50 in den Vereinigten Staaten.<\/a> Dieses anabole steroid wurde zuerst hergestellt in den 1960er Jahren von internationalen Pharmaunternehmen Syntex. Wie Anadrol oder Oxymetholone bekannt ist, erh\u00f6hen die Anzahl der roten Blutk\u00f6rperchen, Recht effektiv, es wurde zuerst zur Behandlung von schweren F\u00e4llen von An\u00e4mie. So besser nicht-steroidale Medikamente gefunden wurden, die zur Behandlung von An\u00e4mie, Anadrol fiel in Ungnade und wurde abgesetzt, die 1993 in den Vereinigten Staaten.<\/p>\n<p><strong>Allerdings Anadrol hat die positive Wirkung, die von vielen starken Steroiden, ohne die schweren Nebenwirkungen.<\/strong> Auch, j\u00fcngste Studien, die mit HIV\/AIDS zeigen die positiven Effekte von oxymetholone. Die empfohlene Dosis f\u00fcr m\u00e4nnliche Sportler ist 50mg auf 150mg am Tag. Im Allgemeinen ist die empfohlene Dosierung f\u00fcr Anadrol 50 ist 1-5mg pro kg K\u00f6rpergewicht. Obwohl eine so hohe Dosierung ist nicht erforderlich und da das Medikament kommt in form von 50mg Tabletten, die Sportler ben\u00f6tigen, um nur zwischen 1 und 3 Tabletten t\u00e4glich. Anadrol-50 sollte nicht verwendet werden f\u00fcr mehr als 4-6 Wochen.<\/p>\n<p><em><a href=\"http:\/\/getanabolics.biz\/de\/merkmale-von-kurzen-kursen-von-steroiden\/\">Die Auswirkungen dieses steroid \u2013 Anadrol-50 &#8211; kann ziemlich drastische Ergebnisse sichtbar in sehr wenig Zeit.<\/a> Als die meisten stark androgenen steroid von vielen, die Verwendung dieser Droge von einem Anf\u00e4nger k\u00f6nnen, f\u00fchren zu massiven gewinnen der bulk \u2013 zwischen 20 und 30 lbs. Eine solche massive Gewichtszunahme kann erreicht werden, in etwa 6 Wochen. Anadrol-50 bewirkt einen hohen Wassereinlagerungen, so dass viel von dem Gewicht und der Muskelmasse zur\u00fcckgef\u00fchrt werden kann zu Bl\u00e4hungen. Wegen der Wassereinlagerungen, die die Muskeln des Benutzers sind voller und die Gelenke sind besser gesch\u00fctzt als Schmierung erfolgt durch Wasser im Bindegewebe gelagert. Dies erh\u00f6ht auch die Elastizit\u00e4t und verringert das Risiko von Verletzungen w\u00e4hrend der anstrengenden \u00fcbungen und Gewichtheben. Die Verwendung von Anadrol-50 gibt auch ein glatteres Aussehen und kann dem Benutzer das Gef\u00fchl mehr zuversichtlich, aufgrund der schnelle Gewinn in der Masse.<\/em><\/p>\n<p><strong>Als ein potenter steroid, es hat viele Nebenwirkungen.<\/strong> Der schnelle Gewinn in der Masse f\u00fchren kann, die Sch\u00e4den der Brust und Bizeps Gewebe. Nutzer auch die chance, die Entwicklung Gyn\u00e4komastie und andere \u00f6strogen-Probleme. Andere peinliche und unerw\u00fcnschte Nebenwirkungen von Anadrol-50 geh\u00f6ren \u00f6lige Haut, schwere Akne und \u00fcberm\u00e4\u00dfige Gesichts-und K\u00f6rperbehaarung. M\u00e4nnliche Kahlheit Muster kann auch dadurch versch\u00e4rft werden, dass durch die Verwendung dieser Droge. Es ist auch sehr stressig f\u00fcr die Leber und kann dazu f\u00fchren, Lebersch\u00e4den, wenn Sie in sehr hohen Dosierungen, zu lange. Weibliche Athleten wird empfohlen, nicht zu verwenden, Anadrol-50, wie es auch Androgene.<\/p><\/blockquote>\n<h3>Weiterlesen<\/h3>\n<p><a href=\"http:\/\/getanabolics.biz\/de\/grosse-ergebnisse-aus-dem-besten-trenbolon-acetat\/\">GROSSE ERGEBNISSE AUS DEM BESTEN TRENBOLONACETAT<\/a><\/p>\n<p><a href=\"http:\/\/getanabolics.biz\/de\/alles-sie-ueber-anadrol-wissen\/\">ALLES, WAS SIE \u00dcBER ANADROL WISSEN M\u00dcSSEN<\/a><\/p>\n<p><a href=\"http:\/\/getanabolics.biz\/de\/die-wirkung-von-steroiden-auf-die-menschliche-haut\/\">Die Wirkung von Steroiden auf die menschliche Haut<\/a><\/p>\n<p><a href=\"http:\/\/getanabolics.biz\/de\/sammeln-sie-eine-trockene-masse-ohne-nebenwirkungen\/\">EINE TROCKENMASSE OHNE NEBENWIRKUNGEN AUFNEHMEN<\/a><\/p>\n<p><a href=\"http:\/\/getanabolics.biz\/de\/sollte-die-dauer-des-steroid-kurses-sein\/\">Was sollte die Dauer des STEROIDS-Kurses sein?<\/a><\/p>\n","protected":false},"excerpt":{"rendered":"<p>Paket: 50 Registerkarten jede Registerkarte enth\u00e4lt 50 mg-Oxymetholone<br \/>Hersteller: Maxtreme<br \/>Marke: Anadrol<br \/>Weithin bekannt: Max-Drol<\/p>\n","protected":false},"featured_media":1077,"comment_status":"open","ping_status":"closed","template":"","meta":[],"product_cat":[118,110],"product_tag":[51],"_links":{"self":[{"href":"https:\/\/getanabolics.biz\/de\/wp-json\/wp\/v2\/product\/937"}],"collection":[{"href":"https:\/\/getanabolics.biz\/de\/wp-json\/wp\/v2\/product"}],"about":[{"href":"https:\/\/getanabolics.biz\/de\/wp-json\/wp\/v2\/types\/product"}],"replies":[{"embeddable":true,"href":"https:\/\/getanabolics.biz\/de\/wp-json\/wp\/v2\/comments?post=937"}],"wp:featuredmedia":[{"embeddable":true,"href":"https:\/\/getanabolics.biz\/de\/wp-json\/wp\/v2\/media\/1077"}],"wp:attachment":[{"href":"https:\/\/getanabolics.biz\/de\/wp-json\/wp\/v2\/media?parent=937"}],"wp:term":[{"taxonomy":"product_cat","embeddable":true,"href":"https:\/\/getanabolics.biz\/de\/wp-json\/wp\/v2\/product_cat?post=937"},{"taxonomy":"product_tag","embeddable":true,"href":"https:\/\/getanabolics.biz\/de\/wp-json\/wp\/v2\/product_tag?post=937"}],"curies":[{"name":"wp","href":"https:\/\/api.w.org\/{rel}","templated":true}]}}