{"id":936,"date":"2017-04-27T10:33:38","date_gmt":"2017-04-27T12:09:04","guid":{"rendered":"http:\/\/getanabolics.biz\/product\/cytomel-t3-25-50-tabs-je-25-mcg-liothyronine-sodium-kaufen\/"},"modified":"2018-01-18T11:15:34","modified_gmt":"2018-01-18T11:15:34","slug":"cytomel-t3-25-50-tabs-each-25-mcg-liothyronine-sodium","status":"publish","type":"product","link":"https:\/\/getanabolics.biz\/de\/produkt\/cytomel-t3-25-50-tabs-each-25-mcg-liothyronine-sodium\/","title":{"rendered":"Cytomel (T3) &#8211; 25 &#8211; Maxtreme"},"content":{"rendered":"<h2>Cytomel (T3) &#8211; 25 kaufen &#8211; Maxtreme (T3-Max-25)<\/h2>\n<p><a title=\"Buy Cytomel (T3) - 25 at GetAnabolics\"><img src=\"http:\/\/getanabolics.biz\/images\/cytomel-meditech.jpg\" width=\"30%\" align=\"right\" \/><\/a><br \/>\nF\u00fcr diejenigen, die sucht, Cytomel (T3) &#8211; 25 und Fragen sich, wo zu kaufen Cytomel (T3) &#8211; 25 von Maxtreme zur rechtlichen wir bieten T3-Max-25 als die <strong>beste Wahl f\u00fcr echte Bodybuilder<\/strong>.<br \/>\nVon nun an eine <strong>gro\u00dfe Vielzahl von injizierbaren Steroide als auch orale Steroide<\/strong> und post-Zyklus-Therapie von Maxtreme kann gekauft werden <b>GetAnabolics<\/b>. Wir freuen uns, die Einf\u00fchrung der neuen Cytomel (T3) &#8211; 25 von <span style=\"font-weight: bold;\">Maxtreme<\/span>.<br \/>\n<em>Alle Produkte, die wir zu bieten haben, sind aus authentischen, qualitativ hochwertige verbindungen und haben ein einziges Ziel: Menschen zu helfen, zu gewinnen Muskelmasse, die Allgemeine St\u00e4rke, Fett zu verbrennen und Ihnen helfen, auf dem Weg zu k\u00f6rperlicher Perfektion. Um eine Konstruktive und zivilisierte Verbindung mit unseren Kunden stellen wir maximale Anstrengungen zur Sicherung einer hohen service-Qualit\u00e4t und n\u00e4hert sich jede person, die Adresse zu unserem Online-Shop mit H\u00f6flichkeit und Respekt.<\/em><br \/>\n<em>Den Aufbau und die Erhaltung einer wundersch\u00f6nen K\u00f6rpers erfordert eine Kombination von Methoden. Eine richtige Ern\u00e4hrung kommt zuerst in der Liste der wichtigen Bestandteile die der K\u00f6rper ben\u00f6tigt. Zweitens, stellen Sie sicher, dass Sie immer kaufen und verwenden Sie rechtlichen Steroide online nicht nur zu vermeiden, in Konflikt mit dem Gesetz, aber noch wichtiger ist, zur Vermeidung von gesundheitlichen Komplikationen.<\/em><br \/>\n<span style=\"font-weight: bold;\">GetAnabolics.Biz<\/span> ist die online-steroid Lieferanten speziell erstellt und widmet sich jeder athlet und bodybuilder mit der <strong>besten anabole Steroide zu erm\u00e4\u00dfigten Preisen<\/strong>. Wir haben uns entschieden, zuverl\u00e4ssigsten Marken zusammenarbeiten, um sicherzustellen, sicher, echt und top-notch-Steroide f\u00fcr unsere Kunden.<br \/>\nVersand Steroide sehr sicher ist das Hauptanliegen f\u00fcr die Lieferung von Steroiden weltweit. Unser diskreter Versand garantiert, dass niemand sonst wei\u00df, dass Sie kaufen Sie Steroide online.<\/p>\n<h2>Mehr Cytomel (T3) &#8211; 25 Maxtreme Informationen<\/h2>\n<p><b>50 tabs je 25 mcg-Liothyronine sodium<\/b><\/p>\n<p>Drug-Klasse: Synthetic Schilddr\u00fcsenhormon<br \/>\nEmpfohlene Durchschnittliche Dosierung: Zwischen 25 und 100 \u00b5g\/Tag<\/p>\n<blockquote><p><a href=\"http:\/\/getanabolics.biz\/de\/produkt\/cytomel-t3-100-50-tabs-each-100-mcg-liothyronine-sodium\/\">Cytomel <\/a>ist die synthetische form des schilddr\u00fcsenhormons, bekannt als triiodiothyronine oder T3. Dieses synthetische Hormon wurde urspr\u00fcnglich hergestellt, zur Behandlung von Hypothyreose und ist immer noch haupts\u00e4chlich verwendet, um diesen Zustand zu behandeln. Hypothyreose ist ein Zustand, wo Unzureichende Mengen an Schilddr\u00fcsenhormonen produziert und kann verursacht werden durch JOD M\u00e4ngel und Fehlfunktionen der Hypophyse. Die T3-Hormon ist wichtig f\u00fcr den K\u00f6rper, wie es reguliert den Stoffwechsel, das Wachstum, Herzfunktion, etc.. Die Schilddr\u00fcsen-stimulierendes Hormon oder TSH regelt die Konzentrationen von T3 im K\u00f6rper.<\/p><\/blockquote>\n<p>Aber, mit der Verwendung von <a href=\"http:\/\/getanabolics.biz\/de\/produkt\/cytomel-t3-25-30-tabletten-je-25-mcg-liothyronine-sodium-kaufen\/\">Cytomel<\/a>, die Menge von T3 erh\u00f6ht werden kann, mehr als das, was erh\u00f6hte TSH-Werte erlauben. Als Ergebnis, Cytomel ist sehr beliebt bei Sportlern und Bodybuildern, wie kann es erh\u00f6ht die metabolische Aktivit\u00e4t und die rate, in der Energie im K\u00f6rper. Cytomel verbraucht raw-Energie, die erh\u00f6ht die metabolische Aktivit\u00e4t in den K\u00f6rper und das gespeicherte Fett wird auch verbrannt, viel schneller, als wenn nur die <strong>T3-Hormon vorhanden war<\/strong>. Jedoch, ausreichende Fett-Quellen verf\u00fcgbar sein sollten als Energiequellen wie Cytomel k\u00f6nnen sogar brechen Muskelgewebe, wenn keine andere Energiequelle verf\u00fcgbar ist.<\/p>\n<p><em><a href=\"http:\/\/getanabolics.biz\/de\/kaufen-sie-clomid-online-auf-getanabolics-biz\/\">Cytomel muss verwendet werden in Kombination mit einem anabolen steroid<\/a>. Wenn allein verwendet, es wird nur dazu f\u00fchren, den Abbau von Muskelgewebe. Cytomel wird oft verwendet, gerade vor gro\u00dfen Sportereignissen und-Wettbewerben, um zu verbrennen das \u00fcbersch\u00fcssige Fett. Ein Cytomel-Zyklus werden sollte, begann mit einer niedrigen Dosis von 25mcg pro Tag schrittweise erh\u00f6ht von 12,5 mcg f\u00fcr M\u00e4nner und Frauen. Die maximale Dosierung f\u00fcr M\u00e4nner ist 150mcg pro Tag und 100mcg pro Tag f\u00fcr Frauen. Ein Cytomel-Zyklus sollte nicht mehr als 6-8 Wochen, und die Nutzer sollten sorgf\u00e4ltig \u00fcberwachen Ihren K\u00f6rper und Gewicht.<\/em><\/p>\n<p><strong>Cytomel<\/strong> erh\u00f6ht die protein-Effizienz-der K\u00f6rper und die rate, mit der protein abgebaut wird, ist ebenfalls gestiegen. Dies bedeutet, dass das protein verwertet wird, viel besser. Es erh\u00f6ht auch die rate der Glykogen abgebaut und glucose wird verstoffwechselt und als dieser steigt, der K\u00f6rper beginnt sich mit bis gespeicherten Fettreserven schneller. Einnahme von <strong>Cytomel<\/strong> erh\u00f6ht auch die rate, mit der das <strong>Cholesterin abgebaut wird.<\/strong><\/p>\n<p>Es gibt jedoch einige harte Nebenwirkungen von Cytomel. Erstens, kann es zu einem Verlust von Muskelgewebe, die sch\u00e4dlich sein k\u00f6nnen, um die Leistung von Athleten und <strong>Bodybuildern<\/strong>. \u00dcberm\u00e4\u00dfiges Schwitzen, Schlaflosigkeit und Kopfschmerzen sind andere h\u00e4ufige Nebenwirkungen. Nach l\u00e4ngerer Anwendung von Cytomel, Frauen oft beobachten, eine St\u00f6rung in Ihrem Menstruationszyklus als Folge der sehr niedrigen K\u00f6rperfettanteil. Wie bereits erw\u00e4hnt, <strong>Cytomel sollte immer genommen werden, mit anabolen Steroiden.<\/strong><\/p>\n<h3>Weiterlesen<\/h3>\n<p><a href=\"http:\/\/getanabolics.biz\/de\/dianabol-online-auf-getanabolics-biz-kaufen\/\">Kaufen Sie DIANABOL ONLINE auf GETANABOLICS.BIZ<\/a><\/p>\n<p><a href=\"http:\/\/getanabolics.biz\/de\/winstrol-ist-es-und-ist-es\/\">WINSTROL, WAS IST ES UND WOF\u00dcR IST ES?<\/a><\/p>\n<p><a href=\"http:\/\/getanabolics.biz\/de\/cytomel-t3-rezensionen-zu-getanabolics-biz\/\">CYTOMEL T3 BEWERTUNGEN AUF GETANABOLICS.BIZ<\/a><\/p>\n<p><a href=\"http:\/\/getanabolics.biz\/de\/pause-zwischen-steroidkursen-und-pct\/\">PAUSE ZWISCHEN STEROID-KURSE UND PCT<\/a><\/p>\n<p><a href=\"http:\/\/getanabolics.biz\/de\/wie-effektiv-ist-die-steroidbruecke\/\">WIE WIRKSAM IST DIE STEROID-BR\u00dcCKE?<\/a><\/p>\n","protected":false},"excerpt":{"rendered":"<p>Paket: 50 tabs je 25 mcg-Liothyronine sodium<br \/>Hersteller: Maxtreme<br \/>Marke: Cytomel (T3) &#8211; 25<br \/>Weithin bekannt: T3-Max-25<\/p>\n","protected":false},"featured_media":539,"comment_status":"open","ping_status":"closed","template":"","meta":[],"product_cat":[128,110],"product_tag":[51],"_links":{"self":[{"href":"https:\/\/getanabolics.biz\/de\/wp-json\/wp\/v2\/product\/936"}],"collection":[{"href":"https:\/\/getanabolics.biz\/de\/wp-json\/wp\/v2\/product"}],"about":[{"href":"https:\/\/getanabolics.biz\/de\/wp-json\/wp\/v2\/types\/product"}],"replies":[{"embeddable":true,"href":"https:\/\/getanabolics.biz\/de\/wp-json\/wp\/v2\/comments?post=936"}],"wp:featuredmedia":[{"embeddable":true,"href":"https:\/\/getanabolics.biz\/de\/wp-json\/wp\/v2\/media\/539"}],"wp:attachment":[{"href":"https:\/\/getanabolics.biz\/de\/wp-json\/wp\/v2\/media?parent=936"}],"wp:term":[{"taxonomy":"product_cat","embeddable":true,"href":"https:\/\/getanabolics.biz\/de\/wp-json\/wp\/v2\/product_cat?post=936"},{"taxonomy":"product_tag","embeddable":true,"href":"https:\/\/getanabolics.biz\/de\/wp-json\/wp\/v2\/product_tag?post=936"}],"curies":[{"name":"wp","href":"https:\/\/api.w.org\/{rel}","templated":true}]}}