{"id":933,"date":"2017-04-27T10:33:38","date_gmt":"2017-04-27T12:09:04","guid":{"rendered":"http:\/\/getanabolics.biz\/product\/dianabol-100-tabletten-jede-enthalt-10-mg-methandienone-kaufen\/"},"modified":"2018-01-18T12:10:10","modified_gmt":"2018-01-18T12:10:10","slug":"dianabol-100-tabs-each-contains-10-mg-methandienone","status":"publish","type":"product","link":"https:\/\/getanabolics.biz\/de\/produkt\/dianabol-100-tabs-each-contains-10-mg-methandienone\/","title":{"rendered":"Dianabol &#8211; Maxtreme"},"content":{"rendered":"<h2>Dianabol kaufen &#8211; Maxtreme (Max-One)<\/h2>\n<p><a title=\"Buy Dianabol at GetAnabolics\"><img src=\"http:\/\/getanabolics.biz\/images\/dianabol-10-100-atlasp.jpg\" width=\"30%\" align=\"right\" \/><\/a><br \/>\nF\u00fcr diejenigen, die sucht, Dianabol und Fragen sich, wo zu kaufen Dianabol von Maxtreme zur rechtlichen wir bieten Max-One als die <strong>beste Wahl f\u00fcr echte Bodybuilder<\/strong>.<br \/>\nVon nun an eine <strong>gro\u00dfe Vielzahl von injizierbaren Steroide als auch orale Steroide<\/strong> und post-Zyklus-Therapie von Maxtreme kann gekauft werden <b>GetAnabolics<\/b>. Wir freuen uns, die Einf\u00fchrung der neuen Dianabol von <span style=\"font-weight: bold;\">Maxtreme<\/span>.<br \/>\n<em>Alle Produkte, die wir zu bieten haben, sind aus authentischen, qualitativ hochwertige verbindungen und haben ein einziges Ziel: Menschen zu helfen, zu gewinnen Muskelmasse, die Allgemeine St\u00e4rke, Fett zu verbrennen und Ihnen helfen, auf dem Weg zu k\u00f6rperlicher Perfektion. Um eine Konstruktive und zivilisierte Verbindung mit unseren Kunden stellen wir maximale Anstrengungen zur Sicherung einer hohen service-Qualit\u00e4t und n\u00e4hert sich jede person, die Adresse zu unserem Online-Shop mit H\u00f6flichkeit und Respekt.<\/em><br \/>\nDen Aufbau und die Erhaltung einer wundersch\u00f6nen K\u00f6rpers erfordert eine Kombination von Methoden. Eine richtige Ern\u00e4hrung kommt zuerst in der Liste der wichtigen Bestandteile die der K\u00f6rper ben\u00f6tigt. Zweitens, stellen Sie sicher, dass Sie immer kaufen und verwenden Sie rechtlichen Steroide online nicht nur zu vermeiden, in Konflikt mit dem Gesetz, aber noch wichtiger ist, zur Vermeidung von gesundheitlichen Komplikationen.<br \/>\n<em><span style=\"font-weight: bold;\">GetAnabolics.Biz<\/span> ist die online-steroid Lieferanten speziell erstellt und widmet sich jeder athlet und bodybuilder mit der <strong>besten anabole Steroide zu erm\u00e4\u00dfigten Preisen<\/strong>. Wir haben uns entschieden, zuverl\u00e4ssigsten Marken zusammenarbeiten, um sicherzustellen, sicher, echt und top-notch-Steroide f\u00fcr unsere Kunden.<\/em><br \/>\nVersand Steroide sehr sicher ist das Hauptanliegen f\u00fcr die Lieferung von Steroiden weltweit. Unser diskreter Versand garantiert, dass niemand sonst wei\u00df, dass Sie kaufen Sie Steroide online.<\/p>\n<h2>Mehr Dianabol Maxtreme Informationen<\/h2>\n<p><b>100 Tabletten, jede enth\u00e4lt 10 mg Methandienone<\/b><\/p>\n<p><strong>Pharmazeutische Name:<\/strong> Methandrostenolone \/ methandienone<br \/>\n<strong>Chemische Bezeichnung:<\/strong> 17a-methyl-17b-hydroxy-1, 4-androstadien-3-one-1-Dehydro-17a-methyltestosteron metandienon<br \/>\n<strong>Molekulargewicht:<\/strong> 300.44<br \/>\n<strong>Formel<\/strong>: C20H28O2<br \/>\n<strong>Schmelzpunkt<\/strong>: 159-164 Grad Celsius<br \/>\n<strong>Active Leben<\/strong>: 3-8Stunden<br \/>\n<strong>Detection-Zeit:<\/strong> bis zu 6 Wochen<br \/>\n<strong>Anabolen\/Androgenen Ratio (Range):<\/strong> 90-210:40-60<\/p>\n<blockquote><p><a href=\"http:\/\/getanabolics.biz\/de\/produkt\/dianabol-buy-d-bol-100-tabs-each-contains-10-mg-methandienone\/\">Methandrostenolone <\/a>hat lange ein Favorit von Kraftsportlern und Bodybuildern seit seiner Sch\u00f6pfung im Jahr 1956, mit dem ausdr\u00fccklichen Zweck der Herstellung f\u00fcr die Verwendung von Athleten. Es war die Verbindung, die F\u00e4higkeit zu f\u00f6rdern, die drastische Proteinsynthese, stimulieren, Kr\u00e4fte in einer direkten und schnell wirkende Weise, und es ist die F\u00e4higkeit zu verbessern, glycogenolysis, dass es so beliebt, und warum seine Popularit\u00e4t bleibt hoch heute.<\/p><\/blockquote>\n<p><em>In Bezug auf die medizinische Verwendung, methandrostenolone wurde\/wird verwendet in der Behandlung von Erkrankungen wie interstitielle-Hypophysen-Insuffizienz, chronische nebennierenrinden-Insuffizienz, Thyreotoxikose, diabetisches angiopathies (Retinopathie und Nephropathie), Steroid-diabetes, Hypophysen-Zwergwuchs unter anderem (1). Aufgrund der US-amerikanischen Food and Drug Administration ist die \u00fcberzeugung, dass die Verbindung verwendet wurde, die innerhalb der bodybuilding community weit mehr als in der Behandlung von medizinischen Bedingungen, es ordnete an, dass amerikanische Unternehmen nicht weiter es ist die Herstellung in den fr\u00fchen 1990er Jahren. Zahlreiche Pharmaunternehmen, die au\u00dferhalb der Grenzen der USA weiterhin die Droge, aber, und es ist das vorherrschen auf dem schwarzen Markt weiterhin sehr hoch.<\/em><\/p>\n<p><b>Anwendung\/Dosierung<\/b><\/p>\n<p>Es kann geschlossen werden, dass die beste Verwendung f\u00fcr methandrostenolone ist kurzfristig mit die meisten Benutzer Bevorzugung zu verwenden Sie das Produkt innerhalb von vier bis sechs Wochen, obwohl einige verl\u00e4ngern die Verwendung mit begrenzten Folgen f\u00fcr die Gesundheit, trotz seiner starken hepatoxic Effekte werden. Zum gr\u00f6\u00dften Teil, die meisten Freizeit-Benutzer beginnen admistering methandrostenolone zu Beginn einer l\u00e4ngeren F\u00fcllstoff Stapel, um &#8222;Starthilfe&#8220; Gewinne in Masse und Kraft. Es ist jedoch vor verschiedenen Arten von Wettbewerben ist auch sehr verbreitet, so dass es Effekte realisiert werden, die w\u00e4hrend eines bestimmten Zeitraums.<\/p>\n<p><strong>Durch das aktive Leben, das ist drei bis acht Stunden, mehrere Dosen \u00fcber den Tag methandrostenolone sollten genutzt werden. Am besten ist es halten bloodlevels so gleichm\u00e4\u00dfig wie m\u00f6glich, daher die Aufteilung der Dosen \u00fcber den Tag, der selbst bei Mengen erforderlich ist. Einige argumentieren, dass die Verabreichung des Medikaments sollte aufh\u00f6ren, ein paar Stunden, bevor Sie schlafen, wie es wird dazu f\u00fchren, dass weitere HPTA heruntergefahren, da der K\u00f6rper die Nat\u00fcrliche Testosteron-Produktion w\u00e4hrend des Schlafes beeintr\u00e4chtigt werden k\u00f6nnten. Jedoch, wenn Sie andere verbindungen zusammen mit methandrostenolone, diese werden bereits heruntergefahren Ihre Nat\u00fcrliche Testosteron-Produktion, daher ist dies kein Problem. In Bezug auf die Dosierung, es wurde berichtet, dass Dosen von 10 mg erh\u00f6hen kann, androgen-Aktivit\u00e4t durch f\u00fcnf Zeiten, sowie eine Wirkung von 50 bis 70% R\u00fcckgang der cortisol-Aktivit\u00e4t (2). Trotz dieser, die Mehrheit der anekdotische Evidenz deutet darauf hin, dass zwanzig bis vierzig Milligramm ist die norm in Bezug auf die erste Zeit Benutzer (ermittelt aus den anekdotischen wissen gl\u00e4nzte von verschiedenen Benutzern). Jedoch, die Dosen reichen von 100-150mg und h\u00f6her gemeldet wurden, die durch einige erfahrene Benutzer. Wie die meisten der ananbolic Drogen, die Renditen scheinbar vermindert und die Wahrscheinlichkeit von Nebenwirkungen erh\u00f6hen sich die Dosen.<\/strong><\/p>\n<p>\u00c4hnlich wie fast alle oralen Steroide, die \u00fcberwiegende Mehrheit der Nutzer erkennt die Tatsache, dass methandrostenolone sollte nicht ausgef\u00fchrt werden, allein und nur in Kombination mit anderen verbindungen. Dies ist aufgrund der Tatsache, dass die meisten Benutzer, die laufen methandrostenolone nur Abl\u00e4ufe haben berichtet anekdotisch, dass es extrem schwierig zu pflegen Gewinne post-Zyklus. Aber das gleiche gilt, wenn absetzen der Droge und mit Ihrem anderen verbindungen &#8222;kick in&#8220;, wenn Sie lange ester. Es ist oft der Fall, dass die Wassereinlagerungen erlebt, w\u00e4hrend auf methandrostenolone wird vergossen werden, aber die Zuw\u00e4chse an Kraft und Masse bleiben aufgrund der anderen verbindungen vorhanden ist. Es kann argumentiert werden, dass daher, die Gewinne zu verzeichnen, w\u00e4hrend auf methandrostenolone sind kurzlebig, egal was die Umst\u00e4nde und die Verbindung sollte nur verwendet werden als eine schnelle L\u00f6sung, die entweder f\u00fcr die Konkurrenz oder sonst einfach als motivator, w\u00e4hrend Sie warten, um zu bemerken, dass die Effekte der lange estered verbindungen. Jedoch, andere werden argumentieren, dass die Gewinne, die Sie w\u00e4hrend der Verwendung der Substanz sind in der Tat wartbar. Daher, pers\u00f6nliche Experimentieren ist wieder einmal der einzige Weg, um zu sehen, wie ein Individuum reagiert.<\/p>\n<p><b> Risiken\/Nebenwirkungen <\/b><\/p>\n<p><a href=\"http:\/\/getanabolics.biz\/de\/merkmale-von-kurzen-kursen-von-steroiden\/\">\u00d6strogene Nebenwirkungen kann ein Problem sein mit methandrostenolone<\/a>, wie das konvertieren von estradiol \u00fcber aromatase, das ist zwar ziemlich bescheiden, am besten. Hoher Blutdruck, Wassereinlagerungen, Gyn\u00e4komastie und Akne sind m\u00f6glich undesireable Nebenwirkungen bei der Verwendung von methandrostenolone. Nebenbei, eine hohe Anzahl von Benutzer haben auch berichtet, erleben, Nase blutet, w\u00e4hrend Sie die Verbindung. Einige f\u00fchren dies auf eine Erh\u00f6hung des Blutdrucks, w\u00e4hrend andere noch nicht bemerkt haben, ein Anstieg in Ihrem Blut Druck, aber immer noch ein Anstieg der Zahl der Nase blutet Sie w\u00e4hrend der Verwendung von methandrostenolone.<\/p>\n<p>Verwendung eines aromatase-Hemmer wie armidex oder \u00f6strogen-blocker wie nolvadex sollten helfen, entgegenzuwirken einige dieser Nebenwirkungen. Als Potenzial f\u00fcr Haarausfall, die androgenen Metaboliten 5-alpha dihydromethandrostenolone entsteht nur in Spuren, und daher Haarausfall sollte nicht von Bedeutung sein(3). Bei Frauen ist es nicht ungew\u00f6hnlich, dass virilizing Nebenwirkungen auftreten, einschlie\u00dflich der erh\u00f6hten Wachstum des androgen-empfindlichen Haar und Vertiefung der Stimme, unter anderem. Es gibt keine M\u00f6glichkeiten zur Minimierung dieser Nebenwirkungen bei Frauen wenn Sie es gewohnt sind, andere, als dass die Dosis, die man nimmt, auf ein minimum.<\/p>\n<p><em>Wie die meisten oralen Steroide methandrostenolone, ist 17-alpha-alkyliert, so dass es kann nicht zerlegt werden in einem 17-ketosteroid, und wodurch die Substanz unwirksam. Dies f\u00fchrt jedoch zu Leber-Werte sich erh\u00f6ht \u00fcber einen kurzen Zeitraum. Es ist aus diesem Grund, dass die langfristige Verwendung von 17-alpha-alkylierten Steroiden wird als gef\u00e4hrlich angesehen. Trotz dieser jedoch, keine langfristigen Sch\u00e4den zu erwarten, wenn die Nutzung h\u00e4lt sich in relativ kurzen Zeitr\u00e4umen, mit Leber-Werte der R\u00fcckkehr auf das fr\u00fchere Niveau nach dem Gebrauch wird eingestellt, in fast allen F\u00e4llen (4).<\/em><\/p>\n<p>Es sollte auch darauf hingewiesen werden, dass methandrostenolone kann sein, weniger n\u00fctzlich, um die Konkurrenz in aerobic Veranstaltungen als es mindert auch Zellatmung(5). Dies kann hemmen die F\u00e4higkeit eines Individuums f\u00fchren Sie Ihre maximale Kapazit\u00e4t.<\/p>\n<p><b>Bridging mit D-Bol: Ist es m\u00f6glich?<\/b><\/p>\n<p>Eine weit verbreitete Meinung unter einigen in der steroid-Gemeinschaft ist, dass eine kleine Dosis von methandrostenolone k\u00f6nnen verwendet werden, um die &#8222;Br\u00fccke&#8220; zwischen den Zyklen. Dies ist aufgrund der Tatsache, wie oben erl\u00e4utert, 10mg genommen, auf einmal wird steigern Sie Ihre Durchschnittliche Testosteron-Spiegel von f\u00fcnf mal und verringern Sie Ihre endogene cosrtisone von 50-70%. Dies, zusammen mit der kurzen aktiven Lebens der Droge, w\u00fcrde vorschlagen, dass durch Verwendung einer kleinen Dosis, die erste Sache, nach dem aufwachen wird gedacht, durch einige, um zu helfen, um die Probleme zu bek\u00e4mpfen asscociated mit kommenden off von anabolen Steroiden. Durch die zeitgleich die Dosis von methandrostenolone mit der k\u00f6rpereigenen, nat\u00fcrlichen Testosteron-spike nach dem aufwachen, viele Bef\u00fcrworter von &#8222;bridging&#8220; wird vorschlagen, dass der K\u00f6rper irgendwie t\u00e4uschen, zu glauben, dass dieser spike ist nat\u00fcrlich, dass LH-Funktion nur noch teilweise unterdr\u00fcckt, als methandrostenolone hat einen vergleichsweise geringen Einfluss auf die Nat\u00fcrliche endokrine system(6). Die \u00fcbliche empfohlene Dosis f\u00fcr bridging ist in der Regel 10 mg pro Tag.<\/p>\n<p>Trotz der Erscheinungen, diese Theorie hat sehr wenig Beweise, um wieder selbst bis ohne wirkliche wissenschaftliche Beweise, um zu vermuten, dass eine Br\u00fccke ist auch m\u00f6glich, obwohl selbstverst\u00e4ndlich, dass die Mehrheit unserer Arbeits-knowlege kommt durch Versuch und Irrtum. Aber auch die propnents von &#8222;d-bol bridge&#8220; zugeben, dass eine vollst\u00e4ndige Wiederherstellung der LH-Funktion wird nicht erreicht, solange man nicht komplett ausschalten aller verbindungen. Mit dieser sagte, ist es unwahrscheinlich, dass eine &#8222;bridge&#8220; wird helfen, Muskelmasse zu erhalten, w\u00e4hrend Sie in der Lage sind, sich zu erholen, sowohl HPTA-und LH-Funktion. Die einzige L\u00f6sung ist, um zu kommen v\u00f6llig aus-alle Substanzen, und f\u00fchren Sie eine ordnungsgem\u00e4\u00dfe post cycle Therapie.<\/p>\n<p>Methandrostenolone ist eine wirksame steroid sein, aber es muss sich auf ein bestimmtes Ziel wie die meisten verbindungen, die es benutzen, erf\u00fcllt hier nur eine begrenzte Menge der gew\u00fcnschten Effekte. Mit diesem im Verstand, methandrostenolone kann verwendet werden, sicher und effektiv.<br \/>\n<i> Referenzen<br \/>\n1. Metkinen Online-Drug Profile, via internet, befindet sich auf http:\/\/www.metkinen.fi\/products\/ferm&#8230;androstenolone<br \/>\n2. Rea, Autor L., 2002, Chemical Muscle Enhancement: Bodybuilder\u00c3\u00a2\u00e2 &#8218; \u00e2\u201e\u00a2s Desk Reference<br \/>\n3. Llewellyn, William, Anabolika 2004, 2003-4, Molecular Nutrition, S. 93-6<br \/>\n4. Harrison LM, Fennessey PV., Methandrostenolone Metabolismus im Menschen: m\u00f6gliche Probleme im Zusammenhang mit der Isolierung und Identifizierung von Metaboliten, Steroid Biochem 1990 Aug 14;36(5):407-14<br \/>\n5. Blasberg MIR, Langan CJ, Clark DA., Die Wirkung von 17-alpha-methyltestosteron, methandrostenolon, Nandrolon Decanoat auf die Ratte \u00f6strus-Zyklus, Physiol Behav 1997 Feb;61(2)<br \/>\n6. Serakovskii S, Mats&#8217;koviak I., Auswirkungen des methanedienone (methandrostenolone) auf Energie-Prozesse-und Kohlenhydrat-Stoffwechsel in der Leber Ratte Zellen, Farmakol Toksikol 1981 Mar-Apr;44(2):213-7<br \/>\n<\/i><\/p>\n<h3>Weiterlesen<\/h3>\n<p><a href=\"http:\/\/getanabolics.biz\/de\/dianabol-online-auf-getanabolics-biz-kaufen\/\">Kaufen Sie DIANABOL ONLINE auf GETANABOLICS.BIZ<\/a><\/p>\n<p><a href=\"http:\/\/getanabolics.biz\/de\/winstrol-ist-es-und-ist-es\/\">WINSTROL, WAS IST ES UND WOF\u00dcR IST ES?<\/a><\/p>\n<p><a href=\"http:\/\/getanabolics.biz\/de\/cytomel-t3-rezensionen-zu-getanabolics-biz\/\">CYTOMEL T3 BEWERTUNGEN AUF GETANABOLICS.BIZ<\/a><\/p>\n<p><a href=\"http:\/\/getanabolics.biz\/de\/pause-zwischen-steroidkursen-und-pct\/\">PAUSE ZWISCHEN STEROID-KURSE UND PCT<\/a><\/p>\n<p><a href=\"http:\/\/getanabolics.biz\/de\/wie-effektiv-ist-die-steroidbruecke\/\">WIE WIRKSAM IST DIE STEROID-BR\u00dcCKE?<\/a><\/p>\n","protected":false},"excerpt":{"rendered":"<p>Paket: 100 Tabletten, jede enth\u00e4lt 10 mg Methandienone<br \/>Hersteller: Maxtreme<br \/>Marke: Dianabol<br \/>Weithin bekannt: Max-One<\/p>\n","protected":false},"featured_media":521,"comment_status":"open","ping_status":"closed","template":"","meta":[],"product_cat":[118,110],"product_tag":[51],"_links":{"self":[{"href":"https:\/\/getanabolics.biz\/de\/wp-json\/wp\/v2\/product\/933"}],"collection":[{"href":"https:\/\/getanabolics.biz\/de\/wp-json\/wp\/v2\/product"}],"about":[{"href":"https:\/\/getanabolics.biz\/de\/wp-json\/wp\/v2\/types\/product"}],"replies":[{"embeddable":true,"href":"https:\/\/getanabolics.biz\/de\/wp-json\/wp\/v2\/comments?post=933"}],"wp:featuredmedia":[{"embeddable":true,"href":"https:\/\/getanabolics.biz\/de\/wp-json\/wp\/v2\/media\/521"}],"wp:attachment":[{"href":"https:\/\/getanabolics.biz\/de\/wp-json\/wp\/v2\/media?parent=933"}],"wp:term":[{"taxonomy":"product_cat","embeddable":true,"href":"https:\/\/getanabolics.biz\/de\/wp-json\/wp\/v2\/product_cat?post=933"},{"taxonomy":"product_tag","embeddable":true,"href":"https:\/\/getanabolics.biz\/de\/wp-json\/wp\/v2\/product_tag?post=933"}],"curies":[{"name":"wp","href":"https:\/\/api.w.org\/{rel}","templated":true}]}}