{"id":926,"date":"2017-04-27T10:32:35","date_gmt":"2017-04-27T12:09:04","guid":{"rendered":"http:\/\/getanabolics.biz\/product\/anadrol-500-registerkarten-jede-registerkarte-enthalt-50-mg-oxymetholone-kaufen\/"},"modified":"2018-01-19T11:52:15","modified_gmt":"2018-01-19T11:52:15","slug":"anadrol-500-tabs-each-tab-contains-50-mg-oxymetholone","status":"publish","type":"product","link":"https:\/\/getanabolics.biz\/de\/produkt\/anadrol-500-tabs-each-tab-contains-50-mg-oxymetholone\/","title":{"rendered":"Anadrol &#8211; Eminence Labs"},"content":{"rendered":"<h2>Anadrol kaufen &#8211; Eminence Labs (Oxymeprime)<\/h2>\n<p><a title=\"Buy Anadrol at GetAnabolics\"><img src=\"http:\/\/getanabolics.biz\/images\/anadrol-50-100-la.jpg\" width=\"30%\" align=\"right\" \/><\/a><br \/>\nF\u00fcr diejenigen, die sucht, Anadrol und Fragen sich, wo zu kaufen Anadrol von Eminence Labs zur rechtlichen wir bieten Oxymeprime als die <strong>beste Wahl f\u00fcr echte Bodybuilder<\/strong>.<br \/>\nVon nun an eine <strong>gro\u00dfe Vielzahl von injizierbaren Steroide als auch orale Steroide<\/strong> und post-Zyklus-Therapie von Eminence Labs kann gekauft werden <b>GetAnabolics<\/b>. Wir freuen uns, die Einf\u00fchrung der neuen Anadrol von <span style=\"font-weight: bold;\">Eminence Labs<\/span>.<br \/>\n<em>Alle Produkte, die wir zu bieten haben, sind aus authentischen, qualitativ hochwertige verbindungen und haben ein einziges Ziel: Menschen zu helfen, zu gewinnen Muskelmasse, die Allgemeine St\u00e4rke, Fett zu verbrennen und Ihnen helfen, auf dem Weg zu k\u00f6rperlicher Perfektion. Um eine Konstruktive und zivilisierte Verbindung mit unseren Kunden stellen wir maximale Anstrengungen zur Sicherung einer hohen service-Qualit\u00e4t und n\u00e4hert sich jede person, die Adresse zu unserem Online-Shop mit H\u00f6flichkeit und Respekt.<\/em><br \/>\n<em>Den Aufbau und die Erhaltung einer wundersch\u00f6nen K\u00f6rpers erfordert eine Kombination von Methoden. Eine richtige Ern\u00e4hrung kommt zuerst in der Liste der wichtigen Bestandteile die der K\u00f6rper ben\u00f6tigt. Zweitens, stellen Sie sicher, dass Sie immer kaufen und verwenden Sie rechtlichen Steroide online nicht nur zu vermeiden, in Konflikt mit dem Gesetz, aber noch wichtiger ist, zur Vermeidung von gesundheitlichen Komplikationen.<\/em><br \/>\n<span style=\"font-weight: bold;\">GetAnabolics.Biz<\/span> ist die online-steroid Lieferanten speziell erstellt und widmet sich jeder athlet und bodybuilder mit der <strong>besten anabole Steroide zu erm\u00e4\u00dfigten Preisen<\/strong>. Wir haben uns entschieden, zuverl\u00e4ssigsten Marken zusammenarbeiten, um sicherzustellen, sicher, echt und top-notch-Steroide f\u00fcr unsere Kunden.<br \/>\nVersand Steroide sehr sicher ist das Hauptanliegen f\u00fcr die Lieferung von Steroiden weltweit. Unser diskreter Versand garantiert, dass niemand sonst wei\u00df, dass Sie kaufen Sie Steroide online.<\/p>\n<h2>Mehr Anadrol Eminence Labs Informationen<\/h2>\n<p><b>50 tabs jeder tab enth\u00e4lt 50 mg-Oxymetholone<\/b><\/p>\n<blockquote><p><b>Hintergrund<\/b><br \/>\nOxymetholone, bekannt durch seinen Markennamen, Anadrol-50 in den US-Drogenmarkt hat sich zu einem der beliebtesten Freizeit-Steroide Gewichtheben und bodybuilding Gemeinschaften, da es zur Verf\u00fcgung gestellt wurde 1960 von dem Medikament, Firma, Syntex. Zun\u00e4chst, Anadrol-50 verwendet wurde, zur Erh\u00f6hung der Anzahl der roten Blutk\u00f6rperchen bei Patienten mit schweren F\u00e4llen von An\u00e4mie. Jedoch, wie die Forschung in diesem Bereich Fortgeschritten, Fortgeschritten, nicht-steroidale Medikamente, die entwickelt wurden, behandeln das gleiche Thema, ohne dass alle Nebenwirkungen von Anadrol-50. Da diese anderen Medikamente erweisen sich als wirksam auf die Erh\u00f6hung der Produktion der roten Blutk\u00f6rperchen, Syntex Produktion eingestellt und der US-Vertrieb von Anadrol 50 im Jahr 1993, und die drastisch reduzierte ausl\u00e4ndischen Exporte der Droge als gut. Obwohl, das Unternehmen hat weiterhin verkauft das Medikament in einer ausgew\u00e4hlten Anzahl von internationalen M\u00e4rkten, unter ein paar verschiedenen Markennamen.<\/p><\/blockquote>\n<p><em><a href=\"http:\/\/getanabolics.biz\/de\/produkt\/anadrol-100-tabs-each-tab-contains-50-mg-oxymetholone\/\">Anadrol<\/a>-50 gemacht, ein Wiederaufleben in den sp\u00e4ten 1990er Jahren, nach Studien \u00fcber die Behandlung von HIV und AIDS zeigten, dass oxymetholone und seine anti-verschwenden Eigenschaften verwendet werden k\u00f6nnten, sicher in der HIV-und AIDS-Therapie-Ans\u00e4tze. 1998 <strong>Anadrol<\/strong>-50 machte seine R\u00fcckkehr auf den US-Drogenmarkt und Sie weiterhin heute.<\/em><\/p>\n<p><b>Funktion und Einsatz<\/b><br \/>\n<strong>Anadrol<\/strong>-50 ist anerkannt in der bodybuilding-Gemeinschaft als eines der effektivsten Steroide auf dem Markt. Leider, zusammen mit sein sehr wirksam, es kann auch sehr gef\u00e4hrlich. Anadrol-50, wenn verwendet, als ein steroid, kann erwartet werden, f\u00fcgen Sie 20-30 Pfund Muskelmasse innerhalb eines kurzen Zeitraums von sechs Wochen. Dies wird vorausgesetzt, der Anwender folgt die empfohlene t\u00e4gliche Zufuhr von 50mg auf 100mg pro Tag.<\/p>\n<p><em>Die prim\u00e4re Funktion von Anadrol 50, und, wie es bezieht sich auf bodybuilding, ist das erh\u00f6hte Niveau der roten Blutk\u00f6rperchen produziert von der Droge. Eine h\u00f6here red blood cell-Konzentration bedeutet, dass mehr Blut transportieren den Sauerstoff durch deine Adern flie\u00dft, was wiederum steigert Ihre Allgemeine Ausdauer und Leistung w\u00e4hrend des Trainings. Anadrol ist bekannt f\u00fcr verursacht eine Menge von Wassereinlagerungen, die in der Regel aufgef\u00fchrt als Nebenwirkung, kann aber auch Vorteile. Rund um die Durchf\u00fchrung von mehr Wasser, bietet ein wenig mehr Kissen und die Elastizit\u00e4t der Muskeln, Gelenke, und kann lindern einige der Belastung aus einem intensiven Training und helfen, Verletzungen zu vermeiden.<\/em><\/p>\n<p><b>Wie der Zyklus Anadrol-50<\/b><br \/>\n<strong>Seit Anadrol 50 ist so potent, erste Zeit Benutzer sollten sehr vorsichtig sein, wenn das hinzuf\u00fcgen dieses Medikament zu Ihrer t\u00e4glichen routine. Die Dosierung Aufschl\u00fcsselung sieht wie folgt aus: 0,5 bis 0,8 mg pro Kilogramm K\u00f6rpergewicht, was \u00fcbersetzt etwa 50 mg bis 200 mg pro Tag. Es wird empfohlen, die erste Zeit Benutzer beginnen m\u00e4\u00dfig durch den Verzehr einer 50mg-Tablette pro Tag auf den ersten, w\u00e4hrend sich der K\u00f6rper an die Wirkung von Steroiden. Wenn Sie mehr als eine Tablette pro Tag, es ist smart-to-space Ihre Dosen aus, anstatt beide Dosen auf einmal. Denken Sie daran, Zyklen von Anadrol sollte sechs Wochen nicht \u00fcberschreiten.<\/strong><\/p>\n<p><strong>Sie k\u00f6nnen stapeln von Anadrol<\/strong> mit anderen Steroiden, die Sie einnehmen k\u00f6nnte, wie <a href=\"http:\/\/getanabolics.biz\/de\/produkt\/deca-100-10x1ml-ampoules-each-has-100-mg-total-1000-mg-nandrolone-decaonate\/\">Deca-Durabolin<\/a> oder Testosteron. Diese Methode erh\u00f6ht die Masse und die Masse noch mehr als die Verwendung von Anadrol allein. Stapeln ist nur f\u00fcr erfahrene Anwender und sollte mit viel Sorgfalt. R\u00fccksichtslose Verwendung mehrerer Steroide k\u00f6nnen extrem negative Auswirkungen auf den K\u00f6rper.<\/p>\n<p><b>Nebenwirkungen und Risiken<\/b><br \/>\nAnadrol 50 ist so effektiv, Benutzer k\u00f6nnten versucht sein, erh\u00f6hen Sie Ihre Dosis oder Verl\u00e4ngerung des Zyklus, aber es sollte erw\u00e4hnt werden, dass zu viel Steroide wie Anadrol kann tats\u00e4chlich dazu f\u00fchren, einige ernsthafte Sch\u00e4den an Ihren Muskeln. <a href=\"http:\/\/getanabolics.biz\/de\/alles-sie-ueber-anadrol-wissen\/\">Dies ist weniger eine Nebenwirkung<\/a> als vielmehr eine Warnung, aber es muss ber\u00fccksichtigt werden, durch Dritte unter Verwendung Anadrol zum hinzuf\u00fcgen von Muskelmasse. W\u00e4hrend die Idee zu gewinnen, schnell, viel und schnell erstellen k\u00f6nnen eine un\u00fcberschaubare Menge von stress auf Ihre Muskeln, f\u00fchrt bisweilen rei\u00dfen der Bizeps oder Brust-Gewebe. Diese Art der Verletzung ist am h\u00e4ufigsten festgestellt bei Menschen mit schweren Dosen von ein androgen wie Anadrol.<\/p>\n<p><strong>zus\u00e4tzlich zur Erh\u00f6hung Ihrer chance,<\/strong> die schweren Verletzungen, Anadrol-50 kann auch dazu f\u00fchren, Nebenwirkungen im Zusammenhang mit erh\u00f6hte \u00f6strogen in Ihrem system. Diese Nebenwirkungen geh\u00f6ren in Erster Linie die Anwesenheit von Brustgewebe und kann ein ernstes problem f\u00fcr Menschen, die empfindlich auf \u00f6strogen. Andere Nebenwirkungen sind schwere Leber-Sch\u00e4den, die durch die Verfassung von Anadrol, Stimmungsschwankungen und Bluthochdruck. Die Entscheidung, Anadrol sollte nicht leichtfertig getroffen werden. Sie m\u00fcssen verstehen, dass, zusammen mit erh\u00f6hter Muskelmasse kommt eine lange Liste von m\u00f6glichen (und sehr schweren) Nebenwirkungen. Leber rptoectors wie Mariendistel, ALA und Liv52 sind ein muss, wenn Sie Anadrol.<\/p>\n<p><strong>Das Problem von Wassereinlagerungen schon besprochen wurde,<\/strong> aber es ist an der Zeit zu erw\u00e4hnen, die negativen Aspekte der Gewinnung von zu viel Wasser Gewicht. Wassereinlagerungen schafft eine abgerundete, \u00fcberladen Aussehen, das ist sehr Auff\u00e4llig und manchmal unattraktiv. Es gibt keinen Weg, um zu verhindern Wassereinlagerungen bei der Einnahme Steroide wie Anadrol 50. Es ist eine Nebenwirkung, die Sie haben mit zu kommen, um die Masse, die Sie wollen. Dieses Gewicht ist nicht dauerhaft und gehen Weg, sobald Sie die Einnahme von Anadrol.<\/p>\n<p><b>Zusammenfassung<\/b><br \/>\n<span style=\"text-decoration: underline;\">Anadrol ist oft gelobt von Bodybuildern f\u00fcr seine F\u00e4higkeit zum hinzuf\u00fcgen von Muskelmasse sehr schnell, und die Tatsache, dass es ein orales steroid ist sehr beliebt unter den Veteranen und Neulinge gleicherma\u00dfen. W\u00e4hrend diese gelten als positive Faktoren, die im Zusammenhang mit Anadrol, denken Sie daran, es gibt auch einige negative Faktoren, wie gut. Wenn Sie wollen, kaufen Anadrol online als einen Weg, auf Falte Ihre bulk-und nehmen Sie Ihre K\u00f6rper-Geb\u00e4ude-Spiel auf die n\u00e4chste Ebene, m\u00fcssen Sie dies in der sichersten Weise m\u00f6glich, sonst werden Sie am Ende tun mehr Schaden als gut.<\/span><\/p>\n<p>Anadrol zum Verkauf.<\/p>\n<h3>Weiterlesen<\/h3>\n<p><a href=\"http:\/\/getanabolics.biz\/de\/grosse-ergebnisse-aus-dem-besten-trenbolon-acetat\/\">GROSSE ERGEBNISSE AUS DEM BESTEN TRENBOLONACETAT<\/a><\/p>\n<p><a href=\"http:\/\/getanabolics.biz\/de\/alles-sie-ueber-anadrol-wissen\/\">ALLES, WAS SIE \u00dcBER ANADROL WISSEN M\u00dcSSEN<\/a><\/p>\n<p><a href=\"http:\/\/getanabolics.biz\/de\/die-wirkung-von-steroiden-auf-die-menschliche-haut\/\">Die Wirkung von Steroiden auf die menschliche Haut<\/a><\/p>\n<p><a href=\"http:\/\/getanabolics.biz\/de\/sammeln-sie-eine-trockene-masse-ohne-nebenwirkungen\/\">EINE TROCKENMASSE OHNE NEBENWIRKUNGEN AUFNEHMEN<\/a><\/p>\n<p><a href=\"http:\/\/getanabolics.biz\/de\/sollte-die-dauer-des-steroid-kurses-sein\/\">Was sollte die Dauer des STEROIDS-Kurses sein?<\/a><\/p>\n","protected":false},"excerpt":{"rendered":"<p>Paket: 500 Registerkarten jede Registerkarte enth\u00e4lt 50 mg-Oxymetholone<br \/>Hersteller: Eminence Labs<br \/>Marke: Anadrol<br \/>Weithin bekannt: Oxymeprime<\/p>\n","protected":false},"featured_media":479,"comment_status":"open","ping_status":"closed","template":"","meta":[],"product_cat":[118,110],"product_tag":[53],"_links":{"self":[{"href":"https:\/\/getanabolics.biz\/de\/wp-json\/wp\/v2\/product\/926"}],"collection":[{"href":"https:\/\/getanabolics.biz\/de\/wp-json\/wp\/v2\/product"}],"about":[{"href":"https:\/\/getanabolics.biz\/de\/wp-json\/wp\/v2\/types\/product"}],"replies":[{"embeddable":true,"href":"https:\/\/getanabolics.biz\/de\/wp-json\/wp\/v2\/comments?post=926"}],"wp:featuredmedia":[{"embeddable":true,"href":"https:\/\/getanabolics.biz\/de\/wp-json\/wp\/v2\/media\/479"}],"wp:attachment":[{"href":"https:\/\/getanabolics.biz\/de\/wp-json\/wp\/v2\/media?parent=926"}],"wp:term":[{"taxonomy":"product_cat","embeddable":true,"href":"https:\/\/getanabolics.biz\/de\/wp-json\/wp\/v2\/product_cat?post=926"},{"taxonomy":"product_tag","embeddable":true,"href":"https:\/\/getanabolics.biz\/de\/wp-json\/wp\/v2\/product_tag?post=926"}],"curies":[{"name":"wp","href":"https:\/\/api.w.org\/{rel}","templated":true}]}}