{"id":32350818,"date":"2017-11-30T07:12:10","date_gmt":"2017-11-30T07:12:10","guid":{"rendered":"http:\/\/getanabolics.biz\/product\/force-mass-cycle\/"},"modified":"2018-01-21T18:16:53","modified_gmt":"2018-01-21T18:16:53","slug":"force-mass-cycle","status":"publish","type":"product","link":"https:\/\/getanabolics.biz\/de\/produkt\/force-mass-cycle\/","title":{"rendered":"Force Mass Cycle"},"content":{"rendered":"<p>Steroid-Zyklen bezieht sich auf den Zeitraum anabole Steroide verwendet werden. Diese Zeit ist oft bezeichnet als <strong>&#8222;-Zyklus.&#8220;<\/strong> Wenn Steroide nicht verwendet werden, dies bezeichnet man als <strong>&#8222;Off-Zyklus.&#8220;<\/strong> F\u00fcr die auf-cycle-phase, gibt es unz\u00e4hlige Optionen und Pakete. &#8222;Stacks&#8220; beziehen sich auf die Kombination von anabolen Steroiden sowie nicht-steroidale Elemente verwendet, w\u00e4hrend der am Zyklus-phase. Mit Hunderten von anabolen Steroiden, unterschiedliche Peptid-Hormone, SERM &#8217;s, AI&#8216; s, die Hormone der Schilddr\u00fcse und vieles mehr, es gibt wirklich unz\u00e4hlige m\u00f6glich-stacks. Die Optionen sind so zahlreich, jeder Stapel und radeln Sie verpflichten sich, es k\u00f6nnte ganz anders sein. Jedoch, die meisten steroid Benutzer werden vertraut mit bestimmten Stapel; Sie werden entdecken, bestimmte Kombinationen, die die besten Ergebnisse erzielen, und das werden Sie bleiben, mit diesen Pl\u00e4nen.<\/p>\n<p>Fortgeschrittene anabole steroid Benutzer sind die oberste Stufe von erfahrenen Anwendern, und es wird offenbar davon ausgegangen, dass zu diesem Zeitpunkt das anabole steroid Benutzer erhalten hat, genug Erfahrung gesammelt und genug wissen, um davon ausgehen, den status eines fortgeschrittenen Nutzer. Advanced steroid-stacks mit vielen der erweiterten level-verbindungen (wie z.B. <a href=\"http:\/\/getanabolics.biz\/de\/produkt\/anadrol-50-tabs-each-tab-contains-50-mg-oxymetholone\/\">Anadrol <\/a>und <a href=\"http:\/\/getanabolics.biz\/de\/produkt\/trenbolone-acetate-10-amps-each-1-ampoule-has-100mg-trenbolone-acetate\/\">Trenbolone<\/a>)aber dies ist nicht zu sagen, dass fortgeschrittene anabole steroid-Zyklen kann auch sein das der basic <strong>Testosteron nur Zyklus-Protokoll.<\/strong> Das wurde zuvor bereits angerissen, wobei es wurde deutlich gemacht, dass Anf\u00e4nger und fortgeschrittene anabole steroid Benutzer sind nicht beschr\u00e4nkt auf die Verwendung von sehr harten Substanzen, die extrem hohen Dosen, oder auch komplexe Zyklus-stacks. Oft sind die Mehrheit der fortgeschrittene Benutzer wird entscheiden, um f\u00fchren Sie die grundlegenden versucht, Vertrauensw\u00fcrdige und wahre Methoden der Testosteron-nur Zyklen, oder sehr einfache anabole steroid-Zyklen. Dies ist in der Regel sehr \u00fcberraschen Anf\u00e4nger, da sehr oft Anf\u00e4nger (und potenziellen anabole steroid Benutzer) besitzen ein fehlerhaftes Verst\u00e4ndnis von dem, was es ist, um eine erweiterte anabole steroid Benutzer.<\/p>\n<p>Unabh\u00e4ngig von der Stapel-oder der Zyklus in dem Sie ausgef\u00fchrt werden, gibt es Allgemeine Regeln und \u00fcberlegungen spielt, die helfen, Sie sicher zu halten. Zum Beispiel, die prim\u00e4re Regel eines jeden Zyklus ist, dass es irgendeine form von Testosteron. Die form von Testosteron, ist nicht von Belang. Das einzige, was z\u00e4hlt, ist, dass der K\u00f6rper genug von dieser wesentlichen hormone, um richtig zu funktionieren.<\/p>\n<p>&nbsp;<\/p>\n<table border=\"1\" width=\"65%\" cellpadding=\"2\" bgcolor=\"#fefefe\">\n<tbody>\n<tr>\n<td align=\"center\" width=\"60\">Woche<br \/>\nZyklus<\/td>\n<td align=\"center\" bgcolor=\"#FF9999\"><span style=\"font-family: verdana; font-size: small;\">Winstrol Depot Alpha Pharma<br \/>\n10mg tab<\/span><\/td>\n<td align=\"center\" bgcolor=\"#99CCFF\"><span style=\"font-family: verdana; font-size: small;\">Deca 250 Alpha Pharma<br \/>\n250mg\/ml<br \/>\n<\/span><\/td>\n<td align=\"center\" bgcolor=\"#99FFCC\"><span style=\"font-family: verdana; font-size: small;\">Clomid &#8211; Alpha pharma<br \/>\n5mg tab<\/span><\/td>\n<\/tr>\n<tr>\n<td align=\"center\" width=\"60\"><span style=\"font-family: verdana; font-size: small;\"><b>1<\/b><\/span><\/td>\n<td bgcolor=\"#FF9999\">2 Tabletten\/Tag<\/td>\n<td bgcolor=\"#99CCFF\"><span style=\"font-family: verdana; font-size: small;\">250mg\/Woche<\/span><\/td>\n<td><\/td>\n<\/tr>\n<tr>\n<td align=\"center\" width=\"60\"><span style=\"font-family: verdana; font-size: small;\"><b>2<\/b><\/span><\/td>\n<td bgcolor=\"#FF9999\">3 tabs\/Tag<\/td>\n<td bgcolor=\"#99CCFF\">250mg\/Woche<\/td>\n<td><\/td>\n<\/tr>\n<tr>\n<td align=\"center\" width=\"60\"><span style=\"font-family: verdana; font-size: small;\"><b>3<\/b><\/span><\/td>\n<td bgcolor=\"#FF9999\">3 tabs\/Tag<\/td>\n<td bgcolor=\"#99CCFF\">250mg\/Woche<\/td>\n<td><\/td>\n<\/tr>\n<tr>\n<td align=\"center\" width=\"60\"><span style=\"font-family: verdana; font-size: small;\"><b>4<\/b><\/span><\/td>\n<td bgcolor=\"#FF9999\">3 tabs\/Tag<\/td>\n<td bgcolor=\"#99CCFF\">250mg\/Woche<\/td>\n<td><\/td>\n<\/tr>\n<tr>\n<td align=\"center\" width=\"60\"><span style=\"font-family: verdana; font-size: small;\"><b>5<\/b><\/span><\/td>\n<td bgcolor=\"#FF9999\">3 tabs\/Tag<\/td>\n<td bgcolor=\"#99CCFF\">250mg\/Woche<\/td>\n<td><\/td>\n<\/tr>\n<tr>\n<td align=\"center\" width=\"60\"><span style=\"font-family: verdana; font-size: small;\"><b>6<\/b><\/span><\/td>\n<td><\/td>\n<td><\/td>\n<td bgcolor=\"#99FFCC\">2 Tabletten\/Tag<\/td>\n<\/tr>\n<tr>\n<td align=\"center\" width=\"60\"><span style=\"font-family: verdana; font-size: small;\"><b>7<\/b><\/span><\/td>\n<td><\/td>\n<td><\/td>\n<td bgcolor=\"#99FFCC\">1 tabs\/Tag<\/td>\n<\/tr>\n<\/tbody>\n<\/table>\n<p>&nbsp;<\/p>\n<p>100 Tabletten Winstrol Depot Alpha Pharma<br \/>\n2500mg Deca 250 Alpha Pharma<br \/>\n20 Tabletten Clomid &#8211; Alpha pharma<\/p>\n<p><a href=\"http:\/\/getanabolics.biz\/de\/produkt\/deca-250-box-mit-10-ampullen-von-1-ml-250mg-ml-insgesamt-2500mg-nandrolon-decaonate-kaufen\/\">Deca<\/a> und die <a href=\"http:\/\/getanabolics.biz\/de\/produkt\/winstrol-tabs-10-kaufen-sie-winstrol-tabletten-50-tabletten-jede-enthalt-10-mg-stanozolol-kaufen\/\">Winstrol <\/a>&#8211; sind unter den popul\u00e4rsten und wirkungsvollsten Medikamente in Deutschland. Sie sind akzeptiert als erfahrene Athleten und Bodybuilder und Anf\u00e4nger. Zur Verbesserung der Wirkung von Steroiden, die viele es vorziehen zu kombinieren Drogen. Also, wenn die erzielten Ergebnisse sind nicht genug, dann den parallelen Empfang von mehr als einer steroid (auf dem Golfplatz) &#8211; Testosteron cypionate in einer Dosierung von 100 mg ist erlaubt. alle drei Tage.<\/p>\n<p><strong>Kraft-Masse-Zyklus<\/strong> nat\u00fcrlich liefert ausgezeichnete Ergebnisse in Muskel Masse gewinnen, sowie die Verbesserung der Kraft und ausdauerleistungsf\u00e4higkeit des Sportlers. Als die decanostanol bezeugt, kombinierte Verwendung dieser Medikamente f\u00fchrt nicht zu unangenehmen Nebenwirkungen. Es gibt auch keine negativen Auswirkungen auf die Athleten Leber.<\/p>\n<p>Die Erh\u00f6hung der Muskelmasse, ist auf dem Kurs, es kann bis zu sieben Kilogramm. Zur gleichen Zeit, das &#8222;deck&#8220; ist wirksam f\u00fcr die Gewichtszunahme, und die Wirkung von stanozolol ist auf die Verbesserung der Kraft Indikatoren, die Beseitigung von \u00fcbersch\u00fcssiger Fl\u00fcssigkeit aus dem Gewebe und der Erh\u00f6hung der H\u00e4rte der Muskeln. <strong>Die Kraft-Masse-Zyklus<\/strong> der Kurs ist geeignet f\u00fcr Sportler mit verschiedenen Ebenen der Ausbildung.<\/p>\n<p>Der Begriff <strong>Steroid-Zyklen<\/strong> bezieht sich auf die regelm\u00e4\u00dfige Verwendung von anabole\/Androgene Steroide (AAS), in der Regel f\u00fcr Muskel-Geb\u00e4ude Zwecke. AAS sind nicht medizinisch zugelassen und zu f\u00f6rdern, \u00fcberm\u00e4\u00dfiger Muskelmasse (bodybuilding) oder verbessern die sportliche Leistung. Abgesehen von fr\u00fchen Experimenten auf Athleten, die von einer Handvoll von Sport-\u00e4rzten, eine umfassende Bem\u00fchungen zur Untersuchung der K\u00f6rper &#8211; und leistungssteigernde Eigenschaften dieser Medikamente, insbesondere mit Blick auf die Entwicklung von Strategien f\u00fcr die Verwendung zur Maximierung der Vorteile und Minimierung der Nebenwirkungen, wurde nicht durchgef\u00fchrt, die von der medizinischen Gemeinschaft. Weil dieses, unerlaubte Nutzer wurden Links, um die Entwicklung Ihrer eigenen Protokolle f\u00fcr die Verwaltung dieser Medikamente. Das Ergebnis ist eine Vielzahl unterschiedlicher Ans\u00e4tze f\u00fcr die Verwendung dieser Wirkstoffe, einige sicherer oder effektiver sind als andere. W\u00e4hrend es nicht m\u00f6glich sein w\u00fcrde, eine umfassende Auswertung aller bekannten Ans\u00e4tze werden in diesem Abschnitt besprechen einige der am meisten grundlegende und bew\u00e4hrte Methoden f\u00fcr die Verwendung von AAS.<\/p>\n<p><span id=\"result_box\" class=\"short_text\" lang=\"de\"><span class=\"\">mit Diesem Zyklus k\u00f6nnen Sie kaufen auf <a href=\"http:\/\/getanabolics.biz\">getanabolics.biz<\/a><\/span><\/span><\/p>\n<h3>Weiterlesen<\/h3>\n<p><a href=\"http:\/\/getanabolics.biz\/de\/deca-durabolin-nebenwirkungen\/\">DECA DURABOLIN NEBENWIRKUNGEN<\/a><\/p>\n<p><a href=\"http:\/\/getanabolics.biz\/de\/alles-ueber-proviron-mesterolone\/\">ALLES \u00dcBER PROVIRON (MESTEROLON)<\/a><\/p>\n<p><a href=\"http:\/\/getanabolics.biz\/de\/sollte-die-dauer-des-steroid-kurses-sein\/\">Was sollte die Dauer des STEROIDS-Kurses sein?<\/a><\/p>\n<p><a href=\"http:\/\/getanabolics.biz\/de\/kreatin-auf-einem-kurs-von-steroiden\/\">Kreatin auf einem Kurs von Steroiden<\/a><\/p>\n<p><a href=\"http:\/\/getanabolics.biz\/de\/crossfit-und-steroide\/\">CROSSFIT UND STEROIDE<\/a><\/p>\n","protected":false},"excerpt":{"rendered":"<p>100 tabs&nbsp;<a href=\"http:\/\/getanabolics.biz\/de\/produkt\/winstrol-tabs-10-kaufen-sie-winstrol-tabletten-50-tabletten-jede-enthalt-10-mg-stanozolol-kaufen\/\" data-mce-href=\"http:\/\/getanabolics.biz\/de\/produkt\/winstrol-tabs-10-kaufen-sie-winstrol-tabletten-50-tabletten-jede-enthalt-10-mg-stanozolol-kaufen\/\">Winstrol &#8211; Alpha Pharma<\/a><br \/> 2500mg&nbsp;<a href=\"http:\/\/getanabolics.biz\/de\/produkt\/deca-250-box-mit-10-ampullen-von-1-ml-250mg-ml-insgesamt-2500mg-nandrolon-decaonate-kaufen\/\" data-mce-href=\"http:\/\/getanabolics.biz\/de\/produkt\/deca-250-box-mit-10-ampullen-von-1-ml-250mg-ml-insgesamt-2500mg-nandrolon-decaonate-kaufen\/\">Deca 250&nbsp;&#8211; Alpha Pharma<\/a><br \/> 20&nbsp;tabs&nbsp;<a href=\"http:\/\/getanabolics.biz\/de\/produkt\/clomid-10-tabletten-enthalt-50-mg-clomifen-citrat-kaufen\/\" data-mce-href=\"http:\/\/getanabolics.biz\/de\/produkt\/clomid-10-tabletten-enthalt-50-mg-clomifen-citrat-kaufen\/\">Clomid&nbsp;&#8211; Alpha pharma<\/a><\/p>\n","protected":false},"featured_media":32350813,"comment_status":"closed","ping_status":"closed","template":"","meta":[],"product_cat":[476],"product_tag":[54,486,494,541,493],"_links":{"self":[{"href":"https:\/\/getanabolics.biz\/de\/wp-json\/wp\/v2\/product\/32350818"}],"collection":[{"href":"https:\/\/getanabolics.biz\/de\/wp-json\/wp\/v2\/product"}],"about":[{"href":"https:\/\/getanabolics.biz\/de\/wp-json\/wp\/v2\/types\/product"}],"replies":[{"embeddable":true,"href":"https:\/\/getanabolics.biz\/de\/wp-json\/wp\/v2\/comments?post=32350818"}],"wp:featuredmedia":[{"embeddable":true,"href":"https:\/\/getanabolics.biz\/de\/wp-json\/wp\/v2\/media\/32350813"}],"wp:attachment":[{"href":"https:\/\/getanabolics.biz\/de\/wp-json\/wp\/v2\/media?parent=32350818"}],"wp:term":[{"taxonomy":"product_cat","embeddable":true,"href":"https:\/\/getanabolics.biz\/de\/wp-json\/wp\/v2\/product_cat?post=32350818"},{"taxonomy":"product_tag","embeddable":true,"href":"https:\/\/getanabolics.biz\/de\/wp-json\/wp\/v2\/product_tag?post=32350818"}],"curies":[{"name":"wp","href":"https:\/\/api.w.org\/{rel}","templated":true}]}}