{"id":32350806,"date":"2017-11-29T20:47:10","date_gmt":"2017-11-29T20:47:10","guid":{"rendered":"http:\/\/getanabolics.biz\/product\/strength-muscle-cycle\/"},"modified":"2018-01-21T18:25:46","modified_gmt":"2018-01-21T18:25:46","slug":"strength-muscle-cycle","status":"publish","type":"product","link":"https:\/\/getanabolics.biz\/de\/produkt\/strength-muscle-cycle\/","title":{"rendered":"Strength &#038; Muscle Cycle"},"content":{"rendered":"<p>Steroid-Zyklen bezieht sich auf den Zeitraum anabole Steroide verwendet werden. Diese Zeit ist oft bezeichnet als <strong>&#8222;-Zyklus.&#8220;<\/strong> Wenn Steroide nicht verwendet werden, dies bezeichnet man als <strong>&#8222;Off-Zyklus.&#8220;<\/strong> F\u00fcr die auf-cycle-phase, gibt es unz\u00e4hlige Optionen und Pakete. &#8222;Stacks&#8220; beziehen sich auf die Kombination von anabolen Steroiden sowie nicht-steroidale Elemente verwendet, w\u00e4hrend der am Zyklus-phase. Mit Hunderten von anabolen Steroiden, unterschiedliche Peptid-Hormone, SERM &#8217;s, AI&#8216; s, die Hormone der Schilddr\u00fcse und vieles mehr, es gibt wirklich unz\u00e4hlige m\u00f6glich-stacks. Die Optionen sind so zahlreich, jeder Stapel und radeln Sie verpflichten sich, es k\u00f6nnte ganz anders sein. Jedoch, die meisten steroid Benutzer werden vertraut mit bestimmten Stapel; Sie werden entdecken, bestimmte Kombinationen, die die besten Ergebnisse erzielen, und das werden Sie bleiben, mit diesen Pl\u00e4nen.<\/p>\n<p>Fortgeschrittene anabole steroid Benutzer sind die oberste Stufe von erfahrenen Anwendern, und es wird offenbar davon ausgegangen, dass zu diesem Zeitpunkt das anabole steroid Benutzer erhalten hat, genug Erfahrung gesammelt und genug wissen, um davon ausgehen, den status eines fortgeschrittenen Nutzer. Advanced steroid-stacks mit vielen der erweiterten level-verbindungen, aber dieses ist nicht, zu sagen, dass fortgeschrittene anabole steroid-Zyklen kann auch sein das der basic <strong>Testosteron nur Zyklus-Protokoll.<\/strong> Das wurde zuvor bereits angerissen, wobei es wurde deutlich gemacht, dass Anf\u00e4nger und fortgeschrittene anabole steroid Benutzer sind nicht beschr\u00e4nkt auf die Verwendung von sehr harten Substanzen, die extrem hohen Dosen, oder auch komplexe Zyklus-stacks. Oft sind die Mehrheit der fortgeschrittene Benutzer wird entscheiden, um f\u00fchren Sie die grundlegenden versucht, Vertrauensw\u00fcrdige und wahre Methoden der Testosteron-nur Zyklen, oder sehr einfache anabole steroid-Zyklen. Dies ist in der Regel sehr \u00fcberraschen Anf\u00e4nger, da sehr oft Anf\u00e4nger (und potenziellen anabole steroid Benutzer) besitzen ein fehlerhaftes Verst\u00e4ndnis von dem, was es ist, um eine erweiterte anabole steroid Benutzer.<\/p>\n<p>Unabh\u00e4ngig von der Stapel-oder der Zyklus in dem Sie ausgef\u00fchrt werden, gibt es Allgemeine Regeln und \u00fcberlegungen spielt, die helfen, Sie sicher zu halten. Zum Beispiel, die prim\u00e4re Regel eines jeden Zyklus ist, dass es irgendeine form von Testosteron. Die form von Testosteron, ist nicht von Belang. Das einzige, was z\u00e4hlt, ist, dass der K\u00f6rper genug von dieser wesentlichen hormone, um richtig zu funktionieren.<\/p>\n<p>&nbsp;<\/p>\n<table style=\"height: 418px;\" border=\"1\" width=\"796\" cellpadding=\"2\" bgcolor=\"#fefefe\">\n<tbody>\n<tr>\n<td align=\"center\" width=\"60\">Woche<br \/>\nZyklus<\/td>\n<td align=\"center\" bgcolor=\"#FF9999\">Danabol &#8211; Alpha Pharma<br \/>\n10mg Registerkarte<\/td>\n<td align=\"center\" bgcolor=\"#99CCFF\"><span style=\"font-family: verdana; font-size: small;\">Deca 250 Alpha Pharma<br \/>\n250mg\/ml<\/span><\/td>\n<td align=\"center\" bgcolor=\"#FFFFCC\"><span style=\"font-family: verdana; font-size: small;\">Sustanon-250 Alpha Pharma<br \/>\n250mg\/ml<br \/>\n<\/span><\/td>\n<td align=\"center\" bgcolor=\"#99FFCC\"><span style=\"font-family: verdana; font-size: small;\">Proviron &#8211; Bayer\/Shering<br \/>\n25mg tab<\/span><\/td>\n<\/tr>\n<tr>\n<td align=\"center\" width=\"60\"><span style=\"font-family: verdana; font-size: small;\"><b>1<\/b><\/span><\/td>\n<td bgcolor=\"#FF9999\"><span style=\"font-family: verdana; font-size: small;\">2 Tabletten\/Tag<\/span><\/td>\n<td bgcolor=\"#99CCFF\">250mg\/ml<\/td>\n<td bgcolor=\"#FFFFCC\">250mg\/ml<\/td>\n<td><\/td>\n<\/tr>\n<tr>\n<td align=\"center\" width=\"60\"><span style=\"font-family: verdana; font-size: small;\"><b>2<\/b><\/span><\/td>\n<td bgcolor=\"#FF9999\">3 tabs\/Tag<\/td>\n<td bgcolor=\"#99CCFF\">250mg\/ml<\/td>\n<td bgcolor=\"#FFFFCC\">250mg\/ml<\/td>\n<td bgcolor=\"#99FFCC\"><span style=\"font-family: verdana; font-size: small;\">1 tab\/Tag<\/span><\/td>\n<\/tr>\n<tr>\n<td align=\"center\" width=\"60\"><span style=\"font-family: verdana; font-size: small;\"><b>3<\/b><\/span><\/td>\n<td bgcolor=\"#FF9999\">3 tabs\/Tag<\/td>\n<td bgcolor=\"#99CCFF\">250mg\/ml<\/td>\n<td bgcolor=\"#FFFFCC\">250mg\/ml<\/td>\n<td bgcolor=\"#99FFCC\"><span style=\"font-family: verdana; font-size: small;\">1 tab\/Tag<\/span><\/td>\n<\/tr>\n<tr>\n<td align=\"center\" width=\"60\"><span style=\"font-family: verdana; font-size: small;\"><b>4<\/b><\/span><\/td>\n<td bgcolor=\"#FF9999\">3 tabs\/Tag<\/td>\n<td bgcolor=\"#99CCFF\">250mg\/ml<\/td>\n<td bgcolor=\"#FFFFCC\">250mg\/ml<\/td>\n<td bgcolor=\"#99FFCC\"><span style=\"font-family: verdana; font-size: small;\">1 tab\/Tag<\/span><\/td>\n<\/tr>\n<tr>\n<td align=\"center\" width=\"60\"><span style=\"font-family: verdana; font-size: small;\"><b>5<\/b><\/span><\/td>\n<td bgcolor=\"#FF9999\">3 tabs\/Tag<\/td>\n<td bgcolor=\"#99CCFF\">250mg\/ml<\/td>\n<td bgcolor=\"#FFFFCC\">250mg\/ml<\/td>\n<td><\/td>\n<\/tr>\n<\/tbody>\n<\/table>\n<p>&nbsp;<\/p>\n<p>500 Tabletten Danabol &#8211; Alpha Pharma<br \/>\n2500 mg Deca 250 Alpha Pharma<br \/>\n2500 mg Sustanon-250 Alpha Pharma<br \/>\n50 tabs Proviron &#8211; Bayer\/Shering<\/p>\n<p>Der Verlauf der <a href=\"http:\/\/getanabolics.biz\/de\/produkt\/danabol-500-tabletten-jede-tablette-enthalt-10-mg-methandienone-kaufen\/\">Danabol <\/a>+ <a href=\"http:\/\/getanabolics.biz\/de\/produkt\/deca-250-box-mit-10-ampullen-von-1-ml-250mg-ml-insgesamt-2500mg-nandrolon-decaonate-kaufen\/\">Deca <\/a>+ <a href=\"http:\/\/getanabolics.biz\/de\/produkt\/sustanon-250-1-box-of-10-ampoules-each-1-amp-contains-250-mg-testosterone-esters\/\">Sustanon-250<\/a> ist der Schl\u00fcssel zum Erfolg bei der Rekrutierung eine gro\u00dfe Muskelmasse und viel Kraft. Dieses steroid ist nat\u00fcrlich in der Lage zu helfen, der athlet im Wachstum von Kraft und Masse auf einem sehr hohen Niveau. Es ist w\u00fcnschenswert, dass der athlet w\u00fcrde einen solchen Kurs nicht zum ersten mal. Und mit der Erfahrung in der Weitergabe solcher Kurse mit schw\u00e4cheren Steroide. Methan und decan (Nandrolon Decanoat) sind Steroide f\u00fcr das Wachstum des K\u00f6rpergewichts des Athleten in Ihnen ist von sehr starken und schnellen anabole Aktivit\u00e4t. <a href=\"http:\/\/getanabolics.biz\/de\/produkt\/sustanon-250-1-box-of-10-ampoules-each-1-amp-contains-250-mg-testosterone-esters\/\">Sustanon-250<\/a> ist eine Androgene steroid Testosteron, die sehr schnell und stark erh\u00f6ht die St\u00e4rke und Gewicht des Sportlers. Alle drei Steroide in diesem Kurs zugeschrieben werden kann, um die m\u00e4chtigsten Drogen. Und mit Ihnen auf einem Kurs sollte sehr kontrolliert und vern\u00fcnftig, ohne dass eine \u00fcberschreitung der Dosierung. Nat\u00fcrlich nach der Therapie in form von <a href=\"http:\/\/getanabolics.biz\/de\/produkt\/proviron-buy-proviron-50-tabs-each-tab-25mg-mesterolone\/\">Proviron <\/a>sollte obligatorisch sein. Dieses orale Medikament kann sparen Sie von vielen Nebenwirkungen der starken Steroide und machen Sie Ihre Muskeln viel dichter und h\u00e4rter.<\/p>\n<p>Als steroid-Zyklen beziehen sich auf die Zeit, in der wir eigentlich sind, die Erg\u00e4nzung mit Anabolika, die offensichtliche Frage ist, was ist der akzeptable Zeitrahmen? Was ist das minimum f\u00fcr positive Gewinne und was ist die maximale H\u00f6he der Zeit in Bezug auf die Sicherheit? Dies kann eine schwierige Frage zu beantworten, aber wieder einmal gibt es Richtlinien, die Ihnen helfen, sicher bleiben. Unabh\u00e4ngig von der steroid-Zyklen, die Sie umsetzen, egal wie basic oder fortgeschrittene, Ihr plan ist, gehen zu m\u00fcssen, zu verl\u00e4ngern, f\u00fcr einen angemessenen Betrag der Zeit. Der menschliche K\u00f6rper mag es nicht \u00e4ndern; sogar wenn eine solche \u00e4nderung ist in Ihrem besten Interesse, es zu k\u00e4mpfen und alles tun, um zu bleiben in seiner gewohnt normal. Wir m\u00fcssen gen\u00fcgend Zeit f\u00fcr das &#8222;normale&#8220; zu \u00e4ndern; wir m\u00fcssen ein neues set normal, wenn wir h\u00e4ngen Sie auf eines der Gewinne. Jedoch selbst wenn dies geschehen ist, wenn Sie off-cycle-f\u00fcr einen l\u00e4ngeren Zeitraum wirst du verlieren einen Teil der Gewinne aus; ohne die hohen Zustrom von Hormonen zur Unterst\u00fctzung der Gewinne, die Sie gemacht werden Sie nicht ewig dauern. Gewinne, die durch die Nutzung der Hormone, dies ist kein fake Muskelmasse oder Kraft, es ist so real wie alle anderen Gewinne, die gemacht werden k\u00f6nnen. Wenn Sie machen Gewinne in St\u00e4rke und Gr\u00f6\u00dfe, Sie werden unterst\u00fctzt durch die N\u00e4hrstoffe, die Sie verbrauchen. Weg nehmen die N\u00e4hrstoffe und das support-system f\u00e4llt auseinander. Hormone sind auch wichtig, vielleicht so wichtig wie Nahrung. Zusammen mit den N\u00e4hrstoffen, die Hormone in Ihrem K\u00f6rper unterst\u00fctzen Sie Ihre Gr\u00f6\u00dfe und St\u00e4rke, ob nat\u00fcrlich vorkommende oder exogen zur Verf\u00fcgung gestellt. Nehmen Sie die Hormone Weg, und Sie wieder entfernt haben, ein support-system.<\/p>\n<h3>Weiterlesen<\/h3>\n<p><a href=\"http:\/\/getanabolics.biz\/de\/alles-ueber-proviron-mesterolone\/\">ALLES \u00dcBER PROVIRON (MESTEROLON)<\/a><\/p>\n<p><a href=\"http:\/\/getanabolics.biz\/de\/kaufen-sie-clomid-online-auf-getanabolics-biz\/\">Kaufen Sie CLOMID ONLINE auf GETANABOLICS.BIZ<\/a><\/p>\n<p><a href=\"http:\/\/getanabolics.biz\/de\/kreatin-auf-einem-kurs-von-steroiden\/\">Kreatin auf einem Kurs von Steroiden<\/a><\/p>\n<p><a href=\"http:\/\/getanabolics.biz\/de\/sammeln-sie-eine-trockene-masse-ohne-nebenwirkungen\/\">EINE TROCKENMASSE OHNE NEBENWIRKUNGEN AUFNEHMEN<\/a><\/p>\n<p><a href=\"http:\/\/getanabolics.biz\/de\/sollte-die-dauer-des-steroid-kurses-sein\/\">Was sollte die Dauer des STEROIDS-Kurses sein?<\/a><\/p>\n","protected":false},"excerpt":{"rendered":"<p>500 tabs\u00a0<a href=\"http:\/\/getanabolics.biz\/de\/produkt\/danabol-500-tabletten-jede-tablette-enthalt-10-mg-methandienone-kaufen\/\">Danabol &#8211; Alpha Pharma<\/a><br \/>\n2500 mg\u00a0<a href=\"http:\/\/getanabolics.biz\/de\/produkt\/deca-250-box-mit-10-ampullen-von-1-ml-250mg-ml-insgesamt-2500mg-nandrolon-decaonate-kaufen\/\">Deca\u00a0250 &#8211; Alpha Pharma<\/a><br \/>\n2500 mg\u00a0<a href=\"http:\/\/getanabolics.biz\/de\/produkt\/sustanon-250-1-box-of-10-ampoules-each-1-amp-contains-250-mg-testosterone-esters\/\">Sustanon-250 &#8211;\u00a0Alpha Pharma<\/a><br \/>\n50\u00a0tabs\u00a0<a href=\"http:\/\/getanabolics.biz\/de\/produkt\/proviron-buy-proviron-50-tabs-each-tab-25mg-mesterolone\/\">Proviron &#8211; Bayer\/Shering<\/a><\/p>\n","protected":false},"featured_media":32350801,"comment_status":"closed","ping_status":"closed","template":"","meta":[],"product_cat":[476],"product_tag":[54,486,494,541,528],"_links":{"self":[{"href":"https:\/\/getanabolics.biz\/de\/wp-json\/wp\/v2\/product\/32350806"}],"collection":[{"href":"https:\/\/getanabolics.biz\/de\/wp-json\/wp\/v2\/product"}],"about":[{"href":"https:\/\/getanabolics.biz\/de\/wp-json\/wp\/v2\/types\/product"}],"replies":[{"embeddable":true,"href":"https:\/\/getanabolics.biz\/de\/wp-json\/wp\/v2\/comments?post=32350806"}],"wp:featuredmedia":[{"embeddable":true,"href":"https:\/\/getanabolics.biz\/de\/wp-json\/wp\/v2\/media\/32350801"}],"wp:attachment":[{"href":"https:\/\/getanabolics.biz\/de\/wp-json\/wp\/v2\/media?parent=32350806"}],"wp:term":[{"taxonomy":"product_cat","embeddable":true,"href":"https:\/\/getanabolics.biz\/de\/wp-json\/wp\/v2\/product_cat?post=32350806"},{"taxonomy":"product_tag","embeddable":true,"href":"https:\/\/getanabolics.biz\/de\/wp-json\/wp\/v2\/product_tag?post=32350806"}],"curies":[{"name":"wp","href":"https:\/\/api.w.org\/{rel}","templated":true}]}}