{"id":32350793,"date":"2017-11-29T15:10:07","date_gmt":"2017-11-29T15:10:07","guid":{"rendered":"http:\/\/getanabolics.biz\/product\/beginners-drying-cycle\/"},"modified":"2018-01-21T18:31:54","modified_gmt":"2018-01-21T18:31:54","slug":"beginners-drying-cycle","status":"publish","type":"product","link":"https:\/\/getanabolics.biz\/de\/produkt\/beginners-drying-cycle\/","title":{"rendered":"Beginners Drying Cycle"},"content":{"rendered":"<p>Steroid-Zyklen bezieht sich auf den Zeitraum anabole Steroide verwendet werden. Diese Zeit ist oft bezeichnet als <strong>&#8222;-Zyklus.&#8220;<\/strong> Wenn Steroide nicht verwendet werden, dies bezeichnet man als <strong>&#8222;Off-Zyklus.&#8220;<\/strong> F\u00fcr die auf-cycle-phase, gibt es unz\u00e4hlige Optionen und Pakete. &#8222;Stacks&#8220; beziehen sich auf die Kombination von anabolen Steroiden sowie nicht-steroidale Elemente verwendet, w\u00e4hrend der am Zyklus-phase. Mit Hunderten von anabolen Steroiden, unterschiedliche Peptid-Hormone, SERM &#8217;s, AI&#8216; s, die Hormone der Schilddr\u00fcse und vieles mehr, es gibt wirklich unz\u00e4hlige m\u00f6glich-stacks. Die Optionen sind so zahlreich, jeder Stapel und radeln Sie verpflichten sich, es k\u00f6nnte ganz anders sein. Jedoch, die meisten steroid Benutzer werden vertraut mit bestimmten Stapel; Sie werden entdecken, bestimmte Kombinationen, die die besten Ergebnisse erzielen, und das werden Sie bleiben, mit diesen Pl\u00e4nen.<\/p>\n<p>Fortgeschrittene anabole steroid Benutzer sind die oberste Stufe von erfahrenen Anwendern, und es wird offenbar davon ausgegangen, dass zu diesem Zeitpunkt das anabole steroid Benutzer erhalten hat, genug Erfahrung gesammelt und genug wissen, um davon ausgehen, den status eines fortgeschrittenen Nutzer. Advanced steroid-stacks mit vielen der erweiterten level-verbindungen, aber dieses ist nicht, zu sagen, dass fortgeschrittene anabole steroid-Zyklen kann auch sein das der basic <strong>Testosteron nur Zyklus-Protokoll.<\/strong> Das wurde zuvor bereits angerissen, wobei es wurde deutlich gemacht, dass Anf\u00e4nger und fortgeschrittene anabole steroid Benutzer sind nicht beschr\u00e4nkt auf die Verwendung von sehr harten Substanzen, die extrem hohen Dosen, oder auch komplexe Zyklus-stacks. Oft sind die Mehrheit der fortgeschrittene Benutzer wird entscheiden, um f\u00fchren Sie die grundlegenden versucht, Vertrauensw\u00fcrdige und wahre Methoden der Testosteron-nur Zyklen, oder sehr einfache anabole steroid-Zyklen. Dies ist in der Regel sehr \u00fcberraschen Anf\u00e4nger, da sehr oft Anf\u00e4nger (und potenziellen anabole steroid Benutzer) besitzen ein fehlerhaftes Verst\u00e4ndnis von dem, was es ist, um eine erweiterte anabole steroid Benutzer.<\/p>\n<p>Unabh\u00e4ngig von der Stapel-oder der Zyklus in dem Sie ausgef\u00fchrt werden, gibt es Allgemeine Regeln und \u00fcberlegungen spielt, die helfen, Sie sicher zu halten. Zum Beispiel, die prim\u00e4re Regel eines jeden Zyklus ist, dass es irgendeine form von Testosteron. Die form von Testosteron, ist nicht von Belang. Das einzige, was z\u00e4hlt, ist, dass der K\u00f6rper genug von dieser wesentlichen hormone, um richtig zu funktionieren.<\/p>\n<table style=\"height: 384px;\" border=\"1\" width=\"909\" cellpadding=\"2\" bgcolor=\"#fefefe\">\n<tbody>\n<tr>\n<td align=\"center\" width=\"60\">Woche<br \/>\nZyklus<\/td>\n<td align=\"center\" bgcolor=\"#FF9999\"><span style=\"font-family: verdana; font-size: small;\">Testosteron Cypionate 250 Alpha pharma<br \/>\n250mg\/ml<\/span><\/td>\n<td align=\"center\" bgcolor=\"#99CCFF\"><span style=\"font-family: verdana; font-size: small;\">Winstrol Depot Alpha pharma<br \/>\n10mg tab<br \/>\n<\/span><\/td>\n<td align=\"center\" bgcolor=\"#FFFFCC\"><span style=\"font-family: verdana; font-size: small;\">Arimidex &#8211; Alpha Pharma<br \/>\n1mg tab<\/span><\/td>\n<td align=\"center\" bgcolor=\"#99FFCC\"><span style=\"font-family: verdana; font-size: small;\">Nolvadex &#8211; Maxtreme<br \/>\n20mg tab<\/span><\/td>\n<\/tr>\n<tr>\n<td align=\"center\" width=\"60\"><span style=\"font-family: verdana; font-size: small;\"><b>1<\/b><\/span><\/td>\n<td bgcolor=\"#FF9999\">350mg\/Woche<\/td>\n<td bgcolor=\"#99CCFF\"><span style=\"font-family: verdana; font-size: small;\">30mg\/Woche<\/span><\/td>\n<td><\/td>\n<td><\/td>\n<\/tr>\n<tr>\n<td align=\"center\" width=\"60\"><span style=\"font-family: verdana; font-size: small;\"><b>2<\/b><\/span><\/td>\n<td bgcolor=\"#FF9999\">350mg\/Woche<\/td>\n<td bgcolor=\"#99CCFF\"><span style=\"font-family: verdana; font-size: small;\">40mg\/Woche<\/span><\/td>\n<td><\/td>\n<td><\/td>\n<\/tr>\n<tr>\n<td align=\"center\" width=\"60\"><span style=\"font-family: verdana; font-size: small;\"><b>3<\/b><\/span><\/td>\n<td bgcolor=\"#FF9999\">350mg\/Woche<\/td>\n<td bgcolor=\"#99CCFF\">50mg\/Woche)<\/td>\n<td bgcolor=\"#FFFFCC\">2 mg\/Woche)<\/td>\n<td><\/td>\n<\/tr>\n<tr>\n<td align=\"center\" width=\"60\"><span style=\"font-family: verdana; font-size: small;\"><b>4<\/b><\/span><\/td>\n<td bgcolor=\"#FF9999\">350mg\/Woche<\/td>\n<td bgcolor=\"#99CCFF\">50mg\/Woche)<\/td>\n<td bgcolor=\"#FFFFCC\">2 mg\/Woche)<\/td>\n<td><\/td>\n<\/tr>\n<tr>\n<td align=\"center\" width=\"60\"><span style=\"font-family: verdana; font-size: small;\"><b>5<\/b><\/span><\/td>\n<td bgcolor=\"#FF9999\">350mg\/Woche<\/td>\n<td bgcolor=\"#99CCFF\">50mg\/Woche)<\/td>\n<td bgcolor=\"#FFFFCC\">2 mg\/Woche)<\/td>\n<td><\/td>\n<\/tr>\n<tr>\n<td align=\"center\" width=\"60\"><span style=\"font-family: verdana; font-size: small;\"><b>6<\/b><\/span><\/td>\n<td bgcolor=\"#FF9999\">350mg\/Woche<\/td>\n<td bgcolor=\"#99CCFF\">50mg\/Woche)<\/td>\n<td bgcolor=\"#FFFFCC\">2 mg\/Woche)<\/td>\n<td><\/td>\n<\/tr>\n<tr>\n<td align=\"center\" width=\"60\"><span style=\"font-family: verdana; font-size: small;\"><b>7<\/b><\/span><\/td>\n<td><\/td>\n<td><\/td>\n<td><\/td>\n<td><\/td>\n<\/tr>\n<tr>\n<td align=\"center\" width=\"60\"><span style=\"font-family: verdana; font-size: small;\"><b>8<\/b><\/span><\/td>\n<td><\/td>\n<td><\/td>\n<td><\/td>\n<td bgcolor=\"#99FFCC\">20 mg\/Woche)<\/td>\n<\/tr>\n<tr>\n<td align=\"center\" width=\"60\"><span style=\"font-family: verdana; font-size: small;\"><b>9<\/b><\/span><\/td>\n<td><\/td>\n<td><\/td>\n<td><\/td>\n<td bgcolor=\"#99FFCC\">20 mg\/Woche)<\/td>\n<\/tr>\n<\/tbody>\n<\/table>\n<p>&nbsp;<\/p>\n<p><b>Gesamt:<\/b><br \/>\n2500mg Testosteron Cypionate 250 Alpha pharma<br \/>\n50 tabs Winstrol Depot Alpha pharma<br \/>\n30 Tabletten Arimidex &#8211; Alpha Pharma<br \/>\n100 Tabletten Nolvadex &#8211; Maxtreme<\/p>\n<p>&nbsp;<\/p>\n<h2>Rezeption des Medikaments.<\/h2>\n<p>Diese Medikamente werden verwendet, gleichm\u00e4\u00dfig \u00fcber den Kurs, die im Durchschnitt etwa 6 Wochen. <a href=\"http:\/\/getanabolics.biz\/de\/produkt\/testosterone-cyp-250-1-box-of-10-ampoules-each-1-ampoule-contains-250-mg-testosterone-cypionate\/\">Testosteron Cypionate<\/a> hat eine geringere Dosierung im Vergleich zu den gesamten Verlauf bei der ersten und letzten Woche des Kurses. Aber wenn die minimale Dosierung nicht verf\u00fcgbar ist, nehmen Sie 100 mg, da keine erheblichen negativen Konsequenzen daraus entstehen.<\/p>\n<p>Es wird empfohlen, Medikamente nehmen, abwechselnd wiederum, dass zuerst eine Injektion von Testosteron an einem Tag, und am n\u00e4chsten Tag &#8211; Winstrol. Wenn es bequemer f\u00fcr Sie zu nehmen beide Medikamente an einem Tag Los, um das nachfolgende, von der Anwendung, dann gibt es nichts zu bef\u00fcrchten, und wird dies nicht bringen, die unerw\u00fcnschten Folgen.<\/p>\n<h2>PCT.<\/h2>\n<p>Nach Absolvierung des Kurses <a href=\"http:\/\/getanabolics.biz\/de\/produkt\/testosterone-cyp-250-1-box-of-10-ampoules-each-1-ampoule-contains-250-mg-testosterone-cypionate\/\">Testosteron Cypionate<\/a> + <a href=\"http:\/\/getanabolics.biz\/de\/produkt\/winstrol-tabs-10-kaufen-sie-winstrol-tabletten-50-tabletten-jede-enthalt-10-mg-stanozolol-kaufen\/\">Winstrol <\/a>m\u00fcssen gehalten werden nach dem Kurs der Therapie, die ist wichtig und zwingend, auch nach der Verabschiedung der einfachste Kurse von Steroiden.<br \/>\nDie meisten empfohlen, im Verlauf von PCT ist, eine Droge zu nehmen, wie <a href=\"http:\/\/getanabolics.biz\/de\/produkt\/nolvadex-100-tabs-each-tab-contains-20mg-tamoxifen-citrate\/\">Nolvadex <\/a>bei 20 mg pro Tag.<br \/>\nIn der letzten Woche nach dem Kurs der Therapie, die Dosierung Ihres Medikaments vermindert <a href=\"http:\/\/getanabolics.biz\/de\/produkt\/nolvadex-100-tabs-each-tab-contains-20mg-tamoxifen-citrate\/\">Nolvadex <\/a>zu 10 mg pro Tag.<\/p>\n<p>Der Begriff <strong>Steroid-Zyklen<\/strong> bezieht sich auf die regelm\u00e4\u00dfige Verwendung von anabole\/Androgene Steroide (AAS), in der Regel f\u00fcr Muskel-Geb\u00e4ude Zwecke. AAS sind nicht medizinisch zugelassen und zu f\u00f6rdern, \u00fcberm\u00e4\u00dfiger Muskelmasse (bodybuilding) oder verbessern die sportliche Leistung. Abgesehen von fr\u00fchen Experimenten auf Athleten, die von einer Handvoll von Sport-\u00e4rzten, eine umfassende Bem\u00fchungen zur Untersuchung der K\u00f6rper &#8211; und leistungssteigernde Eigenschaften dieser Medikamente, insbesondere mit Blick auf die Entwicklung von Strategien f\u00fcr die Verwendung zur Maximierung der Vorteile und Minimierung der Nebenwirkungen, wurde nicht durchgef\u00fchrt, die von der medizinischen Gemeinschaft. Weil dieses, unerlaubte Nutzer wurden Links, um die Entwicklung Ihrer eigenen Protokolle f\u00fcr die Verwaltung dieser Medikamente. Das Ergebnis ist eine Vielzahl unterschiedlicher Ans\u00e4tze f\u00fcr die Verwendung dieser Wirkstoffe, einige sicherer oder effektiver sind als andere. W\u00e4hrend es nicht m\u00f6glich sein w\u00fcrde, eine umfassende Auswertung aller bekannten Ans\u00e4tze werden in diesem Abschnitt besprechen einige der am meisten grundlegende und bew\u00e4hrte Methoden f\u00fcr die Verwendung von AAS.<\/p>\n<p><span id=\"result_box\" class=\"short_text\" lang=\"de\"><span class=\"\">mit Diesem Zyklus k\u00f6nnen Sie kaufen auf <a href=\"http:\/\/getanabolics.biz\">getanabolics.biz<\/a><\/span><\/span><\/p>\n<h3>Weiterlesen<\/h3>\n<p><a href=\"http:\/\/getanabolics.biz\/de\/kaufen-sie-clomid-online-auf-getanabolics-biz\/\">Kaufen Sie CLOMID ONLINE auf GETANABOLICS.BIZ<\/a><\/p>\n<p><a href=\"http:\/\/getanabolics.biz\/de\/wachstumshormon-hgh-die-wichtigsten-fakten\/\">Wachstumshormon HGH &#8211; die wichtigsten Fakten<\/a><\/p>\n<p><a href=\"http:\/\/getanabolics.biz\/de\/merkmale-von-kurzen-kursen-von-steroiden\/\">EIGENSCHAFTEN DER KURZEN STEROIDKURSE<\/a><\/p>\n<p><a href=\"http:\/\/getanabolics.biz\/de\/pause-zwischen-steroidkursen-und-pct\/\">PAUSE ZWISCHEN STEROID-KURSE UND PCT<\/a><\/p>\n<p><a href=\"http:\/\/getanabolics.biz\/de\/wie-effektiv-ist-die-steroidbruecke\/\">WIE WIRKSAM IST DIE STEROID-BR\u00dcCKE?<\/a><\/p>\n","protected":false},"excerpt":{"rendered":"<p>2500mg\u00a0<a href=\"http:\/\/getanabolics.biz\/de\/produkt\/testosterone-cyp-250-1-box-of-10-ampoules-each-1-ampoule-contains-250-mg-testosterone-cypionate\/\">Testosterone Cypionate 250 &#8211; Alpha pharma<\/a><br \/>\n50\u00a0tabs\u00a0<a href=\"http:\/\/getanabolics.biz\/de\/produkt\/winstrol-tabs-10-kaufen-sie-winstrol-tabletten-50-tabletten-jede-enthalt-10-mg-stanozolol-kaufen\/\">Winstrol &#8211; Alpha pharma<\/a><br \/>\n30\u00a0tabs\u00a0<a href=\"http:\/\/getanabolics.biz\/de\/produkt\/arimidex-30-tabletten-jede-enthalt-1-mg-anastrozol-kaufen\/\">Arimidex &#8211; Alpha Pharma<\/a><br \/>\n100\u00a0tabs\u00a0<a href=\"http:\/\/getanabolics.biz\/de\/produkt\/nolvadex-100-tabs-each-tab-contains-20mg-tamoxifen-citrate\/\">Nolvadex &#8211; Maxtreme<\/a><\/p>\n","protected":false},"featured_media":32350788,"comment_status":"closed","ping_status":"closed","template":"","meta":[],"product_cat":[476],"product_tag":[54,478,567,477],"_links":{"self":[{"href":"https:\/\/getanabolics.biz\/de\/wp-json\/wp\/v2\/product\/32350793"}],"collection":[{"href":"https:\/\/getanabolics.biz\/de\/wp-json\/wp\/v2\/product"}],"about":[{"href":"https:\/\/getanabolics.biz\/de\/wp-json\/wp\/v2\/types\/product"}],"replies":[{"embeddable":true,"href":"https:\/\/getanabolics.biz\/de\/wp-json\/wp\/v2\/comments?post=32350793"}],"wp:featuredmedia":[{"embeddable":true,"href":"https:\/\/getanabolics.biz\/de\/wp-json\/wp\/v2\/media\/32350788"}],"wp:attachment":[{"href":"https:\/\/getanabolics.biz\/de\/wp-json\/wp\/v2\/media?parent=32350793"}],"wp:term":[{"taxonomy":"product_cat","embeddable":true,"href":"https:\/\/getanabolics.biz\/de\/wp-json\/wp\/v2\/product_cat?post=32350793"},{"taxonomy":"product_tag","embeddable":true,"href":"https:\/\/getanabolics.biz\/de\/wp-json\/wp\/v2\/product_tag?post=32350793"}],"curies":[{"name":"wp","href":"https:\/\/api.w.org\/{rel}","templated":true}]}}