{"id":32350781,"date":"2017-11-29T12:43:43","date_gmt":"2017-11-29T12:43:43","guid":{"rendered":"http:\/\/getanabolics.biz\/product\/top-power-cycle\/"},"modified":"2018-01-21T18:38:41","modified_gmt":"2018-01-21T18:38:41","slug":"anfanger-top-power-cycle","status":"publish","type":"product","link":"https:\/\/getanabolics.biz\/de\/produkt\/anfanger-top-power-cycle\/","title":{"rendered":"Anf\u00e4nger Top Power Cycle"},"content":{"rendered":"<p>Steroid-Zyklen bezieht sich auf den Zeitraum anabole Steroide verwendet werden. Diese Zeit ist oft bezeichnet als <strong>&#8222;-Zyklus.&#8220;<\/strong> Wenn Steroide nicht verwendet werden, dies bezeichnet man als <strong>&#8222;Off-Zyklus.&#8220;<\/strong> F\u00fcr die auf-cycle-phase, gibt es unz\u00e4hlige Optionen und Pakete. &#8222;Stacks&#8220; beziehen sich auf die Kombination von anabolen Steroiden sowie nicht-steroidale Elemente verwendet, w\u00e4hrend der am Zyklus-phase. Mit Hunderten von anabolen Steroiden, unterschiedliche Peptid-Hormone, SERM &#8217;s, AI&#8216; s, die Hormone der Schilddr\u00fcse und vieles mehr, es gibt wirklich unz\u00e4hlige m\u00f6glich-stacks. Die Optionen sind so zahlreich, jeder Stapel und radeln Sie verpflichten sich, es k\u00f6nnte ganz anders sein. Jedoch, die meisten steroid Benutzer werden vertraut mit bestimmten Stapel; Sie werden entdecken, bestimmte Kombinationen, die die besten Ergebnisse erzielen, und das werden Sie bleiben, mit diesen Pl\u00e4nen.<\/p>\n<p>Fortgeschrittene anabole steroid Benutzer sind die oberste Stufe von erfahrenen Anwendern, und es wird offenbar davon ausgegangen, dass zu diesem Zeitpunkt das anabole steroid Benutzer erhalten hat, genug Erfahrung gesammelt und genug wissen, um davon ausgehen, den status eines fortgeschrittenen Nutzer. Advanced steroid-stacks mit vielen der erweiterten level-verbindungen (wie z.B. <a href=\"http:\/\/getanabolics.biz\/de\/produkt\/anadrol-50-tabs-each-tab-contains-50-mg-oxymetholone\/\">Anadrol <\/a>und <a href=\"http:\/\/getanabolics.biz\/de\/produkt\/trenbolone-acetate-10-amps-each-1-ampoule-has-100mg-trenbolone-acetate\/\">Trenbolone<\/a>)aber dies ist nicht zu sagen, dass fortgeschrittene anabole steroid-Zyklen kann auch sein das der basic <strong>Testosteron nur Zyklus-Protokoll.<\/strong> Das wurde zuvor bereits angerissen, wobei es wurde deutlich gemacht, dass Anf\u00e4nger und fortgeschrittene anabole steroid Benutzer sind nicht beschr\u00e4nkt auf die Verwendung von sehr harten Substanzen, die extrem hohen Dosen, oder auch komplexe Zyklus-stacks. Oft sind die Mehrheit der fortgeschrittene Benutzer wird entscheiden, um f\u00fchren Sie die grundlegenden versucht, Vertrauensw\u00fcrdige und wahre Methoden der Testosteron-nur Zyklen, oder sehr einfache anabole steroid-Zyklen. Dies ist in der Regel sehr \u00fcberraschen Anf\u00e4nger, da sehr oft Anf\u00e4nger (und potenziellen anabole steroid Benutzer) besitzen ein fehlerhaftes Verst\u00e4ndnis von dem, was es ist, um eine erweiterte anabole steroid Benutzer.<\/p>\n<p>Unabh\u00e4ngig von der Stapel-oder der Zyklus in dem Sie ausgef\u00fchrt werden, gibt es Allgemeine Regeln und \u00fcberlegungen spielt, die helfen, Sie sicher zu halten. Zum Beispiel, die prim\u00e4re Regel eines jeden Zyklus ist, dass es irgendeine form von Testosteron. Die form von Testosteron, ist nicht von Belang. Das einzige, was z\u00e4hlt, ist, dass der K\u00f6rper genug von dieser wesentlichen hormone, um richtig zu funktionieren.<\/p>\n<p>&nbsp;<\/p>\n<table border=\"1\" width=\"65%\" cellpadding=\"2\" bgcolor=\"#fefefe\">\n<tbody>\n<tr>\n<td align=\"center\" width=\"60\">Woche<br \/>\nZyklus<\/td>\n<td align=\"center\" bgcolor=\"#FF9999\"><span style=\"font-family: verdana; font-size: small;\">Testosteron-Enant. 250 Alpha Pharma<br \/>\n250mg\/ml<\/span><\/td>\n<td align=\"center\" bgcolor=\"#99CCFF\"><span style=\"font-family: verdana; font-size: small;\">Danabol &#8211; Alpha Pharma<br \/>\n10mg tab<br \/>\n<\/span><\/td>\n<td align=\"center\" bgcolor=\"#99FFCC\"><span style=\"font-family: verdana; font-size: small;\">Nolvadex &#8211; Alpha pharma<br \/>\n20mg tab<\/span><\/td>\n<\/tr>\n<tr>\n<td align=\"center\" width=\"60\"><span style=\"font-family: verdana; font-size: small;\"><b>1<\/b><\/span><\/td>\n<td bgcolor=\"#FF9999\">250mg\/Woche<\/td>\n<td bgcolor=\"#99CCFF\"><span style=\"font-family: verdana; font-size: small;\">30mg\/Tag<\/span><\/td>\n<td><\/td>\n<\/tr>\n<tr>\n<td align=\"center\" width=\"60\"><span style=\"font-family: verdana; font-size: small;\"><b>2<\/b><\/span><\/td>\n<td bgcolor=\"#FF9999\">250mg\/Woche<\/td>\n<td bgcolor=\"#99CCFF\">30mg\/Tag<\/td>\n<td><\/td>\n<\/tr>\n<tr>\n<td align=\"center\" width=\"60\"><span style=\"font-family: verdana; font-size: small;\"><b>3<\/b><\/span><\/td>\n<td bgcolor=\"#FF9999\">250mg\/Woche<\/td>\n<td bgcolor=\"#99CCFF\">30mg\/Tag<\/td>\n<td><\/td>\n<\/tr>\n<tr>\n<td align=\"center\" width=\"60\"><span style=\"font-family: verdana; font-size: small;\"><b>4<\/b><\/span><\/td>\n<td bgcolor=\"#FF9999\">250mg\/Woche<\/td>\n<td bgcolor=\"#99CCFF\">30mg\/Tag<\/td>\n<td><\/td>\n<\/tr>\n<tr>\n<td align=\"center\" width=\"60\"><span style=\"font-family: verdana; font-size: small;\"><b>5<\/b><\/span><\/td>\n<td bgcolor=\"#FF9999\">250mg\/Woche<\/td>\n<td bgcolor=\"#99CCFF\">30mg\/Tag<\/td>\n<td><\/td>\n<\/tr>\n<tr>\n<td align=\"center\" width=\"60\"><span style=\"font-family: verdana; font-size: small;\"><b>6<\/b><\/span><\/td>\n<td bgcolor=\"#FF9999\">250mg\/Woche<\/td>\n<td bgcolor=\"#99CCFF\">30mg\/Tag<\/td>\n<td><\/td>\n<\/tr>\n<tr>\n<td align=\"center\" width=\"60\"><span style=\"font-family: verdana; font-size: small;\"><b>7<\/b><\/span><\/td>\n<td bgcolor=\"#FF9999\">250mg\/Woche<\/td>\n<td bgcolor=\"#99CCFF\">30mg\/Tag<\/td>\n<td><\/td>\n<\/tr>\n<tr>\n<td align=\"center\" width=\"60\"><span style=\"font-family: verdana; font-size: small;\"><b>8<\/b><\/span><\/td>\n<td bgcolor=\"#FF9999\">250mg\/Woche<\/td>\n<td bgcolor=\"#99CCFF\">30mg\/Tag<\/td>\n<td><\/td>\n<\/tr>\n<tr>\n<td align=\"center\" width=\"60\"><span style=\"font-family: verdana; font-size: small;\"><b>9<\/b><\/span><\/td>\n<td><\/td>\n<td bgcolor=\"#99CCFF\">30mg\/Tag<\/td>\n<td><\/td>\n<\/tr>\n<tr>\n<td align=\"center\" width=\"60\"><span style=\"font-family: verdana; font-size: small;\"><b>10<\/b><\/span><\/td>\n<td><\/td>\n<td><\/td>\n<td bgcolor=\"#99FFCC\">20mg\/Tag<\/td>\n<\/tr>\n<tr>\n<td align=\"center\" width=\"60\"><span style=\"font-family: verdana; font-size: small;\"><b>11<\/b><\/span><\/td>\n<td><\/td>\n<td><\/td>\n<td bgcolor=\"#99FFCC\">20mg\/Tag<\/td>\n<\/tr>\n<tr>\n<td align=\"center\" width=\"60\"><span style=\"font-family: verdana; font-size: small;\"><b>12<\/b><\/span><\/td>\n<td><\/td>\n<td><\/td>\n<td bgcolor=\"#99FFCC\">20mg\/Tag<\/td>\n<\/tr>\n<\/tbody>\n<\/table>\n<p>&nbsp;<\/p>\n<p><b>Gesamt:<\/b><br \/>\n2500 mg Testosteron-Enant. 250 Alpha Pharma<br \/>\n500 Tabletten Danabol &#8211; Alpha Pharma<br \/>\n50 Tabletten Nolvadex &#8211; Alpha pharma<\/p>\n<p>&nbsp;<\/p>\n<p>Dieser Kurs ist eine hervorragende Kombination der beiden Medikamente. <a href=\"http:\/\/getanabolics.biz\/de\/produkt\/testosterone-enant-250-10-ml-vial-each-1-ml-contains-250-mg-testosterone-enanthate\/\">Testosteron Enanthate<\/a> ist eine injizierbare steroid mit androgener Wirkung. <a href=\"http:\/\/getanabolics.biz\/de\/produkt\/danabol-500-tabletten-jede-tablette-enthalt-10-mg-methandienone-kaufen\/\">Danabol <\/a>wirkt als eine orale Steroide, die Wirksamkeit, die eine starke anabole Aktivit\u00e4t. Durch den kombinierten Einsatz dieser Medikamente, die Muskelmasse und die k\u00f6rperliche Kraft gesteigert werden kann in einem kurzen Uhrzeit.<\/p>\n<h3>Effizienz.<\/h3>\n<p>Enanthate ist einer der st\u00e4rksten Testosteron. Es f\u00f6rdert die retention von Fl\u00fcssigkeit in den Muskel-Fasern, zusammen mit dem protein-retention und die erforderlichen Elemente tragen zu einer Zunahme in der Masse des Muskelgewebes. Es hilft zu s\u00e4ttigen Ihre Muskeln mit Blut und Sauerstoff. Zus\u00e4tzlich zur Erh\u00f6hung der Lautst\u00e4rke von Muskelmasse, so wirkt sich k\u00f6rperliche St\u00e4rke und Ausdauer w\u00e4hrend des Trainings.<\/p>\n<h3>der Rezeption.<\/h3>\n<p>Die Dauer dieses Kurses betr\u00e4gt 8 Wochen. <a href=\"http:\/\/getanabolics.biz\/de\/produkt\/testosterone-enant-250-10-ml-vial-each-1-ml-contains-250-mg-testosterone-enanthate\/\">Testosteron Enanthate<\/a> wird empfohlen, 250 mg. in der Woche, 500 mg (250 2 mal in der Woche) kann verwendet werden, von den Athleten, deren Gewicht mehr als 75 kg. <a href=\"http:\/\/getanabolics.biz\/de\/produkt\/danabol-500-tabletten-jede-tablette-enthalt-10-mg-methandienone-kaufen\/\">Danabol <\/a>genommen werden sollten, 10 mg 3-mal t\u00e4glich f\u00fcr 9 Wochen. Danabol ist es empfehlenswert, vor der Einnahme von Nahrung, so wird es besser absorbiert werden.<br \/>\nAuch nach Absolvierung des Kurses, PTC ist erforderlich, es wird empfohlen, <a href=\"http:\/\/getanabolics.biz\/de\/produkt\/nolvadex-50-registerkarten-jede-registerkarte-enthalt-20mg-tamoxifen-citrate-kaufen\/\">Nolvadex<\/a> nach 9 Wochen des Kurses 20 mg jeden morgen f\u00fcr 3 Wochen.<\/p>\n<p>Der Begriff <strong>Steroid-Zyklen<\/strong> bezieht sich auf die regelm\u00e4\u00dfige Verwendung von anabole\/Androgene Steroide (AAS), in der Regel f\u00fcr Muskel-Geb\u00e4ude Zwecke. AAS sind nicht medizinisch zugelassen und zu f\u00f6rdern, \u00fcberm\u00e4\u00dfiger Muskelmasse (bodybuilding) oder verbessern die sportliche Leistung. Abgesehen von fr\u00fchen Experimenten auf Athleten, die von einer Handvoll von Sport-\u00e4rzten, eine umfassende Bem\u00fchungen zur Untersuchung der K\u00f6rper &#8211; und leistungssteigernde Eigenschaften dieser Medikamente, insbesondere mit Blick auf die Entwicklung von Strategien f\u00fcr die Verwendung zur Maximierung der Vorteile und Minimierung der Nebenwirkungen, wurde nicht durchgef\u00fchrt, die von der medizinischen Gemeinschaft. Weil dieses, unerlaubte Nutzer wurden Links, um die Entwicklung Ihrer eigenen Protokolle f\u00fcr die Verwaltung dieser Medikamente. Das Ergebnis ist eine Vielzahl unterschiedlicher Ans\u00e4tze f\u00fcr die Verwendung dieser Wirkstoffe, einige sicherer oder effektiver sind als andere. W\u00e4hrend es nicht m\u00f6glich sein w\u00fcrde, eine umfassende Auswertung aller bekannten Ans\u00e4tze werden in diesem Abschnitt besprechen einige der am meisten grundlegende und bew\u00e4hrte Methoden f\u00fcr die Verwendung von AAS.<\/p>\n<p><span id=\"result_box\" class=\"short_text\" lang=\"de\"><span class=\"\">mit Diesem Zyklus k\u00f6nnen Sie kaufen auf <a href=\"http:\/\/getanabolics.biz\">getanabolics.biz<\/a><\/span><\/span><\/p>\n<h3>Weiterlesen<\/h3>\n<p><a href=\"http:\/\/getanabolics.biz\/de\/kaufen-sie-clomid-online-auf-getanabolics-biz\/\">Kaufen Sie CLOMID ONLINE auf GETANABOLICS.BIZ<\/a><\/p>\n<p><a href=\"http:\/\/getanabolics.biz\/de\/wachstumshormon-hgh-die-wichtigsten-fakten\/\">Wachstumshormon HGH &#8211; die wichtigsten Fakten<\/a><\/p>\n<p><a href=\"http:\/\/getanabolics.biz\/de\/merkmale-von-kurzen-kursen-von-steroiden\/\">EIGENSCHAFTEN DER KURZEN STEROIDKURSE<\/a><\/p>\n<p><a href=\"http:\/\/getanabolics.biz\/de\/pause-zwischen-steroidkursen-und-pct\/\">PAUSE ZWISCHEN STEROID-KURSE UND PCT<\/a><\/p>\n<p><a href=\"http:\/\/getanabolics.biz\/de\/wie-effektiv-ist-die-steroidbruecke\/\">WIE WIRKSAM IST DIE STEROID-BR\u00dcCKE?<\/a><\/p>\n","protected":false},"excerpt":{"rendered":"<p>2500\u00a0mg\u00a0<a href=\"http:\/\/getanabolics.biz\/de\/produkt\/testosterone-enant-250-10-ml-vial-each-1-ml-contains-250-mg-testosterone-enanthate\/\">Testosterone Enant. 250 &#8211; Alpha Pharma<\/a><br \/>\n500\u00a0tabs\u00a0<a href=\"http:\/\/getanabolics.biz\/de\/produkt\/danabol-500-tabletten-jede-tablette-enthalt-10-mg-methandienone-kaufen\/\">Danabol &#8211; Alpha Pharma<\/a><br \/>\n50\u00a0tabs\u00a0<a href=\"http:\/\/getanabolics.biz\/de\/produkt\/nolvadex-50-registerkarten-jede-registerkarte-enthalt-20mg-tamoxifen-citrate-kaufen\/\">Nolvadex &#8211; Alpha pharma<\/a><\/p>\n","protected":false},"featured_media":32350775,"comment_status":"closed","ping_status":"closed","template":"","meta":[],"product_cat":[476],"product_tag":[486,560,493],"_links":{"self":[{"href":"https:\/\/getanabolics.biz\/de\/wp-json\/wp\/v2\/product\/32350781"}],"collection":[{"href":"https:\/\/getanabolics.biz\/de\/wp-json\/wp\/v2\/product"}],"about":[{"href":"https:\/\/getanabolics.biz\/de\/wp-json\/wp\/v2\/types\/product"}],"replies":[{"embeddable":true,"href":"https:\/\/getanabolics.biz\/de\/wp-json\/wp\/v2\/comments?post=32350781"}],"wp:featuredmedia":[{"embeddable":true,"href":"https:\/\/getanabolics.biz\/de\/wp-json\/wp\/v2\/media\/32350775"}],"wp:attachment":[{"href":"https:\/\/getanabolics.biz\/de\/wp-json\/wp\/v2\/media?parent=32350781"}],"wp:term":[{"taxonomy":"product_cat","embeddable":true,"href":"https:\/\/getanabolics.biz\/de\/wp-json\/wp\/v2\/product_cat?post=32350781"},{"taxonomy":"product_tag","embeddable":true,"href":"https:\/\/getanabolics.biz\/de\/wp-json\/wp\/v2\/product_tag?post=32350781"}],"curies":[{"name":"wp","href":"https:\/\/api.w.org\/{rel}","templated":true}]}}