{"id":32350768,"date":"2017-11-29T10:04:52","date_gmt":"2017-11-29T10:04:52","guid":{"rendered":"http:\/\/getanabolics.biz\/product\/advanced-dry-muscle-cycle\/"},"modified":"2018-01-21T18:43:32","modified_gmt":"2018-01-21T18:43:32","slug":"fortschrittlicher-trockener-muskelzyklus","status":"publish","type":"product","link":"https:\/\/getanabolics.biz\/de\/produkt\/fortschrittlicher-trockener-muskelzyklus\/","title":{"rendered":"Fortschrittlicher trockener Muskelzyklus"},"content":{"rendered":"<p>Steroid-Zyklen bezieht sich auf den Zeitraum anabole Steroide verwendet werden. Diese Zeit ist oft bezeichnet als <strong>&#8222;-Zyklus.&#8220;<\/strong> Wenn Steroide nicht verwendet werden, dies bezeichnet man als <strong>&#8222;Off-Zyklus.&#8220;<\/strong> F\u00fcr die auf-cycle-phase, gibt es unz\u00e4hlige Optionen und Pakete. &#8222;Stacks&#8220; beziehen sich auf die Kombination von anabolen Steroiden sowie nicht-steroidale Elemente verwendet, w\u00e4hrend der am Zyklus-phase. Mit Hunderten von anabolen Steroiden, unterschiedliche Peptid-Hormone, SERM &#8217;s, AI&#8216; s, die Hormone der Schilddr\u00fcse und vieles mehr, es gibt wirklich unz\u00e4hlige m\u00f6glich-stacks. Die Optionen sind so zahlreich, jeder Stapel und radeln Sie verpflichten sich, es k\u00f6nnte ganz anders sein. Jedoch, die meisten steroid Benutzer werden vertraut mit bestimmten Stapel; Sie werden entdecken, bestimmte Kombinationen, die die besten Ergebnisse erzielen, und das werden Sie bleiben, mit diesen Pl\u00e4nen.<\/p>\n<p>Fortgeschrittene anabole steroid Benutzer sind die oberste Stufe von erfahrenen Anwendern, und es wird offenbar davon ausgegangen, dass zu diesem Zeitpunkt das anabole steroid Benutzer erhalten hat, genug Erfahrung gesammelt und genug wissen, um davon ausgehen, den status eines fortgeschrittenen Nutzer. Advanced steroid-stacks mit vielen der erweiterten level-verbindungen (wie z.B. <a href=\"http:\/\/getanabolics.biz\/de\/produkt\/anadrol-50-tabs-each-tab-contains-50-mg-oxymetholone\/\">Anadrol <\/a>und <a href=\"http:\/\/getanabolics.biz\/de\/produkt\/trenbolone-acetate-10-amps-each-1-ampoule-has-100mg-trenbolone-acetate\/\">Trenbolone<\/a>)aber dies ist nicht zu sagen, dass fortgeschrittene anabole steroid-Zyklen kann auch sein das der basic <strong>Testosteron nur Zyklus-Protokoll.<\/strong> Das wurde zuvor bereits angerissen, wobei es wurde deutlich gemacht, dass Anf\u00e4nger und fortgeschrittene anabole steroid Benutzer sind nicht beschr\u00e4nkt auf die Verwendung von sehr harten Substanzen, die extrem hohen Dosen, oder auch komplexe Zyklus-stacks. Oft sind die Mehrheit der fortgeschrittene Benutzer wird entscheiden, um f\u00fchren Sie die grundlegenden versucht, Vertrauensw\u00fcrdige und wahre Methoden der Testosteron-nur Zyklen, oder sehr einfache anabole steroid-Zyklen. Dies ist in der Regel sehr \u00fcberraschen Anf\u00e4nger, da sehr oft Anf\u00e4nger (und potenziellen anabole steroid Benutzer) besitzen ein fehlerhaftes Verst\u00e4ndnis von dem, was es ist, um eine erweiterte anabole steroid Benutzer.<\/p>\n<p>Unabh\u00e4ngig von der Stapel-oder der Zyklus in dem Sie ausgef\u00fchrt werden, gibt es Allgemeine Regeln und \u00fcberlegungen spielt, die helfen, Sie sicher zu halten. Zum Beispiel, die prim\u00e4re Regel eines jeden Zyklus ist, dass es irgendeine form von Testosteron. Die form von Testosteron, ist nicht von Belang. Das einzige, was z\u00e4hlt, ist, dass der K\u00f6rper genug von dieser wesentlichen hormone, um richtig zu funktionieren.<\/p>\n<table border=\"1\" width=\"65%\" cellpadding=\"2\" bgcolor=\"#fefefe\">\n<tbody>\n<tr>\n<td align=\"center\" width=\"60\">Woche<br \/>\nZyklus<\/td>\n<td align=\"center\" bgcolor=\"#FF9999\"><span style=\"font-family: verdana; font-size: small;\">Turinabol &#8211; Alpha Pharma<br \/>\n10mg<\/span><\/td>\n<td align=\"center\" bgcolor=\"#99CCFF\"><span style=\"font-family: verdana; font-size: small;\">Boldenon 250 Alpha Pharma<br \/>\n250mg\/ml<\/span><\/td>\n<\/tr>\n<tr>\n<td align=\"center\" width=\"60\"><span style=\"font-family: verdana; font-size: small;\"><b>1<\/b><\/span><\/td>\n<td bgcolor=\"#FF9999\"><span style=\"font-family: verdana; font-size: small;\">30mg\/Tag<\/span><\/td>\n<td bgcolor=\"#99CCFF\"><span style=\"font-family: verdana; font-size: small;\">400mg\/Woche (200 mg zweimal in der Woche)<\/span><\/td>\n<\/tr>\n<tr>\n<td align=\"center\" width=\"60\"><span style=\"font-family: verdana; font-size: small;\"><b>2<\/b><\/span><\/td>\n<td bgcolor=\"#FF9999\">40mg\/Woche)<\/td>\n<td bgcolor=\"#99CCFF\">500mg\/Woche (250 mg zweimal pro Woche)<\/td>\n<\/tr>\n<tr>\n<td align=\"center\" width=\"60\"><span style=\"font-family: verdana; font-size: small;\"><b>3<\/b><\/span><\/td>\n<td bgcolor=\"#FF9999\">40mg\/Woche)<\/td>\n<td bgcolor=\"#99CCFF\">500mg\/Woche (250 mg zweimal pro Woche)<\/td>\n<\/tr>\n<tr>\n<td align=\"center\" width=\"60\"><span style=\"font-family: verdana; font-size: small;\"><b>4<\/b><\/span><\/td>\n<td bgcolor=\"#FF9999\">40mg\/Woche)<\/td>\n<td bgcolor=\"#99CCFF\">500mg\/Woche (250 mg zweimal pro Woche)<\/td>\n<\/tr>\n<tr>\n<td align=\"center\" width=\"60\"><span style=\"font-family: verdana; font-size: small;\"><b>5<\/b><\/span><\/td>\n<td bgcolor=\"#FF9999\">40mg\/Woche)<\/td>\n<td bgcolor=\"#99CCFF\">500mg\/Woche (250 mg zweimal pro Woche)<\/td>\n<\/tr>\n<tr>\n<td align=\"center\" width=\"60\"><span style=\"font-family: verdana; font-size: small;\"><b>6<\/b><\/span><\/td>\n<td bgcolor=\"#FF9999\">40mg\/Woche)<\/td>\n<td bgcolor=\"#99CCFF\">500mg\/Woche (250 mg zweimal pro Woche)<\/td>\n<\/tr>\n<tr>\n<td align=\"center\" width=\"60\"><span style=\"font-family: verdana; font-size: small;\"><b>7<\/b><\/span><\/td>\n<td bgcolor=\"#FF9999\">40mg\/Woche)<\/td>\n<td bgcolor=\"#99CCFF\">500mg\/Woche (250 mg zweimal pro Woche)<\/td>\n<\/tr>\n<tr>\n<td align=\"center\" width=\"60\"><span style=\"font-family: verdana; font-size: small;\"><b>8<\/b><\/span><\/td>\n<td bgcolor=\"#FF9999\">30mg\/Tag<\/td>\n<td bgcolor=\"#99CCFF\">500mg\/Woche (200 mg zweimal in der Woche)<\/td>\n<\/tr>\n<\/tbody>\n<\/table>\n<p>&nbsp;<\/p>\n<p><b>Gesamt:<\/b><br \/>\n2520mg Turinabol 10mg Alpha Pharma<br \/>\n3900mg Boldenon 250 Alpha Pharma<\/p>\n<p>Dieser Kurs ist sehr popul\u00e4r, beliebt und wird oft verwendet, unter anderem Kurse zur Erh\u00f6hung der trocken Masse von Muskeln. Der Kurs ist gedacht f\u00fcr die Weitergabe nicht nur fortgeschrittene und erfahrene Sportler, aber auch Anf\u00e4nger. Es hilft, leicht zu erh\u00f6hen, die trockene Masse der Muskeln, die durch 6-8 kg, und auch das schadet nicht der Gesundheit des Athleten. Steroide dieses Kurses haben keine Aromatisierung, nicht dazu f\u00fchren, Gyn\u00e4komastie, nicht provozieren \u00fcberm\u00e4\u00dfige Ansammlung von Fl\u00fcssigkeit in den Muskeln, f\u00fchren nicht zu einem Anstieg der Druck-und Haut-Probleme. Die passage dieser Kurs hilft den Athleten eine hohe sportliche Ergebnisse, durch die Rekrutierung von trockener Muskelmasse und Steigerung der k\u00f6rperlichen Kraft und Ausdauer. Wenn man nat\u00fcrlich, es wird empfohlen zu beobachten, die richtige Ern\u00e4hrung, die enth\u00e4lt eine gro\u00dfe Menge an protein und weniger Fett und Kohlenhydrate. Einnahme des Medikaments Boldenon f\u00fchrt zu einem Anstieg der Appetit, so sollten Sie die protein-Nahrungsmitteln, um nicht zu gewinnen \u00fcbergewicht. Nach Absolvierung des Kurses von <a href=\"http:\/\/getanabolics.biz\/de\/produkt\/turinabol-50-tabletten-jede-enthalt-10-mg-chlordehydromethyltestosterone-kaufen\/\">Turinabol <\/a>+ <a href=\"http:\/\/getanabolics.biz\/de\/produkt\/boldenone-250-1-box-mit-10-ampullen-jeder-verstarker-enthalt-250-mg-boldenone-undecylenate-kaufen\/\">Boldenone\u00a0<\/a>die Masse Ihrer Muskeln erhalten bleiben, nicht zerfallen, wenn Sie auch weiterhin halten, um die richtige Ern\u00e4hrung.<\/p>\n<h2>Verwendung<\/h2>\n<p>Die Dauer des Kurses betr\u00e4gt 8 Wochen. <a href=\"http:\/\/getanabolics.biz\/de\/produkt\/turinabol-50-tabletten-jede-enthalt-10-mg-chlordehydromethyltestosterone-kaufen\/\">Turinabol <\/a>den ersten und letzten Woche des Kurses von 3 Tabletten pro Tag (30 mg.), Und von 2 bis 7 Wochen f\u00fcr 4 Tabletten (40 mg.) Pro Tag. <a href=\"http:\/\/getanabolics.biz\/de\/produkt\/boldenone-250-1-box-mit-10-ampullen-jeder-verstarker-enthalt-250-mg-boldenone-undecylenate-kaufen\/\">Boldenone <\/a>setzen Sie den ersten und letzten Woche der Kurs bei 400 mg pro Woche (200 mg zweimal w\u00f6chentlich), und von 2 bis 7 Wochen auf 500 mg pro Woche (250 mg zweimal pro Woche).<\/p>\n<p>Der Begriff <strong>Steroid-Zyklen<\/strong> bezieht sich auf die regelm\u00e4\u00dfige Verwendung von anabole\/Androgene Steroide (AAS), in der Regel f\u00fcr Muskel-Geb\u00e4ude Zwecke. AAS sind nicht medizinisch zugelassen und zu f\u00f6rdern, \u00fcberm\u00e4\u00dfiger Muskelmasse (bodybuilding) oder verbessern die sportliche Leistung. Abgesehen von fr\u00fchen Experimenten auf Athleten, die von einer Handvoll von Sport-\u00e4rzten, eine umfassende Bem\u00fchungen zur Untersuchung der K\u00f6rper &#8211; und leistungssteigernde Eigenschaften dieser Medikamente, insbesondere mit Blick auf die Entwicklung von Strategien f\u00fcr die Verwendung zur Maximierung der Vorteile und Minimierung der Nebenwirkungen, wurde nicht durchgef\u00fchrt, die von der medizinischen Gemeinschaft. Weil dieses, unerlaubte Nutzer wurden Links, um die Entwicklung Ihrer eigenen Protokolle f\u00fcr die Verwaltung dieser Medikamente. Das Ergebnis ist eine Vielzahl unterschiedlicher Ans\u00e4tze f\u00fcr die Verwendung dieser Wirkstoffe, einige sicherer oder effektiver sind als andere. W\u00e4hrend es nicht m\u00f6glich sein w\u00fcrde, eine umfassende Auswertung aller bekannten Ans\u00e4tze werden in diesem Abschnitt besprechen einige der am meisten grundlegende und bew\u00e4hrte Methoden f\u00fcr die Verwendung von AAS.<\/p>\n<p><span id=\"result_box\" class=\"short_text\" lang=\"de\"><span class=\"\">mit Diesem Zyklus k\u00f6nnen Sie kaufen auf <a href=\"http:\/\/getanabolics.biz\">getanabolics.biz<\/a><\/span><\/span><\/p>\n<h3>Weiterlesen<\/h3>\n<p><a href=\"http:\/\/getanabolics.biz\/de\/deca-durabolin-nebenwirkungen\/\">DECA DURABOLIN NEBENWIRKUNGEN<\/a><\/p>\n<p><a href=\"http:\/\/getanabolics.biz\/de\/alles-ueber-proviron-mesterolone\/\">ALLES \u00dcBER PROVIRON (MESTEROLON)<\/a><\/p>\n<p><a href=\"http:\/\/getanabolics.biz\/de\/sollte-die-dauer-des-steroid-kurses-sein\/\">Was sollte die Dauer des STEROIDS-Kurses sein?<\/a><\/p>\n<p><a href=\"http:\/\/getanabolics.biz\/de\/kreatin-auf-einem-kurs-von-steroiden\/\">Kreatin auf einem Kurs von Steroiden<\/a><\/p>\n<p><a href=\"http:\/\/getanabolics.biz\/de\/crossfit-und-steroide\/\">CROSSFIT UND STEROIDE<\/a><\/p>\n","protected":false},"excerpt":{"rendered":"<p>2520mg\u00a0<a href=\"http:\/\/getanabolics.biz\/de\/produkt\/turinabol-50-tabletten-jede-enthalt-10-mg-chlordehydromethyltestosterone-kaufen\/\">Turinabol 10mg &#8211; Alpha Pharma<\/a><br \/>\n3900mg\u00a0<a href=\"http:\/\/getanabolics.biz\/de\/produkt\/boldenone-250-1-box-mit-10-ampullen-jeder-verstarker-enthalt-250-mg-boldenone-undecylenate-kaufen\/\">Boldenon\u00a0250 &#8211; Alpha Pharma<\/a><\/p>\n","protected":false},"featured_media":32350762,"comment_status":"closed","ping_status":"closed","template":"","meta":[],"product_cat":[476],"product_tag":[54,552,493],"_links":{"self":[{"href":"https:\/\/getanabolics.biz\/de\/wp-json\/wp\/v2\/product\/32350768"}],"collection":[{"href":"https:\/\/getanabolics.biz\/de\/wp-json\/wp\/v2\/product"}],"about":[{"href":"https:\/\/getanabolics.biz\/de\/wp-json\/wp\/v2\/types\/product"}],"replies":[{"embeddable":true,"href":"https:\/\/getanabolics.biz\/de\/wp-json\/wp\/v2\/comments?post=32350768"}],"wp:featuredmedia":[{"embeddable":true,"href":"https:\/\/getanabolics.biz\/de\/wp-json\/wp\/v2\/media\/32350762"}],"wp:attachment":[{"href":"https:\/\/getanabolics.biz\/de\/wp-json\/wp\/v2\/media?parent=32350768"}],"wp:term":[{"taxonomy":"product_cat","embeddable":true,"href":"https:\/\/getanabolics.biz\/de\/wp-json\/wp\/v2\/product_cat?post=32350768"},{"taxonomy":"product_tag","embeddable":true,"href":"https:\/\/getanabolics.biz\/de\/wp-json\/wp\/v2\/product_tag?post=32350768"}],"curies":[{"name":"wp","href":"https:\/\/api.w.org\/{rel}","templated":true}]}}