{"id":32350640,"date":"2017-06-07T15:15:25","date_gmt":"2017-06-07T15:15:25","guid":{"rendered":"http:\/\/getanabolics.biz\/product\/kickstart-anfanger-zyklus\/"},"modified":"2018-01-21T19:08:25","modified_gmt":"2018-01-21T19:08:25","slug":"kickstart-anfanger-zyklus","status":"publish","type":"product","link":"https:\/\/getanabolics.biz\/de\/produkt\/kickstart-anfanger-zyklus\/","title":{"rendered":"KICKSTART-ANF\u00c4NGER-ZYKLUS"},"content":{"rendered":"<p>Steroid-Zyklen bezieht sich auf den Zeitraum anabole Steroide verwendet werden. Diese Zeit ist oft bezeichnet als <strong>&#8222;-Zyklus.&#8220;<\/strong> Wenn Steroide nicht verwendet werden, dies bezeichnet man als <strong>&#8222;Off-Zyklus.&#8220;<\/strong> F\u00fcr die auf-cycle-phase, gibt es unz\u00e4hlige Optionen und Pakete. &#8222;Stacks&#8220; beziehen sich auf die Kombination von anabolen Steroiden sowie nicht-steroidale Elemente verwendet, w\u00e4hrend der am Zyklus-phase. Mit Hunderten von anabolen Steroiden, unterschiedliche Peptid-Hormone, SERM &#8217;s, AI&#8216; s, die Hormone der Schilddr\u00fcse und vieles mehr, es gibt wirklich unz\u00e4hlige m\u00f6glich-stacks. Die Optionen sind so zahlreich, jeder Stapel und radeln Sie verpflichten sich, es k\u00f6nnte ganz anders sein. Jedoch, die meisten steroid Benutzer werden vertraut mit bestimmten Stapel; Sie werden entdecken, bestimmte Kombinationen, die die besten Ergebnisse erzielen, und das werden Sie bleiben, mit diesen Pl\u00e4nen.<\/p>\n<p>Fortgeschrittene anabole steroid Benutzer sind die oberste Stufe von erfahrenen Anwendern, und es wird offenbar davon ausgegangen, dass zu diesem Zeitpunkt das anabole steroid Benutzer erhalten hat, genug Erfahrung gesammelt und genug wissen, um davon ausgehen, den status eines fortgeschrittenen Nutzer. Advanced steroid-stacks mit vielen der erweiterten level-verbindungen (wie z.B. <a href=\"http:\/\/getanabolics.biz\/product\/anadrol-50-tabs-each-tab-contains-50-mg-oxymetholone\/\">Anadrol <\/a>und <a href=\"http:\/\/getanabolics.biz\/product\/trenbolone-acetate-10-amps-each-1-ampoule-has-100mg-trenbolone-acetate\/\">Trenbolone<\/a>)aber dies ist nicht zu sagen, dass fortgeschrittene anabole steroid-Zyklen kann auch sein das der basic <strong>Testosteron nur Zyklus-Protokoll.<\/strong> Das wurde zuvor bereits angerissen, wobei es wurde deutlich gemacht, dass Anf\u00e4nger und fortgeschrittene anabole steroid Benutzer sind nicht beschr\u00e4nkt auf die Verwendung von sehr harten Substanzen, die extrem hohen Dosen, oder auch komplexe Zyklus-stacks. Oft sind die Mehrheit der fortgeschrittene Benutzer wird entscheiden, um f\u00fchren Sie die grundlegenden versucht, Vertrauensw\u00fcrdige und wahre Methoden der Testosteron-nur Zyklen, oder sehr einfache anabole steroid-Zyklen. Dies ist in der Regel sehr \u00fcberraschen Anf\u00e4nger, da sehr oft Anf\u00e4nger (und potenziellen anabole steroid Benutzer) besitzen ein fehlerhaftes Verst\u00e4ndnis von dem, was es ist, um eine erweiterte anabole steroid Benutzer.<\/p>\n<p>Unabh\u00e4ngig von der Stapel-oder der Zyklus in dem Sie ausgef\u00fchrt werden, gibt es Allgemeine Regeln und \u00fcberlegungen spielt, die helfen, Sie sicher zu halten. Zum Beispiel, die prim\u00e4re Regel eines jeden Zyklus ist, dass es irgendeine form von Testosteron. Die form von Testosteron, ist nicht von Belang. Das einzige, was z\u00e4hlt, ist, dass der K\u00f6rper genug von dieser wesentlichen hormone, um richtig zu funktionieren.<\/p>\n<p>&nbsp;<\/p>\n<table border=\"1\" width=\"65%\" cellpadding=\"2\" bgcolor=\"#fefefe\">\n<tbody>\n<tr>\n<td align=\"center\" width=\"60\">Woche<br \/>\nZyklus<\/td>\n<td align=\"center\" bgcolor=\"#FF9999\"><span style=\"font-family: verdana; font-size: small;\">Testosteron-Enant. 250<br \/>\n250mg\/ml<\/span><\/td>\n<td align=\"center\" bgcolor=\"#99CCFF\"><span style=\"font-family: verdana; font-size: small;\">Deca 250<br \/>\n250mg\/ml<\/span><\/td>\n<td align=\"center\" bgcolor=\"#FFFFCC\"><span style=\"font-family: verdana; font-size: small;\">Dianabol<br \/>\n10mg tab<\/span><\/td>\n<\/tr>\n<tr>\n<td align=\"center\" width=\"60\"><span style=\"font-family: verdana; font-size: small;\"><b>1<\/b><\/span><\/td>\n<td bgcolor=\"#FF9999\"><span style=\"font-family: verdana; font-size: small;\">500mg\/Woche<\/span><\/td>\n<td bgcolor=\"#99CCFF\"><span style=\"font-family: verdana; font-size: small;\">200mg\/Woche<\/span><\/td>\n<td bgcolor=\"#FFFFCC\"><span style=\"font-family: verdana; font-size: small;\">25mg\/Tag<\/span><\/td>\n<\/tr>\n<tr>\n<td align=\"center\" width=\"60\"><span style=\"font-family: verdana; font-size: small;\"><b>2<\/b><\/span><\/td>\n<td bgcolor=\"#FF9999\">500mg\/Woche<\/td>\n<td bgcolor=\"#99CCFF\">200mg\/Woche)<\/td>\n<td bgcolor=\"#FFFFCC\">25mg\/Tag<\/td>\n<\/tr>\n<tr>\n<td align=\"center\" width=\"60\"><span style=\"font-family: verdana; font-size: small;\"><b>3<\/b><\/span><\/td>\n<td bgcolor=\"#FF9999\">500mg\/Woche<\/td>\n<td bgcolor=\"#99CCFF\">200mg\/Woche)<\/td>\n<td bgcolor=\"#FFFFCC\">25mg\/Tag<\/td>\n<\/tr>\n<tr>\n<td align=\"center\" width=\"60\"><span style=\"font-family: verdana; font-size: small;\"><b>4<\/b><\/span><\/td>\n<td bgcolor=\"#FF9999\">500mg\/Woche<\/td>\n<td bgcolor=\"#99CCFF\">200mg\/Woche)<\/td>\n<td bgcolor=\"#FFFFCC\">25mg\/Tag<\/td>\n<\/tr>\n<tr>\n<td align=\"center\" width=\"60\"><span style=\"font-family: verdana; font-size: small;\"><b>5<\/b><\/span><\/td>\n<td bgcolor=\"#FF9999\">500mg\/Woche<\/td>\n<td bgcolor=\"#99CCFF\">200mg\/Woche)<\/td>\n<td bgcolor=\"#FFFFCC\">25mg\/Tag<\/td>\n<\/tr>\n<tr>\n<td align=\"center\" width=\"60\"><span style=\"font-family: verdana; font-size: small;\"><b>6<\/b><\/span><\/td>\n<td bgcolor=\"#FF9999\">500mg\/Woche<\/td>\n<td bgcolor=\"#99CCFF\">200mg\/Woche)<\/td>\n<td bgcolor=\"#FFFFCC\">25mg\/Tag<\/td>\n<\/tr>\n<tr>\n<td align=\"center\" width=\"60\"><span style=\"font-family: verdana; font-size: small;\"><b>7<\/b><\/span><\/td>\n<td bgcolor=\"#FF9999\">500mg\/Woche<\/td>\n<td bgcolor=\"#99CCFF\">200mg\/Woche)<\/td>\n<td><\/td>\n<\/tr>\n<tr>\n<td align=\"center\" width=\"60\"><span style=\"font-family: verdana; font-size: small;\"><b>8<\/b><\/span><\/td>\n<td bgcolor=\"#FF9999\">500mg\/Woche<\/td>\n<td bgcolor=\"#99CCFF\">200mg\/Woche)<\/td>\n<td><\/td>\n<\/tr>\n<tr>\n<td align=\"center\" width=\"60\"><span style=\"font-family: verdana; font-size: small;\"><b>9<\/b><\/span><\/td>\n<td bgcolor=\"#FF9999\">500mg\/Woche<\/td>\n<td bgcolor=\"#99CCFF\">200mg\/Woche)<\/td>\n<td><\/td>\n<\/tr>\n<tr>\n<td align=\"center\" width=\"60\"><span style=\"font-family: verdana; font-size: small;\"><b>10<\/b><\/span><\/td>\n<td bgcolor=\"#FF9999\">500mg\/Woche<\/td>\n<td bgcolor=\"#99CCFF\">200mg\/Woche)<\/td>\n<td><\/td>\n<\/tr>\n<tr>\n<td align=\"center\" width=\"60\"><span style=\"font-family: verdana; font-size: small;\"><b>11<\/b><\/span><\/td>\n<td bgcolor=\"#FF9999\">500mg\/Woche<\/td>\n<td bgcolor=\"#99CCFF\">200mg\/Woche)<\/td>\n<td><\/td>\n<\/tr>\n<tr>\n<td align=\"center\" width=\"60\"><span style=\"font-family: verdana; font-size: small;\"><b>12<\/b><\/span><\/td>\n<td bgcolor=\"#FF9999\">500mg\/Woche<\/td>\n<td bgcolor=\"#99CCFF\">200mg\/Woche)<\/td>\n<td><\/td>\n<\/tr>\n<\/tbody>\n<\/table>\n<p>&nbsp;<\/p>\n<p><b>Gesamt:<\/b><br \/>\n6000mg <a href=\"http:\/\/getanabolics.biz\/de\/produkt\/testosterone-enant-250-10-ml-vial-each-1-ml-contains-250-mg-testosterone-enanthate\/\">Testosteron-Enant. 250 Alpha Pharma<\/a><br \/>\n2400mg <a href=\"http:\/\/getanabolics.biz\/de\/produkt\/deca-250-box-mit-10-ampullen-von-1-ml-250mg-ml-insgesamt-2500mg-nandrolon-decaonate-kaufen\/\">Deca 250 Alpha Pharma<\/a><br \/>\n100 Tabletten <a href=\"http:\/\/getanabolics.biz\/de\/produkt\/dianabol-100-tabs-each-contains-10-mg-methandienone\/\">Dianabol &#8211; Maxtreme<\/a><\/p>\n<p>&nbsp;<\/p>\n<p>Es ist das gleiche, wie der Anf\u00e4nger-Zyklus \u00fcber mit Dianabol, dem Stapel Hinzugef\u00fcgt. Dianabol ist ein schnelles arbeiten steroid, das genommen werden kann, in m\u00fcndlicher form, die machen gro\u00dfe Gewinne in Muskelmasse und Kraft am Anfang des Zyklus (oft auch als front-loading).<\/p>\n<table>\n<tbody>\n<tr>\n<td><strong>M\u00f6gliche Nebenwirkungen Und PCT<\/strong><br \/>\nGyn\u00e4komastie, Wassereinlagerungen, hoher Blutdruck und hohe Cholesterinwerte sind alle m\u00f6glichen Nebenwirkungen dieses Zyklus. 10mg nolvadex Alltag verwendet werden k\u00f6nnen, zur Bek\u00e4mpfung aller Symptome, die Sie haben, w\u00e4hrend Sie sich auf Zyklus. Auch m\u00fcndliche sein wird, haben eine toxische Wirkung auf die Leber, so dass eine Leber erg\u00e4nzen oder booster sollte mit dem dianabol und sein Einsatz sollte nicht l\u00e4nger als 6 Wochen.Ihre PCT-bestehen von 2 Wochen aus-Zyklus zu erlauben, die Hormone, die nach einem klaren system. Sie sollten dann nehmen Sie nolvadex f\u00fcr 3 Wochen, um zu helfen wieder herzustellen normale Testosteron-Produktion. 40mg t\u00e4glich f\u00fcr 2 Wochen und 20mg Nolvadex f\u00fcr der Dritten Woche.<\/td>\n<\/tr>\n<\/tbody>\n<\/table>\n<p>&nbsp;<\/p>\n<p>Als steroid-Zyklen beziehen sich auf die Zeit, in der wir eigentlich sind, die Erg\u00e4nzung mit Anabolika, die offensichtliche Frage ist, was ist der akzeptable Zeitrahmen? Was ist das minimum f\u00fcr positive Gewinne und was ist die maximale H\u00f6he der Zeit in Bezug auf die Sicherheit? Dies kann eine schwierige Frage zu beantworten, aber wieder einmal gibt es Richtlinien, die Ihnen helfen, sicher bleiben. Unabh\u00e4ngig von der steroid-Zyklen, die Sie umsetzen, egal wie basic oder fortgeschrittene, Ihr plan ist, gehen zu m\u00fcssen, zu verl\u00e4ngern, f\u00fcr einen angemessenen Betrag der Zeit. Der menschliche K\u00f6rper mag es nicht \u00e4ndern; sogar wenn eine solche \u00e4nderung ist in Ihrem besten Interesse, es zu k\u00e4mpfen und alles tun, um zu bleiben in seiner gewohnt normal. Wir m\u00fcssen gen\u00fcgend Zeit f\u00fcr das &#8222;normale&#8220; zu \u00e4ndern; wir m\u00fcssen ein neues set normal, wenn wir h\u00e4ngen Sie auf eines der Gewinne. Jedoch selbst wenn dies geschehen ist, wenn Sie off-cycle-f\u00fcr einen l\u00e4ngeren Zeitraum wirst du verlieren einen Teil der Gewinne aus; ohne die hohen Zustrom von Hormonen zur Unterst\u00fctzung der Gewinne, die Sie gemacht werden Sie nicht ewig dauern. Gewinne, die durch die Nutzung der Hormone, dies ist kein fake Muskelmasse oder Kraft, es ist so real wie alle anderen Gewinne, die gemacht werden k\u00f6nnen. Wenn Sie machen Gewinne in St\u00e4rke und Gr\u00f6\u00dfe, Sie werden unterst\u00fctzt durch die N\u00e4hrstoffe, die Sie verbrauchen. Weg nehmen die N\u00e4hrstoffe und das support-system f\u00e4llt auseinander. Hormone sind auch wichtig, vielleicht so wichtig wie Nahrung. Zusammen mit den N\u00e4hrstoffen, die Hormone in Ihrem K\u00f6rper unterst\u00fctzen Sie Ihre Gr\u00f6\u00dfe und St\u00e4rke, ob nat\u00fcrlich vorkommende oder exogen zur Verf\u00fcgung gestellt. Nehmen Sie die Hormone Weg, und Sie wieder entfernt haben, ein support-system.<\/p>\n<p>Der Begriff <strong>Steroid-Zyklen<\/strong> bezieht sich auf die regelm\u00e4\u00dfige Verwendung von anabole\/Androgene Steroide (AAS), in der Regel f\u00fcr Muskel-Geb\u00e4ude Zwecke. AAS sind nicht medizinisch zugelassen und zu f\u00f6rdern, \u00fcberm\u00e4\u00dfiger Muskelmasse (bodybuilding) oder verbessern die sportliche Leistung. Abgesehen von fr\u00fchen Experimenten auf Athleten, die von einer Handvoll von Sport-\u00e4rzten, eine umfassende Bem\u00fchungen zur Untersuchung der K\u00f6rper &#8211; und leistungssteigernde Eigenschaften dieser Medikamente, insbesondere mit Blick auf die Entwicklung von Strategien f\u00fcr die Verwendung zur Maximierung der Vorteile und Minimierung der Nebenwirkungen, wurde nicht durchgef\u00fchrt, die von der medizinischen Gemeinschaft. Weil dieses, unerlaubte Nutzer wurden Links, um die Entwicklung Ihrer eigenen Protokolle f\u00fcr die Verwaltung dieser Medikamente. Das Ergebnis ist eine Vielzahl unterschiedlicher Ans\u00e4tze f\u00fcr die Verwendung dieser Wirkstoffe, einige sicherer oder effektiver sind als andere. W\u00e4hrend es nicht m\u00f6glich sein w\u00fcrde, eine umfassende Auswertung aller bekannten Ans\u00e4tze werden in diesem Abschnitt besprechen einige der am meisten grundlegende und bew\u00e4hrte Methoden f\u00fcr die Verwendung von AAS.<\/p>\n<p><span id=\"result_box\" class=\"short_text\" lang=\"de\"><span class=\"\">mit Diesem Zyklus k\u00f6nnen Sie kaufen auf <a href=\"http:\/\/getanabolics.biz\">getanabolics.biz<\/a><\/span><\/span><\/p>\n<h3>Weiterlesen<\/h3>\n<p><a href=\"http:\/\/getanabolics.biz\/de\/dianabol-online-auf-getanabolics-biz-kaufen\/\">Kaufen Sie DIANABOL ONLINE auf GETANABOLICS.BIZ<\/a><\/p>\n<p><a href=\"http:\/\/getanabolics.biz\/de\/winstrol-ist-es-und-ist-es\/\">WINSTROL, WAS IST ES UND WOF\u00dcR IST ES?<\/a><\/p>\n<p><a href=\"http:\/\/getanabolics.biz\/de\/cytomel-t3-rezensionen-zu-getanabolics-biz\/\">CYTOMEL T3 BEWERTUNGEN AUF GETANABOLICS.BIZ<\/a><\/p>\n<p><a href=\"http:\/\/getanabolics.biz\/de\/pause-zwischen-steroidkursen-und-pct\/\">PAUSE ZWISCHEN STEROID-KURSE UND PCT<\/a><\/p>\n<p><a href=\"http:\/\/getanabolics.biz\/de\/wie-effektiv-ist-die-steroidbruecke\/\">WIE WIRKSAM IST DIE STEROID-BR\u00dcCKE?<\/a><\/p>\n","protected":false},"excerpt":{"rendered":"<p>6000mg\u00a0<a href=\"http:\/\/getanabolics.biz\/de\/produkt\/testosterone-enant-250-10-ml-vial-each-1-ml-contains-250-mg-testosterone-enanthate\/\">Testosterone Enant. 250 &#8211; Alpha Pharma<\/a><br \/>\n2400mg\u00a0<a href=\"http:\/\/getanabolics.biz\/de\/produkt\/deca-250-box-mit-10-ampullen-von-1-ml-250mg-ml-insgesamt-2500mg-nandrolon-decaonate-kaufen\/\">Deca\u00a0250 &#8211; Alpha Pharma<\/a><br \/>\n100 tabs <a href=\"http:\/\/getanabolics.biz\/de\/produkt\/dianabol-100-tabs-each-contains-10-mg-methandienone\/\">Dianabol &#8211; Maxtreme<\/a><\/p>\n","protected":false},"featured_media":32350548,"comment_status":"closed","ping_status":"closed","template":"","meta":[],"product_cat":[476],"product_tag":[494,461,536],"_links":{"self":[{"href":"https:\/\/getanabolics.biz\/de\/wp-json\/wp\/v2\/product\/32350640"}],"collection":[{"href":"https:\/\/getanabolics.biz\/de\/wp-json\/wp\/v2\/product"}],"about":[{"href":"https:\/\/getanabolics.biz\/de\/wp-json\/wp\/v2\/types\/product"}],"replies":[{"embeddable":true,"href":"https:\/\/getanabolics.biz\/de\/wp-json\/wp\/v2\/comments?post=32350640"}],"wp:featuredmedia":[{"embeddable":true,"href":"https:\/\/getanabolics.biz\/de\/wp-json\/wp\/v2\/media\/32350548"}],"wp:attachment":[{"href":"https:\/\/getanabolics.biz\/de\/wp-json\/wp\/v2\/media?parent=32350640"}],"wp:term":[{"taxonomy":"product_cat","embeddable":true,"href":"https:\/\/getanabolics.biz\/de\/wp-json\/wp\/v2\/product_cat?post=32350640"},{"taxonomy":"product_tag","embeddable":true,"href":"https:\/\/getanabolics.biz\/de\/wp-json\/wp\/v2\/product_tag?post=32350640"}],"curies":[{"name":"wp","href":"https:\/\/api.w.org\/{rel}","templated":true}]}}