{"id":32350635,"date":"2017-06-07T14:33:27","date_gmt":"2017-06-07T14:33:27","guid":{"rendered":"http:\/\/getanabolics.biz\/product\/bulking-steroide-zyklus\/"},"modified":"2018-01-21T19:17:53","modified_gmt":"2018-01-21T19:17:53","slug":"bulking-steroide-zyklus","status":"publish","type":"product","link":"https:\/\/getanabolics.biz\/de\/produkt\/bulking-steroide-zyklus\/","title":{"rendered":"BULKING STEROIDE-ZYKLUS"},"content":{"rendered":"<p>Steroid-Zyklen bezieht sich auf den Zeitraum anabole Steroide verwendet werden. Dieser Zeitraum wird oft als &#8222;On-Zyklus.&#8220; Wenn Steroide nicht verwendet werden, dies bezeichnet man als &#8222;Off-Zyklus.&#8220; F\u00fcr den auf-cycle-phase, gibt es unz\u00e4hlige Optionen und Pakete. &#8222;Stacks&#8220; beziehen sich auf die Kombination von anabolen Steroiden sowie nicht-steroidale Elemente verwendet, w\u00e4hrend der am Zyklus-phase. Mit Hunderten von anabolen Steroiden, unterschiedliche Peptid-Hormone, SERM &#8217;s, AI&#8216; s, die Hormone der Schilddr\u00fcse und vieles mehr, es gibt wirklich unz\u00e4hlige m\u00f6glich-stacks. Die Optionen sind so zahlreich, jeder Stapel und radeln Sie verpflichten sich, es k\u00f6nnte ganz anders sein. Jedoch, die meisten steroid Benutzer werden vertraut mit bestimmten Stapel; Sie werden entdecken, bestimmte Kombinationen, die die besten Ergebnisse erzielen, und das werden Sie bleiben, mit diesen Pl\u00e4nen.<\/p>\n<p>Fortgeschrittene anabole steroid Benutzer sind die oberste Stufe von erfahrenen Anwendern, und es wird offenbar davon ausgegangen, dass zu diesem Zeitpunkt das anabole steroid Benutzer erhalten hat, genug Erfahrung gesammelt und genug wissen, um davon ausgehen, den status eines fortgeschrittenen Nutzer. Advanced steroid-stacks mit vielen der erweiterten level-verbindungen (wie Anadrol und Trenbolon), aber das ist nicht zu sagen, dass fortgeschrittene anabole steroid-Zyklen kann auch sein das der basic Testosteron nur Zyklus-Protokoll. Dies wurde bereits zuvor angeschnitten, wobei es wurde deutlich gemacht, dass Anf\u00e4nger und fortgeschrittene anabole steroid Benutzer sind nicht beschr\u00e4nkt auf die Verwendung von sehr harten Substanzen, die extrem hohen Dosen, oder auch komplexe Zyklus-stacks. Oft sind die Mehrheit der fortgeschrittene Benutzer wird entscheiden, um f\u00fchren Sie die grundlegenden versucht, Vertrauensw\u00fcrdige und wahre Methoden der Testosteron-nur Zyklen, oder sehr einfache anabole steroid-Zyklen. Dies ist in der Regel sehr \u00fcberraschen Anf\u00e4nger, da sehr oft Anf\u00e4nger (und potenziellen anabole steroid Benutzer) besitzen ein fehlerhaftes Verst\u00e4ndnis von dem, was es ist, um eine erweiterte anabole steroid Benutzer.<\/p>\n<p>Unabh\u00e4ngig von der Stapel-oder der Zyklus in dem Sie ausgef\u00fchrt werden, gibt es Allgemeine Regeln und \u00fcberlegungen spielt, die helfen, Sie sicher zu halten. Zum Beispiel, die prim\u00e4re Regel eines jeden Zyklus ist, dass es irgendeine form von Testosteron. Die form von Testosteron, ist nicht von Belang. Das einzige, was z\u00e4hlt, ist, dass der K\u00f6rper genug von dieser wesentlichen hormone, um richtig zu funktionieren.<\/p>\n<p><strong><br \/>\n<\/strong><strong>12 Wochen Testosteron Enanthate\/Cypionate Steroid Zyklus<\/strong><\/p>\n<p>Hallo allerseits, Letzte Zeit bin ich immer Fragen, warum auf meinem blog gibt es keine Steroide-Zyklus f\u00fcr Anf\u00e4nger, so entschied ich zum erstellen dieser speziellen Kategorie und postet dort ersten Steroide-Zyklen f\u00fcr Anf\u00e4nger. Wie Sie verstehen, gibt es einige Variationen, wie die erste steroid-Zyklus Aussehen kann, aber heute beginnen wir mit den beliebtesten option, n\u00e4mlich die erste Testosteron steroid-Zyklus.<\/p>\n<p><strong>Testosteron<\/strong> ist der K\u00f6nig der Masse Geb\u00e4ude und, nachdem Sie Ihren ersten Zyklus mit Testosteron werden Sie es bemerken.<\/p>\n<p>Bevor wir uns auf den chart, denken Sie bitte daran folgenden Sachen:<\/p>\n<p>\u2013 Sie <strong>muss<\/strong> Zug von <strong>hoher Intensit\u00e4t<\/strong>, Gewicht hinzuf\u00fcgen, f\u00fcr jeden 3<sup>rd<\/sup> Ausbildung, sicherzustellen, dass Sie gehen voran.<\/p>\n<p>\u2013 Essen, <strong>good food<\/strong> wie: Reis, Haferflocken, Bananen, Apfel, Fleisch, Eier haben auch 2-3 protein-shakes pro Tag.<\/p>\n<p>\u2013 <a href=\"http:\/\/getanabolics.biz\/product\/testosterone-enant-250-10-ml-vial-each-1-ml-contains-250-mg-testosterone-enanthate\/\"><strong>Testosteron-Injektionen<\/strong><\/a> muss aufgeteilt werden in 2 Injektionen pro Woche (jeweils @250mg) zu halten Blutspiegel stabil mehr<\/p>\n<p>F\u00fcr PCT <strong>(post cycle therapy)<\/strong> <strong><a href=\"http:\/\/getanabolics.biz\/product\/nolvadex-50-tabs-each-tab-contains-20mg-tamoxifen-citrate\/\">Nolvadex<\/a> <\/strong>(tamoxifen Citrat) zu <strong>wiederherstellen<\/strong> Natur <strong>Testosteron<\/strong> <strong>Produktion<\/strong>. Einige verwenden m\u00f6chten, k\u00f6nnen HCG w\u00e4hrend des Zyklus, aber das ist bis zu Ihnen und die F\u00e4higkeit Ihres K\u00f6rpers zu erholen, aber dies ist dein Erster Zyklus und wei\u00dft immer noch nicht, wie schnell Sie sich erholen. Ich w\u00fcrde vorschlagen, die Entscheidung nur f\u00fcr <strong>Nolvadex<\/strong> Sie erhalten eine gro\u00dfe Erfahrung und wissen in Zukunft, wie Ihr K\u00f6rper reagiert.<\/p>\n<p>&nbsp;<\/p>\n<p>&nbsp;<\/p>\n<table style=\"height: 436px;\" border=\"1\" width=\"483\" cellpadding=\"2\" bgcolor=\"#FEFEFE\">\n<tbody>\n<tr>\n<td align=\"center\" width=\"60\"><span style=\"color: #000000; font-family: verdana; font-size: small;\">Woche<br \/>\nZyklus<\/span><\/td>\n<td align=\"center\" bgcolor=\"#FF9999\">Testosteron-Enant. 250<br \/>\n250mg\/ml<\/td>\n<td align=\"center\" bgcolor=\"#99CCFF\">NOLVADEX<br \/>\n20mg tab<\/td>\n<\/tr>\n<tr>\n<td align=\"center\" width=\"60\"><span style=\"color: #000000; font-family: verdana; font-size: small;\"><b>1<\/b><\/span><\/td>\n<td bgcolor=\"#FF9999\">500mg\/Woche (aufgeteilt in 2 Injektionen pro Woche)<\/td>\n<td><\/td>\n<\/tr>\n<tr>\n<td align=\"center\" width=\"60\"><span style=\"color: #000000; font-family: verdana; font-size: small;\"><b>2<\/b><\/span><\/td>\n<td bgcolor=\"#FF9999\">500mg\/Woche (aufgeteilt in 2 Injektionen pro Woche)<\/td>\n<td><\/td>\n<\/tr>\n<tr>\n<td align=\"center\" width=\"60\"><span style=\"color: #000000; font-family: verdana; font-size: small;\"><b>3<\/b><\/span><\/td>\n<td bgcolor=\"#FF9999\">500mg\/Woche (aufgeteilt in 2 Injektionen pro Woche)<\/td>\n<td><\/td>\n<\/tr>\n<tr>\n<td align=\"center\" width=\"60\"><span style=\"color: #000000; font-family: verdana; font-size: small;\"><b>4<\/b><\/span><\/td>\n<td bgcolor=\"#FF9999\">500mg\/Woche (aufgeteilt in 2 Injektionen pro Woche)<\/td>\n<td><span style=\"color: #000000; font-family: verdana; font-size: small;\"><br \/>\n<\/span><\/td>\n<\/tr>\n<tr>\n<td align=\"center\" width=\"60\"><span style=\"color: #000000; font-family: verdana; font-size: small;\"><b>5<\/b><\/span><\/td>\n<td bgcolor=\"#FF9999\">500mg\/Woche (aufgeteilt in 2 Injektionen pro Woche)<\/td>\n<td><span style=\"color: #000000; font-family: verdana; font-size: small;\"><br \/>\n<\/span><\/td>\n<\/tr>\n<tr>\n<td align=\"center\" width=\"60\"><span style=\"color: #000000; font-family: verdana; font-size: small;\"><b>6<\/b><\/span><\/td>\n<td bgcolor=\"#FF9999\">500mg\/Woche (aufgeteilt in 2 Injektionen pro Woche)<\/td>\n<td><\/td>\n<\/tr>\n<tr>\n<td align=\"center\" width=\"60\"><span style=\"color: #000000; font-family: verdana; font-size: small;\"><b>7<\/b><\/span><\/td>\n<td bgcolor=\"#FF9999\">500mg\/Woche (aufgeteilt in 2 Injektionen pro Woche)<\/td>\n<td><\/td>\n<\/tr>\n<tr>\n<td align=\"center\" width=\"60\"><span style=\"color: #000000; font-family: verdana; font-size: small;\"><b>8<\/b><\/span><\/td>\n<td bgcolor=\"#FF9999\">500mg\/Woche (aufgeteilt in 2 Injektionen pro Woche)<\/td>\n<td><span style=\"color: #000000; font-family: verdana; font-size: small;\"><br \/>\n<\/span><\/td>\n<\/tr>\n<tr>\n<td align=\"center\" width=\"60\"><span style=\"color: #000000; font-family: verdana; font-size: small;\"><b>9<\/b><\/span><\/td>\n<td bgcolor=\"#FF9999\">500mg\/Woche (aufgeteilt in 2 Injektionen pro Woche)<\/td>\n<td><\/td>\n<\/tr>\n<tr>\n<td align=\"center\" width=\"60\"><span style=\"color: #000000; font-family: verdana; font-size: small;\"><b>10<\/b><\/span><\/td>\n<td bgcolor=\"#FF9999\">500mg\/Woche (aufgeteilt in 2 Injektionen pro Woche)<\/td>\n<td><span style=\"color: #000000; font-family: verdana; font-size: small;\"><br \/>\n<\/span><\/td>\n<\/tr>\n<tr>\n<td align=\"center\" width=\"60\"><span style=\"color: #000000; font-family: verdana; font-size: small;\"><b>11<\/b><\/span><\/td>\n<td bgcolor=\"#FF9999\">500mg\/Woche (aufgeteilt in 2 Injektionen pro Woche)<\/td>\n<td><span style=\"color: #000000; font-family: verdana; font-size: small;\"><br \/>\n<\/span><\/td>\n<\/tr>\n<tr>\n<td align=\"center\" width=\"60\"><span style=\"color: #000000; font-family: verdana; font-size: small;\"><b>12<\/b><\/span><\/td>\n<td bgcolor=\"#FF9999\">500mg\/Woche (aufgeteilt in 2 Injektionen pro Woche)<\/td>\n<td><span style=\"color: #000000; font-family: verdana; font-size: small;\"><br \/>\n<\/span><\/td>\n<\/tr>\n<tr>\n<td align=\"center\" width=\"60\"><span style=\"color: #000000; font-family: verdana; font-size: small;\"><b>13<\/b><\/span><\/td>\n<td><\/td>\n<td><span style=\"color: #000000; font-family: verdana; font-size: small;\"><br \/>\n<\/span><\/td>\n<\/tr>\n<tr>\n<td align=\"center\" width=\"60\"><span style=\"color: #000000; font-family: verdana; font-size: small;\"><b>14<\/b><\/span><\/td>\n<td><\/td>\n<td bgcolor=\"#99CCFF\"><span style=\"color: #000000; font-family: verdana; font-size: small;\">20mg\/Tag<br \/>\n<\/span><\/td>\n<\/tr>\n<tr>\n<td align=\"center\" width=\"60\"><span style=\"color: #000000; font-family: verdana; font-size: small;\"><b>15<\/b><\/span><\/td>\n<td><\/td>\n<td bgcolor=\"#99CCFF\"><span style=\"color: #000000; font-family: verdana; font-size: small;\">20mg\/Tag<br \/>\n<\/span><\/td>\n<\/tr>\n<tr>\n<td align=\"center\" width=\"60\"><span style=\"color: #000000; font-family: verdana; font-size: small;\"><b>16<\/b><\/span><\/td>\n<td><\/td>\n<td bgcolor=\"#99CCFF\"><span style=\"color: #000000; font-family: verdana; font-size: small;\">20mg\/Tag<br \/>\n<\/span><\/td>\n<\/tr>\n<tr>\n<td align=\"center\" width=\"60\"><span style=\"color: #000000; font-family: verdana; font-size: small;\"><b>17<\/b><\/span><\/td>\n<td><\/td>\n<td bgcolor=\"#99CCFF\"><span style=\"color: #000000; font-family: verdana; font-size: small;\">20mg\/Tag<br \/>\n<\/span><\/td>\n<\/tr>\n<\/tbody>\n<\/table>\n<p>&nbsp;<\/p>\n<p><b>Gesamt:<\/b><br \/>\n6000 mg <a href=\"http:\/\/getanabolics.biz\/de\/produkt\/testosterone-enant-250-10-ml-vial-each-1-ml-contains-250-mg-testosterone-enanthate\/\">Testosteron-Enant. 250 Alpha Pharma<\/a><br \/>\n50 Tabletten <a href=\"http:\/\/getanabolics.biz\/de\/produkt\/nolvadex-50-registerkarten-jede-registerkarte-enthalt-20mg-tamoxifen-citrate-kaufen\/\">Nolvadex &#8211; Alpha Pharma<\/a><\/p>\n<p>&nbsp;<\/p>\n<p>Fortgeschrittene anabole steroid Benutzer sind die oberste Stufe von erfahrenen Anwendern, und es wird offenbar davon ausgegangen, dass zu diesem Zeitpunkt das anabole steroid Benutzer erhalten hat, genug Erfahrung gesammelt und genug wissen, um davon ausgehen, den status eines fortgeschrittenen Nutzer. Advanced steroid-stacks mit vielen der erweiterten level-verbindungen (wie Anadrol und Trenbolon), aber das ist nicht zu sagen, dass fortgeschrittene anabole steroid-Zyklen kann auch sein das der basic Testosteron nur Zyklus-Protokoll. Dies wurde bereits zuvor angeschnitten, wobei es wurde deutlich gemacht, dass Anf\u00e4nger und fortgeschrittene anabole steroid Benutzer sind nicht beschr\u00e4nkt auf die Verwendung von sehr harten Substanzen, die extrem hohen Dosen, oder auch komplexe Zyklus-stacks. Oft sind die Mehrheit der fortgeschrittene Benutzer wird entscheiden, um f\u00fchren Sie die grundlegenden versucht, Vertrauensw\u00fcrdige und wahre Methoden der Testosteron-nur Zyklen, oder sehr einfache anabole steroid-Zyklen. Dies ist in der Regel sehr \u00fcberraschen Anf\u00e4nger, da sehr oft Anf\u00e4nger (und potenziellen anabole steroid Benutzer) besitzen ein fehlerhaftes Verst\u00e4ndnis von dem, was es ist, um eine erweiterte anabole steroid Benutzer.<\/p>\n<p>&nbsp;<\/p>\n<p>Der Begriff <strong>Steroid-Zyklen<\/strong> bezieht sich auf die regelm\u00e4\u00dfige Verwendung von anabole\/Androgene Steroide (AAS), in der Regel f\u00fcr Muskel-Geb\u00e4ude Zwecke. AAS sind nicht medizinisch zugelassen und zu f\u00f6rdern, \u00fcberm\u00e4\u00dfiger Muskelmasse (bodybuilding) oder verbessern die sportliche Leistung. Abgesehen von fr\u00fchen Experimenten auf Athleten, die von einer Handvoll von Sport-\u00e4rzten, eine umfassende Bem\u00fchungen zur Untersuchung der K\u00f6rper &#8211; und leistungssteigernde Eigenschaften dieser Medikamente, insbesondere mit Blick auf die Entwicklung von Strategien f\u00fcr die Verwendung zur Maximierung der Vorteile und Minimierung der Nebenwirkungen, wurde nicht durchgef\u00fchrt, die von der medizinischen Gemeinschaft. Weil dieses, unerlaubte Nutzer wurden Links, um die Entwicklung Ihrer eigenen Protokolle f\u00fcr die Verwaltung dieser Medikamente. Das Ergebnis ist eine Vielzahl unterschiedlicher Ans\u00e4tze f\u00fcr die Verwendung dieser Wirkstoffe, einige sicherer oder effektiver sind als andere. W\u00e4hrend es nicht m\u00f6glich sein w\u00fcrde, eine umfassende Auswertung aller bekannten Ans\u00e4tze werden in diesem Abschnitt besprechen einige der am meisten grundlegende und bew\u00e4hrte Methoden f\u00fcr die Verwendung von AAS.<br \/>\n<span id=\"result_box\" class=\"short_text\" lang=\"de\"><span class=\"\">mit Diesem Zyklus k\u00f6nnen Sie kaufen auf <a href=\"http:\/\/getanabolics.biz\">getanabolics.biz<\/a><\/span><\/span><\/p>\n<h3>Weiterlesen<\/h3>\n<p><a href=\"http:\/\/getanabolics.biz\/de\/grosse-ergebnisse-aus-dem-besten-trenbolon-acetat\/\">GROSSE ERGEBNISSE AUS DEM BESTEN TRENBOLONACETAT<\/a><\/p>\n<p><a href=\"http:\/\/getanabolics.biz\/de\/alles-sie-ueber-anadrol-wissen\/\">ALLES, WAS SIE \u00dcBER ANADROL WISSEN M\u00dcSSEN<\/a><\/p>\n<p><a href=\"http:\/\/getanabolics.biz\/de\/die-wirkung-von-steroiden-auf-die-menschliche-haut\/\">Die Wirkung von Steroiden auf die menschliche Haut<\/a><\/p>\n<p><a href=\"http:\/\/getanabolics.biz\/de\/sammeln-sie-eine-trockene-masse-ohne-nebenwirkungen\/\">EINE TROCKENMASSE OHNE NEBENWIRKUNGEN AUFNEHMEN<\/a><\/p>\n<p><a href=\"http:\/\/getanabolics.biz\/de\/sollte-die-dauer-des-steroid-kurses-sein\/\">Was sollte die Dauer des STEROIDS-Kurses sein?<\/a><\/p>\n","protected":false},"excerpt":{"rendered":"<p>6000\u00a0mg <a href=\"http:\/\/getanabolics.biz\/de\/produkt\/testosterone-enant-250-10-ml-vial-each-1-ml-contains-250-mg-testosterone-enanthate\/\">Testosterone Enant. 250 &#8211; Alpha Pharma<\/a><br \/>\n50 tabs <a href=\"http:\/\/getanabolics.biz\/de\/produkt\/nolvadex-50-registerkarten-jede-registerkarte-enthalt-20mg-tamoxifen-citrate-kaufen\/\">Nolvadex &#8211; Alpha Pharma<\/a><\/p>\n","protected":false},"featured_media":32350540,"comment_status":"closed","ping_status":"closed","template":"","meta":[],"product_cat":[476],"product_tag":[478,493],"_links":{"self":[{"href":"https:\/\/getanabolics.biz\/de\/wp-json\/wp\/v2\/product\/32350635"}],"collection":[{"href":"https:\/\/getanabolics.biz\/de\/wp-json\/wp\/v2\/product"}],"about":[{"href":"https:\/\/getanabolics.biz\/de\/wp-json\/wp\/v2\/types\/product"}],"replies":[{"embeddable":true,"href":"https:\/\/getanabolics.biz\/de\/wp-json\/wp\/v2\/comments?post=32350635"}],"wp:featuredmedia":[{"embeddable":true,"href":"https:\/\/getanabolics.biz\/de\/wp-json\/wp\/v2\/media\/32350540"}],"wp:attachment":[{"href":"https:\/\/getanabolics.biz\/de\/wp-json\/wp\/v2\/media?parent=32350635"}],"wp:term":[{"taxonomy":"product_cat","embeddable":true,"href":"https:\/\/getanabolics.biz\/de\/wp-json\/wp\/v2\/product_cat?post=32350635"},{"taxonomy":"product_tag","embeddable":true,"href":"https:\/\/getanabolics.biz\/de\/wp-json\/wp\/v2\/product_tag?post=32350635"}],"curies":[{"name":"wp","href":"https:\/\/api.w.org\/{rel}","templated":true}]}}