{"id":32350630,"date":"2017-06-07T04:33:57","date_gmt":"2017-06-07T04:33:57","guid":{"rendered":"http:\/\/getanabolics.biz\/product\/mass-cycle-us-top\/"},"modified":"2018-01-21T19:22:23","modified_gmt":"2018-01-21T19:22:23","slug":"mass-cycle-us-top","status":"publish","type":"product","link":"https:\/\/getanabolics.biz\/de\/produkt\/mass-cycle-us-top\/","title":{"rendered":"MASS CYCLE US TOP"},"content":{"rendered":"<p class=\"text\">Steroid-Zyklen bezieht sich auf den Zeitraum anabole Steroide verwendet werden. Diese Zeit ist oft bezeichnet als <strong>&#8222;-Zyklus.&#8220;<\/strong> Wenn Steroide nicht verwendet werden, dies bezeichnet man als <strong>&#8222;Off-Zyklus.&#8220;<\/strong> F\u00fcr die auf-cycle-phase, gibt es unz\u00e4hlige Optionen und Pakete. &#8222;Stacks&#8220; beziehen sich auf die Kombination von anabolen Steroiden sowie nicht-steroidale Elemente verwendet, w\u00e4hrend der am Zyklus-phase. Mit Hunderten von anabolen Steroiden, unterschiedliche Peptid-Hormone, SERM &#8217;s, AI&#8216; s, die Hormone der Schilddr\u00fcse und vieles mehr, es gibt wirklich unz\u00e4hlige m\u00f6glich-stacks. Die Optionen sind so zahlreich, jeder Stapel und radeln Sie verpflichten sich, es k\u00f6nnte ganz anders sein. Jedoch, die meisten steroid Benutzer werden vertraut mit bestimmten Stapel; Sie werden entdecken, bestimmte Kombinationen, die die besten Ergebnisse erzielen, und das werden Sie bleiben, mit den Pl\u00e4nen.<\/p>\n<p class=\"text\">&#8222;Erweitert&#8220; anabolen steroid Benutzer sind die oberste Stufe von erfahrenen Anwendern, und es wird offenbar davon ausgegangen, dass zu diesem Zeitpunkt das anabole steroid Benutzer erhalten hat, genug Erfahrung gesammelt und genug wissen, um davon ausgehen, den status eines fortgeschrittenen Nutzer. Advanced steroid-stacks mit vielen der erweiterten level-verbindungen (wie z.B. <a href=\"http:\/\/getanabolics.biz\/product\/anadrol-50-tabs-each-tab-contains-50-mg-oxymetholone\/\">Anadrol <\/a>und <a href=\"http:\/\/getanabolics.biz\/product\/trenbolone-acetate-10-amps-each-1-ampoule-has-100mg-trenbolone-acetate\/\">Trenbolone<\/a>)aber dies ist nicht zu sagen, dass fortgeschrittene anabole steroid-Zyklen kann auch sein das der basic <strong>Testosteron nur Zyklus-Protokoll.<\/strong> Das wurde zuvor bereits angerissen, wobei es wurde deutlich gemacht, dass Anf\u00e4nger und fortgeschrittene anabole steroid Benutzer sind nicht beschr\u00e4nkt auf die Verwendung von sehr harten Substanzen, die extrem hohen Dosen, oder auch komplexe Zyklus-stacks. Oft sind die Mehrheit der fortgeschrittene Benutzer wird entscheiden, um f\u00fchren Sie die grundlegenden versucht, Vertrauensw\u00fcrdige und wahre Methoden der Testosteron-nur Zyklen, oder sehr einfache anabole steroid-Zyklen. Dies ist in der Regel sehr \u00fcberraschen Anf\u00e4nger, da sehr oft Anf\u00e4nger (und potenziellen anabole steroid Benutzer) besitzen ein fehlerhaftes Verst\u00e4ndnis von dem, was es ist, um eine erweiterte anabole steroid Benutzer.<\/p>\n<p>Unabh\u00e4ngig von der Stapel-oder der Zyklus in dem Sie ausgef\u00fchrt werden, gibt es Allgemeine Regeln und \u00fcberlegungen spielt, die helfen, Sie sicher zu halten. Zum Beispiel, die prim\u00e4re Regel eines jeden Zyklus ist, dass es irgendeine form von Testosteron. Die form von Testosteron, ist nicht von Belang. Das einzige, was z\u00e4hlt, ist, dass der K\u00f6rper genug von dieser wesentlichen hormone, um richtig zu funktionieren.<\/p>\n<p class=\"text\">Dieser Zyklus ist eine st\u00e4rkere version von <a href=\"http:\/\/getanabolics.biz\/product\/mass-cycle-advanced\/\">Masse-Zyklus Erweitert<\/a>. Es hat auch <a href=\"http:\/\/getanabolics.biz\/product\/deca-250-box-of-10-ampoules-of-1ml-250mg-ml-total-2500mg-nandrolone-decaonate\/\">Deca 250<\/a> &#8211; neben <a href=\"http:\/\/getanabolics.biz\/product\/dianabol-100-tabs-each-contains-10-mg-methandienone\/\">Dianabol<\/a> und die <a href=\"http:\/\/getanabolics.biz\/product\/testosterone-enant-250-10-ml-vial-each-1-ml-contains-250-mg-testosterone-enanthate\/\">Testosteron-Enant. 250<\/a>.<\/p>\n<p>Verbrauchen protein mindestens 3 Gramm pro kg\/K\u00f6rpergewicht und Ihre t\u00e4gliche Kalorienzufuhr betr\u00e4gt 50 cal pro kg\/K\u00f6rpergewicht. Folgen Sie ein high-intensity-training 4-5 Tage in der Woche und trinken Sie viel Wasser, w\u00e4hrend auf Zyklus.<\/p>\n<div id=\"printablediv\">\n<p>&nbsp;<\/p>\n<table border=\"1\" width=\"65%\" cellpadding=\"2\" bgcolor=\"#fefefe\">\n<tbody>\n<tr>\n<td align=\"center\" width=\"60\">Woche<br \/>\nZyklus<\/td>\n<td align=\"center\" bgcolor=\"#FF9999\"><span style=\"font-family: verdana; font-size: small;\">Testosteron-Enant. 250<br \/>\n250mg\/ml<\/span><\/td>\n<td align=\"center\" bgcolor=\"#99CCFF\"><span style=\"font-family: verdana; font-size: small;\">Deca 250<br \/>\n250mg\/ml<\/span><\/td>\n<td align=\"center\" bgcolor=\"#FFFFCC\"><span style=\"font-family: verdana; font-size: small;\">Dianabol<br \/>\n10mg tab<\/span><\/td>\n<td align=\"center\" bgcolor=\"#99FFCC\"><span style=\"font-family: verdana; font-size: small;\">Aromasin<br \/>\n25mg tab<\/span><\/td>\n<\/tr>\n<tr>\n<td align=\"center\" width=\"60\"><span style=\"font-family: verdana; font-size: small;\"><b>1<\/b><\/span><\/td>\n<td bgcolor=\"#FF9999\"><span style=\"font-family: verdana; font-size: small;\">3ml\/Woche<\/span><\/td>\n<td bgcolor=\"#99CCFF\"><span style=\"font-family: verdana; font-size: small;\">2ml\/Woche<\/span><\/td>\n<td bgcolor=\"#FFFFCC\"><span style=\"font-family: verdana; font-size: small;\">2 Tabletten\/Tag<\/span><\/td>\n<td bgcolor=\"#99FFCC\"><span style=\"font-family: verdana; font-size: small;\">0,5 ist tab\/Tag<\/span><\/td>\n<\/tr>\n<tr>\n<td align=\"center\" width=\"60\"><span style=\"font-family: verdana; font-size: small;\"><b>2<\/b><\/span><\/td>\n<td bgcolor=\"#FF9999\"><span style=\"font-family: verdana; font-size: small;\">3ml\/Woche<\/span><\/td>\n<td bgcolor=\"#99CCFF\"><span style=\"font-family: verdana; font-size: small;\">2ml\/Woche<\/span><\/td>\n<td bgcolor=\"#FFFFCC\"><span style=\"font-family: verdana; font-size: small;\">2 Tabletten\/Tag<\/span><\/td>\n<td bgcolor=\"#99FFCC\"><span style=\"font-family: verdana; font-size: small;\">0,5 ist tab\/Tag<\/span><\/td>\n<\/tr>\n<tr>\n<td align=\"center\" width=\"60\"><span style=\"font-family: verdana; font-size: small;\"><b>3<\/b><\/span><\/td>\n<td bgcolor=\"#FF9999\"><span style=\"font-family: verdana; font-size: small;\">3ml\/Woche<\/span><\/td>\n<td bgcolor=\"#99CCFF\"><span style=\"font-family: verdana; font-size: small;\">2ml\/Woche<\/span><\/td>\n<td bgcolor=\"#FFFFCC\"><span style=\"font-family: verdana; font-size: small;\">3 tabs\/Tag<\/span><\/td>\n<td bgcolor=\"#99FFCC\"><span style=\"font-family: verdana; font-size: small;\">0,5 ist tab\/Tag<\/span><\/td>\n<\/tr>\n<tr>\n<td align=\"center\" width=\"60\"><span style=\"font-family: verdana; font-size: small;\"><b>4<\/b><\/span><\/td>\n<td bgcolor=\"#FF9999\"><span style=\"font-family: verdana; font-size: small;\">3ml\/Woche<\/span><\/td>\n<td bgcolor=\"#99CCFF\"><span style=\"font-family: verdana; font-size: small;\">2ml\/Woche<\/span><\/td>\n<td bgcolor=\"#FFFFCC\"><span style=\"font-family: verdana; font-size: small;\">3 tabs\/Tag<\/span><\/td>\n<td bgcolor=\"#99FFCC\"><span style=\"font-family: verdana; font-size: small;\">0,5 ist tab\/Tag<\/span><\/td>\n<\/tr>\n<tr>\n<td align=\"center\" width=\"60\"><span style=\"font-family: verdana; font-size: small;\"><b>5<\/b><\/span><\/td>\n<td bgcolor=\"#FF9999\"><span style=\"font-family: verdana; font-size: small;\">2ml\/Woche<\/span><\/td>\n<td bgcolor=\"#99CCFF\"><span style=\"font-family: verdana; font-size: small;\">2ml\/Woche<\/span><\/td>\n<td bgcolor=\"#FFFFCC\"><span style=\"font-family: verdana; font-size: small;\">2 Tabletten\/Tag<\/span><\/td>\n<td><\/td>\n<\/tr>\n<tr>\n<td align=\"center\" width=\"60\"><span style=\"font-family: verdana; font-size: small;\"><b>6<\/b><\/span><\/td>\n<td bgcolor=\"#FF9999\"><span style=\"font-family: verdana; font-size: small;\">2ml\/Woche<\/span><\/td>\n<td bgcolor=\"#99CCFF\"><span style=\"font-family: verdana; font-size: small;\">2ml\/Woche<\/span><\/td>\n<td bgcolor=\"#FFFFCC\"><span style=\"font-family: verdana; font-size: small;\">2 Tabletten\/Tag<\/span><\/td>\n<td bgcolor=\"#99FFCC\"><span style=\"font-family: verdana; font-size: small;\">0,5 ist tab\/Tag<\/span><\/td>\n<\/tr>\n<tr>\n<td align=\"center\" width=\"60\"><span style=\"font-family: verdana; font-size: small;\"><b>7<\/b><\/span><\/td>\n<td bgcolor=\"#FF9999\"><span style=\"font-family: verdana; font-size: small;\">2ml\/Woche<\/span><\/td>\n<td bgcolor=\"#99CCFF\"><span style=\"font-family: verdana; font-size: small;\">2ml\/Woche<\/span><\/td>\n<td><\/td>\n<td bgcolor=\"#99FFCC\"><span style=\"font-family: verdana; font-size: small;\">0,5 ist tab\/Tag<\/span><\/td>\n<\/tr>\n<tr>\n<td align=\"center\" width=\"60\"><span style=\"font-family: verdana; font-size: small;\"><b>8<\/b><\/span><\/td>\n<td bgcolor=\"#FF9999\"><span style=\"font-family: verdana; font-size: small;\">2ml\/Woche<\/span><\/td>\n<td bgcolor=\"#99CCFF\"><span style=\"font-family: verdana; font-size: small;\">2ml\/Woche<\/span><\/td>\n<td><\/td>\n<td bgcolor=\"#99FFCC\"><span style=\"font-family: verdana; font-size: small;\">0,5 ist tab\/Tag<\/span><\/td>\n<\/tr>\n<tr>\n<td align=\"center\" width=\"60\"><span style=\"font-family: verdana; font-size: small;\"><b>9<\/b><\/span><\/td>\n<td><\/td>\n<td><\/td>\n<td><\/td>\n<td><\/td>\n<\/tr>\n<tr>\n<td align=\"center\" width=\"60\"><span style=\"font-family: verdana; font-size: small;\"><b>10<\/b><\/span><\/td>\n<td><\/td>\n<td><\/td>\n<td><\/td>\n<td><\/td>\n<\/tr>\n<tr>\n<td align=\"center\" width=\"60\"><span style=\"font-family: verdana; font-size: small;\"><b>11<\/b><\/span><\/td>\n<td><\/td>\n<td><\/td>\n<td><\/td>\n<td bgcolor=\"#99FFCC\"><span style=\"font-family: verdana; font-size: small;\">0,5 ist tab\/Tag<\/span><\/td>\n<\/tr>\n<tr>\n<td align=\"center\" width=\"60\"><span style=\"font-family: verdana; font-size: small;\"><b>12<\/b><\/span><\/td>\n<td><\/td>\n<td><\/td>\n<td><\/td>\n<td bgcolor=\"#99FFCC\"><span style=\"font-family: verdana; font-size: small;\">0,5 ist tab\/Tag<\/span><\/td>\n<\/tr>\n<\/tbody>\n<\/table>\n<p>&nbsp;<\/p>\n<p><b>Gesamt:<\/b><br \/>\n20 ml <a href=\"http:\/\/getanabolics.biz\/de\/produkt\/deca-250-box-mit-10-ampullen-von-1-ml-250mg-ml-insgesamt-2500mg-nandrolon-decaonate-kaufen\/\">Testosteron-Enant. 250 Alpha Pharma<\/a><br \/>\n20 ml <a href=\"http:\/\/getanabolics.biz\/de\/produkt\/deca-250-box-mit-10-ampullen-von-1-ml-250mg-ml-insgesamt-2500mg-nandrolon-decaonate-kaufen\/\">Deca 250 Alpha Pharma<\/a><br \/>\n100 Tabletten <a href=\"http:\/\/getanabolics.biz\/de\/produkt\/dianabol-100-tabs-each-contains-10-mg-methandienone\/\">Dianabol &#8211; Maxtreme<\/a><br \/>\n30 Tabletten <a href=\"http:\/\/getanabolics.biz\/de\/produkt\/aromasin-30-tabletten-jede-hat-25-mg-exemestane-kaufen\/\">Aromasin &#8211; Alpha Pharma<\/a><\/p>\n<p>&nbsp;<\/p>\n<\/div>\n<p>Sollten Sie tabs nach den Mahlzeiten zu vermeiden Bauch aufgeregt. Und aufteilen der Dosis auf zwei mal pro Tag. Eine am morgen und eine am Abend.l<br \/>\n<b>Mariendistel Erg\u00e4nzungen werden empfohlen, durch den Zyklus zu unterst\u00fctzen, die Leber und trinken Sie viel Wasser und nehmen Sie Kabeljau-Leber-\u00d6l zur Unterst\u00fctzung der Niere.<br \/>\nDies ist ein Beispiel-Zyklus mit max. Dosierungen. Immer starten Sie einen Zyklus mit niedrigeren Dosierungen und leicht zu erreichen max. Ebenen. Wenn Sie sich schlecht f\u00fchlen, verringern Sie die Dosierung oder beenden.<br \/>\nNach den Zyklus, wenn n\u00f6tig, ZMA oder Tribulus verwendet werden k\u00f6nnen zur Steigerung der nat\u00fcrlichen Testosteronspiegel wieder normal.<\/b><\/p>\n<p>&nbsp;<\/p>\n<p>Wieder einmal, es muss daran erinnert werden, f\u00fcr den Leser, die folgenden zwei Punkte definieren eine erweiterte anabole steroid Benutzer:<\/p>\n<p>\u2013 Das kumulative sammeln von Zyklus-Erfahrung, training, Erfahrung, wissen und Verst\u00e4ndnis, das sind alles nur m\u00f6glich \u00fcber Jahre von anabolen steroid verwenden.<br \/>\n\u2013 Das vollst\u00e4ndige Verst\u00e4ndnis des eigenen K\u00f6rpers, seiner Reaktionen und Reaktionen auf verschiedene Substanzen, Stoffe und Reize zur Verf\u00fcgung gestellt von der jahrelangen Erfahrung von anabolen steroid-Zyklen.<\/p>\n<p>Die definition von einem &#8220; advanced user ist NICHT: eine Person, die nutzt immer h\u00f6her und h\u00f6her Dosen von anabolen Steroiden in jedem nachfolgenden Zyklus.<\/p>\n<p>&nbsp;<\/p>\n<p>Der Begriff <strong>Steroid-Zyklen<\/strong> bezieht sich auf die regelm\u00e4\u00dfige Verwendung von anabole\/Androgene Steroide (AAS), in der Regel f\u00fcr Muskel-Geb\u00e4ude Zwecke. AAS sind nicht medizinisch zugelassen und zu f\u00f6rdern, \u00fcberm\u00e4\u00dfiger Muskelmasse (bodybuilding) oder verbessern die sportliche Leistung. Abgesehen von fr\u00fchen Experimenten auf Athleten, die von einer Handvoll von Sport-\u00e4rzten, eine umfassende Bem\u00fchungen zur Untersuchung der K\u00f6rper &#8211; und leistungssteigernde Eigenschaften dieser Medikamente, insbesondere mit Blick auf die Entwicklung von Strategien f\u00fcr die Verwendung zur Maximierung der Vorteile und Minimierung der Nebenwirkungen, wurde nicht durchgef\u00fchrt, die von der medizinischen Gemeinschaft. Weil dieses, unerlaubte Nutzer wurden Links, um die Entwicklung Ihrer eigenen Protokolle f\u00fcr die Verwaltung dieser Medikamente. Das Ergebnis ist eine Vielzahl unterschiedlicher Ans\u00e4tze f\u00fcr die Verwendung dieser Wirkstoffe, einige sicherer oder effektiver sind als andere. W\u00e4hrend es nicht m\u00f6glich sein w\u00fcrde, eine umfassende Auswertung aller bekannten Ans\u00e4tze werden in diesem Abschnitt besprechen einige der am meisten grundlegende und bew\u00e4hrte Methoden f\u00fcr die Verwendung von AAS.<\/p>\n<p><span id=\"result_box\" class=\"short_text\" lang=\"de\"><span class=\"\">mit Diesem Zyklus k\u00f6nnen Sie kaufen auf <a href=\"http:\/\/getanabolics.biz\">getanabolics.biz<\/a><\/span><\/span><\/p>\n<h3>Weiterlesen<\/h3>\n<p><a href=\"http:\/\/getanabolics.biz\/de\/deca-durabolin-nebenwirkungen\/\">DECA DURABOLIN NEBENWIRKUNGEN<\/a><\/p>\n<p><a href=\"http:\/\/getanabolics.biz\/de\/alles-ueber-proviron-mesterolone\/\">ALLES \u00dcBER PROVIRON (MESTEROLON)<\/a><\/p>\n<p><a href=\"http:\/\/getanabolics.biz\/de\/sollte-die-dauer-des-steroid-kurses-sein\/\">Was sollte die Dauer des STEROIDS-Kurses sein?<\/a><\/p>\n<p><a href=\"http:\/\/getanabolics.biz\/de\/kreatin-auf-einem-kurs-von-steroiden\/\">Kreatin auf einem Kurs von Steroiden<\/a><\/p>\n<p><a href=\"http:\/\/getanabolics.biz\/de\/crossfit-und-steroide\/\">CROSSFIT UND STEROIDE<\/a><\/p>\n","protected":false},"excerpt":{"rendered":"<p>20 ml <a href=\"http:\/\/getanabolics.biz\/de\/produkt\/testosterone-enant-250-10-ml-vial-each-1-ml-contains-250-mg-testosterone-enanthate\/\">Testosterone Enant. 250 &#8211; Alpha Pharma<\/a><br \/>\n20 ml <a href=\"http:\/\/getanabolics.biz\/de\/produkt\/deca-250-box-mit-10-ampullen-von-1-ml-250mg-ml-insgesamt-2500mg-nandrolon-decaonate-kaufen\/\">Deca\u00a0250 &#8211; Alpha Pharma<\/a><br \/>\n100 tabs <a href=\"http:\/\/getanabolics.biz\/de\/produkt\/dianabol-100-tabs-each-contains-10-mg-methandienone\/\">Dianabol &#8211; Maxtreme<\/a><br \/>\n30 tabs <a href=\"http:\/\/getanabolics.biz\/de\/produkt\/aromasin-30-tabletten-jede-hat-25-mg-exemestane-kaufen\/\">Aromasin &#8211;\u00a0Alpha Pharma<\/a><\/p>\n","protected":false},"featured_media":32350555,"comment_status":"closed","ping_status":"closed","template":"","meta":[],"product_cat":[476],"product_tag":[463,486,541,567],"_links":{"self":[{"href":"https:\/\/getanabolics.biz\/de\/wp-json\/wp\/v2\/product\/32350630"}],"collection":[{"href":"https:\/\/getanabolics.biz\/de\/wp-json\/wp\/v2\/product"}],"about":[{"href":"https:\/\/getanabolics.biz\/de\/wp-json\/wp\/v2\/types\/product"}],"replies":[{"embeddable":true,"href":"https:\/\/getanabolics.biz\/de\/wp-json\/wp\/v2\/comments?post=32350630"}],"wp:featuredmedia":[{"embeddable":true,"href":"https:\/\/getanabolics.biz\/de\/wp-json\/wp\/v2\/media\/32350555"}],"wp:attachment":[{"href":"https:\/\/getanabolics.biz\/de\/wp-json\/wp\/v2\/media?parent=32350630"}],"wp:term":[{"taxonomy":"product_cat","embeddable":true,"href":"https:\/\/getanabolics.biz\/de\/wp-json\/wp\/v2\/product_cat?post=32350630"},{"taxonomy":"product_tag","embeddable":true,"href":"https:\/\/getanabolics.biz\/de\/wp-json\/wp\/v2\/product_tag?post=32350630"}],"curies":[{"name":"wp","href":"https:\/\/api.w.org\/{rel}","templated":true}]}}