{"id":32350610,"date":"2017-06-06T21:00:42","date_gmt":"2017-06-06T21:00:42","guid":{"rendered":"http:\/\/getanabolics.biz\/product\/starkes-schneiden-zyklus\/"},"modified":"2018-01-21T19:57:34","modified_gmt":"2018-01-21T19:57:34","slug":"starkes-schneiden-zyklus","status":"publish","type":"product","link":"https:\/\/getanabolics.biz\/de\/produkt\/starkes-schneiden-zyklus\/","title":{"rendered":"STARKES SCHNEIDEN ZYKLUS"},"content":{"rendered":"<p>Steroid-Zyklen bezieht sich auf den Zeitraum anabole Steroide verwendet werden. Dieser Zeitraum wird oft als &#8222;On-Zyklus.&#8220; Wenn Steroide nicht verwendet werden, dies bezeichnet man als &#8222;Off-Zyklus.&#8220; F\u00fcr den auf-cycle-phase, gibt es unz\u00e4hlige Optionen und Pakete. &#8222;Stacks&#8220; beziehen sich auf die Kombination von anabolen Steroiden sowie nicht-steroidale Elemente verwendet, w\u00e4hrend der am Zyklus-phase. Mit Hunderten von anabolen Steroiden, unterschiedliche Peptid-Hormone, SERM &#8217;s, AI&#8216; s, die Hormone der Schilddr\u00fcse und vieles mehr, es gibt wirklich unz\u00e4hlige m\u00f6glich-stacks. Die Optionen sind so zahlreich, jeder Stapel und radeln Sie verpflichten sich, es k\u00f6nnte ganz anders sein. Jedoch, die meisten steroid Benutzer werden vertraut mit bestimmten Stapel; Sie werden entdecken, bestimmte Kombinationen, die die besten Ergebnisse erzielen, und das werden Sie bleiben, mit diesen Pl\u00e4nen.<\/p>\n<p>Fortgeschrittene anabole steroid Benutzer sind die oberste Stufe von erfahrenen Anwendern, und es wird offenbar davon ausgegangen, dass zu diesem Zeitpunkt das anabole steroid Benutzer erhalten hat, genug Erfahrung gesammelt und genug wissen, um davon ausgehen, den status eines fortgeschrittenen Nutzer. Advanced steroid-stacks mit vielen der erweiterten level-verbindungen (wie Anadrol und Trenbolon), aber das ist nicht zu sagen, dass fortgeschrittene anabole steroid-Zyklen kann auch sein das der basic Testosteron nur Zyklus-Protokoll. Dies wurde bereits zuvor angeschnitten, wobei es wurde deutlich gemacht, dass Anf\u00e4nger und fortgeschrittene anabole steroid Benutzer sind nicht beschr\u00e4nkt auf die Verwendung von sehr harten Substanzen, die extrem hohen Dosen, oder auch komplexe Zyklus-stacks. Oft sind die Mehrheit der fortgeschrittene Benutzer wird entscheiden, um f\u00fchren Sie die grundlegenden versucht, Vertrauensw\u00fcrdige und wahre Methoden der Testosteron-nur Zyklen, oder sehr einfache anabole steroid-Zyklen. Dies ist in der Regel sehr \u00fcberraschen Anf\u00e4nger, da sehr oft Anf\u00e4nger (und potenziellen anabole steroid Benutzer) besitzen ein fehlerhaftes Verst\u00e4ndnis von dem, was es ist, um eine erweiterte anabole steroid Benutzer.<\/p>\n<p>Unabh\u00e4ngig von der Stapel-oder der Zyklus in dem Sie ausgef\u00fchrt werden, gibt es Allgemeine Regeln und \u00fcberlegungen spielt, die helfen, Sie sicher zu halten. Zum Beispiel, die prim\u00e4re Regel eines jeden Zyklus ist, dass es irgendeine form von Testosteron. Die form von Testosteron, ist nicht von Belang. Das einzige, was z\u00e4hlt, ist, dass der K\u00f6rper genug von dieser wesentlichen hormone, um richtig zu funktionieren.<\/p>\n<p class=\"text\">Tolle orale schneiden Zyklus mit besten m\u00fcndlichen schneiden Steroide wie <a href=\"http:\/\/getanabolics.biz\/product\/anavar-50-tabs-x-10mg-total-500mg-oxandrolone-3\/\">Anavar <\/a>und <a href=\"http:\/\/getanabolics.biz\/product\/winstrol-tabs-10-buy-winstrol-pills-50-tabs-each-contains-10-mg-stanozolol\/\">Winstrol<\/a>. <a href=\"http:\/\/getanabolics.biz\/product\/clenbuterol-40-100-tabs-each-40-mcg-clenbuterol-hydrochloride\/\">Clenbuterol <\/a>und <a href=\"http:\/\/getanabolics.biz\/product\/cytomel-t3-100-50-tabs-each-100-mcg-liothyronine-sodium\/\">Cytomel T3<\/a> f\u00fcr leistungsstarke Fettabbau.<\/p>\n<p>Sollten Sie eine proteinreiche Ern\u00e4hrung mit niedrigem Kohlenhydrate, tun, cardio 30. min morgens vor dem Fr\u00fchst\u00fcck und Gewichtheben in den Abend . Dann k\u00f6nnen Sie ganz einfach Fett zu verbrennen nicht das K\u00f6rpergewicht, einschlie\u00dflich Muskeln.<\/p>\n<div id=\"printablediv\">\n<p>&nbsp;<\/p>\n<table border=\"1\" width=\"60%\" cellpadding=\"2\" bgcolor=\"#F7F7F7\">\n<tbody>\n<tr>\n<td align=\"center\" width=\"60\">Woche<br \/>\nZyklus<\/td>\n<td align=\"center\" bgcolor=\"#FF9999\"><span style=\"font-family: verdana; font-size: small;\">CLENBUTEROL<br \/>\n40mcg tab<\/span><\/td>\n<td align=\"center\" bgcolor=\"#99CCFF\"><span style=\"font-family: verdana; font-size: small;\">WINSTROL TABS.<br \/>\n10mg tab<\/span><\/td>\n<td align=\"center\" bgcolor=\"#FFFFCC\"><span style=\"font-family: verdana; font-size: small;\">ANAVAR<br \/>\n10mg tab<\/span><\/td>\n<td align=\"center\" bgcolor=\"#99FFCC\"><span style=\"font-family: verdana; font-size: small;\">CYTOMEL<br \/>\n100mcg tab<\/span><\/td>\n<td align=\"center\" bgcolor=\"#FFDA84\"><span style=\"font-family: verdana; font-size: small;\">PROVIRON<br \/>\n25mg tab<\/span><\/td>\n<\/tr>\n<tr>\n<td align=\"center\" width=\"60\"><span style=\"font-family: verdana; font-size: small;\"><b>1<\/b><\/span><\/td>\n<td bgcolor=\"#FF9999\"><span style=\"font-family: verdana; font-size: small;\">1 tabs\/Tag<\/span><\/td>\n<td bgcolor=\"#99CCFF\"><span style=\"font-family: verdana; font-size: small;\">2 Tabletten\/Tag<\/span><\/td>\n<td bgcolor=\"#FFFFCC\"><span style=\"font-family: verdana; font-size: small;\">2 Tabletten\/Tag<\/span><\/td>\n<td><\/td>\n<td><\/td>\n<\/tr>\n<tr>\n<td align=\"center\" width=\"60\"><span style=\"font-family: verdana; font-size: small;\"><b>2<\/b><\/span><\/td>\n<td bgcolor=\"#FF9999\"><span style=\"font-family: verdana; font-size: small;\">2 Tabletten\/Tag<\/span><\/td>\n<td bgcolor=\"#99CCFF\"><span style=\"font-family: verdana; font-size: small;\">2 Tabletten\/Tag<\/span><\/td>\n<td bgcolor=\"#FFFFCC\"><span style=\"font-family: verdana; font-size: small;\">2 Tabletten\/Tag<\/span><\/td>\n<td bgcolor=\"#99FFCC\"><span style=\"font-family: verdana; font-size: small;\">0,5 ist tab\/Tag<\/span><\/td>\n<td><\/td>\n<\/tr>\n<tr>\n<td align=\"center\" width=\"60\"><span style=\"font-family: verdana; font-size: small;\"><b>3<\/b><\/span><\/td>\n<td bgcolor=\"#FF9999\"><span style=\"font-family: verdana; font-size: small;\">2 Tabletten\/Tag<\/span><\/td>\n<td bgcolor=\"#99CCFF\"><span style=\"font-family: verdana; font-size: small;\">3 tabs\/Tag<\/span><\/td>\n<td bgcolor=\"#FFFFCC\"><span style=\"font-family: verdana; font-size: small;\">3 tabs\/Tag<\/span><\/td>\n<td bgcolor=\"#99FFCC\"><span style=\"font-family: verdana; font-size: small;\">0,5 ist tab\/Tag<\/span><\/td>\n<td bgcolor=\"#FFDA84\"><span style=\"font-family: verdana; font-size: small;\">1 tab\/Tag<\/span><\/td>\n<\/tr>\n<tr>\n<td align=\"center\" width=\"60\"><span style=\"font-family: verdana; font-size: small;\"><b>4<\/b><\/span><\/td>\n<td bgcolor=\"#FF9999\"><span style=\"font-family: verdana; font-size: small;\">2 Tabletten\/Tag<\/span><\/td>\n<td bgcolor=\"#99CCFF\"><span style=\"font-family: verdana; font-size: small;\">3 tabs\/Tag<\/span><\/td>\n<td bgcolor=\"#FFFFCC\"><span style=\"font-family: verdana; font-size: small;\">3 tabs\/Tag<\/span><\/td>\n<td bgcolor=\"#99FFCC\"><span style=\"font-family: verdana; font-size: small;\">0.75 tab\/Tag<\/span><\/td>\n<td bgcolor=\"#FFDA84\"><span style=\"font-family: verdana; font-size: small;\">1 tab\/Tag<\/span><\/td>\n<\/tr>\n<tr>\n<td align=\"center\" width=\"60\"><span style=\"font-family: verdana; font-size: small;\"><b>5<\/b><\/span><\/td>\n<td><\/td>\n<td bgcolor=\"#99CCFF\"><span style=\"font-family: verdana; font-size: small;\">2 Tabletten\/Tag<\/span><\/td>\n<td bgcolor=\"#FFFFCC\"><span style=\"font-family: verdana; font-size: small;\">2 Tabletten\/Tag<\/span><\/td>\n<td bgcolor=\"#99FFCC\"><span style=\"font-family: verdana; font-size: small;\">0.75 tab\/Tag<\/span><\/td>\n<td bgcolor=\"#FFDA84\"><span style=\"font-family: verdana; font-size: small;\">1 tab\/Tag<\/span><\/td>\n<\/tr>\n<tr>\n<td align=\"center\" width=\"60\"><span style=\"font-family: verdana; font-size: small;\"><b>6<\/b><\/span><\/td>\n<td><\/td>\n<td bgcolor=\"#99CCFF\"><span style=\"font-family: verdana; font-size: small;\">2 Tabletten\/Tag<\/span><\/td>\n<td bgcolor=\"#FFFFCC\"><span style=\"font-family: verdana; font-size: small;\">2 Tabletten\/Tag<\/span><\/td>\n<td bgcolor=\"#99FFCC\"><span style=\"font-family: verdana; font-size: small;\">0,5 ist tab\/Tag<\/span><\/td>\n<td bgcolor=\"#FFDA84\"><span style=\"font-family: verdana; font-size: small;\">1 tab\/Tag<\/span><\/td>\n<\/tr>\n<tr>\n<td align=\"center\" width=\"60\"><span style=\"font-family: verdana; font-size: small;\"><b>7<\/b><\/span><\/td>\n<td><\/td>\n<td><\/td>\n<td><\/td>\n<td><\/td>\n<td bgcolor=\"#FFDA84\"><span style=\"font-family: verdana; font-size: small;\">1 tab\/Tag<\/span><\/td>\n<\/tr>\n<\/tbody>\n<\/table>\n<p>&nbsp;<\/p>\n<p><b>Gesamt:<\/b><br \/>\n100 Tabletten Clenbuterol 40 &#8211; Maxtreme<br \/>\n100 tabs Winstrol tabs 10 &#8211; Alpha Pharma<br \/>\n100 Tabletten Anavar &#8211; Maxtreme<br \/>\n1 pack Cytomel (T3) &#8211; 100 &#8211; Maxtreme<br \/>\n50 tabs Proviron &#8211; Bayer\/Schering<\/p>\n<p>&nbsp;<\/p>\n<\/div>\n<p>Nehmen Sie Clenbuterol und Cytomel mindestens 30 min. vor den Mahlzeiten aufgeteilt, die Dosierung von zwei mal t\u00e4glich. Eine am morgen und eine am Abend.<\/p>\n<p>Nehmen Anavar, Winstrol und Proviron nach den Mahlzeiten und aufteilen der Dosis auf zwei mal pro Tag. Eine am morgen und eine am Abend.<\/p>\n<p>Wenn Sie beenden den Zyklus geben, eine Pause von mindestens 8 Wochen. Sie k\u00f6nnen nicht den permanenten Fettabbau, wenn Sie nicht korrigieren Sie Ihre Ern\u00e4hrung und setzen Sie auf ein paar Muskeln.<\/p>\n<p>&nbsp;<\/p>\n<p><b>Mariendistel &#8211; Leber-Schutz-Erg\u00e4nzungen ist ein MUSS, durch diesen Zyklus, wie es besteht aus mehreren m\u00fcndlichen Pr\u00fcfungen. Trinken Sie viel Wasser und nehmen Sie Kabeljau-Leber-\u00d6l zur Unterst\u00fctzung der Niere. Nehmen auch Omega-3 und CLA f\u00fcr eine effektivere Fettverbrennung. Um zu verhindern, dass clenbuterol Kr\u00e4mpfe Nahrungserg\u00e4nzungsmittel mit der Aminos\u00e4ure Taurin.<br \/>\nDies ist ein Beispiel-Zyklus mit max. Dosierungen. Immer starten Sie einen Zyklus mit niedrigeren Dosierungen und leicht zu erreichen max. Ebenen. Wenn Sie sich schlecht f\u00fchlen, verringern Sie die Dosierung oder beenden.<br \/>\nDarf nicht eingenommen werden, wenn Sie hohen Blutdruck, einer schweren \u00fcberfunktion der Schilddr\u00fcse, unregelm\u00e4\u00dfigem Herzrhythmus oder eine aktuelle myocardiac Infarkt vorhanden sind.<br \/>\n<\/b><\/p>\n<p>&nbsp;<\/p>\n<p>Der Begriff <strong>Steroid-Zyklen<\/strong> bezieht sich auf die regelm\u00e4\u00dfige Verwendung von anabole\/Androgene Steroide (AAS), in der Regel f\u00fcr Muskel-Geb\u00e4ude Zwecke. AAS sind nicht medizinisch zugelassen und zu f\u00f6rdern, \u00fcberm\u00e4\u00dfiger Muskelmasse (bodybuilding) oder verbessern die sportliche Leistung. Abgesehen von fr\u00fchen Experimenten auf Athleten, die von einer Handvoll von Sport-\u00e4rzten, eine umfassende Bem\u00fchungen zur Untersuchung der K\u00f6rper &#8211; und leistungssteigernde Eigenschaften dieser Medikamente, insbesondere mit Blick auf die Entwicklung von Strategien f\u00fcr die Verwendung zur Maximierung der Vorteile und Minimierung der Nebenwirkungen, wurde nicht durchgef\u00fchrt, die von der medizinischen Gemeinschaft. Weil dieses, unerlaubte Nutzer wurden Links, um die Entwicklung Ihrer eigenen Protokolle f\u00fcr die Verwaltung dieser Medikamente. Das Ergebnis ist eine Vielzahl unterschiedlicher Ans\u00e4tze f\u00fcr die Verwendung dieser Wirkstoffe, einige sicherer oder effektiver sind als andere. W\u00e4hrend es nicht m\u00f6glich sein w\u00fcrde, eine umfassende Auswertung aller bekannten Ans\u00e4tze werden in diesem Abschnitt besprechen einige der am meisten grundlegende und bew\u00e4hrte Methoden f\u00fcr die Verwendung von AAS.<\/p>\n<h3>Weiterlesen<\/h3>\n<p><a href=\"http:\/\/getanabolics.biz\/de\/dianabol-online-auf-getanabolics-biz-kaufen\/\">Kaufen Sie DIANABOL ONLINE auf GETANABOLICS.BIZ<\/a><\/p>\n<p><a href=\"http:\/\/getanabolics.biz\/de\/winstrol-ist-es-und-ist-es\/\">WINSTROL, WAS IST ES UND WOF\u00dcR IST ES?<\/a><\/p>\n<p><a href=\"http:\/\/getanabolics.biz\/de\/cytomel-t3-rezensionen-zu-getanabolics-biz\/\">CYTOMEL T3 BEWERTUNGEN AUF GETANABOLICS.BIZ<\/a><\/p>\n<p><a href=\"http:\/\/getanabolics.biz\/de\/pause-zwischen-steroidkursen-und-pct\/\">PAUSE ZWISCHEN STEROID-KURSE UND PCT<\/a><\/p>\n<p><a href=\"http:\/\/getanabolics.biz\/de\/wie-effektiv-ist-die-steroidbruecke\/\">WIE WIRKSAM IST DIE STEROID-BR\u00dcCKE?<\/a><\/p>\n","protected":false},"excerpt":{"rendered":"<p>100 tabs <a href=\"http:\/\/getanabolics.biz\/product\/clenbuterol-40-100-tabs-each-40-mcg-clenbuterol-hydrochloride\/\">Clenbuterol 40 &#8211; Maxtreme<\/a><br \/>\n100 tabs <a href=\"http:\/\/getanabolics.biz\/product\/winstrol-tabs-10-buy-winstrol-pills-50-tabs-each-contains-10-mg-stanozolol\/\">Winstrol tabs 10 &#8211; Alpha Pharma<\/a><br \/>\n100 tabs <a href=\"http:\/\/getanabolics.biz\/product\/anavar-50-tabs-x-10mg-total-500mg-oxandrolone-3\/\">Anavar &#8211;\u00a0Maxtreme<\/a><br \/>\n1 pack <a href=\"http:\/\/getanabolics.biz\/product\/cytomel-t3-100-50-tabs-each-100-mcg-liothyronine-sodium\/\">Cytomel (T3) &#8211; 100 &#8211;\u00a0Maxtreme<\/a><br \/>\n50 tabs <a href=\"http:\/\/getanabolics.biz\/product\/proviron-buy-proviron-50-tabs-each-tab-25mg-mesterolone\/\">Proviron &#8211; Bayer\/Schering<\/a><\/p>\n","protected":false},"featured_media":32350567,"comment_status":"closed","ping_status":"closed","template":"","meta":[],"product_cat":[476],"product_tag":[486,510,528,512,477],"_links":{"self":[{"href":"https:\/\/getanabolics.biz\/de\/wp-json\/wp\/v2\/product\/32350610"}],"collection":[{"href":"https:\/\/getanabolics.biz\/de\/wp-json\/wp\/v2\/product"}],"about":[{"href":"https:\/\/getanabolics.biz\/de\/wp-json\/wp\/v2\/types\/product"}],"replies":[{"embeddable":true,"href":"https:\/\/getanabolics.biz\/de\/wp-json\/wp\/v2\/comments?post=32350610"}],"wp:featuredmedia":[{"embeddable":true,"href":"https:\/\/getanabolics.biz\/de\/wp-json\/wp\/v2\/media\/32350567"}],"wp:attachment":[{"href":"https:\/\/getanabolics.biz\/de\/wp-json\/wp\/v2\/media?parent=32350610"}],"wp:term":[{"taxonomy":"product_cat","embeddable":true,"href":"https:\/\/getanabolics.biz\/de\/wp-json\/wp\/v2\/product_cat?post=32350610"},{"taxonomy":"product_tag","embeddable":true,"href":"https:\/\/getanabolics.biz\/de\/wp-json\/wp\/v2\/product_tag?post=32350610"}],"curies":[{"name":"wp","href":"https:\/\/api.w.org\/{rel}","templated":true}]}}